{"id":34492,"date":"2024-03-13T09:46:14","date_gmt":"2024-03-13T08:46:14","guid":{"rendered":"https:\/\/www.gripfactoryantislip.com\/protiskluzove-vyrobky\/povlaky-grip\/"},"modified":"2024-03-26T10:40:48","modified_gmt":"2024-03-26T09:40:48","slug":"povlaky-grip","status":"publish","type":"page","link":"https:\/\/www.gripfactoryantislip.com\/cs\/protiskluzove-vyrobky\/povlaky-grip\/","title":{"rendered":"Povlaky GRIP"},"content":{"rendered":"<p><div class=\"fusion-fullwidth fullwidth-box fusion-builder-row-1 has-pattern-background has-mask-background nonhundred-percent-fullwidth non-hundred-percent-height-scrolling\" style=\"--awb-border-radius-top-left:0px;--awb-border-radius-top-right:0px;--awb-border-radius-bottom-right:0px;--awb-border-radius-bottom-left:0px;--awb-margin-top:50px;--awb-margin-bottom:50px;--awb-flex-wrap:wrap;\" ><div class=\"fusion-builder-row fusion-row\"><div class=\"fusion-layout-column fusion_builder_column fusion-builder-column-0 fusion_builder_column_1_1 1_1 fusion-one-full fusion-column-first fusion-column-last\" style=\"--awb-bg-size:cover;\"><div class=\"fusion-column-wrapper fusion-flex-column-wrapper-legacy\"><div class=\"fusion-title title fusion-title-1 fusion-sep-none fusion-title-text fusion-title-size-one\" style=\"--awb-margin-top-small:0px;--awb-margin-right-small:0px;--awb-margin-bottom-small:20px;--awb-margin-left-small:0px;\"><h1 class=\"fusion-title-heading title-heading-left fusion-responsive-typography-calculated\" style=\"margin:0;--fontSize:36;line-height:1.4;\">Povlaky GRIP<\/h1><\/div><div class=\"fusion-text fusion-text-1 gripfactory-responsive-text\"><p style=\"color: #ffffff;\">Protiskluzov\u00e9 povlaky GripFactory jsou vhodn\u00e9 pro mnoho aplikac\u00ed a povrch\u016f. P\u0159ilnavost je perfektn\u00ed na akrylu a polyesteru, tak\u017ee se \u010dasto pou\u017e\u00edv\u00e1 v koupeln\u00e1ch a na lod\u00edch. Dokonale v\u0161ak p\u0159ilne i na dla\u017ebu, epoxid a sklo. To z n\u011bj d\u011bl\u00e1 velmi univerz\u00e1ln\u00ed \u0159e\u0161en\u00ed. Proto\u017ee je povlak pr\u016fhledn\u00fd, lze jej pou\u017e\u00edt na mnoha m\u00edstech.<\/p>\n<\/div><div class=\"fusion-clearfix\"><\/div><\/div><\/div><\/div><\/div><div class=\"fusion-fullwidth fullwidth-box fusion-builder-row-2 hundred-percent-fullwidth non-hundred-percent-height-scrolling fusion-equal-height-columns\" style=\"--awb-border-radius-top-left:0px;--awb-border-radius-top-right:0px;--awb-border-radius-bottom-right:0px;--awb-border-radius-bottom-left:0px;--awb-padding-top:0px;--awb-padding-right:0px;--awb-padding-bottom:0px;--awb-padding-left:0px;--awb-margin-top:0px;--awb-margin-bottom:0px;--awb-background-color:#828282;--awb-flex-wrap:wrap;\" ><div class=\"fusion-builder-row fusion-row\"><div class=\"fusion-layout-column fusion_builder_column fusion-builder-column-1 fusion_builder_column_1_3 1_3 fusion-one-third fusion-column-first fusion-column-inner-bg-wrapper\" style=\"--awb-inner-bg-image:url(&#039;https:\/\/www.gripfactoryantislip.com\/wp-content\/uploads\/gripfactory_product_sanigrip_02.jpg&#039;);--awb-inner-bg-position:center center;--awb-inner-bg-size:cover;--awb-margin-bottom:0px;width:33.333333333333%;width:calc(33.333333333333% - ( ( 0px ) * 0.33333333333333 ) );margin-right: 0px;\"><span class=\"fusion-column-inner-bg hover-type-zoomin\"><span class=\"fusion-column-anchor\"><span class=\"fusion-column-inner-bg-image\"><\/span><\/span><\/span><div class=\"fusion-column-wrapper fusion-column-has-shadow fusion-flex-column-wrapper-legacy fusion-column-has-bg-image\" data-bg-url=\"https:\/\/www.gripfactoryantislip.com\/wp-content\/uploads\/gripfactory_product_sanigrip_02.jpg\"><div class=\"fusion-column-content-centered\"><div class=\"fusion-column-content\"><div class=\"fusion-sep-clear\"><\/div><div class=\"fusion-separator fusion-full-width-sep\" style=\"margin-left: auto;margin-right: auto;margin-top:30%;margin-bottom:30%;width:100%;\"><\/div><div class=\"fusion-sep-clear\"><\/div><\/div><\/div><div class=\"fusion-clearfix\"><\/div><\/div><\/div><div class=\"fusion-layout-column fusion_builder_column fusion-builder-column-2 fusion_builder_column_2_3 2_3 fusion-two-third fusion-column-last\" style=\"--awb-padding-top:50px;--awb-padding-right:50px;--awb-padding-left:50px;--awb-bg-size:cover;--awb-margin-bottom:0px;width:66.666666666667%;width:calc(66.666666666667% - ( ( 0px ) * 0.66666666666667 ) );\"><div class=\"fusion-column-wrapper fusion-flex-column-wrapper-legacy\"><div class=\"fusion-title title fusion-title-2 fusion-sep-none fusion-title-text fusion-title-size-two\" style=\"--awb-margin-top-small:0px;--awb-margin-right-small:0px;--awb-margin-bottom-small:20px;--awb-margin-left-small:0px;\"><h2 class=\"fusion-title-heading title-heading-left fusion-responsive-typography-calculated\" style=\"margin:0;--fontSize:30;--minFontSize:30;line-height:1.5;\">GripFactory SaniGrip<\/h2><\/div><div class=\"fusion-text fusion-text-2 gripfactory-responsive-text\"><p>GripFactory SaniGrip je transparentn\u00ed dvouslo\u017ekov\u00fd polyuretanov\u00fd n\u00e1t\u011br na vodn\u00ed b\u00e1zi. V\u00fdsledkem je, \u017ee tento protiskluzov\u00fd v\u00fdrobek dokonale p\u0159ilne ke v\u0161em typ\u016fm sprchov\u00fdch van a van, dla\u017edic a ke v\u0161em typ\u016fm akryl\u00e1tu, polyesteru a ocelov\u00e9ho plechu. GripFactory SaniGrip p\u0159ich\u00e1z\u00ed v praktick\u00e9m balen\u00ed, kter\u00e9 obsahuje v\u0161e pro spr\u00e1vnou a rychlou aplikaci. Dod\u00e1v\u00e1me tak\u00e9 zak\u00e1zkov\u00e1 \u0159e\u0161en\u00ed pro profesion\u00e1ln\u00ed pou\u017eit\u00ed. Povlak lze odstranit odstra\u0148ova\u010dem bez ovlivn\u011bn\u00ed povrchu.<\/p>\n<\/div><div class=\"fusion-text fusion-text-3 gripfactory-responsive-text\"><p><span style=\"font-size: 120%;\"><i class=\"fb-icon-element-1 fb-icon-element fontawesome-icon fa-angle-double-right fas circle-yes fusion-text-flow\" style=\"--awb-iconcolor:#faf600;--awb-iconcolor-hover:#faf600;--awb-circlecolor:rgba(51,51,51,0);--awb-circlecolor-hover:rgba(51,51,51,0);--awb-circlebordercolor:rgba(51,51,51,0);--awb-circlebordercolor-hover:rgba(51,51,51,0);--awb-circlebordersize:1px;--awb-font-size:28.16px;--awb-width:56.32px;--awb-height:56.32px;--awb-line-height:54.32px;--awb-margin-right:16px;\"><\/i><a href=\"https:\/\/www.gripfactoryantislip.com\/cs\/protiskluzove-vyrobky\/povlaky-grip\/gripfactory-sanigrip\/\">GRIPFACTORY SANIGRIP<\/a><\/span><\/p>\n<\/div><div class=\"fusion-clearfix\"><\/div><\/div><\/div><\/div><\/div><\/p>\n","protected":false},"excerpt":{"rendered":"","protected":false},"author":2,"featured_media":34493,"parent":34428,"menu_order":0,"comment_status":"closed","ping_status":"closed","template":"100-width.php","meta":{"footnotes":""},"class_list":["post-34492","page","type-page","status-publish","has-post-thumbnail","hentry"],"yoast_head":"<!-- This site is optimized with the Yoast SEO Premium plugin v27.2 (Yoast SEO v27.3) - https:\/\/yoast.com\/product\/yoast-seo-premium-wordpress\/ -->\n<title>Povlaky GRIP &#060; GripFactory Anti-Slip<\/title>\n<meta name=\"robots\" content=\"index, follow, max-snippet:-1, max-image-preview:large, max-video-preview:-1\" \/>\n<link rel=\"canonical\" href=\"https:\/\/www.gripfactoryantislip.com\/cs\/protiskluzove-vyrobky\/povlaky-grip\/\" \/>\n<meta property=\"og:locale\" content=\"cs_CZ\" \/>\n<meta property=\"og:type\" content=\"article\" \/>\n<meta property=\"og:title\" content=\"Povlaky GRIP\" \/>\n<meta property=\"og:url\" content=\"https:\/\/www.gripfactoryantislip.com\/cs\/protiskluzove-vyrobky\/povlaky-grip\/\" \/>\n<meta property=\"og:site_name\" content=\"GripFactory Anti-Slip\" \/>\n<meta property=\"article:publisher\" content=\"https:\/\/www.facebook.com\/GripFactoryAntislip\" \/>\n<meta property=\"article:modified_time\" content=\"2024-03-26T09:40:48+00:00\" \/>\n<meta property=\"og:image\" content=\"https:\/\/www.gripfactoryantislip.com\/wp-content\/uploads\/gripfactory_segment_gripcoatings.jpg\" \/>\n\t<meta property=\"og:image:width\" content=\"1024\" \/>\n\t<meta property=\"og:image:height\" content=\"683\" \/>\n\t<meta property=\"og:image:type\" content=\"image\/jpeg\" \/>\n<meta name=\"twitter:label1\" content=\"Odhadovan\u00e1 doba \u010dten\u00ed\" \/>\n\t<meta name=\"twitter:data1\" content=\"8 minut\" \/>\n<script type=\"application\/ld+json\" class=\"yoast-schema-graph\">{\"@context\":\"https:\\\/\\\/schema.org\",\"@graph\":[{\"@type\":\"WebPage\",\"@id\":\"https:\\\/\\\/www.gripfactoryantislip.com\\\/cs\\\/protiskluzove-vyrobky\\\/povlaky-grip\\\/\",\"url\":\"https:\\\/\\\/www.gripfactoryantislip.com\\\/cs\\\/protiskluzove-vyrobky\\\/povlaky-grip\\\/\",\"name\":\"Povlaky GRIP &#060; GripFactory Anti-Slip\",\"isPartOf\":{\"@id\":\"https:\\\/\\\/www.gripfactoryantislip.com\\\/cs\\\/#website\"},\"primaryImageOfPage\":{\"@id\":\"https:\\\/\\\/www.gripfactoryantislip.com\\\/cs\\\/protiskluzove-vyrobky\\\/povlaky-grip\\\/#primaryimage\"},\"image\":{\"@id\":\"https:\\\/\\\/www.gripfactoryantislip.com\\\/cs\\\/protiskluzove-vyrobky\\\/povlaky-grip\\\/#primaryimage\"},\"thumbnailUrl\":\"https:\\\/\\\/www.gripfactoryantislip.com\\\/wp-content\\\/uploads\\\/gripfactory_segment_gripcoatings.jpg\",\"datePublished\":\"2024-03-13T08:46:14+00:00\",\"dateModified\":\"2024-03-26T09:40:48+00:00\",\"breadcrumb\":{\"@id\":\"https:\\\/\\\/www.gripfactoryantislip.com\\\/cs\\\/protiskluzove-vyrobky\\\/povlaky-grip\\\/#breadcrumb\"},\"inLanguage\":\"cs\",\"potentialAction\":[{\"@type\":\"ReadAction\",\"target\":[\"https:\\\/\\\/www.gripfactoryantislip.com\\\/cs\\\/protiskluzove-vyrobky\\\/povlaky-grip\\\/\"]}]},{\"@type\":\"ImageObject\",\"inLanguage\":\"cs\",\"@id\":\"https:\\\/\\\/www.gripfactoryantislip.com\\\/cs\\\/protiskluzove-vyrobky\\\/povlaky-grip\\\/#primaryimage\",\"url\":\"https:\\\/\\\/www.gripfactoryantislip.com\\\/wp-content\\\/uploads\\\/gripfactory_segment_gripcoatings.jpg\",\"contentUrl\":\"https:\\\/\\\/www.gripfactoryantislip.com\\\/wp-content\\\/uploads\\\/gripfactory_segment_gripcoatings.jpg\",\"width\":1024,\"height\":683},{\"@type\":\"BreadcrumbList\",\"@id\":\"https:\\\/\\\/www.gripfactoryantislip.com\\\/cs\\\/protiskluzove-vyrobky\\\/povlaky-grip\\\/#breadcrumb\",\"itemListElement\":[{\"@type\":\"ListItem\",\"position\":1,\"name\":\"Home\",\"item\":\"https:\\\/\\\/www.gripfactoryantislip.com\\\/cs\\\/gripfactory-inovativni-protiskluzova-reseni-pro-kazdy-povrch\\\/\"},{\"@type\":\"ListItem\",\"position\":2,\"name\":\"Protiskluzov\u00e9 v\u00fdrobky\",\"item\":\"https:\\\/\\\/www.gripfactoryantislip.com\\\/cs\\\/protiskluzove-vyrobky\\\/\"},{\"@type\":\"ListItem\",\"position\":3,\"name\":\"Povlaky GRIP\"}]},{\"@type\":\"WebSite\",\"@id\":\"https:\\\/\\\/www.gripfactoryantislip.com\\\/cs\\\/#website\",\"url\":\"https:\\\/\\\/www.gripfactoryantislip.com\\\/cs\\\/\",\"name\":\"GripFactory Anti-Slip\",\"description\":\"Innovative Antislip Products For Every Surface\",\"publisher\":{\"@id\":\"https:\\\/\\\/www.gripfactoryantislip.com\\\/cs\\\/#organization\"},\"alternateName\":\"Floor Safety Solutions at GripFactory Anti-Slip\",\"potentialAction\":[{\"@type\":\"SearchAction\",\"target\":{\"@type\":\"EntryPoint\",\"urlTemplate\":\"https:\\\/\\\/www.gripfactoryantislip.com\\\/cs\\\/?s={search_term_string}\"},\"query-input\":{\"@type\":\"PropertyValueSpecification\",\"valueRequired\":true,\"valueName\":\"search_term_string\"}}],\"inLanguage\":\"cs\"},{\"@type\":\"Organization\",\"@id\":\"https:\\\/\\\/www.gripfactoryantislip.com\\\/cs\\\/#organization\",\"name\":\"GripFactory B.V.\",\"url\":\"https:\\\/\\\/www.gripfactoryantislip.com\\\/cs\\\/\",\"logo\":{\"@type\":\"ImageObject\",\"inLanguage\":\"cs\",\"@id\":\"https:\\\/\\\/www.gripfactoryantislip.com\\\/cs\\\/#\\\/schema\\\/logo\\\/image\\\/\",\"url\":\"https:\\\/\\\/www.gripfactoryantislip.com\\\/wp-content\\\/uploads\\\/logo_gripfactory.jpg\",\"contentUrl\":\"https:\\\/\\\/www.gripfactoryantislip.com\\\/wp-content\\\/uploads\\\/logo_gripfactory.jpg\",\"width\":269,\"height\":60,\"caption\":\"GripFactory B.V.\"},\"image\":{\"@id\":\"https:\\\/\\\/www.gripfactoryantislip.com\\\/cs\\\/#\\\/schema\\\/logo\\\/image\\\/\"},\"sameAs\":[\"https:\\\/\\\/www.facebook.com\\\/GripFactoryAntislip\",\"https:\\\/\\\/www.instagram.com\\\/gripfactoryantislip\\\/\",\"https:\\\/\\\/www.linkedin.com\\\/company\\\/gripfactoryantislip\\\/about\\\/\"],\"email\":\"info@gripfactory.nl\",\"telephone\":\"+31348203000\",\"legalName\":\"GripFactor B.V.\",\"foundingDate\":\"2018-11-01\",\"vatID\":\"NL859320856B01\",\"taxID\":\"NL859320856B01\",\"numberOfEmployees\":{\"@type\":\"QuantitativeValue\",\"minValue\":\"1\",\"maxValue\":\"10\"}}]}<\/script>\n<!-- \/ Yoast SEO Premium plugin. -->","yoast_head_json":{"title":"Povlaky GRIP &#060; GripFactory Anti-Slip","robots":{"index":"index","follow":"follow","max-snippet":"max-snippet:-1","max-image-preview":"max-image-preview:large","max-video-preview":"max-video-preview:-1"},"canonical":"https:\/\/www.gripfactoryantislip.com\/cs\/protiskluzove-vyrobky\/povlaky-grip\/","og_locale":"cs_CZ","og_type":"article","og_title":"Povlaky GRIP","og_url":"https:\/\/www.gripfactoryantislip.com\/cs\/protiskluzove-vyrobky\/povlaky-grip\/","og_site_name":"GripFactory Anti-Slip","article_publisher":"https:\/\/www.facebook.com\/GripFactoryAntislip","article_modified_time":"2024-03-26T09:40:48+00:00","og_image":[{"width":1024,"height":683,"url":"https:\/\/www.gripfactoryantislip.com\/wp-content\/uploads\/gripfactory_segment_gripcoatings.jpg","type":"image\/jpeg"}],"twitter_misc":{"Odhadovan\u00e1 doba \u010dten\u00ed":"8 minut"},"schema":{"@context":"https:\/\/schema.org","@graph":[{"@type":"WebPage","@id":"https:\/\/www.gripfactoryantislip.com\/cs\/protiskluzove-vyrobky\/povlaky-grip\/","url":"https:\/\/www.gripfactoryantislip.com\/cs\/protiskluzove-vyrobky\/povlaky-grip\/","name":"Povlaky GRIP &#060; GripFactory Anti-Slip","isPartOf":{"@id":"https:\/\/www.gripfactoryantislip.com\/cs\/#website"},"primaryImageOfPage":{"@id":"https:\/\/www.gripfactoryantislip.com\/cs\/protiskluzove-vyrobky\/povlaky-grip\/#primaryimage"},"image":{"@id":"https:\/\/www.gripfactoryantislip.com\/cs\/protiskluzove-vyrobky\/povlaky-grip\/#primaryimage"},"thumbnailUrl":"https:\/\/www.gripfactoryantislip.com\/wp-content\/uploads\/gripfactory_segment_gripcoatings.jpg","datePublished":"2024-03-13T08:46:14+00:00","dateModified":"2024-03-26T09:40:48+00:00","breadcrumb":{"@id":"https:\/\/www.gripfactoryantislip.com\/cs\/protiskluzove-vyrobky\/povlaky-grip\/#breadcrumb"},"inLanguage":"cs","potentialAction":[{"@type":"ReadAction","target":["https:\/\/www.gripfactoryantislip.com\/cs\/protiskluzove-vyrobky\/povlaky-grip\/"]}]},{"@type":"ImageObject","inLanguage":"cs","@id":"https:\/\/www.gripfactoryantislip.com\/cs\/protiskluzove-vyrobky\/povlaky-grip\/#primaryimage","url":"https:\/\/www.gripfactoryantislip.com\/wp-content\/uploads\/gripfactory_segment_gripcoatings.jpg","contentUrl":"https:\/\/www.gripfactoryantislip.com\/wp-content\/uploads\/gripfactory_segment_gripcoatings.jpg","width":1024,"height":683},{"@type":"BreadcrumbList","@id":"https:\/\/www.gripfactoryantislip.com\/cs\/protiskluzove-vyrobky\/povlaky-grip\/#breadcrumb","itemListElement":[{"@type":"ListItem","position":1,"name":"Home","item":"https:\/\/www.gripfactoryantislip.com\/cs\/gripfactory-inovativni-protiskluzova-reseni-pro-kazdy-povrch\/"},{"@type":"ListItem","position":2,"name":"Protiskluzov\u00e9 v\u00fdrobky","item":"https:\/\/www.gripfactoryantislip.com\/cs\/protiskluzove-vyrobky\/"},{"@type":"ListItem","position":3,"name":"Povlaky GRIP"}]},{"@type":"WebSite","@id":"https:\/\/www.gripfactoryantislip.com\/cs\/#website","url":"https:\/\/www.gripfactoryantislip.com\/cs\/","name":"GripFactory Anti-Slip","description":"Innovative Antislip Products For Every Surface","publisher":{"@id":"https:\/\/www.gripfactoryantislip.com\/cs\/#organization"},"alternateName":"Floor Safety Solutions at GripFactory Anti-Slip","potentialAction":[{"@type":"SearchAction","target":{"@type":"EntryPoint","urlTemplate":"https:\/\/www.gripfactoryantislip.com\/cs\/?s={search_term_string}"},"query-input":{"@type":"PropertyValueSpecification","valueRequired":true,"valueName":"search_term_string"}}],"inLanguage":"cs"},{"@type":"Organization","@id":"https:\/\/www.gripfactoryantislip.com\/cs\/#organization","name":"GripFactory B.V.","url":"https:\/\/www.gripfactoryantislip.com\/cs\/","logo":{"@type":"ImageObject","inLanguage":"cs","@id":"https:\/\/www.gripfactoryantislip.com\/cs\/#\/schema\/logo\/image\/","url":"https:\/\/www.gripfactoryantislip.com\/wp-content\/uploads\/logo_gripfactory.jpg","contentUrl":"https:\/\/www.gripfactoryantislip.com\/wp-content\/uploads\/logo_gripfactory.jpg","width":269,"height":60,"caption":"GripFactory B.V."},"image":{"@id":"https:\/\/www.gripfactoryantislip.com\/cs\/#\/schema\/logo\/image\/"},"sameAs":["https:\/\/www.facebook.com\/GripFactoryAntislip","https:\/\/www.instagram.com\/gripfactoryantislip\/","https:\/\/www.linkedin.com\/company\/gripfactoryantislip\/about\/"],"email":"info@gripfactory.nl","telephone":"+31348203000","legalName":"GripFactor B.V.","foundingDate":"2018-11-01","vatID":"NL859320856B01","taxID":"NL859320856B01","numberOfEmployees":{"@type":"QuantitativeValue","minValue":"1","maxValue":"10"}}]}},"_links":{"self":[{"href":"https:\/\/www.gripfactoryantislip.com\/cs\/wp-json\/wp\/v2\/pages\/34492","targetHints":{"allow":["GET"]}}],"collection":[{"href":"https:\/\/www.gripfactoryantislip.com\/cs\/wp-json\/wp\/v2\/pages"}],"about":[{"href":"https:\/\/www.gripfactoryantislip.com\/cs\/wp-json\/wp\/v2\/types\/page"}],"author":[{"embeddable":true,"href":"https:\/\/www.gripfactoryantislip.com\/cs\/wp-json\/wp\/v2\/users\/2"}],"replies":[{"embeddable":true,"href":"https:\/\/www.gripfactoryantislip.com\/cs\/wp-json\/wp\/v2\/comments?post=34492"}],"version-history":[{"count":0,"href":"https:\/\/www.gripfactoryantislip.com\/cs\/wp-json\/wp\/v2\/pages\/34492\/revisions"}],"up":[{"embeddable":true,"href":"https:\/\/www.gripfactoryantislip.com\/cs\/wp-json\/wp\/v2\/pages\/34428"}],"wp:featuredmedia":[{"embeddable":true,"href":"https:\/\/www.gripfactoryantislip.com\/cs\/wp-json\/wp\/v2\/media\/34493"}],"wp:attachment":[{"href":"https:\/\/www.gripfactoryantislip.com\/cs\/wp-json\/wp\/v2\/media?parent=34492"}],"curies":[{"name":"wp","href":"https:\/\/api.w.org\/{rel}","templated":true}]}}