{"id":34981,"date":"2024-03-21T09:47:19","date_gmt":"2024-03-21T08:47:19","guid":{"rendered":"https:\/\/www.gripfactoryantislip.com\/objednani-a-doruceni\/"},"modified":"2024-03-21T09:47:19","modified_gmt":"2024-03-21T08:47:19","slug":"objednani-a-doruceni","status":"publish","type":"page","link":"https:\/\/www.gripfactoryantislip.com\/cs\/objednani-a-doruceni\/","title":{"rendered":"Objedn\u00e1n\u00ed a doru\u010den\u00ed"},"content":{"rendered":"<div class=\"fusion-fullwidth fullwidth-box fusion-builder-row-1 nonhundred-percent-fullwidth non-hundred-percent-height-scrolling\" style=\"--awb-border-radius-top-left:0px;--awb-border-radius-top-right:0px;--awb-border-radius-bottom-right:0px;--awb-border-radius-bottom-left:0px;--awb-padding-top:0px;--awb-padding-right:0px;--awb-padding-bottom:0px;--awb-padding-left:0px;--awb-margin-top:0px;--awb-margin-bottom:0px;--awb-flex-wrap:wrap;\" ><div class=\"fusion-builder-row fusion-row\"><div class=\"fusion-layout-column fusion_builder_column fusion-builder-column-0 fusion_builder_column_1_1 1_1 fusion-one-full fusion-column-first fusion-column-last\" style=\"--awb-bg-size:cover;--awb-margin-bottom:0px;\"><div class=\"fusion-column-wrapper fusion-flex-column-wrapper-legacy\"><div class=\"fusion-title title fusion-title-1 fusion-sep-none fusion-title-text fusion-title-size-one\" style=\"--awb-margin-top-small:0px;--awb-margin-right-small:0px;--awb-margin-bottom-small:20px;--awb-margin-left-small:0px;\"><h1 class=\"fusion-title-heading title-heading-left fusion-responsive-typography-calculated\" style=\"margin:0;--fontSize:36;line-height:1.4;\">Objedn\u00e1n\u00ed a doru\u010den\u00ed<\/h1><\/div><div class=\"fusion-text fusion-text-1\"><p><strong>Objedn\u00e1v\u00e1n\u00ed od spole\u010dnosti GripFactory B.V. prob\u00edh\u00e1 n\u00e1sledovn\u011b:<\/strong><\/p>\n<p><strong>P\u0159idat zbo\u017e\u00ed do ko\u0161\u00edku<\/strong><br \/>\nNajd\u011bte polo\u017eku, kterou chcete koupit, a vlo\u017ete ji do n\u00e1kupn\u00edho ko\u0161\u00edku. Chcete se na to pod\u00edvat bl\u00ed\u017ee? \u017d\u00e1dn\u00fd probl\u00e9m, polo\u017eka z\u016fstane ve va\u0161em n\u00e1kupn\u00edm ko\u0161\u00edku. Pokud chcete objednat ihned, klikn\u011bte na &#8220;Pokra\u010dovat k pokladn\u011b&#8221;. V p\u0159\u00edpad\u011b pot\u0159eby se p\u0159ihlaste ke sv\u00e9mu \u00fa\u010dtu. Pokud ho je\u0161t\u011b nem\u00e1te, m\u016f\u017eete si ho vytvo\u0159it b\u011bhem objedn\u00e1vky.<\/p>\n<p><strong>DPH<\/strong><br \/>\nS\u00eddl\u00edte mimo Nizozemsko a m\u00e1te DI\u010c? Vypl\u0148te jej pros\u00edm u pokladny. V opa\u010dn\u00e9m p\u0159\u00edpad\u011b bude na va\u0161i objedn\u00e1vku \u00fa\u010dtov\u00e1na nizozemsk\u00e1 sazba DPH.<\/p>\n<p><strong>Zkontrolujte objedn\u00e1vku<\/strong><br \/>\nZajist\u011bte odesl\u00e1n\u00ed va\u0161\u00ed objedn\u00e1vky. Uve\u010fte, kam m\u00e1me va\u0161i objedn\u00e1vku doru\u010dit. M\u016f\u017eete zadat jinou doru\u010dovac\u00ed adresu, ne\u017e je faktura\u010dn\u00ed adresa.<\/p>\n<p><strong>Platba a dokon\u010den\u00ed<\/strong><br \/>\nVyberte si, jak chcete zaplatit. M\u016f\u017eete platit pomoc\u00ed slu\u017eby iDEAL, kreditn\u00ed kartou, PayPal nebo platbou p\u0159edem. Kliknut\u00edm na &#8220;Objednat&#8221; objedn\u00e1vku dokon\u010d\u00edte.<\/p>\n<p><strong>Doru\u010den\u00ed<\/strong><br \/>\nDodac\u00ed lh\u016fta zbo\u017e\u00ed v internetov\u00e9m obchod\u011b je p\u0159ibli\u017en\u011b 2 a\u017e 5 pracovn\u00edch dn\u016f. Pokud jste se p\u0159i objedn\u00e1vce rozhodli pro n\u00e1\u0161 mont\u00e1\u017en\u00ed servis, n\u00e1\u0161 mont\u00e1\u017en\u00ed servis v\u00e1s bude kontaktovat a domluv\u00ed si s v\u00e1mi sch\u016fzku.<\/p>\n<\/div><div class=\"fusion-clearfix\"><\/div><\/div><\/div><\/div><\/div>\n","protected":false},"excerpt":{"rendered":"","protected":false},"author":2,"featured_media":0,"parent":0,"menu_order":0,"comment_status":"closed","ping_status":"closed","template":"100-width.php","meta":{"footnotes":""},"class_list":["post-34981","page","type-page","status-publish","hentry"],"yoast_head":"<!-- This site is optimized with the Yoast SEO Premium plugin v27.5 (Yoast SEO v27.5) - https:\/\/yoast.com\/product\/yoast-seo-premium-wordpress\/ -->\n<title>Objedn\u00e1n\u00ed a doru\u010den\u00ed &#060; GripFactory Anti-Slip<\/title>\n<meta name=\"robots\" content=\"index, follow, max-snippet:-1, max-image-preview:large, max-video-preview:-1\" \/>\n<link rel=\"canonical\" href=\"https:\/\/www.gripfactoryantislip.com\/cs\/objednani-a-doruceni\/\" \/>\n<meta property=\"og:locale\" content=\"cs_CZ\" \/>\n<meta property=\"og:type\" content=\"article\" \/>\n<meta property=\"og:title\" content=\"Objedn\u00e1n\u00ed a doru\u010den\u00ed\" \/>\n<meta property=\"og:url\" content=\"https:\/\/www.gripfactoryantislip.com\/cs\/objednani-a-doruceni\/\" \/>\n<meta property=\"og:site_name\" content=\"GripFactory Anti-Slip\" \/>\n<meta property=\"article:publisher\" content=\"https:\/\/www.facebook.com\/GripFactoryAntislip\" \/>\n<meta name=\"twitter:label1\" content=\"Odhadovan\u00e1 doba \u010dten\u00ed\" \/>\n\t<meta name=\"twitter:data1\" content=\"3 minuty\" \/>\n<script type=\"application\/ld+json\" class=\"yoast-schema-graph\">{\"@context\":\"https:\\\/\\\/schema.org\",\"@graph\":[{\"@type\":\"WebPage\",\"@id\":\"https:\\\/\\\/www.gripfactoryantislip.com\\\/cs\\\/objednani-a-doruceni\\\/\",\"url\":\"https:\\\/\\\/www.gripfactoryantislip.com\\\/cs\\\/objednani-a-doruceni\\\/\",\"name\":\"Objedn\u00e1n\u00ed a doru\u010den\u00ed &#060; GripFactory Anti-Slip\",\"isPartOf\":{\"@id\":\"https:\\\/\\\/www.gripfactoryantislip.com\\\/cs\\\/#website\"},\"datePublished\":\"2024-03-21T08:47:19+00:00\",\"breadcrumb\":{\"@id\":\"https:\\\/\\\/www.gripfactoryantislip.com\\\/cs\\\/objednani-a-doruceni\\\/#breadcrumb\"},\"inLanguage\":\"cs\",\"potentialAction\":[{\"@type\":\"ReadAction\",\"target\":[\"https:\\\/\\\/www.gripfactoryantislip.com\\\/cs\\\/objednani-a-doruceni\\\/\"]}]},{\"@type\":\"BreadcrumbList\",\"@id\":\"https:\\\/\\\/www.gripfactoryantislip.com\\\/cs\\\/objednani-a-doruceni\\\/#breadcrumb\",\"itemListElement\":[{\"@type\":\"ListItem\",\"position\":1,\"name\":\"Home\",\"item\":\"https:\\\/\\\/www.gripfactoryantislip.com\\\/cs\\\/gripfactory-inovativni-protiskluzova-reseni-pro-kazdy-povrch\\\/\"},{\"@type\":\"ListItem\",\"position\":2,\"name\":\"Objedn\u00e1n\u00ed a doru\u010den\u00ed\"}]},{\"@type\":\"WebSite\",\"@id\":\"https:\\\/\\\/www.gripfactoryantislip.com\\\/cs\\\/#website\",\"url\":\"https:\\\/\\\/www.gripfactoryantislip.com\\\/cs\\\/\",\"name\":\"GripFactory Anti-Slip\",\"description\":\"Innovative Antislip Products For Every Surface\",\"publisher\":{\"@id\":\"https:\\\/\\\/www.gripfactoryantislip.com\\\/cs\\\/#organization\"},\"alternateName\":\"Floor Safety Solutions at GripFactory Anti-Slip\",\"potentialAction\":[{\"@type\":\"SearchAction\",\"target\":{\"@type\":\"EntryPoint\",\"urlTemplate\":\"https:\\\/\\\/www.gripfactoryantislip.com\\\/cs\\\/?s={search_term_string}\"},\"query-input\":{\"@type\":\"PropertyValueSpecification\",\"valueRequired\":true,\"valueName\":\"search_term_string\"}}],\"inLanguage\":\"cs\"},{\"@type\":\"Organization\",\"@id\":\"https:\\\/\\\/www.gripfactoryantislip.com\\\/cs\\\/#organization\",\"name\":\"GripFactory B.V.\",\"url\":\"https:\\\/\\\/www.gripfactoryantislip.com\\\/cs\\\/\",\"logo\":{\"@type\":\"ImageObject\",\"inLanguage\":\"cs\",\"@id\":\"https:\\\/\\\/www.gripfactoryantislip.com\\\/cs\\\/#\\\/schema\\\/logo\\\/image\\\/\",\"url\":\"https:\\\/\\\/www.gripfactoryantislip.com\\\/wp-content\\\/uploads\\\/logo_gripfactory.jpg\",\"contentUrl\":\"https:\\\/\\\/www.gripfactoryantislip.com\\\/wp-content\\\/uploads\\\/logo_gripfactory.jpg\",\"width\":269,\"height\":60,\"caption\":\"GripFactory B.V.\"},\"image\":{\"@id\":\"https:\\\/\\\/www.gripfactoryantislip.com\\\/cs\\\/#\\\/schema\\\/logo\\\/image\\\/\"},\"sameAs\":[\"https:\\\/\\\/www.facebook.com\\\/GripFactoryAntislip\",\"https:\\\/\\\/www.instagram.com\\\/gripfactoryantislip\\\/\",\"https:\\\/\\\/www.linkedin.com\\\/company\\\/gripfactoryantislip\\\/about\\\/\"],\"email\":\"info@gripfactory.nl\",\"telephone\":\"+31348203000\",\"legalName\":\"GripFactor B.V.\",\"foundingDate\":\"2018-11-01\",\"vatID\":\"NL859320856B01\",\"taxID\":\"NL859320856B01\",\"numberOfEmployees\":{\"@type\":\"QuantitativeValue\",\"minValue\":\"1\",\"maxValue\":\"10\"}}]}<\/script>\n<!-- \/ Yoast SEO Premium plugin. -->","yoast_head_json":{"title":"Objedn\u00e1n\u00ed a doru\u010den\u00ed &#060; GripFactory Anti-Slip","robots":{"index":"index","follow":"follow","max-snippet":"max-snippet:-1","max-image-preview":"max-image-preview:large","max-video-preview":"max-video-preview:-1"},"canonical":"https:\/\/www.gripfactoryantislip.com\/cs\/objednani-a-doruceni\/","og_locale":"cs_CZ","og_type":"article","og_title":"Objedn\u00e1n\u00ed a doru\u010den\u00ed","og_url":"https:\/\/www.gripfactoryantislip.com\/cs\/objednani-a-doruceni\/","og_site_name":"GripFactory Anti-Slip","article_publisher":"https:\/\/www.facebook.com\/GripFactoryAntislip","twitter_misc":{"Odhadovan\u00e1 doba \u010dten\u00ed":"3 minuty"},"schema":{"@context":"https:\/\/schema.org","@graph":[{"@type":"WebPage","@id":"https:\/\/www.gripfactoryantislip.com\/cs\/objednani-a-doruceni\/","url":"https:\/\/www.gripfactoryantislip.com\/cs\/objednani-a-doruceni\/","name":"Objedn\u00e1n\u00ed a doru\u010den\u00ed &#060; GripFactory Anti-Slip","isPartOf":{"@id":"https:\/\/www.gripfactoryantislip.com\/cs\/#website"},"datePublished":"2024-03-21T08:47:19+00:00","breadcrumb":{"@id":"https:\/\/www.gripfactoryantislip.com\/cs\/objednani-a-doruceni\/#breadcrumb"},"inLanguage":"cs","potentialAction":[{"@type":"ReadAction","target":["https:\/\/www.gripfactoryantislip.com\/cs\/objednani-a-doruceni\/"]}]},{"@type":"BreadcrumbList","@id":"https:\/\/www.gripfactoryantislip.com\/cs\/objednani-a-doruceni\/#breadcrumb","itemListElement":[{"@type":"ListItem","position":1,"name":"Home","item":"https:\/\/www.gripfactoryantislip.com\/cs\/gripfactory-inovativni-protiskluzova-reseni-pro-kazdy-povrch\/"},{"@type":"ListItem","position":2,"name":"Objedn\u00e1n\u00ed a doru\u010den\u00ed"}]},{"@type":"WebSite","@id":"https:\/\/www.gripfactoryantislip.com\/cs\/#website","url":"https:\/\/www.gripfactoryantislip.com\/cs\/","name":"GripFactory Anti-Slip","description":"Innovative Antislip Products For Every Surface","publisher":{"@id":"https:\/\/www.gripfactoryantislip.com\/cs\/#organization"},"alternateName":"Floor Safety Solutions at GripFactory Anti-Slip","potentialAction":[{"@type":"SearchAction","target":{"@type":"EntryPoint","urlTemplate":"https:\/\/www.gripfactoryantislip.com\/cs\/?s={search_term_string}"},"query-input":{"@type":"PropertyValueSpecification","valueRequired":true,"valueName":"search_term_string"}}],"inLanguage":"cs"},{"@type":"Organization","@id":"https:\/\/www.gripfactoryantislip.com\/cs\/#organization","name":"GripFactory B.V.","url":"https:\/\/www.gripfactoryantislip.com\/cs\/","logo":{"@type":"ImageObject","inLanguage":"cs","@id":"https:\/\/www.gripfactoryantislip.com\/cs\/#\/schema\/logo\/image\/","url":"https:\/\/www.gripfactoryantislip.com\/wp-content\/uploads\/logo_gripfactory.jpg","contentUrl":"https:\/\/www.gripfactoryantislip.com\/wp-content\/uploads\/logo_gripfactory.jpg","width":269,"height":60,"caption":"GripFactory B.V."},"image":{"@id":"https:\/\/www.gripfactoryantislip.com\/cs\/#\/schema\/logo\/image\/"},"sameAs":["https:\/\/www.facebook.com\/GripFactoryAntislip","https:\/\/www.instagram.com\/gripfactoryantislip\/","https:\/\/www.linkedin.com\/company\/gripfactoryantislip\/about\/"],"email":"info@gripfactory.nl","telephone":"+31348203000","legalName":"GripFactor B.V.","foundingDate":"2018-11-01","vatID":"NL859320856B01","taxID":"NL859320856B01","numberOfEmployees":{"@type":"QuantitativeValue","minValue":"1","maxValue":"10"}}]}},"_links":{"self":[{"href":"https:\/\/www.gripfactoryantislip.com\/cs\/wp-json\/wp\/v2\/pages\/34981","targetHints":{"allow":["GET"]}}],"collection":[{"href":"https:\/\/www.gripfactoryantislip.com\/cs\/wp-json\/wp\/v2\/pages"}],"about":[{"href":"https:\/\/www.gripfactoryantislip.com\/cs\/wp-json\/wp\/v2\/types\/page"}],"author":[{"embeddable":true,"href":"https:\/\/www.gripfactoryantislip.com\/cs\/wp-json\/wp\/v2\/users\/2"}],"replies":[{"embeddable":true,"href":"https:\/\/www.gripfactoryantislip.com\/cs\/wp-json\/wp\/v2\/comments?post=34981"}],"version-history":[{"count":0,"href":"https:\/\/www.gripfactoryantislip.com\/cs\/wp-json\/wp\/v2\/pages\/34981\/revisions"}],"wp:attachment":[{"href":"https:\/\/www.gripfactoryantislip.com\/cs\/wp-json\/wp\/v2\/media?parent=34981"}],"curies":[{"name":"wp","href":"https:\/\/api.w.org\/{rel}","templated":true}]}}