{"id":18360,"date":"2021-02-16T16:37:40","date_gmt":"2021-02-16T15:37:40","guid":{"rendered":"https:\/\/www.gripfactoryantislip.com\/uber-uns\/"},"modified":"2022-11-17T14:01:13","modified_gmt":"2022-11-17T13:01:13","slug":"uber-uns","status":"publish","type":"page","link":"https:\/\/www.gripfactoryantislip.com\/de\/uber-uns\/","title":{"rendered":"\u00dcber uns"},"content":{"rendered":"<p><div class=\"fusion-fullwidth fullwidth-box fusion-builder-row-1 has-pattern-background has-mask-background nonhundred-percent-fullwidth non-hundred-percent-height-scrolling\" style=\"--awb-border-radius-top-left:0px;--awb-border-radius-top-right:0px;--awb-border-radius-bottom-right:0px;--awb-border-radius-bottom-left:0px;--awb-padding-top:0px;--awb-padding-bottom:0px;--awb-margin-top:50px;--awb-margin-bottom:50px;--awb-flex-wrap:wrap;\" ><div class=\"fusion-builder-row fusion-row\"><div class=\"fusion-layout-column fusion_builder_column fusion-builder-column-0 fusion_builder_column_1_1 1_1 fusion-one-full fusion-column-first fusion-column-last\" style=\"--awb-bg-size:cover;--awb-margin-bottom:0px;\"><div class=\"fusion-column-wrapper fusion-column-has-shadow fusion-flex-column-wrapper-legacy\"><div class=\"fusion-title title fusion-title-1 fusion-sep-none fusion-title-text fusion-title-size-one\" style=\"--awb-margin-top-small:0px;--awb-margin-right-small:0px;--awb-margin-bottom-small:20px;--awb-margin-left-small:0px;\"><h1 class=\"fusion-title-heading title-heading-left fusion-responsive-typography-calculated\" style=\"margin:0;--fontSize:36;line-height:1.4;\">\u00dcber uns<\/h1><\/div><div class=\"fusion-text fusion-text-1 gripfactory-responsive-text\"><p>Gripfactory wurde durch den Zusammenschluss mehrerer Unternehmen gegr\u00fcndet. Jedes mit seiner eigenen Spezialisierung auf dem Gebiet der Rutschfestigkeit. Dies erm\u00f6glicht es uns, eine L\u00f6sung f\u00fcr jede Oberfl\u00e4che direkt ab Werk bereitzustellen. Mit unserer langj\u00e4hrigen T\u00e4tigkeit wissen wir besser als jeder andere, was funktioniert und was nicht, wenn es darum geht, B\u00f6den und Treppen steifer zu machen.<\/p>\n<\/div><div class=\"fusion-text fusion-text-2 gripfactory-responsive-text\"><p>Die von uns angebotenen Produkte wurden von uns entwickelt oder verbessert und sind alle einzigartig. Wir k\u00f6nnen Sie daher besser als jeder andere \u00fcber die beste L\u00f6sung f\u00fcr Ihr Rutschproblem beraten. Auf jeder Oberfl\u00e4che. GripFactory arbeitet mit verschiedenen Produktionsstandorten zusammen, die unser breites Sortiment exklusiv f\u00fcr uns machen. Dies erm\u00f6glicht es uns, die besten Preise anzubieten, und spezifische Anpassungen des Produkts f\u00fcr Ihre Anwendung sind ebenfalls kein Problem.<\/p>\n<\/div><div class=\"fusion-clearfix\"><\/div><\/div><\/div><\/div><\/div><div class=\"fusion-fullwidth fullwidth-box fusion-builder-row-2 has-pattern-background has-mask-background fusion-parallax-none nonhundred-percent-fullwidth non-hundred-percent-height-scrolling\" style=\"--awb-background-blend-mode:darken;--awb-border-radius-top-left:0px;--awb-border-radius-top-right:0px;--awb-border-radius-bottom-right:0px;--awb-border-radius-bottom-left:0px;--awb-padding-top:0px;--awb-padding-bottom:0px;--awb-margin-top:0px;--awb-margin-bottom:0px;--awb-background-color:rgba(0,0,0,0.5);--awb-background-image:url(&quot;https:\/\/www.gripfactoryantislip.com\/wp-content\/uploads\/gripfactory_zekerheden.jpg&quot;);--awb-background-size:cover;--awb-flex-wrap:wrap;\" ><div class=\"fusion-builder-row fusion-row\"><div class=\"fusion-layout-column fusion_builder_column fusion-builder-column-1 fusion_builder_column_1_1 1_1 fusion-one-full fusion-column-first fusion-column-last\" style=\"--awb-bg-size:cover;--awb-margin-top:50px;--awb-margin-bottom:50px;\"><div class=\"fusion-column-wrapper fusion-column-has-shadow fusion-flex-column-wrapper-legacy\"><div class=\"fusion-title title fusion-title-2 fusion-sep-none fusion-title-text fusion-title-size-two\" style=\"--awb-margin-top-small:0px;--awb-margin-right-small:0px;--awb-margin-bottom-small:20px;--awb-margin-left-small:0px;\"><h2 class=\"fusion-title-heading title-heading-left fusion-responsive-typography-calculated\" style=\"margin:0;--fontSize:30;--minFontSize:30;line-height:1.5;\">Die f\u00fcnf Gewissheiten von GripFactory<\/h2><\/div><ul style=\"--awb-line-height:37.4px;--awb-icon-width:37.4px;--awb-icon-height:37.4px;--awb-icon-margin:15.4px;--awb-content-margin:52.8px;--awb-circlecolor:#ffeb3b;--awb-circle-yes-font-size:19.36px;\" class=\"fusion-checklist fusion-checklist-1 fusion-checklist-default type-icons\"><li class=\"fusion-li-item\" style=\"\"><span class=\"icon-wrapper circle-yes\"><i class=\"fusion-li-icon fa-thumbs-up fas\" aria-hidden=\"true\"><\/i><\/span><div class=\"fusion-li-item-content\"><span class=\"gripfactory-responsive-text\"><strong>Garantie<\/strong>. Bei uns k\u00f6nnen Sie auf maximale Garantie z\u00e4hlen.<\/span><\/div><\/li><li class=\"fusion-li-item\" style=\"\"><span class=\"icon-wrapper circle-yes\"><i class=\"fusion-li-icon fa-thumbs-up fas\" aria-hidden=\"true\"><\/i><\/span><div class=\"fusion-li-item-content\"><span class=\"gripfactory-responsive-text\"><strong>Sicherheit<\/strong>. Unsere Anti-Rutsch-L\u00f6sungen erf\u00fcllen die strengsten Anforderungen.<\/span><\/div><\/li><li class=\"fusion-li-item\" style=\"\"><span class=\"icon-wrapper circle-yes\"><i class=\"fusion-li-icon fa-thumbs-up fas\" aria-hidden=\"true\"><\/i><\/span><div class=\"fusion-li-item-content\"><span class=\"gripfactory-responsive-text\"><strong>Geschwindigkeit<\/strong>. Ihr Boden oder Ihre Treppe sind sofort nach der Behandlung ohne Staub oder L\u00e4rm einsatzbereit.<\/span><\/div><\/li><li class=\"fusion-li-item\" style=\"\"><span class=\"icon-wrapper circle-yes\"><i class=\"fusion-li-icon fa-thumbs-up fas\" aria-hidden=\"true\"><\/i><\/span><div class=\"fusion-li-item-content\"><span class=\"gripfactory-responsive-text\"><strong>Wartungsfreundlich<\/strong>. Behandelte B\u00f6den und Treppen sind hygienisch und sehr leicht sauber zu halten.<\/span><\/div><\/li><li class=\"fusion-li-item\" style=\"\"><span class=\"icon-wrapper circle-yes\"><i class=\"fusion-li-icon fa-thumbs-up fas\" aria-hidden=\"true\"><\/i><\/span><div class=\"fusion-li-item-content\"><span class=\"gripfactory-responsive-text\"><strong>Preis<\/strong>. Bei uns k\u00f6nnen Sie immer auf das beste Preis-Leistungsverh\u00e4ltnis z\u00e4hlen.<\/span><\/div><\/li><\/ul><div class=\"fusion-clearfix\"><\/div><\/div><\/div><\/div><\/div><div class=\"fusion-fullwidth fullwidth-box fusion-builder-row-3 has-pattern-background has-mask-background fusion-parallax-none nonhundred-percent-fullwidth non-hundred-percent-height-scrolling\" style=\"--awb-border-radius-top-left:0px;--awb-border-radius-top-right:0px;--awb-border-radius-bottom-right:0px;--awb-border-radius-bottom-left:0px;--awb-padding-top:0px;--awb-padding-bottom:0px;--awb-margin-top:0px;--awb-margin-bottom:0px;--awb-background-image:url(&quot;https:\/\/www.gripfactoryantislip.com\/wp-content\/uploads\/gripfactory_garanties.jpg&quot;);--awb-background-size:cover;--awb-flex-wrap:wrap;\" ><div class=\"fusion-builder-row fusion-row\"><div class=\"fusion-layout-column fusion_builder_column fusion-builder-column-2 fusion_builder_column_1_1 1_1 fusion-one-full fusion-column-first fusion-column-last\" style=\"--awb-bg-size:cover;--awb-margin-top:50px;--awb-margin-bottom:50px;\"><div class=\"fusion-column-wrapper fusion-column-has-shadow fusion-flex-column-wrapper-legacy\"><div class=\"fusion-title title fusion-title-3 fusion-sep-none fusion-title-text fusion-title-size-two\" style=\"--awb-margin-top-small:0px;--awb-margin-right-small:0px;--awb-margin-bottom-small:20px;--awb-margin-left-small:0px;\"><h2 class=\"fusion-title-heading title-heading-left fusion-responsive-typography-calculated\" style=\"margin:0;--fontSize:30;--minFontSize:30;line-height:1.5;\">Die drei einzigartigen Garantien von GripFactory<\/h2><\/div><ul style=\"--awb-line-height:37.4px;--awb-icon-width:37.4px;--awb-icon-height:37.4px;--awb-icon-margin:15.4px;--awb-content-margin:52.8px;--awb-circlecolor:#ffeb3b;--awb-circle-yes-font-size:19.36px;\" class=\"fusion-checklist fusion-checklist-2 fusion-checklist-default type-icons\"><li class=\"fusion-li-item\" style=\"\"><span class=\"icon-wrapper circle-yes\"><i class=\"fusion-li-icon fa-thumbs-up fas\" aria-hidden=\"true\"><\/i><\/span><div class=\"fusion-li-item-content\"><span class=\"gripfactory-responsive-text\"><strong>Wissensgarantie<\/strong>. GripFactory verf\u00fcgt \u00fcber fundierte Kenntnisse seiner Produkte und ihrer Anwendung. Wir kennen die nationalen und internationalen Gesetze und Vorschriften zur Sicherheit von Fu\u00dfb\u00f6den und Treppen in allen Bereichen. So k\u00f6nnen unsere Berater Sie immer optimal beraten. Garantiert!<\/span><\/div><\/li><li class=\"fusion-li-item\" style=\"\"><span class=\"icon-wrapper circle-yes\"><i class=\"fusion-li-icon fa-thumbs-up fas\" aria-hidden=\"true\"><\/i><\/span><div class=\"fusion-li-item-content\"><span class=\"gripfactory-responsive-text\"><strong>Auswahlgarantie<\/strong>. Bei GripFactory k\u00f6nnen Sie aus den unterschiedlichsten Anti-Rutsch-L\u00f6sungen w\u00e4hlen. Dies erm\u00f6glicht es uns, f\u00fcr jede Situation und f\u00fcr jede Oberfl\u00e4che das ideale Anti-Rutsch-Produkt zu liefern. Garantiert!<\/span><\/div><\/li><li class=\"fusion-li-item\" style=\"\"><span class=\"icon-wrapper circle-yes\"><i class=\"fusion-li-icon fa-thumbs-up fas\" aria-hidden=\"true\"><\/i><\/span><div class=\"fusion-li-item-content\"><span class=\"gripfactory-responsive-text\"><strong>Qualit\u00e4tsgarantie<\/strong>. GripFactory liefert nur hochwertige Anti-Rutsch-Produkte. Wir glauben, dass Sie sich Tag und Nacht auf unsere Qualit\u00e4t verlassen k\u00f6nnen sollten. Um dies zu gew\u00e4hrleisten, arbeiten wir mit den besten Herstellern, hochwertigen Materialien und spezialisierten und begeisterten Mitarbeitern zusammen. Deshalb wagen wir es, jahrelange Garantie zu geben. Garantiert!<\/span><\/div><\/li><\/ul><div class=\"fusion-clearfix\"><\/div><\/div><\/div><\/div><\/div><\/p>\n","protected":false},"excerpt":{"rendered":"","protected":false},"author":2,"featured_media":0,"parent":0,"menu_order":0,"comment_status":"closed","ping_status":"closed","template":"100-width.php","meta":{"footnotes":""},"class_list":["post-18360","page","type-page","status-publish","hentry"],"yoast_head":"<!-- This site is optimized with the Yoast SEO Premium plugin v27.5 (Yoast SEO v27.5) - https:\/\/yoast.com\/product\/yoast-seo-premium-wordpress\/ -->\n<title>\u00dcber uns &#060; GripFactory<\/title>\n<meta name=\"robots\" content=\"index, follow, max-snippet:-1, max-image-preview:large, max-video-preview:-1\" \/>\n<link rel=\"canonical\" href=\"https:\/\/www.gripfactoryantislip.com\/de\/uber-uns\/\" \/>\n<meta property=\"og:locale\" content=\"de_DE\" \/>\n<meta property=\"og:type\" content=\"article\" \/>\n<meta property=\"og:title\" content=\"\u00dcber uns\" \/>\n<meta property=\"og:url\" content=\"https:\/\/www.gripfactoryantislip.com\/de\/uber-uns\/\" \/>\n<meta property=\"og:site_name\" content=\"GripFactory\" \/>\n<meta property=\"article:publisher\" content=\"https:\/\/www.facebook.com\/GripFactoryAntislip\" \/>\n<meta property=\"article:modified_time\" content=\"2022-11-17T13:01:13+00:00\" \/>\n<meta name=\"twitter:label1\" content=\"Gesch\u00e4tzte Lesezeit\" \/>\n\t<meta name=\"twitter:data1\" content=\"16\u00a0Minuten\" \/>\n<script type=\"application\/ld+json\" class=\"yoast-schema-graph\">{\"@context\":\"https:\\\/\\\/schema.org\",\"@graph\":[{\"@type\":\"WebPage\",\"@id\":\"https:\\\/\\\/www.gripfactoryantislip.com\\\/de\\\/uber-uns\\\/\",\"url\":\"https:\\\/\\\/www.gripfactoryantislip.com\\\/de\\\/uber-uns\\\/\",\"name\":\"\u00dcber uns &#060; GripFactory\",\"isPartOf\":{\"@id\":\"https:\\\/\\\/www.gripfactoryantislip.com\\\/de\\\/#website\"},\"datePublished\":\"2021-02-16T15:37:40+00:00\",\"dateModified\":\"2022-11-17T13:01:13+00:00\",\"breadcrumb\":{\"@id\":\"https:\\\/\\\/www.gripfactoryantislip.com\\\/de\\\/uber-uns\\\/#breadcrumb\"},\"inLanguage\":\"de\",\"potentialAction\":[{\"@type\":\"ReadAction\",\"target\":[\"https:\\\/\\\/www.gripfactoryantislip.com\\\/de\\\/uber-uns\\\/\"]}]},{\"@type\":\"BreadcrumbList\",\"@id\":\"https:\\\/\\\/www.gripfactoryantislip.com\\\/de\\\/uber-uns\\\/#breadcrumb\",\"itemListElement\":[{\"@type\":\"ListItem\",\"position\":1,\"name\":\"Home\",\"item\":\"https:\\\/\\\/www.gripfactoryantislip.com\\\/de\\\/\"},{\"@type\":\"ListItem\",\"position\":2,\"name\":\"\u00dcber uns\"}]},{\"@type\":\"WebSite\",\"@id\":\"https:\\\/\\\/www.gripfactoryantislip.com\\\/de\\\/#website\",\"url\":\"https:\\\/\\\/www.gripfactoryantislip.com\\\/de\\\/\",\"name\":\"GripFactory\",\"description\":\"Innovative Anti-Rutsch-L\u00f6sungen f\u00fcr jede Oberfl\u00e4che\",\"publisher\":{\"@id\":\"https:\\\/\\\/www.gripfactoryantislip.com\\\/de\\\/#organization\"},\"alternateName\":\"Floor Safety Solutions at GripFactory Anti-Slip\",\"potentialAction\":[{\"@type\":\"SearchAction\",\"target\":{\"@type\":\"EntryPoint\",\"urlTemplate\":\"https:\\\/\\\/www.gripfactoryantislip.com\\\/de\\\/?s={search_term_string}\"},\"query-input\":{\"@type\":\"PropertyValueSpecification\",\"valueRequired\":true,\"valueName\":\"search_term_string\"}}],\"inLanguage\":\"de\"},{\"@type\":\"Organization\",\"@id\":\"https:\\\/\\\/www.gripfactoryantislip.com\\\/de\\\/#organization\",\"name\":\"GripFactory B.V.\",\"url\":\"https:\\\/\\\/www.gripfactoryantislip.com\\\/de\\\/\",\"logo\":{\"@type\":\"ImageObject\",\"inLanguage\":\"de\",\"@id\":\"https:\\\/\\\/www.gripfactoryantislip.com\\\/de\\\/#\\\/schema\\\/logo\\\/image\\\/\",\"url\":\"https:\\\/\\\/www.gripfactoryantislip.com\\\/wp-content\\\/uploads\\\/logo_gripfactory.jpg\",\"contentUrl\":\"https:\\\/\\\/www.gripfactoryantislip.com\\\/wp-content\\\/uploads\\\/logo_gripfactory.jpg\",\"width\":269,\"height\":60,\"caption\":\"GripFactory B.V.\"},\"image\":{\"@id\":\"https:\\\/\\\/www.gripfactoryantislip.com\\\/de\\\/#\\\/schema\\\/logo\\\/image\\\/\"},\"sameAs\":[\"https:\\\/\\\/www.facebook.com\\\/GripFactoryAntislip\",\"https:\\\/\\\/www.instagram.com\\\/gripfactoryantislip\\\/\",\"https:\\\/\\\/www.linkedin.com\\\/company\\\/gripfactoryantislip\\\/about\\\/\"],\"email\":\"info@gripfactory.nl\",\"telephone\":\"+31348203000\",\"legalName\":\"GripFactor B.V.\",\"foundingDate\":\"2018-11-01\",\"vatID\":\"NL859320856B01\",\"taxID\":\"NL859320856B01\",\"numberOfEmployees\":{\"@type\":\"QuantitativeValue\",\"minValue\":\"1\",\"maxValue\":\"10\"}}]}<\/script>\n<!-- \/ Yoast SEO Premium plugin. -->","yoast_head_json":{"title":"\u00dcber uns &#060; GripFactory","robots":{"index":"index","follow":"follow","max-snippet":"max-snippet:-1","max-image-preview":"max-image-preview:large","max-video-preview":"max-video-preview:-1"},"canonical":"https:\/\/www.gripfactoryantislip.com\/de\/uber-uns\/","og_locale":"de_DE","og_type":"article","og_title":"\u00dcber uns","og_url":"https:\/\/www.gripfactoryantislip.com\/de\/uber-uns\/","og_site_name":"GripFactory","article_publisher":"https:\/\/www.facebook.com\/GripFactoryAntislip","article_modified_time":"2022-11-17T13:01:13+00:00","twitter_misc":{"Gesch\u00e4tzte Lesezeit":"16\u00a0Minuten"},"schema":{"@context":"https:\/\/schema.org","@graph":[{"@type":"WebPage","@id":"https:\/\/www.gripfactoryantislip.com\/de\/uber-uns\/","url":"https:\/\/www.gripfactoryantislip.com\/de\/uber-uns\/","name":"\u00dcber uns &#060; GripFactory","isPartOf":{"@id":"https:\/\/www.gripfactoryantislip.com\/de\/#website"},"datePublished":"2021-02-16T15:37:40+00:00","dateModified":"2022-11-17T13:01:13+00:00","breadcrumb":{"@id":"https:\/\/www.gripfactoryantislip.com\/de\/uber-uns\/#breadcrumb"},"inLanguage":"de","potentialAction":[{"@type":"ReadAction","target":["https:\/\/www.gripfactoryantislip.com\/de\/uber-uns\/"]}]},{"@type":"BreadcrumbList","@id":"https:\/\/www.gripfactoryantislip.com\/de\/uber-uns\/#breadcrumb","itemListElement":[{"@type":"ListItem","position":1,"name":"Home","item":"https:\/\/www.gripfactoryantislip.com\/de\/"},{"@type":"ListItem","position":2,"name":"\u00dcber uns"}]},{"@type":"WebSite","@id":"https:\/\/www.gripfactoryantislip.com\/de\/#website","url":"https:\/\/www.gripfactoryantislip.com\/de\/","name":"GripFactory","description":"Innovative Anti-Rutsch-L\u00f6sungen f\u00fcr jede Oberfl\u00e4che","publisher":{"@id":"https:\/\/www.gripfactoryantislip.com\/de\/#organization"},"alternateName":"Floor Safety Solutions at GripFactory Anti-Slip","potentialAction":[{"@type":"SearchAction","target":{"@type":"EntryPoint","urlTemplate":"https:\/\/www.gripfactoryantislip.com\/de\/?s={search_term_string}"},"query-input":{"@type":"PropertyValueSpecification","valueRequired":true,"valueName":"search_term_string"}}],"inLanguage":"de"},{"@type":"Organization","@id":"https:\/\/www.gripfactoryantislip.com\/de\/#organization","name":"GripFactory B.V.","url":"https:\/\/www.gripfactoryantislip.com\/de\/","logo":{"@type":"ImageObject","inLanguage":"de","@id":"https:\/\/www.gripfactoryantislip.com\/de\/#\/schema\/logo\/image\/","url":"https:\/\/www.gripfactoryantislip.com\/wp-content\/uploads\/logo_gripfactory.jpg","contentUrl":"https:\/\/www.gripfactoryantislip.com\/wp-content\/uploads\/logo_gripfactory.jpg","width":269,"height":60,"caption":"GripFactory B.V."},"image":{"@id":"https:\/\/www.gripfactoryantislip.com\/de\/#\/schema\/logo\/image\/"},"sameAs":["https:\/\/www.facebook.com\/GripFactoryAntislip","https:\/\/www.instagram.com\/gripfactoryantislip\/","https:\/\/www.linkedin.com\/company\/gripfactoryantislip\/about\/"],"email":"info@gripfactory.nl","telephone":"+31348203000","legalName":"GripFactor B.V.","foundingDate":"2018-11-01","vatID":"NL859320856B01","taxID":"NL859320856B01","numberOfEmployees":{"@type":"QuantitativeValue","minValue":"1","maxValue":"10"}}]}},"_links":{"self":[{"href":"https:\/\/www.gripfactoryantislip.com\/de\/wp-json\/wp\/v2\/pages\/18360","targetHints":{"allow":["GET"]}}],"collection":[{"href":"https:\/\/www.gripfactoryantislip.com\/de\/wp-json\/wp\/v2\/pages"}],"about":[{"href":"https:\/\/www.gripfactoryantislip.com\/de\/wp-json\/wp\/v2\/types\/page"}],"author":[{"embeddable":true,"href":"https:\/\/www.gripfactoryantislip.com\/de\/wp-json\/wp\/v2\/users\/2"}],"replies":[{"embeddable":true,"href":"https:\/\/www.gripfactoryantislip.com\/de\/wp-json\/wp\/v2\/comments?post=18360"}],"version-history":[{"count":0,"href":"https:\/\/www.gripfactoryantislip.com\/de\/wp-json\/wp\/v2\/pages\/18360\/revisions"}],"wp:attachment":[{"href":"https:\/\/www.gripfactoryantislip.com\/de\/wp-json\/wp\/v2\/media?parent=18360"}],"curies":[{"name":"wp","href":"https:\/\/api.w.org\/{rel}","templated":true}]}}