{"id":18827,"date":"2019-07-22T10:09:46","date_gmt":"2021-02-18T13:28:15","guid":{"rendered":"https:\/\/www.gripfactoryantislip.com\/product\/gripfactory-microgrip\/"},"modified":"2024-05-10T03:34:45","modified_gmt":"2024-05-10T01:34:45","slug":"gripfactory-microgrip-fliesen-5-l","status":"publish","type":"product","link":"https:\/\/www.gripfactoryantislip.com\/de\/produkt\/gripfactory-microgrip-fliesen-5-l\/","title":{"rendered":"GripFactory MicroGrip Fliesen 5 L"},"content":{"rendered":"<div class=\"fusion-fullwidth fullwidth-box fusion-builder-row-1 nonhundred-percent-fullwidth non-hundred-percent-height-scrolling\" style=\"--awb-border-radius-top-left:0px;--awb-border-radius-top-right:0px;--awb-border-radius-bottom-right:0px;--awb-border-radius-bottom-left:0px;--awb-flex-wrap:wrap;\" ><div class=\"fusion-builder-row fusion-row\"><div class=\"fusion-layout-column fusion_builder_column fusion-builder-column-0 fusion_builder_column_1_1 1_1 fusion-one-full fusion-column-first fusion-column-last\" style=\"--awb-bg-size:cover;--awb-margin-bottom:0px;\"><div class=\"fusion-column-wrapper fusion-column-has-shadow fusion-flex-column-wrapper-legacy\"><div class=\"fusion-text fusion-text-1\"><p>GripFactory MicroGrip ist die unsichtbare Anti-Rutsch-L\u00f6sung gegen glatte und \/ oder feuchte B\u00f6den, Treppen und andere Oberfl\u00e4chen von Beton, Keramikfliesen und Marmor. GripFactory MicroGrip ist eine Fl\u00fcssigkeit (GRIPliquid), die mikroskopische Rillen in der obersten Schicht des glatten Bodens erzeugt. Nach einer Behandlung mit GripFactory MicroGrip hat sich optisch nichts an Ihrem Boden ge\u00e4ndert, aber das Wasser kann jetzt leicht unter den Sohlen von Schuhen oder Autoreifen abflie\u00dfen, wodurch mehr Grip entsteht und die Rutschgefahr minimiert wird. GripFactory MicroGrip ist in drei Ausf\u00fchrungen erh\u00e4ltlich: MicroGrip Beton, MicroGrip Fliesen und MicroGrip Marmor.<\/p>\n<p><strong>Funktionsweise von GripFactory MicroGrip<\/strong><br \/>\nDer Boden (Beton, Keramikfliesen, Marmor) muss gr\u00fcndlich mit unserem mitgelieferten Reinigungsmittel gereinigt werden. Anschlie\u00dfend kann die Oberfl\u00e4che mit GripFactory MicroGrip behandelt werden. GripFactory MicroGrip muss etwa 30 bis 45 Minuten einwirken. Anschlie\u00dfend sollte der Boden erneut gr\u00fcndlich gereinigt werden, um alle \u00fcbersch\u00fcssigen Fl\u00fcssigkeiten zu entfernen. Nach der Anti-Rutsch-Behandlung mit GripFactory Microgrip ist der Boden sofort wieder zug\u00e4nglich. GripFactory MicroGrip wird standardm\u00e4\u00dfig mit dem Tiefenreiniger MicroGrip Cleaner ausgestattet.<\/p>\n<p><strong>Einfach zu s\u00e4ubern<\/strong><br \/>\nMit GripFactory MicroGrip behandelte Oberfl\u00e4chen sind leicht zu reinigen. Sie m\u00fcssen also keine Anpassungen an Ihren normalen Wartungsaktivit\u00e4ten vornehmen.<\/p>\n<p><strong>Merkmale<\/strong><\/p>\n<ul>\n<li>Kann sofort nach der Anwendung betreten werden<\/li>\n<li>Keine chemischen D\u00e4mpfe bei der Anwendung und danach<\/li>\n<li>Langlebig (5 Jahre Garantie, fragen Sie nach den Bedingungen)<\/li>\n<li>Unsichtbares Endergebnis<\/li>\n<li>Pflegeleicht<\/li>\n<li>Billiger als Beschichtung<\/li>\n<li>Inklusive Tiefenreinigung<\/li>\n<\/ul>\n<p><strong>Geeignet f\u00fcr<\/strong><\/p>\n<ul>\n<li>Galerien<\/li>\n<li>Stadions<\/li>\n<li>Parkgarages<\/li>\n<li>Betontreppen<\/li>\n<li>Bahnh\u00f6fe<\/li>\n<li>(Hotel-)Lobbys<\/li>\n<li>Fabrikhallen<\/li>\n<li>Lagerh\u00e4user<\/li>\n<\/ul>\n<p>GripFactory MicroGrip ist die effizienteste Anti-Rutsch-L\u00f6sung f\u00fcr Beton- und Marmoroberfl\u00e4chen auf dem Markt und macht Ihre glatte Oberfl\u00e4che wieder sicher zug\u00e4nglich.<\/p>\n<p><strong>GripFactory-Anwendungsservice<\/strong><br \/>\nSind Sie nicht in der Lage, herauszukommen, oder sind Sie mit der Operation nicht ganz zufrieden? Bitte wenden Sie sich an den GripFactory Service Desk (+31 348 203000). Gegen Aufpreis k\u00f6nnen Sie GripFactory MicroGrip von einem zertifizierten Applikator auftragen lassen.<\/p>\n<p><strong>Wichtige Dokumente<\/strong><br \/>\nHandbuch GripFactory MicroGrip Beton (<a href=\"https:\/\/www.gripfactoryantislip.com\/wp-content\/uploads\/gripfactory_handleiding_microgrip_beton_NL.pdf\" target=\"_blank\" rel=\"noopener noreferrer\">NL<\/a>)<br \/>\nHandbuch GripFactory MicroGrip Fliesen (<a href=\"https:\/\/www.gripfactoryantislip.com\/wp-content\/uploads\/gripfactory_handleiding_microgrip_tegels_NL.pdf\" target=\"_blank\" rel=\"noopener noreferrer\">NL<\/a>)<br \/>\nHandbuch GripFactory MicroGrip Marmor (<a href=\"https:\/\/www.gripfactoryantislip.com\/wp-content\/uploads\/gripfactory_handleiding_microgrip_marmer_NL.pdf\" target=\"_blank\" rel=\"noopener noreferrer\">NL<\/a>)<br \/>\nSicherheitsdatenblatt GripFactory MicroGrip Beton (<a href=\"https:\/\/www.gripfactoryantislip.com\/wp-content\/uploads\/gripfactory_veiligheidsinformatieblad_microgrip_beton_NL.pdf\" target=\"_blank\" rel=\"noopener noreferrer\">NL<\/a>)<br \/>\nSicherheitsdatenblatt GripFactory MicroGrip Fliesen (<a href=\"https:\/\/www.gripfactoryantislip.com\/wp-content\/uploads\/gripfactory_veiligheidsinformatieblad_microgrip_tegels_NL.pdf\" target=\"_blank\" rel=\"noopener noreferrer\">NL<\/a>)<br \/>\nSicherheitsdatenblatt GripFactory MicroGrip Marble (<a href=\"https:\/\/www.gripfactoryantislip.com\/wp-content\/uploads\/gripfactory_veiligheidsinformatieblad_microgrip_marmer_NL.pdf\" target=\"_blank\" rel=\"noopener noreferrer\">NL<\/a>)<\/p>\n<\/div><div class=\"fusion-clearfix\"><\/div><\/div><\/div><\/div><\/div>\n","protected":false},"excerpt":{"rendered":"","protected":false},"featured_media":18830,"comment_status":"open","ping_status":"closed","template":"","meta":[],"product_brand":[],"product_cat":[2404],"product_tag":[],"class_list":{"0":"post-18827","1":"product","2":"type-product","3":"status-publish","4":"has-post-thumbnail","6":"product_cat-gripliquids","7":"product_shipping_class-paket","9":"first","10":"instock","11":"taxable","12":"shipping-taxable","13":"product-type-simple"},"yoast_head":"<!-- This site is optimized with the Yoast SEO Premium plugin v27.5 (Yoast SEO v27.5) - https:\/\/yoast.com\/product\/yoast-seo-premium-wordpress\/ -->\n<title>GripFactory MicroGrip Fliesen 5 L &#060; GripFactory<\/title>\n<meta name=\"robots\" content=\"index, follow, max-snippet:-1, max-image-preview:large, max-video-preview:-1\" \/>\n<link rel=\"canonical\" href=\"https:\/\/www.gripfactoryantislip.com\/de\/produkt\/gripfactory-microgrip-fliesen-5-l\/\" \/>\n<meta property=\"og:locale\" content=\"de_DE\" \/>\n<meta property=\"og:type\" content=\"article\" \/>\n<meta property=\"og:title\" content=\"GripFactory MicroGrip Fliesen 5 L\" \/>\n<meta property=\"og:url\" content=\"https:\/\/www.gripfactoryantislip.com\/de\/produkt\/gripfactory-microgrip-fliesen-5-l\/\" \/>\n<meta property=\"og:site_name\" content=\"GripFactory\" \/>\n<meta property=\"article:publisher\" content=\"https:\/\/www.facebook.com\/GripFactoryAntislip\" \/>\n<meta property=\"article:modified_time\" content=\"2024-05-10T01:34:45+00:00\" \/>\n<meta property=\"og:image\" content=\"https:\/\/www.gripfactoryantislip.com\/wp-content\/uploads\/gripfactory_webshop_gripliquids_microgrip-tegels-5liter_01.jpg\" \/>\n\t<meta property=\"og:image:width\" content=\"1024\" \/>\n\t<meta property=\"og:image:height\" content=\"1024\" \/>\n\t<meta property=\"og:image:type\" content=\"image\/jpeg\" \/>\n<meta name=\"twitter:label1\" content=\"Gesch\u00e4tzte Lesezeit\" \/>\n\t<meta name=\"twitter:data1\" content=\"2\u00a0Minuten\" \/>\n<script type=\"application\/ld+json\" class=\"yoast-schema-graph\">{\"@context\":\"https:\\\/\\\/schema.org\",\"@graph\":[{\"@type\":\"WebPage\",\"@id\":\"https:\\\/\\\/www.gripfactoryantislip.com\\\/de\\\/produkt\\\/gripfactory-microgrip-fliesen-5-l\\\/\",\"url\":\"https:\\\/\\\/www.gripfactoryantislip.com\\\/de\\\/produkt\\\/gripfactory-microgrip-fliesen-5-l\\\/\",\"name\":\"GripFactory MicroGrip Fliesen 5 L &#060; GripFactory\",\"isPartOf\":{\"@id\":\"https:\\\/\\\/www.gripfactoryantislip.com\\\/de\\\/#website\"},\"primaryImageOfPage\":{\"@id\":\"https:\\\/\\\/www.gripfactoryantislip.com\\\/de\\\/produkt\\\/gripfactory-microgrip-fliesen-5-l\\\/#primaryimage\"},\"image\":{\"@id\":\"https:\\\/\\\/www.gripfactoryantislip.com\\\/de\\\/produkt\\\/gripfactory-microgrip-fliesen-5-l\\\/#primaryimage\"},\"thumbnailUrl\":\"https:\\\/\\\/www.gripfactoryantislip.com\\\/wp-content\\\/uploads\\\/gripfactory_webshop_gripliquids_microgrip-tegels-5liter_01.jpg\",\"datePublished\":\"2021-02-18T13:28:15+00:00\",\"dateModified\":\"2024-05-10T01:34:45+00:00\",\"breadcrumb\":{\"@id\":\"https:\\\/\\\/www.gripfactoryantislip.com\\\/de\\\/produkt\\\/gripfactory-microgrip-fliesen-5-l\\\/#breadcrumb\"},\"inLanguage\":\"de\",\"potentialAction\":[{\"@type\":\"ReadAction\",\"target\":[\"https:\\\/\\\/www.gripfactoryantislip.com\\\/de\\\/produkt\\\/gripfactory-microgrip-fliesen-5-l\\\/\"]}]},{\"@type\":\"ImageObject\",\"inLanguage\":\"de\",\"@id\":\"https:\\\/\\\/www.gripfactoryantislip.com\\\/de\\\/produkt\\\/gripfactory-microgrip-fliesen-5-l\\\/#primaryimage\",\"url\":\"https:\\\/\\\/www.gripfactoryantislip.com\\\/wp-content\\\/uploads\\\/gripfactory_webshop_gripliquids_microgrip-tegels-5liter_01.jpg\",\"contentUrl\":\"https:\\\/\\\/www.gripfactoryantislip.com\\\/wp-content\\\/uploads\\\/gripfactory_webshop_gripliquids_microgrip-tegels-5liter_01.jpg\",\"width\":1024,\"height\":1024,\"caption\":\"GripFactory MicroGrip Fliesen 5 Liter\"},{\"@type\":\"BreadcrumbList\",\"@id\":\"https:\\\/\\\/www.gripfactoryantislip.com\\\/de\\\/produkt\\\/gripfactory-microgrip-fliesen-5-l\\\/#breadcrumb\",\"itemListElement\":[{\"@type\":\"ListItem\",\"position\":1,\"name\":\"Home\",\"item\":\"https:\\\/\\\/www.gripfactoryantislip.com\\\/de\\\/\"},{\"@type\":\"ListItem\",\"position\":2,\"name\":\"Webshop\",\"item\":\"https:\\\/\\\/www.gripfactoryantislip.com\\\/de\\\/shop\\\/\"},{\"@type\":\"ListItem\",\"position\":3,\"name\":\"GripFactory MicroGrip Fliesen 5 L\"}]},{\"@type\":\"WebSite\",\"@id\":\"https:\\\/\\\/www.gripfactoryantislip.com\\\/de\\\/#website\",\"url\":\"https:\\\/\\\/www.gripfactoryantislip.com\\\/de\\\/\",\"name\":\"GripFactory\",\"description\":\"Innovative Anti-Rutsch-L\u00f6sungen f\u00fcr jede Oberfl\u00e4che\",\"publisher\":{\"@id\":\"https:\\\/\\\/www.gripfactoryantislip.com\\\/de\\\/#organization\"},\"alternateName\":\"Floor Safety Solutions at GripFactory Anti-Slip\",\"potentialAction\":[{\"@type\":\"SearchAction\",\"target\":{\"@type\":\"EntryPoint\",\"urlTemplate\":\"https:\\\/\\\/www.gripfactoryantislip.com\\\/de\\\/?s={search_term_string}\"},\"query-input\":{\"@type\":\"PropertyValueSpecification\",\"valueRequired\":true,\"valueName\":\"search_term_string\"}}],\"inLanguage\":\"de\"},{\"@type\":\"Organization\",\"@id\":\"https:\\\/\\\/www.gripfactoryantislip.com\\\/de\\\/#organization\",\"name\":\"GripFactory B.V.\",\"url\":\"https:\\\/\\\/www.gripfactoryantislip.com\\\/de\\\/\",\"logo\":{\"@type\":\"ImageObject\",\"inLanguage\":\"de\",\"@id\":\"https:\\\/\\\/www.gripfactoryantislip.com\\\/de\\\/#\\\/schema\\\/logo\\\/image\\\/\",\"url\":\"https:\\\/\\\/www.gripfactoryantislip.com\\\/wp-content\\\/uploads\\\/logo_gripfactory.jpg\",\"contentUrl\":\"https:\\\/\\\/www.gripfactoryantislip.com\\\/wp-content\\\/uploads\\\/logo_gripfactory.jpg\",\"width\":269,\"height\":60,\"caption\":\"GripFactory B.V.\"},\"image\":{\"@id\":\"https:\\\/\\\/www.gripfactoryantislip.com\\\/de\\\/#\\\/schema\\\/logo\\\/image\\\/\"},\"sameAs\":[\"https:\\\/\\\/www.facebook.com\\\/GripFactoryAntislip\",\"https:\\\/\\\/www.instagram.com\\\/gripfactoryantislip\\\/\",\"https:\\\/\\\/www.linkedin.com\\\/company\\\/gripfactoryantislip\\\/about\\\/\"],\"email\":\"info@gripfactory.nl\",\"telephone\":\"+31348203000\",\"legalName\":\"GripFactor B.V.\",\"foundingDate\":\"2018-11-01\",\"vatID\":\"NL859320856B01\",\"taxID\":\"NL859320856B01\",\"numberOfEmployees\":{\"@type\":\"QuantitativeValue\",\"minValue\":\"1\",\"maxValue\":\"10\"}}]}<\/script>\n<!-- \/ Yoast SEO Premium plugin. -->","yoast_head_json":{"title":"GripFactory MicroGrip Fliesen 5 L &#060; GripFactory","robots":{"index":"index","follow":"follow","max-snippet":"max-snippet:-1","max-image-preview":"max-image-preview:large","max-video-preview":"max-video-preview:-1"},"canonical":"https:\/\/www.gripfactoryantislip.com\/de\/produkt\/gripfactory-microgrip-fliesen-5-l\/","og_locale":"de_DE","og_type":"article","og_title":"GripFactory MicroGrip Fliesen 5 L","og_url":"https:\/\/www.gripfactoryantislip.com\/de\/produkt\/gripfactory-microgrip-fliesen-5-l\/","og_site_name":"GripFactory","article_publisher":"https:\/\/www.facebook.com\/GripFactoryAntislip","article_modified_time":"2024-05-10T01:34:45+00:00","og_image":[{"width":1024,"height":1024,"url":"https:\/\/www.gripfactoryantislip.com\/wp-content\/uploads\/gripfactory_webshop_gripliquids_microgrip-tegels-5liter_01.jpg","type":"image\/jpeg"}],"twitter_misc":{"Gesch\u00e4tzte Lesezeit":"2\u00a0Minuten"},"schema":{"@context":"https:\/\/schema.org","@graph":[{"@type":"WebPage","@id":"https:\/\/www.gripfactoryantislip.com\/de\/produkt\/gripfactory-microgrip-fliesen-5-l\/","url":"https:\/\/www.gripfactoryantislip.com\/de\/produkt\/gripfactory-microgrip-fliesen-5-l\/","name":"GripFactory MicroGrip Fliesen 5 L &#060; GripFactory","isPartOf":{"@id":"https:\/\/www.gripfactoryantislip.com\/de\/#website"},"primaryImageOfPage":{"@id":"https:\/\/www.gripfactoryantislip.com\/de\/produkt\/gripfactory-microgrip-fliesen-5-l\/#primaryimage"},"image":{"@id":"https:\/\/www.gripfactoryantislip.com\/de\/produkt\/gripfactory-microgrip-fliesen-5-l\/#primaryimage"},"thumbnailUrl":"https:\/\/www.gripfactoryantislip.com\/wp-content\/uploads\/gripfactory_webshop_gripliquids_microgrip-tegels-5liter_01.jpg","datePublished":"2021-02-18T13:28:15+00:00","dateModified":"2024-05-10T01:34:45+00:00","breadcrumb":{"@id":"https:\/\/www.gripfactoryantislip.com\/de\/produkt\/gripfactory-microgrip-fliesen-5-l\/#breadcrumb"},"inLanguage":"de","potentialAction":[{"@type":"ReadAction","target":["https:\/\/www.gripfactoryantislip.com\/de\/produkt\/gripfactory-microgrip-fliesen-5-l\/"]}]},{"@type":"ImageObject","inLanguage":"de","@id":"https:\/\/www.gripfactoryantislip.com\/de\/produkt\/gripfactory-microgrip-fliesen-5-l\/#primaryimage","url":"https:\/\/www.gripfactoryantislip.com\/wp-content\/uploads\/gripfactory_webshop_gripliquids_microgrip-tegels-5liter_01.jpg","contentUrl":"https:\/\/www.gripfactoryantislip.com\/wp-content\/uploads\/gripfactory_webshop_gripliquids_microgrip-tegels-5liter_01.jpg","width":1024,"height":1024,"caption":"GripFactory MicroGrip Fliesen 5 Liter"},{"@type":"BreadcrumbList","@id":"https:\/\/www.gripfactoryantislip.com\/de\/produkt\/gripfactory-microgrip-fliesen-5-l\/#breadcrumb","itemListElement":[{"@type":"ListItem","position":1,"name":"Home","item":"https:\/\/www.gripfactoryantislip.com\/de\/"},{"@type":"ListItem","position":2,"name":"Webshop","item":"https:\/\/www.gripfactoryantislip.com\/de\/shop\/"},{"@type":"ListItem","position":3,"name":"GripFactory MicroGrip Fliesen 5 L"}]},{"@type":"WebSite","@id":"https:\/\/www.gripfactoryantislip.com\/de\/#website","url":"https:\/\/www.gripfactoryantislip.com\/de\/","name":"GripFactory","description":"Innovative Anti-Rutsch-L\u00f6sungen f\u00fcr jede Oberfl\u00e4che","publisher":{"@id":"https:\/\/www.gripfactoryantislip.com\/de\/#organization"},"alternateName":"Floor Safety Solutions at GripFactory Anti-Slip","potentialAction":[{"@type":"SearchAction","target":{"@type":"EntryPoint","urlTemplate":"https:\/\/www.gripfactoryantislip.com\/de\/?s={search_term_string}"},"query-input":{"@type":"PropertyValueSpecification","valueRequired":true,"valueName":"search_term_string"}}],"inLanguage":"de"},{"@type":"Organization","@id":"https:\/\/www.gripfactoryantislip.com\/de\/#organization","name":"GripFactory B.V.","url":"https:\/\/www.gripfactoryantislip.com\/de\/","logo":{"@type":"ImageObject","inLanguage":"de","@id":"https:\/\/www.gripfactoryantislip.com\/de\/#\/schema\/logo\/image\/","url":"https:\/\/www.gripfactoryantislip.com\/wp-content\/uploads\/logo_gripfactory.jpg","contentUrl":"https:\/\/www.gripfactoryantislip.com\/wp-content\/uploads\/logo_gripfactory.jpg","width":269,"height":60,"caption":"GripFactory B.V."},"image":{"@id":"https:\/\/www.gripfactoryantislip.com\/de\/#\/schema\/logo\/image\/"},"sameAs":["https:\/\/www.facebook.com\/GripFactoryAntislip","https:\/\/www.instagram.com\/gripfactoryantislip\/","https:\/\/www.linkedin.com\/company\/gripfactoryantislip\/about\/"],"email":"info@gripfactory.nl","telephone":"+31348203000","legalName":"GripFactor B.V.","foundingDate":"2018-11-01","vatID":"NL859320856B01","taxID":"NL859320856B01","numberOfEmployees":{"@type":"QuantitativeValue","minValue":"1","maxValue":"10"}}]}},"_links":{"self":[{"href":"https:\/\/www.gripfactoryantislip.com\/de\/wp-json\/wp\/v2\/product\/18827","targetHints":{"allow":["GET"]}}],"collection":[{"href":"https:\/\/www.gripfactoryantislip.com\/de\/wp-json\/wp\/v2\/product"}],"about":[{"href":"https:\/\/www.gripfactoryantislip.com\/de\/wp-json\/wp\/v2\/types\/product"}],"replies":[{"embeddable":true,"href":"https:\/\/www.gripfactoryantislip.com\/de\/wp-json\/wp\/v2\/comments?post=18827"}],"wp:featuredmedia":[{"embeddable":true,"href":"https:\/\/www.gripfactoryantislip.com\/de\/wp-json\/wp\/v2\/media\/18830"}],"wp:attachment":[{"href":"https:\/\/www.gripfactoryantislip.com\/de\/wp-json\/wp\/v2\/media?parent=18827"}],"wp:term":[{"taxonomy":"product_brand","embeddable":true,"href":"https:\/\/www.gripfactoryantislip.com\/de\/wp-json\/wp\/v2\/product_brand?post=18827"},{"taxonomy":"product_cat","embeddable":true,"href":"https:\/\/www.gripfactoryantislip.com\/de\/wp-json\/wp\/v2\/product_cat?post=18827"},{"taxonomy":"product_tag","embeddable":true,"href":"https:\/\/www.gripfactoryantislip.com\/de\/wp-json\/wp\/v2\/product_tag?post=18827"}],"curies":[{"name":"wp","href":"https:\/\/api.w.org\/{rel}","templated":true}]}}