{"id":19413,"date":"2019-07-08T10:45:23","date_gmt":"2021-02-18T14:05:23","guid":{"rendered":"https:\/\/www.gripfactoryantislip.com\/product\/gripfactory-titaniumgrip-cleaner\/"},"modified":"2024-05-10T10:00:39","modified_gmt":"2024-05-10T08:00:39","slug":"gripfactory-titaniumgrip-cleaner-1-l","status":"publish","type":"product","link":"https:\/\/www.gripfactoryantislip.com\/de\/produkt\/gripfactory-titaniumgrip-cleaner-1-l\/","title":{"rendered":"GripFactory TitaniumGrip Cleaner 1 L"},"content":{"rendered":"<div class=\"fusion-fullwidth fullwidth-box fusion-builder-row-1 nonhundred-percent-fullwidth non-hundred-percent-height-scrolling\" style=\"--awb-border-radius-top-left:0px;--awb-border-radius-top-right:0px;--awb-border-radius-bottom-right:0px;--awb-border-radius-bottom-left:0px;--awb-flex-wrap:wrap;\" ><div class=\"fusion-builder-row fusion-row\"><div class=\"fusion-layout-column fusion_builder_column fusion-builder-column-0 fusion_builder_column_1_1 1_1 fusion-one-full fusion-column-first fusion-column-last\" style=\"--awb-bg-size:cover;--awb-margin-bottom:0px;\"><div class=\"fusion-column-wrapper fusion-column-has-shadow fusion-flex-column-wrapper-legacy\"><div class=\"fusion-text fusion-text-1\"><p>GripFactory TitaniumGrip Cleaner wurde speziell f\u00fcr die Reinigung und Pflege von mit GripFactory TitaniumGrip behandelten B\u00f6den entwickelt. Aufgrund seiner starken Wirkung kann GripFactory TitaniumGrip Cleaner alle Arten von Fliesen- und Betonoberfl\u00e4chen entfetten und gr\u00fcndlich reinigen. Beeintr\u00e4chtigt nicht den urspr\u00fcnglichen Aspekt der zu reinigenden Oberfl\u00e4chen. GripFactory TitaniumGrip Cleaner ist kein Seifenprodukt und trocknet streifenfrei.<\/p>\n<h3 style=\"margin-top: 60px; color: #ffffff;\">Technische Daten<\/h3>\n<ul>\n<li>Seifenfreier Entfettungsreiniger;<\/li>\n<li>Erh\u00e4ltlich in 1 Liter, 5 Liter und 25 Liter;<\/li>\n<li>1 Liter GripFactory TitaniumGrip Cleaner ist f\u00fcr ca. 150 m2 geeignet;<\/li>\n<li>Inhaltsstoffdeklaration gem\u00e4\u00df EWG-Richtlinie 648\/2004\/EG.<\/li>\n<\/ul>\n<h3 style=\"margin-top: 60px; color: #ffffff;\">Geeignet f\u00fcr<\/h3>\n<ul>\n<li>Keramikfliesen;<\/li>\n<li>Porzellanfliesen;<\/li>\n<li>Granit;<\/li>\n<li>Terrazo;<\/li>\n<li>Beton.<\/li>\n<\/ul>\n<p>GripFactory TitaniumGrip Cleaner ist der effizienteste Reiniger f\u00fcr die Pflege von B\u00f6den, die mit GripFactory TitaniumGrip behandelt wurden.<\/p>\n<h3 style=\"margin-top: 60px; color: #ffffff;\">Wichtige Informationen<\/h3>\n<p>Datenblatt GripFactory TitaniumGrip Cleaner (<a href=\"https:\/\/www.gripfactoryantislip.com\/wp-content\/uploads\/gripfactory_datasheet_titaniumgrip-cleaner_NL.pdf\" target=\"new\" rel=\"noopener\">NL<\/a> | <a href=\"https:\/\/www.gripfactoryantislip.com\/wp-content\/uploads\/gripfactory_datasheet_titaniumgrip-cleaner_EN.pdf\" target=\"new\" rel=\"noopener\">EN<\/a>)<br \/>\nBedienungsanleitung GripFactory TitaniumGrip Cleaner (<a href=\"https:\/\/www.gripfactoryantislip.com\/wp-content\/uploads\/gripfactory_handleiding_titaniumgrip-cleaner_NL.pdf\" target=\"new\" rel=\"noopener\">NL<\/a> | <a href=\"https:\/\/www.gripfactoryantislip.com\/wp-content\/uploads\/gripfactory_handleiding_titaniumgrip-cleaner_EN.pdf\" target=\"new\" rel=\"noopener\">EN<\/a>)<br \/>\nSicherheitsdatenblatt GripFactory TitaniumGrip Cleaner (<a href=\"https:\/\/www.gripfactoryantislip.com\/wp-content\/uploads\/gripfactory_veiligheidsinformatieblad_titaniumgrip-cleaner_NL.pdf\" target=\"new\" rel=\"noopener\">NL<\/a> | <a href=\"https:\/\/www.gripfactoryantislip.com\/wp-content\/uploads\/gripfactory_veiligheidsinformatieblad_titaniumgrip-cleaner_EN.pdf\" target=\"new\" rel=\"noopener\">EN<\/a>)<\/p>\n<\/div><div class=\"fusion-clearfix\"><\/div><\/div><\/div><\/div><\/div>\n","protected":false},"excerpt":{"rendered":"","protected":false},"featured_media":19370,"comment_status":"open","ping_status":"closed","template":"","meta":[],"product_brand":[],"product_cat":[3335,2358],"product_tag":[],"class_list":{"0":"post-19413","1":"product","2":"type-product","3":"status-publish","4":"has-post-thumbnail","6":"product_cat-cleaners-de","7":"product_cat-gripaccessories","8":"product_shipping_class-paket","10":"first","11":"instock","12":"taxable","13":"shipping-taxable","14":"purchasable","15":"product-type-simple"},"yoast_head":"<!-- This site is optimized with the Yoast SEO Premium plugin v27.3 (Yoast SEO v27.4) - https:\/\/yoast.com\/product\/yoast-seo-premium-wordpress\/ -->\n<title>GripFactory TitaniumGrip Cleaner 1 L &#060; GripFactory<\/title>\n<meta name=\"robots\" content=\"index, follow, max-snippet:-1, max-image-preview:large, max-video-preview:-1\" \/>\n<link rel=\"canonical\" href=\"https:\/\/www.gripfactoryantislip.com\/de\/produkt\/gripfactory-titaniumgrip-cleaner-1-l\/\" \/>\n<meta property=\"og:locale\" content=\"de_DE\" \/>\n<meta property=\"og:type\" content=\"article\" \/>\n<meta property=\"og:title\" content=\"GripFactory TitaniumGrip Cleaner 1 L\" \/>\n<meta property=\"og:url\" content=\"https:\/\/www.gripfactoryantislip.com\/de\/produkt\/gripfactory-titaniumgrip-cleaner-1-l\/\" \/>\n<meta property=\"og:site_name\" content=\"GripFactory\" \/>\n<meta property=\"article:publisher\" content=\"https:\/\/www.facebook.com\/GripFactoryAntislip\" \/>\n<meta property=\"article:modified_time\" content=\"2024-05-10T08:00:39+00:00\" \/>\n<meta property=\"og:image\" content=\"https:\/\/www.gripfactoryantislip.com\/wp-content\/uploads\/gripfactory_webshop_gripaccessories_titaniumgrip-cleaner-1liter_01.jpg\" \/>\n\t<meta property=\"og:image:width\" content=\"1024\" \/>\n\t<meta property=\"og:image:height\" content=\"1024\" \/>\n\t<meta property=\"og:image:type\" content=\"image\/jpeg\" \/>\n<meta name=\"twitter:label1\" content=\"Gesch\u00e4tzte Lesezeit\" \/>\n\t<meta name=\"twitter:data1\" content=\"2\u00a0Minuten\" \/>\n<script type=\"application\/ld+json\" class=\"yoast-schema-graph\">{\"@context\":\"https:\\\/\\\/schema.org\",\"@graph\":[{\"@type\":\"WebPage\",\"@id\":\"https:\\\/\\\/www.gripfactoryantislip.com\\\/de\\\/produkt\\\/gripfactory-titaniumgrip-cleaner-1-l\\\/\",\"url\":\"https:\\\/\\\/www.gripfactoryantislip.com\\\/de\\\/produkt\\\/gripfactory-titaniumgrip-cleaner-1-l\\\/\",\"name\":\"GripFactory TitaniumGrip Cleaner 1 L &#060; GripFactory\",\"isPartOf\":{\"@id\":\"https:\\\/\\\/www.gripfactoryantislip.com\\\/de\\\/#website\"},\"primaryImageOfPage\":{\"@id\":\"https:\\\/\\\/www.gripfactoryantislip.com\\\/de\\\/produkt\\\/gripfactory-titaniumgrip-cleaner-1-l\\\/#primaryimage\"},\"image\":{\"@id\":\"https:\\\/\\\/www.gripfactoryantislip.com\\\/de\\\/produkt\\\/gripfactory-titaniumgrip-cleaner-1-l\\\/#primaryimage\"},\"thumbnailUrl\":\"https:\\\/\\\/www.gripfactoryantislip.com\\\/wp-content\\\/uploads\\\/gripfactory_webshop_gripaccessories_titaniumgrip-cleaner-1liter_01.jpg\",\"datePublished\":\"2021-02-18T14:05:23+00:00\",\"dateModified\":\"2024-05-10T08:00:39+00:00\",\"breadcrumb\":{\"@id\":\"https:\\\/\\\/www.gripfactoryantislip.com\\\/de\\\/produkt\\\/gripfactory-titaniumgrip-cleaner-1-l\\\/#breadcrumb\"},\"inLanguage\":\"de\",\"potentialAction\":[{\"@type\":\"ReadAction\",\"target\":[\"https:\\\/\\\/www.gripfactoryantislip.com\\\/de\\\/produkt\\\/gripfactory-titaniumgrip-cleaner-1-l\\\/\"]}]},{\"@type\":\"ImageObject\",\"inLanguage\":\"de\",\"@id\":\"https:\\\/\\\/www.gripfactoryantislip.com\\\/de\\\/produkt\\\/gripfactory-titaniumgrip-cleaner-1-l\\\/#primaryimage\",\"url\":\"https:\\\/\\\/www.gripfactoryantislip.com\\\/wp-content\\\/uploads\\\/gripfactory_webshop_gripaccessories_titaniumgrip-cleaner-1liter_01.jpg\",\"contentUrl\":\"https:\\\/\\\/www.gripfactoryantislip.com\\\/wp-content\\\/uploads\\\/gripfactory_webshop_gripaccessories_titaniumgrip-cleaner-1liter_01.jpg\",\"width\":1024,\"height\":1024,\"caption\":\"GripFactory TitaniumGrip Cleaner 1 Liter\"},{\"@type\":\"BreadcrumbList\",\"@id\":\"https:\\\/\\\/www.gripfactoryantislip.com\\\/de\\\/produkt\\\/gripfactory-titaniumgrip-cleaner-1-l\\\/#breadcrumb\",\"itemListElement\":[{\"@type\":\"ListItem\",\"position\":1,\"name\":\"Home\",\"item\":\"https:\\\/\\\/www.gripfactoryantislip.com\\\/de\\\/\"},{\"@type\":\"ListItem\",\"position\":2,\"name\":\"Webshop\",\"item\":\"https:\\\/\\\/www.gripfactoryantislip.com\\\/de\\\/shop\\\/\"},{\"@type\":\"ListItem\",\"position\":3,\"name\":\"GripFactory TitaniumGrip Cleaner 1 L\"}]},{\"@type\":\"WebSite\",\"@id\":\"https:\\\/\\\/www.gripfactoryantislip.com\\\/de\\\/#website\",\"url\":\"https:\\\/\\\/www.gripfactoryantislip.com\\\/de\\\/\",\"name\":\"GripFactory\",\"description\":\"Innovative Anti-Rutsch-L\u00f6sungen f\u00fcr jede Oberfl\u00e4che\",\"publisher\":{\"@id\":\"https:\\\/\\\/www.gripfactoryantislip.com\\\/de\\\/#organization\"},\"alternateName\":\"Floor Safety Solutions at GripFactory Anti-Slip\",\"potentialAction\":[{\"@type\":\"SearchAction\",\"target\":{\"@type\":\"EntryPoint\",\"urlTemplate\":\"https:\\\/\\\/www.gripfactoryantislip.com\\\/de\\\/?s={search_term_string}\"},\"query-input\":{\"@type\":\"PropertyValueSpecification\",\"valueRequired\":true,\"valueName\":\"search_term_string\"}}],\"inLanguage\":\"de\"},{\"@type\":\"Organization\",\"@id\":\"https:\\\/\\\/www.gripfactoryantislip.com\\\/de\\\/#organization\",\"name\":\"GripFactory B.V.\",\"url\":\"https:\\\/\\\/www.gripfactoryantislip.com\\\/de\\\/\",\"logo\":{\"@type\":\"ImageObject\",\"inLanguage\":\"de\",\"@id\":\"https:\\\/\\\/www.gripfactoryantislip.com\\\/de\\\/#\\\/schema\\\/logo\\\/image\\\/\",\"url\":\"https:\\\/\\\/www.gripfactoryantislip.com\\\/wp-content\\\/uploads\\\/logo_gripfactory.jpg\",\"contentUrl\":\"https:\\\/\\\/www.gripfactoryantislip.com\\\/wp-content\\\/uploads\\\/logo_gripfactory.jpg\",\"width\":269,\"height\":60,\"caption\":\"GripFactory B.V.\"},\"image\":{\"@id\":\"https:\\\/\\\/www.gripfactoryantislip.com\\\/de\\\/#\\\/schema\\\/logo\\\/image\\\/\"},\"sameAs\":[\"https:\\\/\\\/www.facebook.com\\\/GripFactoryAntislip\",\"https:\\\/\\\/www.instagram.com\\\/gripfactoryantislip\\\/\",\"https:\\\/\\\/www.linkedin.com\\\/company\\\/gripfactoryantislip\\\/about\\\/\"],\"email\":\"info@gripfactory.nl\",\"telephone\":\"+31348203000\",\"legalName\":\"GripFactor B.V.\",\"foundingDate\":\"2018-11-01\",\"vatID\":\"NL859320856B01\",\"taxID\":\"NL859320856B01\",\"numberOfEmployees\":{\"@type\":\"QuantitativeValue\",\"minValue\":\"1\",\"maxValue\":\"10\"}}]}<\/script>\n<!-- \/ Yoast SEO Premium plugin. -->","yoast_head_json":{"title":"GripFactory TitaniumGrip Cleaner 1 L &#060; GripFactory","robots":{"index":"index","follow":"follow","max-snippet":"max-snippet:-1","max-image-preview":"max-image-preview:large","max-video-preview":"max-video-preview:-1"},"canonical":"https:\/\/www.gripfactoryantislip.com\/de\/produkt\/gripfactory-titaniumgrip-cleaner-1-l\/","og_locale":"de_DE","og_type":"article","og_title":"GripFactory TitaniumGrip Cleaner 1 L","og_url":"https:\/\/www.gripfactoryantislip.com\/de\/produkt\/gripfactory-titaniumgrip-cleaner-1-l\/","og_site_name":"GripFactory","article_publisher":"https:\/\/www.facebook.com\/GripFactoryAntislip","article_modified_time":"2024-05-10T08:00:39+00:00","og_image":[{"width":1024,"height":1024,"url":"https:\/\/www.gripfactoryantislip.com\/wp-content\/uploads\/gripfactory_webshop_gripaccessories_titaniumgrip-cleaner-1liter_01.jpg","type":"image\/jpeg"}],"twitter_misc":{"Gesch\u00e4tzte Lesezeit":"2\u00a0Minuten"},"schema":{"@context":"https:\/\/schema.org","@graph":[{"@type":"WebPage","@id":"https:\/\/www.gripfactoryantislip.com\/de\/produkt\/gripfactory-titaniumgrip-cleaner-1-l\/","url":"https:\/\/www.gripfactoryantislip.com\/de\/produkt\/gripfactory-titaniumgrip-cleaner-1-l\/","name":"GripFactory TitaniumGrip Cleaner 1 L &#060; GripFactory","isPartOf":{"@id":"https:\/\/www.gripfactoryantislip.com\/de\/#website"},"primaryImageOfPage":{"@id":"https:\/\/www.gripfactoryantislip.com\/de\/produkt\/gripfactory-titaniumgrip-cleaner-1-l\/#primaryimage"},"image":{"@id":"https:\/\/www.gripfactoryantislip.com\/de\/produkt\/gripfactory-titaniumgrip-cleaner-1-l\/#primaryimage"},"thumbnailUrl":"https:\/\/www.gripfactoryantislip.com\/wp-content\/uploads\/gripfactory_webshop_gripaccessories_titaniumgrip-cleaner-1liter_01.jpg","datePublished":"2021-02-18T14:05:23+00:00","dateModified":"2024-05-10T08:00:39+00:00","breadcrumb":{"@id":"https:\/\/www.gripfactoryantislip.com\/de\/produkt\/gripfactory-titaniumgrip-cleaner-1-l\/#breadcrumb"},"inLanguage":"de","potentialAction":[{"@type":"ReadAction","target":["https:\/\/www.gripfactoryantislip.com\/de\/produkt\/gripfactory-titaniumgrip-cleaner-1-l\/"]}]},{"@type":"ImageObject","inLanguage":"de","@id":"https:\/\/www.gripfactoryantislip.com\/de\/produkt\/gripfactory-titaniumgrip-cleaner-1-l\/#primaryimage","url":"https:\/\/www.gripfactoryantislip.com\/wp-content\/uploads\/gripfactory_webshop_gripaccessories_titaniumgrip-cleaner-1liter_01.jpg","contentUrl":"https:\/\/www.gripfactoryantislip.com\/wp-content\/uploads\/gripfactory_webshop_gripaccessories_titaniumgrip-cleaner-1liter_01.jpg","width":1024,"height":1024,"caption":"GripFactory TitaniumGrip Cleaner 1 Liter"},{"@type":"BreadcrumbList","@id":"https:\/\/www.gripfactoryantislip.com\/de\/produkt\/gripfactory-titaniumgrip-cleaner-1-l\/#breadcrumb","itemListElement":[{"@type":"ListItem","position":1,"name":"Home","item":"https:\/\/www.gripfactoryantislip.com\/de\/"},{"@type":"ListItem","position":2,"name":"Webshop","item":"https:\/\/www.gripfactoryantislip.com\/de\/shop\/"},{"@type":"ListItem","position":3,"name":"GripFactory TitaniumGrip Cleaner 1 L"}]},{"@type":"WebSite","@id":"https:\/\/www.gripfactoryantislip.com\/de\/#website","url":"https:\/\/www.gripfactoryantislip.com\/de\/","name":"GripFactory","description":"Innovative Anti-Rutsch-L\u00f6sungen f\u00fcr jede Oberfl\u00e4che","publisher":{"@id":"https:\/\/www.gripfactoryantislip.com\/de\/#organization"},"alternateName":"Floor Safety Solutions at GripFactory Anti-Slip","potentialAction":[{"@type":"SearchAction","target":{"@type":"EntryPoint","urlTemplate":"https:\/\/www.gripfactoryantislip.com\/de\/?s={search_term_string}"},"query-input":{"@type":"PropertyValueSpecification","valueRequired":true,"valueName":"search_term_string"}}],"inLanguage":"de"},{"@type":"Organization","@id":"https:\/\/www.gripfactoryantislip.com\/de\/#organization","name":"GripFactory B.V.","url":"https:\/\/www.gripfactoryantislip.com\/de\/","logo":{"@type":"ImageObject","inLanguage":"de","@id":"https:\/\/www.gripfactoryantislip.com\/de\/#\/schema\/logo\/image\/","url":"https:\/\/www.gripfactoryantislip.com\/wp-content\/uploads\/logo_gripfactory.jpg","contentUrl":"https:\/\/www.gripfactoryantislip.com\/wp-content\/uploads\/logo_gripfactory.jpg","width":269,"height":60,"caption":"GripFactory B.V."},"image":{"@id":"https:\/\/www.gripfactoryantislip.com\/de\/#\/schema\/logo\/image\/"},"sameAs":["https:\/\/www.facebook.com\/GripFactoryAntislip","https:\/\/www.instagram.com\/gripfactoryantislip\/","https:\/\/www.linkedin.com\/company\/gripfactoryantislip\/about\/"],"email":"info@gripfactory.nl","telephone":"+31348203000","legalName":"GripFactor B.V.","foundingDate":"2018-11-01","vatID":"NL859320856B01","taxID":"NL859320856B01","numberOfEmployees":{"@type":"QuantitativeValue","minValue":"1","maxValue":"10"}}]}},"_links":{"self":[{"href":"https:\/\/www.gripfactoryantislip.com\/de\/wp-json\/wp\/v2\/product\/19413","targetHints":{"allow":["GET"]}}],"collection":[{"href":"https:\/\/www.gripfactoryantislip.com\/de\/wp-json\/wp\/v2\/product"}],"about":[{"href":"https:\/\/www.gripfactoryantislip.com\/de\/wp-json\/wp\/v2\/types\/product"}],"replies":[{"embeddable":true,"href":"https:\/\/www.gripfactoryantislip.com\/de\/wp-json\/wp\/v2\/comments?post=19413"}],"wp:featuredmedia":[{"embeddable":true,"href":"https:\/\/www.gripfactoryantislip.com\/de\/wp-json\/wp\/v2\/media\/19370"}],"wp:attachment":[{"href":"https:\/\/www.gripfactoryantislip.com\/de\/wp-json\/wp\/v2\/media?parent=19413"}],"wp:term":[{"taxonomy":"product_brand","embeddable":true,"href":"https:\/\/www.gripfactoryantislip.com\/de\/wp-json\/wp\/v2\/product_brand?post=19413"},{"taxonomy":"product_cat","embeddable":true,"href":"https:\/\/www.gripfactoryantislip.com\/de\/wp-json\/wp\/v2\/product_cat?post=19413"},{"taxonomy":"product_tag","embeddable":true,"href":"https:\/\/www.gripfactoryantislip.com\/de\/wp-json\/wp\/v2\/product_tag?post=19413"}],"curies":[{"name":"wp","href":"https:\/\/api.w.org\/{rel}","templated":true}]}}