{"id":24072,"date":"2022-01-08T10:58:14","date_gmt":"2022-01-08T09:58:14","guid":{"rendered":"https:\/\/www.gripfactoryantislip.com\/?post_type=product&#038;p=24072"},"modified":"2024-05-10T03:34:45","modified_gmt":"2024-05-10T01:34:45","slug":"gripfactory-anti-rutsch-fliesenspray-500-ml","status":"publish","type":"product","link":"https:\/\/www.gripfactoryantislip.com\/de\/produkt\/gripfactory-anti-rutsch-fliesenspray-500-ml\/","title":{"rendered":"GripFactory Anti-Rutsch Fliesenspray 500 ml"},"content":{"rendered":"<div class=\"fusion-fullwidth fullwidth-box fusion-builder-row-1 nonhundred-percent-fullwidth non-hundred-percent-height-scrolling\" style=\"--awb-border-radius-top-left:0px;--awb-border-radius-top-right:0px;--awb-border-radius-bottom-right:0px;--awb-border-radius-bottom-left:0px;--awb-flex-wrap:wrap;\" ><div class=\"fusion-builder-row fusion-row\"><div class=\"fusion-layout-column fusion_builder_column fusion-builder-column-0 fusion_builder_column_1_1 1_1 fusion-one-full fusion-column-first fusion-column-last\" style=\"--awb-bg-size:cover;--awb-margin-bottom:0px;\"><div class=\"fusion-column-wrapper fusion-column-has-shadow fusion-flex-column-wrapper-legacy\"><div class=\"fusion-text fusion-text-1\"><p>GripFactory Anti-Rutsch-Fliesenspray ist die unsichtbare Anti-Rutsch-L\u00f6sung gegen glatte und \/ oder feuchte Fliesenb\u00f6den, Treppen und andere Oberfl\u00e4chen. GripFactory Anti-Rutsch-Fliesenspray wird ohne gr\u00fcndliche Reinigung direkt auf die Fliese aufgetragen. Nach einigen Minuten wird es mit Wasser neutralisiert. Mit dieser einfachen Methode ist es m\u00f6glich, gro\u00dfe Fl\u00e4chen in relativ kurzer Zeit Anti-Rutsch zu machen. Die Unannehmlichkeiten sind daher minimal und da keine gr\u00fcndliche Reinigung erforderlich ist, sparen Sie auch die Kosten f\u00fcr die Rutschfestigkeit Ihres Bodens oder Ihrer Treppe.<\/p>\n<p>GripFactory Anti-Rutsch-Fliesenspray ist auch mit blo\u00dfen F\u00fc\u00dfen nur wenige Minuten nach dem Auftragen vollst\u00e4ndig begehbar. Das Produkt ist au\u00dferdem umweltfreundlich, vollst\u00e4ndig biologisch abbaubar und enth\u00e4lt keine gef\u00e4hrlichen L\u00f6sungsmittel oder giftigen Chemikalien. Dar\u00fcber hinaus hemmt die einzigartige Formel die Bildung sch\u00e4dlicher Bakterien. Dieses Produkt kann \u00fcberall dort eingesetzt werden, wo nasse und rutschige B\u00f6den ein Risiko f\u00fcr G\u00e4ste, Besucher und \/ oder Mitarbeiter darstellen.<\/p>\n<p><strong>Bedienung GripFactory Anti-Rutsch-Fliesenspray<\/strong><br \/>\nDie Titaniummolek\u00fcle haften an der Oberfl\u00e4che der Fliese und bilden eine dauerhafte Schicht, die neben einem rutschfesten Effekt auch die Fliese selbst sch\u00fctzt. Die Behandlung hat keinen Einfluss auf den urspr\u00fcnglichen Aspekt der Fliese und das Ergebnis ist daher nicht sichtbar, aber deutlich greifbar. Das System ist ideal f\u00fcr Keramikfliesen. Dank der einzigartigen Arbeitsweise (spr\u00fch-sp\u00fcl-fertig) sind Sie schneller bereit (weniger Unannehmlichkeiten) und sparen enorm Kosten. Es funktioniert innerhalb von 5 Minuten und ist sofort begehbar.<\/p>\n<p><strong>Einfach zu s\u00e4ubern<\/strong><br \/>\nF\u00fcr eine optimale und lang anhaltende Wirkung empfehlen wir eine regelm\u00e4\u00dfige Reinigung des behandelten Bodens mit einem seifenfreien Entfetter (z. B. dem GripFactory TitaniumGrip Cleaner), um eine optimale Leistung zu erzielen und die Anti-Rutsch-Werte beizubehalten.<\/p>\n<p><strong>Merkmale<\/strong><\/p>\n<ul>\n<li>Ergebnisse innerhalb von 3 bis 5 Minuten<\/li>\n<li>Kann sofort nach der Anwendung betreten werden<\/li>\n<li>Keine chemischen D\u00e4mpfe bei der Anwendung und danach<\/li>\n<li>Langlebig (5 Jahre Garantie, fragen Sie nach den Bedingungen)<\/li>\n<li>Unsichtbares Endergebnis<\/li>\n<li>Sch\u00fctzt die Fliese<\/li>\n<li>Pflegeleicht<\/li>\n<\/ul>\n<p><strong>Geeignet f\u00fcr<\/strong><\/p>\n<ul>\n<li>Keramikfliesen<\/li>\n<li>Polierte Fliesen<\/li>\n<\/ul>\n<p>GripFactory Anti-Rutsch-Fliesenspray ist die hygienischste Anti-Rutsch-L\u00f6sung auf dem Markt und macht Ihre glatte Oberfl\u00e4che wieder sicher zug\u00e4nglich.<\/p>\n<p><strong>GripFactory-Anwendungsservice<\/strong><br \/>\nSind Sie nicht in der Lage, herauszukommen, oder sind Sie mit der Operation nicht ganz zufrieden? Bitte wenden Sie sich an den GripFactory Service Desk (+31 348 203000). Gegen Aufpreis k\u00f6nnen Sie GripFactory Anti-Rutsch-Fliesenspray von einem zertifizierten Applikator auftragen lassen.<\/p>\n<p><strong>Wichtige Dokumente<\/strong><br \/>\nDatenblatt GripFactory Anti-Rutsch-Fliesenspray (<a href=\"https:\/\/www.gripfactoryantislip.com\/wp-content\/uploads\/gripfactory_datasheet_antislip-tegelspray_NL.pdf\" target=\"new\" rel=\"noopener\">NL<\/a> | <a href=\"https:\/\/www.gripfactoryantislip.com\/wp-content\/uploads\/gripfactory_datasheet_antislip-tegelspray_EN.pdf\" target=\"new\" rel=\"noopener\">EN<\/a>)<br \/>\nHandbuch GripFactory Anti-Rutsch-Fliesenspray (<a href=\"https:\/\/www.gripfactoryantislip.com\/wp-content\/uploads\/gripfactory_handleiding_antislip-tegelspray_NL.pdf\" target=\"new\" rel=\"noopener\">NL<\/a> | <a href=\"https:\/\/www.gripfactoryantislip.com\/wp-content\/uploads\/gripfactory_handleiding_antislip-tegelspray_EN.pdf\" target=\"new\" rel=\"noopener\">EN<\/a>)<br \/>\nSicherheitsdatenblatt GripFactory Anti-Rutsch-Fliesenspray (<a href=\"https:\/\/www.gripfactoryantislip.com\/wp-content\/uploads\/gripfactory_veiligheidsinformatieblad_antislip-tegelspray_NL.pdf\" target=\"new\" rel=\"noopener\">NL<\/a> | <a href=\"https:\/\/www.gripfactoryantislip.com\/wp-content\/uploads\/gripfactory_veiligheidsinformatieblad_antislip-tegelspray_EN.pdf\" target=\"new\" rel=\"noopener\">EN<\/a>)<\/p>\n<\/div><div class=\"fusion-clearfix\"><\/div><\/div><\/div><\/div><\/div>\n","protected":false},"excerpt":{"rendered":"","protected":false},"featured_media":33247,"comment_status":"open","ping_status":"closed","template":"","meta":[],"product_brand":[],"product_cat":[2404],"product_tag":[],"class_list":{"0":"post-24072","1":"product","2":"type-product","3":"status-publish","4":"has-post-thumbnail","6":"product_cat-gripliquids","7":"product_shipping_class-paket","9":"first","10":"instock","11":"taxable","12":"shipping-taxable","13":"purchasable","14":"product-type-simple"},"yoast_head":"<!-- This site is optimized with the Yoast SEO Premium plugin v27.3 (Yoast SEO v27.4) - https:\/\/yoast.com\/product\/yoast-seo-premium-wordpress\/ -->\n<title>GripFactory Anti-Rutsch Fliesenspray 500 ml &#060; GripFactory<\/title>\n<meta name=\"robots\" content=\"index, follow, max-snippet:-1, max-image-preview:large, max-video-preview:-1\" \/>\n<link rel=\"canonical\" href=\"https:\/\/www.gripfactoryantislip.com\/de\/produkt\/gripfactory-anti-rutsch-fliesenspray-500-ml\/\" \/>\n<meta property=\"og:locale\" content=\"de_DE\" \/>\n<meta property=\"og:type\" content=\"article\" \/>\n<meta property=\"og:title\" content=\"GripFactory Anti-Rutsch Fliesenspray 500 ml\" \/>\n<meta property=\"og:url\" content=\"https:\/\/www.gripfactoryantislip.com\/de\/produkt\/gripfactory-anti-rutsch-fliesenspray-500-ml\/\" \/>\n<meta property=\"og:site_name\" content=\"GripFactory\" \/>\n<meta property=\"article:publisher\" content=\"https:\/\/www.facebook.com\/GripFactoryAntislip\" \/>\n<meta property=\"article:modified_time\" content=\"2024-05-10T01:34:45+00:00\" \/>\n<meta property=\"og:image\" content=\"https:\/\/www.gripfactoryantislip.com\/wp-content\/uploads\/GripFactory_6000002_Antislip-Tegelspray_500ml.jpg\" \/>\n\t<meta property=\"og:image:width\" content=\"1000\" \/>\n\t<meta property=\"og:image:height\" content=\"1000\" \/>\n\t<meta property=\"og:image:type\" content=\"image\/jpeg\" \/>\n<meta name=\"twitter:label1\" content=\"Gesch\u00e4tzte Lesezeit\" \/>\n\t<meta name=\"twitter:data1\" content=\"3\u00a0Minuten\" \/>\n<script type=\"application\/ld+json\" class=\"yoast-schema-graph\">{\"@context\":\"https:\\\/\\\/schema.org\",\"@graph\":[{\"@type\":\"WebPage\",\"@id\":\"https:\\\/\\\/www.gripfactoryantislip.com\\\/de\\\/produkt\\\/gripfactory-anti-rutsch-fliesenspray-500-ml\\\/\",\"url\":\"https:\\\/\\\/www.gripfactoryantislip.com\\\/de\\\/produkt\\\/gripfactory-anti-rutsch-fliesenspray-500-ml\\\/\",\"name\":\"GripFactory Anti-Rutsch Fliesenspray 500 ml &#060; GripFactory\",\"isPartOf\":{\"@id\":\"https:\\\/\\\/www.gripfactoryantislip.com\\\/de\\\/#website\"},\"primaryImageOfPage\":{\"@id\":\"https:\\\/\\\/www.gripfactoryantislip.com\\\/de\\\/produkt\\\/gripfactory-anti-rutsch-fliesenspray-500-ml\\\/#primaryimage\"},\"image\":{\"@id\":\"https:\\\/\\\/www.gripfactoryantislip.com\\\/de\\\/produkt\\\/gripfactory-anti-rutsch-fliesenspray-500-ml\\\/#primaryimage\"},\"thumbnailUrl\":\"https:\\\/\\\/www.gripfactoryantislip.com\\\/wp-content\\\/uploads\\\/GripFactory_6000002_Antislip-Tegelspray_500ml.jpg\",\"datePublished\":\"2022-01-08T09:58:14+00:00\",\"dateModified\":\"2024-05-10T01:34:45+00:00\",\"breadcrumb\":{\"@id\":\"https:\\\/\\\/www.gripfactoryantislip.com\\\/de\\\/produkt\\\/gripfactory-anti-rutsch-fliesenspray-500-ml\\\/#breadcrumb\"},\"inLanguage\":\"de\",\"potentialAction\":[{\"@type\":\"ReadAction\",\"target\":[\"https:\\\/\\\/www.gripfactoryantislip.com\\\/de\\\/produkt\\\/gripfactory-anti-rutsch-fliesenspray-500-ml\\\/\"]}]},{\"@type\":\"ImageObject\",\"inLanguage\":\"de\",\"@id\":\"https:\\\/\\\/www.gripfactoryantislip.com\\\/de\\\/produkt\\\/gripfactory-anti-rutsch-fliesenspray-500-ml\\\/#primaryimage\",\"url\":\"https:\\\/\\\/www.gripfactoryantislip.com\\\/wp-content\\\/uploads\\\/GripFactory_6000002_Antislip-Tegelspray_500ml.jpg\",\"contentUrl\":\"https:\\\/\\\/www.gripfactoryantislip.com\\\/wp-content\\\/uploads\\\/GripFactory_6000002_Antislip-Tegelspray_500ml.jpg\",\"width\":1000,\"height\":1000},{\"@type\":\"BreadcrumbList\",\"@id\":\"https:\\\/\\\/www.gripfactoryantislip.com\\\/de\\\/produkt\\\/gripfactory-anti-rutsch-fliesenspray-500-ml\\\/#breadcrumb\",\"itemListElement\":[{\"@type\":\"ListItem\",\"position\":1,\"name\":\"Home\",\"item\":\"https:\\\/\\\/www.gripfactoryantislip.com\\\/de\\\/\"},{\"@type\":\"ListItem\",\"position\":2,\"name\":\"Webshop\",\"item\":\"https:\\\/\\\/www.gripfactoryantislip.com\\\/de\\\/shop\\\/\"},{\"@type\":\"ListItem\",\"position\":3,\"name\":\"GripFactory Anti-Rutsch Fliesenspray 500 ml\"}]},{\"@type\":\"WebSite\",\"@id\":\"https:\\\/\\\/www.gripfactoryantislip.com\\\/de\\\/#website\",\"url\":\"https:\\\/\\\/www.gripfactoryantislip.com\\\/de\\\/\",\"name\":\"GripFactory\",\"description\":\"Innovative Anti-Rutsch-L\u00f6sungen f\u00fcr jede Oberfl\u00e4che\",\"publisher\":{\"@id\":\"https:\\\/\\\/www.gripfactoryantislip.com\\\/de\\\/#organization\"},\"alternateName\":\"Floor Safety Solutions at GripFactory Anti-Slip\",\"potentialAction\":[{\"@type\":\"SearchAction\",\"target\":{\"@type\":\"EntryPoint\",\"urlTemplate\":\"https:\\\/\\\/www.gripfactoryantislip.com\\\/de\\\/?s={search_term_string}\"},\"query-input\":{\"@type\":\"PropertyValueSpecification\",\"valueRequired\":true,\"valueName\":\"search_term_string\"}}],\"inLanguage\":\"de\"},{\"@type\":\"Organization\",\"@id\":\"https:\\\/\\\/www.gripfactoryantislip.com\\\/de\\\/#organization\",\"name\":\"GripFactory B.V.\",\"url\":\"https:\\\/\\\/www.gripfactoryantislip.com\\\/de\\\/\",\"logo\":{\"@type\":\"ImageObject\",\"inLanguage\":\"de\",\"@id\":\"https:\\\/\\\/www.gripfactoryantislip.com\\\/de\\\/#\\\/schema\\\/logo\\\/image\\\/\",\"url\":\"https:\\\/\\\/www.gripfactoryantislip.com\\\/wp-content\\\/uploads\\\/logo_gripfactory.jpg\",\"contentUrl\":\"https:\\\/\\\/www.gripfactoryantislip.com\\\/wp-content\\\/uploads\\\/logo_gripfactory.jpg\",\"width\":269,\"height\":60,\"caption\":\"GripFactory B.V.\"},\"image\":{\"@id\":\"https:\\\/\\\/www.gripfactoryantislip.com\\\/de\\\/#\\\/schema\\\/logo\\\/image\\\/\"},\"sameAs\":[\"https:\\\/\\\/www.facebook.com\\\/GripFactoryAntislip\",\"https:\\\/\\\/www.instagram.com\\\/gripfactoryantislip\\\/\",\"https:\\\/\\\/www.linkedin.com\\\/company\\\/gripfactoryantislip\\\/about\\\/\"],\"email\":\"info@gripfactory.nl\",\"telephone\":\"+31348203000\",\"legalName\":\"GripFactor B.V.\",\"foundingDate\":\"2018-11-01\",\"vatID\":\"NL859320856B01\",\"taxID\":\"NL859320856B01\",\"numberOfEmployees\":{\"@type\":\"QuantitativeValue\",\"minValue\":\"1\",\"maxValue\":\"10\"}}]}<\/script>\n<!-- \/ Yoast SEO Premium plugin. -->","yoast_head_json":{"title":"GripFactory Anti-Rutsch Fliesenspray 500 ml &#060; GripFactory","robots":{"index":"index","follow":"follow","max-snippet":"max-snippet:-1","max-image-preview":"max-image-preview:large","max-video-preview":"max-video-preview:-1"},"canonical":"https:\/\/www.gripfactoryantislip.com\/de\/produkt\/gripfactory-anti-rutsch-fliesenspray-500-ml\/","og_locale":"de_DE","og_type":"article","og_title":"GripFactory Anti-Rutsch Fliesenspray 500 ml","og_url":"https:\/\/www.gripfactoryantislip.com\/de\/produkt\/gripfactory-anti-rutsch-fliesenspray-500-ml\/","og_site_name":"GripFactory","article_publisher":"https:\/\/www.facebook.com\/GripFactoryAntislip","article_modified_time":"2024-05-10T01:34:45+00:00","og_image":[{"width":1000,"height":1000,"url":"https:\/\/www.gripfactoryantislip.com\/wp-content\/uploads\/GripFactory_6000002_Antislip-Tegelspray_500ml.jpg","type":"image\/jpeg"}],"twitter_misc":{"Gesch\u00e4tzte Lesezeit":"3\u00a0Minuten"},"schema":{"@context":"https:\/\/schema.org","@graph":[{"@type":"WebPage","@id":"https:\/\/www.gripfactoryantislip.com\/de\/produkt\/gripfactory-anti-rutsch-fliesenspray-500-ml\/","url":"https:\/\/www.gripfactoryantislip.com\/de\/produkt\/gripfactory-anti-rutsch-fliesenspray-500-ml\/","name":"GripFactory Anti-Rutsch Fliesenspray 500 ml &#060; GripFactory","isPartOf":{"@id":"https:\/\/www.gripfactoryantislip.com\/de\/#website"},"primaryImageOfPage":{"@id":"https:\/\/www.gripfactoryantislip.com\/de\/produkt\/gripfactory-anti-rutsch-fliesenspray-500-ml\/#primaryimage"},"image":{"@id":"https:\/\/www.gripfactoryantislip.com\/de\/produkt\/gripfactory-anti-rutsch-fliesenspray-500-ml\/#primaryimage"},"thumbnailUrl":"https:\/\/www.gripfactoryantislip.com\/wp-content\/uploads\/GripFactory_6000002_Antislip-Tegelspray_500ml.jpg","datePublished":"2022-01-08T09:58:14+00:00","dateModified":"2024-05-10T01:34:45+00:00","breadcrumb":{"@id":"https:\/\/www.gripfactoryantislip.com\/de\/produkt\/gripfactory-anti-rutsch-fliesenspray-500-ml\/#breadcrumb"},"inLanguage":"de","potentialAction":[{"@type":"ReadAction","target":["https:\/\/www.gripfactoryantislip.com\/de\/produkt\/gripfactory-anti-rutsch-fliesenspray-500-ml\/"]}]},{"@type":"ImageObject","inLanguage":"de","@id":"https:\/\/www.gripfactoryantislip.com\/de\/produkt\/gripfactory-anti-rutsch-fliesenspray-500-ml\/#primaryimage","url":"https:\/\/www.gripfactoryantislip.com\/wp-content\/uploads\/GripFactory_6000002_Antislip-Tegelspray_500ml.jpg","contentUrl":"https:\/\/www.gripfactoryantislip.com\/wp-content\/uploads\/GripFactory_6000002_Antislip-Tegelspray_500ml.jpg","width":1000,"height":1000},{"@type":"BreadcrumbList","@id":"https:\/\/www.gripfactoryantislip.com\/de\/produkt\/gripfactory-anti-rutsch-fliesenspray-500-ml\/#breadcrumb","itemListElement":[{"@type":"ListItem","position":1,"name":"Home","item":"https:\/\/www.gripfactoryantislip.com\/de\/"},{"@type":"ListItem","position":2,"name":"Webshop","item":"https:\/\/www.gripfactoryantislip.com\/de\/shop\/"},{"@type":"ListItem","position":3,"name":"GripFactory Anti-Rutsch Fliesenspray 500 ml"}]},{"@type":"WebSite","@id":"https:\/\/www.gripfactoryantislip.com\/de\/#website","url":"https:\/\/www.gripfactoryantislip.com\/de\/","name":"GripFactory","description":"Innovative Anti-Rutsch-L\u00f6sungen f\u00fcr jede Oberfl\u00e4che","publisher":{"@id":"https:\/\/www.gripfactoryantislip.com\/de\/#organization"},"alternateName":"Floor Safety Solutions at GripFactory Anti-Slip","potentialAction":[{"@type":"SearchAction","target":{"@type":"EntryPoint","urlTemplate":"https:\/\/www.gripfactoryantislip.com\/de\/?s={search_term_string}"},"query-input":{"@type":"PropertyValueSpecification","valueRequired":true,"valueName":"search_term_string"}}],"inLanguage":"de"},{"@type":"Organization","@id":"https:\/\/www.gripfactoryantislip.com\/de\/#organization","name":"GripFactory B.V.","url":"https:\/\/www.gripfactoryantislip.com\/de\/","logo":{"@type":"ImageObject","inLanguage":"de","@id":"https:\/\/www.gripfactoryantislip.com\/de\/#\/schema\/logo\/image\/","url":"https:\/\/www.gripfactoryantislip.com\/wp-content\/uploads\/logo_gripfactory.jpg","contentUrl":"https:\/\/www.gripfactoryantislip.com\/wp-content\/uploads\/logo_gripfactory.jpg","width":269,"height":60,"caption":"GripFactory B.V."},"image":{"@id":"https:\/\/www.gripfactoryantislip.com\/de\/#\/schema\/logo\/image\/"},"sameAs":["https:\/\/www.facebook.com\/GripFactoryAntislip","https:\/\/www.instagram.com\/gripfactoryantislip\/","https:\/\/www.linkedin.com\/company\/gripfactoryantislip\/about\/"],"email":"info@gripfactory.nl","telephone":"+31348203000","legalName":"GripFactor B.V.","foundingDate":"2018-11-01","vatID":"NL859320856B01","taxID":"NL859320856B01","numberOfEmployees":{"@type":"QuantitativeValue","minValue":"1","maxValue":"10"}}]}},"_links":{"self":[{"href":"https:\/\/www.gripfactoryantislip.com\/de\/wp-json\/wp\/v2\/product\/24072","targetHints":{"allow":["GET"]}}],"collection":[{"href":"https:\/\/www.gripfactoryantislip.com\/de\/wp-json\/wp\/v2\/product"}],"about":[{"href":"https:\/\/www.gripfactoryantislip.com\/de\/wp-json\/wp\/v2\/types\/product"}],"replies":[{"embeddable":true,"href":"https:\/\/www.gripfactoryantislip.com\/de\/wp-json\/wp\/v2\/comments?post=24072"}],"wp:featuredmedia":[{"embeddable":true,"href":"https:\/\/www.gripfactoryantislip.com\/de\/wp-json\/wp\/v2\/media\/33247"}],"wp:attachment":[{"href":"https:\/\/www.gripfactoryantislip.com\/de\/wp-json\/wp\/v2\/media?parent=24072"}],"wp:term":[{"taxonomy":"product_brand","embeddable":true,"href":"https:\/\/www.gripfactoryantislip.com\/de\/wp-json\/wp\/v2\/product_brand?post=24072"},{"taxonomy":"product_cat","embeddable":true,"href":"https:\/\/www.gripfactoryantislip.com\/de\/wp-json\/wp\/v2\/product_cat?post=24072"},{"taxonomy":"product_tag","embeddable":true,"href":"https:\/\/www.gripfactoryantislip.com\/de\/wp-json\/wp\/v2\/product_tag?post=24072"}],"curies":[{"name":"wp","href":"https:\/\/api.w.org\/{rel}","templated":true}]}}