{"id":24810,"date":"2022-01-11T15:36:18","date_gmt":"2022-01-12T10:22:04","guid":{"rendered":"https:\/\/www.gripfactoryantislip.com\/product\/gripfactory-anti-rutsch-klebeband-aqua-schwarz-quadratisch\/"},"modified":"2024-05-10T00:13:55","modified_gmt":"2024-05-09T22:13:55","slug":"gripfactory-anti-rutsch-klebeband-aqua-140-x-140-mm-schwarz","status":"publish","type":"product","link":"https:\/\/www.gripfactoryantislip.com\/de\/produkt\/gripfactory-anti-rutsch-klebeband-aqua-140-x-140-mm-schwarz\/","title":{"rendered":"GripFactory Anti-Rutsch-Klebeband Aqua 140 x 140 mm Schwarz"},"content":{"rendered":"<p><div class=\"fusion-fullwidth fullwidth-box fusion-builder-row-1 nonhundred-percent-fullwidth non-hundred-percent-height-scrolling\" style=\"--awb-border-radius-top-left:0px;--awb-border-radius-top-right:0px;--awb-border-radius-bottom-right:0px;--awb-border-radius-bottom-left:0px;--awb-flex-wrap:wrap;\" ><div class=\"fusion-builder-row fusion-row\"><div class=\"fusion-layout-column fusion_builder_column fusion-builder-column-0 fusion_builder_column_1_1 1_1 fusion-one-full fusion-column-first fusion-column-last\" style=\"--awb-bg-size:cover;--awb-margin-bottom:0px;\"><div class=\"fusion-column-wrapper fusion-column-has-shadow fusion-flex-column-wrapper-legacy\"><div class=\"fusion-text fusion-text-1\" style=\"--awb-text-transform:none;\"><p>GripFactory Anti-Rutsch-Klebeband Aqua Schwarz (140 x 140 mm) ist eine ideale L\u00f6sung, um das Badezimmer, die Dusche, den Pool oder das Boot mit einem Anti-Rutsch-Streifen auszustatten und eignet sich sehr gut zum Barfu\u00dflaufen. GripFactory Anti-Rutsch-Klebeband Aqua Schwarz ist ab Lager lieferbar.<\/p>\n<\/div><div class=\"fusion-clearfix\"><\/div><\/div><\/div><\/div><\/div><div class=\"fusion-fullwidth fullwidth-box fusion-builder-row-2 nonhundred-percent-fullwidth non-hundred-percent-height-scrolling\" style=\"--awb-border-radius-top-left:0px;--awb-border-radius-top-right:0px;--awb-border-radius-bottom-right:0px;--awb-border-radius-bottom-left:0px;--awb-flex-wrap:wrap;\" ><div class=\"fusion-builder-row fusion-row\"><div class=\"fusion-layout-column fusion_builder_column fusion-builder-column-1 fusion_builder_column_1_1 1_1 fusion-one-full fusion-column-first fusion-column-last\" style=\"--awb-bg-size:cover;--awb-margin-bottom:0px;\"><div class=\"fusion-column-wrapper fusion-column-has-shadow fusion-flex-column-wrapper-legacy\"><div class=\"fusion-sep-clear\"><\/div><div class=\"fusion-separator fusion-full-width-sep\" style=\"margin-left: auto;margin-right: auto;margin-top:20px;margin-bottom:20px;width:100%;\"><\/div><div class=\"fusion-sep-clear\"><\/div><div class=\"fusion-title title fusion-title-1 fusion-sep-none fusion-title-text fusion-title-size-two\" style=\"--awb-margin-top-small:0px;--awb-margin-right-small:0px;--awb-margin-bottom-small:20px;--awb-margin-left-small:0px;\"><h2 class=\"fusion-title-heading title-heading-left fusion-responsive-typography-calculated\" style=\"margin:0;--fontSize:30;--minFontSize:30;line-height:1.5;\">Wie funktioniert es?<\/h2><\/div><div class=\"fusion-text fusion-text-2\" style=\"--awb-text-transform:none;\"><p>GripFactory Anti-Rutsch-Klebeband Aqua l\u00e4sst sich sehr einfach selbst auftragen. Aufgrund der speziellen Oberfl\u00e4chenstruktur hat dieses Anti-Rutsch-Klebeband einen extrem hohen Anti-Rutsch-Wert, ist aber dennoch sehr leicht sauber zu halten, es bleiben keine Flusen von Mopp oder Reinigungstuch auf dem Material zur\u00fcck.<\/p>\n<\/div><div class=\"fusion-sep-clear\"><\/div><div class=\"fusion-separator fusion-full-width-sep\" style=\"margin-left: auto;margin-right: auto;margin-top:20px;margin-bottom:20px;width:100%;\"><\/div><div class=\"fusion-sep-clear\"><\/div><div class=\"fusion-title title fusion-title-2 fusion-sep-none fusion-title-text fusion-title-size-two\" style=\"--awb-margin-top-small:0px;--awb-margin-right-small:0px;--awb-margin-bottom-small:20px;--awb-margin-left-small:0px;\"><h2 class=\"fusion-title-heading title-heading-left fusion-responsive-typography-calculated\" style=\"margin:0;--fontSize:30;--minFontSize:30;line-height:1.5;\">Vorteile<\/h2><\/div><div class=\"fusion-text fusion-text-3\" style=\"--awb-text-transform:none;\"><p>Met GripFactory Antislip Tape Aqua bent u verzekerd van een langdurige oplossing tegen glijpartijen. Door de structuur heeft aquaplanning geen kans en voelt de ondergrond comfortabel genoeg om met blote voeten op te staan.<\/p>\n<ul>\n<li>Hygi\u00ebnisch<\/li>\n<li>Eenvoudig aan te brengen<\/li>\n<li>Verwijderbaar<\/li>\n<li>Duurzaam<\/li>\n<li>Zelf op maat te knippen<\/li>\n<li>Geen struikelgevaar<\/li>\n<\/ul>\n<\/div><div class=\"fusion-sep-clear\"><\/div><div class=\"fusion-separator fusion-full-width-sep\" style=\"margin-left: auto;margin-right: auto;margin-top:20px;margin-bottom:20px;width:100%;\"><\/div><div class=\"fusion-sep-clear\"><\/div><div class=\"fusion-title title fusion-title-3 fusion-sep-none fusion-title-text fusion-title-size-two\" style=\"--awb-margin-top-small:0px;--awb-margin-right-small:0px;--awb-margin-bottom-small:20px;--awb-margin-left-small:0px;\"><h2 class=\"fusion-title-heading title-heading-left fusion-responsive-typography-calculated\" style=\"margin:0;--fontSize:30;--minFontSize:30;line-height:1.5;\">Geeignet f\u00fcr<\/h2><\/div><div class=\"fusion-text fusion-text-4\" style=\"--awb-text-transform:none;\"><ul>\n<li>Marmervloeren<\/li>\n<li>Houten vloeren<\/li>\n<li>Zwembaden<\/li>\n<li>Douches<\/li>\n<li>Badkamers<\/li>\n<li>Badkuipen<\/li>\n<li>Toiletten<\/li>\n<li>Saunas<\/li>\n<li>Boten en watersportvoorzieningen<\/li>\n<li>Surfplanken<\/li>\n<\/ul>\n<\/div><div class=\"fusion-sep-clear\"><\/div><div class=\"fusion-separator fusion-full-width-sep\" style=\"margin-left: auto;margin-right: auto;margin-top:20px;margin-bottom:20px;width:100%;\"><\/div><div class=\"fusion-sep-clear\"><\/div><div class=\"fusion-title title fusion-title-4 fusion-sep-none fusion-title-text fusion-title-size-two\" style=\"--awb-margin-top-small:0px;--awb-margin-right-small:0px;--awb-margin-bottom-small:20px;--awb-margin-left-small:0px;\"><h2 class=\"fusion-title-heading title-heading-left fusion-responsive-typography-calculated\" style=\"margin:0;--fontSize:30;--minFontSize:30;line-height:1.5;\">Technische Daten<\/h2><\/div><div class=\"fusion-text fusion-text-5\" style=\"--awb-text-transform:none;\"><ul>\n<li><strong>Duurzaamheid:<\/strong> GripFactory Antislip Aqua Tape is ge\u00efmpregneerd met een harde \u2018diamondaluminium oxide\u2019, waardoor een zeer sterke tape met een lange levensduur ontstaat.<\/li>\n<li><strong>Hechting:<\/strong> GripFactory Antislip Aqua Tape is behandeld met een speciale (zware) coating, die de permanente drukgevoeligheid van de plakrand goed houdt. Door deze unieke behandeling van de plakrand, is de tape uitstekend geschikt om ook onder water te gebruiken.<\/li>\n<li><strong>Bestendigheid:<\/strong> GripFactory Antislip Aqua Tape is bestand tegen oplosmiddelen en andere agressieve producten.<\/li>\n<li><strong>Temperatuur:<\/strong> GripFactory Antislip Aqua Tape is zo gemaakt dat het bestand is tegen extreme temperaturen (getest tot -30\u00b0C en + 80\u00b0C).<\/li>\n<\/ul>\n<\/div><div class=\"fusion-sep-clear\"><\/div><div class=\"fusion-separator fusion-full-width-sep\" style=\"margin-left: auto;margin-right: auto;margin-top:20px;margin-bottom:20px;width:100%;\"><\/div><div class=\"fusion-sep-clear\"><\/div><div class=\"fusion-title title fusion-title-5 fusion-sep-none fusion-title-text fusion-title-size-two\" style=\"--awb-margin-top-small:0px;--awb-margin-right-small:0px;--awb-margin-bottom-small:20px;--awb-margin-left-small:0px;\"><h2 class=\"fusion-title-heading title-heading-left fusion-responsive-typography-calculated\" style=\"margin:0;--fontSize:30;--minFontSize:30;line-height:1.5;\">Technische Daten<\/h2><\/div>\n<table border=\"1\" width=\"100%\">\n<thead>\n<tr>\n<th align=\"left\">Onderwerp<\/th>\n<th align=\"left\">Resultaat<\/th>\n<th align=\"left\">Testmethode<\/th>\n<\/tr>\n<\/thead>\n<tbody>\n<tr>\n<td>Materiaal<\/td>\n<td>0,65 mm PVC<\/td>\n<td>Remklauw methode<\/td>\n<\/tr>\n<tr>\n<td>Lijmsoort<\/td>\n<td>Gemodificeerd oplosmiddel acryl<\/td>\n<td>n.v.t.<\/td>\n<\/tr>\n<tr>\n<td>Lijmdikte<\/td>\n<td>0,06 mm<\/td>\n<td>n.v.t.<\/td>\n<\/tr>\n<tr>\n<td>Totale dikte<\/td>\n<td>0,71 mm<\/td>\n<td>n.v.t.<\/td>\n<\/tr>\n<tr>\n<td>Aanvangshechting (kg \/ 25,4 mm)<\/td>\n<td>3,2<\/td>\n<td>PSTC-16<\/td>\n<\/tr>\n<tr>\n<td>Houdkracht<\/td>\n<td>&gt; 24 uur<\/td>\n<td>PSTC-7<\/td>\n<\/tr>\n<tr>\n<td>Afpelhechting (N \/ 20 mm)<\/td>\n<td>18,8<\/td>\n<td>180\u00ba FINAT FTM1<\/td>\n<\/tr>\n<tr>\n<td>Treksterkte (N \/ 20 mm)<\/td>\n<td>&lt; 200<\/td>\n<td>Lloyd, 500 N laadcel<\/td>\n<\/tr>\n<tr>\n<td>Afpelhechting (kg \/ 25,4 mm)<\/td>\n<td>1,4<\/td>\n<td>PSTC-1<\/td>\n<\/tr>\n<tr>\n<td>Treksterkte MD (kgf \/ cm2)<\/td>\n<td>120,4<\/td>\n<td>ASTM D882A:1997<\/td>\n<\/tr>\n<tr>\n<td>Rek bij breuk<\/td>\n<td>199%<\/td>\n<td>ASTM D882A:1997<\/td>\n<\/tr>\n<tr>\n<td>Scheurweerstand MD (kgf \/ cm2)<\/td>\n<td>5,36<\/td>\n<td>ASTM D1004:1994-DIE C<\/td>\n<\/tr>\n<tr>\n<td>Dimensionale stabiliteit<\/td>\n<td>0%<\/td>\n<td>ASTM D1593:1944<\/td>\n<\/tr>\n<tr>\n<td>Temperatuurbereik<\/td>\n<td>-30\u00baC tot +70\u00baC<\/td>\n<td>n.v.t.<\/td>\n<\/tr>\n<\/tbody>\n<\/table>\n<div class=\"fusion-sep-clear\"><\/div><div class=\"fusion-separator fusion-full-width-sep\" style=\"margin-left: auto;margin-right: auto;margin-top:20px;margin-bottom:20px;width:100%;\"><\/div><div class=\"fusion-sep-clear\"><\/div><div class=\"fusion-title title fusion-title-6 fusion-sep-none fusion-title-text fusion-title-size-two\" style=\"--awb-margin-top-small:0px;--awb-margin-right-small:0px;--awb-margin-bottom-small:20px;--awb-margin-left-small:0px;\"><h2 class=\"fusion-title-heading title-heading-left fusion-responsive-typography-calculated\" style=\"margin:0;--fontSize:30;--minFontSize:30;line-height:1.5;\">Farben und Lichtreflexionswerte (LRW)<\/h2><\/div>\n<table border=\"1\" width=\"100%\">\n<thead>\n<tr>\n<th align=\"left\">Kleur<\/th>\n<th align=\"left\">PMS \/ RAL<\/th>\n<th align=\"left\">LRW (gemid.)<\/th>\n<th align=\"left\">LRW (bereik)<\/th>\n<\/tr>\n<\/thead>\n<tbody>\n<tr>\n<td>Beige<\/td>\n<td>452C\/1035<\/td>\n<td>37,5<\/td>\n<td>1<\/td>\n<\/tr>\n<tr>\n<td>Zwart<\/td>\n<td>\u2013<\/td>\n<td>4<\/td>\n<td>4<\/td>\n<\/tr>\n<tr>\n<td>Transparant<\/td>\n<td>\u2013<\/td>\n<td>56<\/td>\n<td>2<\/td>\n<\/tr>\n<tr>\n<td>Grijs<\/td>\n<td>Cool grey 10\/7037<\/td>\n<td>10<\/td>\n<td>2<\/td>\n<\/tr>\n<tr>\n<td>Wit<\/td>\n<td>\u2013<\/td>\n<td>82<\/td>\n<td>2<\/td>\n<\/tr>\n<\/tbody>\n<\/table>\n<div class=\"fusion-sep-clear\"><\/div><div class=\"fusion-separator fusion-full-width-sep\" style=\"margin-left: auto;margin-right: auto;margin-top:20px;margin-bottom:20px;width:100%;\"><\/div><div class=\"fusion-sep-clear\"><\/div><div class=\"fusion-title title fusion-title-7 fusion-sep-none fusion-title-text fusion-title-size-two\" style=\"--awb-margin-top-small:0px;--awb-margin-right-small:0px;--awb-margin-bottom-small:20px;--awb-margin-left-small:0px;\"><h2 class=\"fusion-title-heading title-heading-left fusion-responsive-typography-calculated\" style=\"margin:0;--fontSize:30;--minFontSize:30;line-height:1.5;\">Reibungskoeffizient<\/h2><\/div>\n<table border=\"1\" width=\"100%\">\n<thead>\n<tr>\n<th align=\"left\">Testnorm<\/th>\n<th align=\"left\">Droog<\/th>\n<th align=\"left\">Nat<\/th>\n<\/tr>\n<\/thead>\n<tbody>\n<tr>\n<td>Pendulum<\/td>\n<td>106 4S<\/td>\n<td>31 4S<\/td>\n<\/tr>\n<tr>\n<td>DIN 51097<\/td>\n<td colspan=\"2\">Categorie B<\/td>\n<\/tr>\n<\/tbody>\n<\/table>\n<div class=\"fusion-sep-clear\"><\/div><div class=\"fusion-separator fusion-full-width-sep\" style=\"margin-left: auto;margin-right: auto;margin-top:20px;margin-bottom:20px;width:100%;\"><\/div><div class=\"fusion-sep-clear\"><\/div><div class=\"fusion-title title fusion-title-8 fusion-sep-none fusion-title-text fusion-title-size-two\" style=\"--awb-margin-top-small:0px;--awb-margin-right-small:0px;--awb-margin-bottom-small:20px;--awb-margin-left-small:0px;\"><h2 class=\"fusion-title-heading title-heading-left fusion-responsive-typography-calculated\" style=\"margin:0;--fontSize:30;--minFontSize:30;line-height:1.5;\">Wichtige Dokumente<\/h2><\/div><div class=\"fusion-text fusion-text-6\" style=\"--awb-text-transform:none;\"><p>Datasheet GripFactory Antislip Aqua Tape (<a href=\"https:\/\/www.gripfactoryantislip.com\/wp-content\/uploads\/gripfactory_datasheet_antislip-aqua-tape_NL.pdf\">NL<\/a> | <a href=\"https:\/\/www.gripfactoryantislip.com\/wp-content\/uploads\/gripfactory_datasheet_antislip-aqua-tape_EN.pdf\">EN<\/a>)<br \/>\nVeiligheidsinformatieblad GripFactory Antislip Aqua Tape (<a href=\"https:\/\/www.gripfactoryantislip.com\/wp-content\/uploads\/gripfactory_veiligheidsinformatieblad_antislip-aqua-tape_NL.pdf\">NL<\/a> | <a href=\"https:\/\/www.gripfactoryantislip.com\/wp-content\/uploads\/gripfactory_veiligheidsinformatieblad_antislip-aqua-tape_EN.pdf\">EN<\/a>)<\/p>\n<\/div><div class=\"fusion-clearfix\"><\/div><\/div><\/div><\/div><\/div>\n<\/p>\n","protected":false},"excerpt":{"rendered":"","protected":false},"featured_media":24184,"comment_status":"open","ping_status":"closed","template":"","meta":[],"product_brand":[],"product_cat":[3357,2461],"product_tag":[],"class_list":{"0":"post-24810","1":"product","2":"type-product","3":"status-publish","4":"has-post-thumbnail","6":"product_cat-aqua-klebeband","7":"product_cat-griptapes","8":"product_shipping_class-postfachpaket","10":"first","11":"instock","12":"taxable","13":"shipping-taxable","14":"purchasable","15":"product-type-simple"},"yoast_head":"<!-- This site is optimized with the Yoast SEO Premium plugin v27.3 (Yoast SEO v27.4) - https:\/\/yoast.com\/product\/yoast-seo-premium-wordpress\/ -->\n<title>GripFactory Anti-Rutsch-Klebeband Aqua 140 x 140 mm Schwarz &#060; GripFactory<\/title>\n<meta name=\"robots\" content=\"index, follow, max-snippet:-1, max-image-preview:large, max-video-preview:-1\" \/>\n<link rel=\"canonical\" href=\"https:\/\/www.gripfactoryantislip.com\/de\/produkt\/gripfactory-anti-rutsch-klebeband-aqua-140-x-140-mm-schwarz\/\" \/>\n<meta property=\"og:locale\" content=\"de_DE\" \/>\n<meta property=\"og:type\" content=\"article\" \/>\n<meta property=\"og:title\" content=\"GripFactory Anti-Rutsch-Klebeband Aqua 140 x 140 mm Schwarz\" \/>\n<meta property=\"og:url\" content=\"https:\/\/www.gripfactoryantislip.com\/de\/produkt\/gripfactory-anti-rutsch-klebeband-aqua-140-x-140-mm-schwarz\/\" \/>\n<meta property=\"og:site_name\" content=\"GripFactory\" \/>\n<meta property=\"article:publisher\" content=\"https:\/\/www.facebook.com\/GripFactoryAntislip\" \/>\n<meta property=\"article:modified_time\" content=\"2024-05-09T22:13:55+00:00\" \/>\n<meta property=\"og:image\" content=\"https:\/\/www.gripfactoryantislip.com\/wp-content\/uploads\/woocommerce-placeholder.png\" \/>\n\t<meta property=\"og:image:width\" content=\"1200\" \/>\n\t<meta property=\"og:image:height\" content=\"1200\" \/>\n\t<meta property=\"og:image:type\" content=\"image\/png\" \/>\n<meta name=\"twitter:label1\" content=\"Gesch\u00e4tzte Lesezeit\" \/>\n\t<meta name=\"twitter:data1\" content=\"7\u00a0Minuten\" \/>\n<script type=\"application\/ld+json\" class=\"yoast-schema-graph\">{\"@context\":\"https:\\\/\\\/schema.org\",\"@graph\":[{\"@type\":\"WebPage\",\"@id\":\"https:\\\/\\\/www.gripfactoryantislip.com\\\/de\\\/produkt\\\/gripfactory-anti-rutsch-klebeband-aqua-140-x-140-mm-schwarz\\\/\",\"url\":\"https:\\\/\\\/www.gripfactoryantislip.com\\\/de\\\/produkt\\\/gripfactory-anti-rutsch-klebeband-aqua-140-x-140-mm-schwarz\\\/\",\"name\":\"GripFactory Anti-Rutsch-Klebeband Aqua 140 x 140 mm Schwarz &#060; GripFactory\",\"isPartOf\":{\"@id\":\"https:\\\/\\\/www.gripfactoryantislip.com\\\/de\\\/#website\"},\"primaryImageOfPage\":{\"@id\":\"https:\\\/\\\/www.gripfactoryantislip.com\\\/de\\\/produkt\\\/gripfactory-anti-rutsch-klebeband-aqua-140-x-140-mm-schwarz\\\/#primaryimage\"},\"image\":{\"@id\":\"https:\\\/\\\/www.gripfactoryantislip.com\\\/de\\\/produkt\\\/gripfactory-anti-rutsch-klebeband-aqua-140-x-140-mm-schwarz\\\/#primaryimage\"},\"thumbnailUrl\":\"https:\\\/\\\/www.gripfactoryantislip.com\\\/wp-content\\\/uploads\\\/woocommerce-placeholder.png\",\"datePublished\":\"2022-01-12T10:22:04+00:00\",\"dateModified\":\"2024-05-09T22:13:55+00:00\",\"breadcrumb\":{\"@id\":\"https:\\\/\\\/www.gripfactoryantislip.com\\\/de\\\/produkt\\\/gripfactory-anti-rutsch-klebeband-aqua-140-x-140-mm-schwarz\\\/#breadcrumb\"},\"inLanguage\":\"de\",\"potentialAction\":[{\"@type\":\"ReadAction\",\"target\":[\"https:\\\/\\\/www.gripfactoryantislip.com\\\/de\\\/produkt\\\/gripfactory-anti-rutsch-klebeband-aqua-140-x-140-mm-schwarz\\\/\"]}]},{\"@type\":\"ImageObject\",\"inLanguage\":\"de\",\"@id\":\"https:\\\/\\\/www.gripfactoryantislip.com\\\/de\\\/produkt\\\/gripfactory-anti-rutsch-klebeband-aqua-140-x-140-mm-schwarz\\\/#primaryimage\",\"url\":\"https:\\\/\\\/www.gripfactoryantislip.com\\\/wp-content\\\/uploads\\\/woocommerce-placeholder.png\",\"contentUrl\":\"https:\\\/\\\/www.gripfactoryantislip.com\\\/wp-content\\\/uploads\\\/woocommerce-placeholder.png\",\"width\":1200,\"height\":1200,\"caption\":\"Placeholder\"},{\"@type\":\"BreadcrumbList\",\"@id\":\"https:\\\/\\\/www.gripfactoryantislip.com\\\/de\\\/produkt\\\/gripfactory-anti-rutsch-klebeband-aqua-140-x-140-mm-schwarz\\\/#breadcrumb\",\"itemListElement\":[{\"@type\":\"ListItem\",\"position\":1,\"name\":\"Home\",\"item\":\"https:\\\/\\\/www.gripfactoryantislip.com\\\/de\\\/\"},{\"@type\":\"ListItem\",\"position\":2,\"name\":\"Webshop\",\"item\":\"https:\\\/\\\/www.gripfactoryantislip.com\\\/de\\\/shop\\\/\"},{\"@type\":\"ListItem\",\"position\":3,\"name\":\"GripFactory Anti-Rutsch-Klebeband Aqua 140 x 140 mm Schwarz\"}]},{\"@type\":\"WebSite\",\"@id\":\"https:\\\/\\\/www.gripfactoryantislip.com\\\/de\\\/#website\",\"url\":\"https:\\\/\\\/www.gripfactoryantislip.com\\\/de\\\/\",\"name\":\"GripFactory\",\"description\":\"Innovative Anti-Rutsch-L\u00f6sungen f\u00fcr jede Oberfl\u00e4che\",\"publisher\":{\"@id\":\"https:\\\/\\\/www.gripfactoryantislip.com\\\/de\\\/#organization\"},\"alternateName\":\"Floor Safety Solutions at GripFactory Anti-Slip\",\"potentialAction\":[{\"@type\":\"SearchAction\",\"target\":{\"@type\":\"EntryPoint\",\"urlTemplate\":\"https:\\\/\\\/www.gripfactoryantislip.com\\\/de\\\/?s={search_term_string}\"},\"query-input\":{\"@type\":\"PropertyValueSpecification\",\"valueRequired\":true,\"valueName\":\"search_term_string\"}}],\"inLanguage\":\"de\"},{\"@type\":\"Organization\",\"@id\":\"https:\\\/\\\/www.gripfactoryantislip.com\\\/de\\\/#organization\",\"name\":\"GripFactory B.V.\",\"url\":\"https:\\\/\\\/www.gripfactoryantislip.com\\\/de\\\/\",\"logo\":{\"@type\":\"ImageObject\",\"inLanguage\":\"de\",\"@id\":\"https:\\\/\\\/www.gripfactoryantislip.com\\\/de\\\/#\\\/schema\\\/logo\\\/image\\\/\",\"url\":\"https:\\\/\\\/www.gripfactoryantislip.com\\\/wp-content\\\/uploads\\\/logo_gripfactory.jpg\",\"contentUrl\":\"https:\\\/\\\/www.gripfactoryantislip.com\\\/wp-content\\\/uploads\\\/logo_gripfactory.jpg\",\"width\":269,\"height\":60,\"caption\":\"GripFactory B.V.\"},\"image\":{\"@id\":\"https:\\\/\\\/www.gripfactoryantislip.com\\\/de\\\/#\\\/schema\\\/logo\\\/image\\\/\"},\"sameAs\":[\"https:\\\/\\\/www.facebook.com\\\/GripFactoryAntislip\",\"https:\\\/\\\/www.instagram.com\\\/gripfactoryantislip\\\/\",\"https:\\\/\\\/www.linkedin.com\\\/company\\\/gripfactoryantislip\\\/about\\\/\"],\"email\":\"info@gripfactory.nl\",\"telephone\":\"+31348203000\",\"legalName\":\"GripFactor B.V.\",\"foundingDate\":\"2018-11-01\",\"vatID\":\"NL859320856B01\",\"taxID\":\"NL859320856B01\",\"numberOfEmployees\":{\"@type\":\"QuantitativeValue\",\"minValue\":\"1\",\"maxValue\":\"10\"}}]}<\/script>\n<!-- \/ Yoast SEO Premium plugin. -->","yoast_head_json":{"title":"GripFactory Anti-Rutsch-Klebeband Aqua 140 x 140 mm Schwarz &#060; GripFactory","robots":{"index":"index","follow":"follow","max-snippet":"max-snippet:-1","max-image-preview":"max-image-preview:large","max-video-preview":"max-video-preview:-1"},"canonical":"https:\/\/www.gripfactoryantislip.com\/de\/produkt\/gripfactory-anti-rutsch-klebeband-aqua-140-x-140-mm-schwarz\/","og_locale":"de_DE","og_type":"article","og_title":"GripFactory Anti-Rutsch-Klebeband Aqua 140 x 140 mm Schwarz","og_url":"https:\/\/www.gripfactoryantislip.com\/de\/produkt\/gripfactory-anti-rutsch-klebeband-aqua-140-x-140-mm-schwarz\/","og_site_name":"GripFactory","article_publisher":"https:\/\/www.facebook.com\/GripFactoryAntislip","article_modified_time":"2024-05-09T22:13:55+00:00","og_image":[{"width":1200,"height":1200,"url":"https:\/\/www.gripfactoryantislip.com\/wp-content\/uploads\/woocommerce-placeholder.png","type":"image\/png"}],"twitter_misc":{"Gesch\u00e4tzte Lesezeit":"7\u00a0Minuten"},"schema":{"@context":"https:\/\/schema.org","@graph":[{"@type":"WebPage","@id":"https:\/\/www.gripfactoryantislip.com\/de\/produkt\/gripfactory-anti-rutsch-klebeband-aqua-140-x-140-mm-schwarz\/","url":"https:\/\/www.gripfactoryantislip.com\/de\/produkt\/gripfactory-anti-rutsch-klebeband-aqua-140-x-140-mm-schwarz\/","name":"GripFactory Anti-Rutsch-Klebeband Aqua 140 x 140 mm Schwarz &#060; GripFactory","isPartOf":{"@id":"https:\/\/www.gripfactoryantislip.com\/de\/#website"},"primaryImageOfPage":{"@id":"https:\/\/www.gripfactoryantislip.com\/de\/produkt\/gripfactory-anti-rutsch-klebeband-aqua-140-x-140-mm-schwarz\/#primaryimage"},"image":{"@id":"https:\/\/www.gripfactoryantislip.com\/de\/produkt\/gripfactory-anti-rutsch-klebeband-aqua-140-x-140-mm-schwarz\/#primaryimage"},"thumbnailUrl":"https:\/\/www.gripfactoryantislip.com\/wp-content\/uploads\/woocommerce-placeholder.png","datePublished":"2022-01-12T10:22:04+00:00","dateModified":"2024-05-09T22:13:55+00:00","breadcrumb":{"@id":"https:\/\/www.gripfactoryantislip.com\/de\/produkt\/gripfactory-anti-rutsch-klebeband-aqua-140-x-140-mm-schwarz\/#breadcrumb"},"inLanguage":"de","potentialAction":[{"@type":"ReadAction","target":["https:\/\/www.gripfactoryantislip.com\/de\/produkt\/gripfactory-anti-rutsch-klebeband-aqua-140-x-140-mm-schwarz\/"]}]},{"@type":"ImageObject","inLanguage":"de","@id":"https:\/\/www.gripfactoryantislip.com\/de\/produkt\/gripfactory-anti-rutsch-klebeband-aqua-140-x-140-mm-schwarz\/#primaryimage","url":"https:\/\/www.gripfactoryantislip.com\/wp-content\/uploads\/woocommerce-placeholder.png","contentUrl":"https:\/\/www.gripfactoryantislip.com\/wp-content\/uploads\/woocommerce-placeholder.png","width":1200,"height":1200,"caption":"Placeholder"},{"@type":"BreadcrumbList","@id":"https:\/\/www.gripfactoryantislip.com\/de\/produkt\/gripfactory-anti-rutsch-klebeband-aqua-140-x-140-mm-schwarz\/#breadcrumb","itemListElement":[{"@type":"ListItem","position":1,"name":"Home","item":"https:\/\/www.gripfactoryantislip.com\/de\/"},{"@type":"ListItem","position":2,"name":"Webshop","item":"https:\/\/www.gripfactoryantislip.com\/de\/shop\/"},{"@type":"ListItem","position":3,"name":"GripFactory Anti-Rutsch-Klebeband Aqua 140 x 140 mm Schwarz"}]},{"@type":"WebSite","@id":"https:\/\/www.gripfactoryantislip.com\/de\/#website","url":"https:\/\/www.gripfactoryantislip.com\/de\/","name":"GripFactory","description":"Innovative Anti-Rutsch-L\u00f6sungen f\u00fcr jede Oberfl\u00e4che","publisher":{"@id":"https:\/\/www.gripfactoryantislip.com\/de\/#organization"},"alternateName":"Floor Safety Solutions at GripFactory Anti-Slip","potentialAction":[{"@type":"SearchAction","target":{"@type":"EntryPoint","urlTemplate":"https:\/\/www.gripfactoryantislip.com\/de\/?s={search_term_string}"},"query-input":{"@type":"PropertyValueSpecification","valueRequired":true,"valueName":"search_term_string"}}],"inLanguage":"de"},{"@type":"Organization","@id":"https:\/\/www.gripfactoryantislip.com\/de\/#organization","name":"GripFactory B.V.","url":"https:\/\/www.gripfactoryantislip.com\/de\/","logo":{"@type":"ImageObject","inLanguage":"de","@id":"https:\/\/www.gripfactoryantislip.com\/de\/#\/schema\/logo\/image\/","url":"https:\/\/www.gripfactoryantislip.com\/wp-content\/uploads\/logo_gripfactory.jpg","contentUrl":"https:\/\/www.gripfactoryantislip.com\/wp-content\/uploads\/logo_gripfactory.jpg","width":269,"height":60,"caption":"GripFactory B.V."},"image":{"@id":"https:\/\/www.gripfactoryantislip.com\/de\/#\/schema\/logo\/image\/"},"sameAs":["https:\/\/www.facebook.com\/GripFactoryAntislip","https:\/\/www.instagram.com\/gripfactoryantislip\/","https:\/\/www.linkedin.com\/company\/gripfactoryantislip\/about\/"],"email":"info@gripfactory.nl","telephone":"+31348203000","legalName":"GripFactor B.V.","foundingDate":"2018-11-01","vatID":"NL859320856B01","taxID":"NL859320856B01","numberOfEmployees":{"@type":"QuantitativeValue","minValue":"1","maxValue":"10"}}]}},"_links":{"self":[{"href":"https:\/\/www.gripfactoryantislip.com\/de\/wp-json\/wp\/v2\/product\/24810","targetHints":{"allow":["GET"]}}],"collection":[{"href":"https:\/\/www.gripfactoryantislip.com\/de\/wp-json\/wp\/v2\/product"}],"about":[{"href":"https:\/\/www.gripfactoryantislip.com\/de\/wp-json\/wp\/v2\/types\/product"}],"replies":[{"embeddable":true,"href":"https:\/\/www.gripfactoryantislip.com\/de\/wp-json\/wp\/v2\/comments?post=24810"}],"wp:featuredmedia":[{"embeddable":true,"href":"https:\/\/www.gripfactoryantislip.com\/de\/wp-json\/wp\/v2\/media\/24184"}],"wp:attachment":[{"href":"https:\/\/www.gripfactoryantislip.com\/de\/wp-json\/wp\/v2\/media?parent=24810"}],"wp:term":[{"taxonomy":"product_brand","embeddable":true,"href":"https:\/\/www.gripfactoryantislip.com\/de\/wp-json\/wp\/v2\/product_brand?post=24810"},{"taxonomy":"product_cat","embeddable":true,"href":"https:\/\/www.gripfactoryantislip.com\/de\/wp-json\/wp\/v2\/product_cat?post=24810"},{"taxonomy":"product_tag","embeddable":true,"href":"https:\/\/www.gripfactoryantislip.com\/de\/wp-json\/wp\/v2\/product_tag?post=24810"}],"curies":[{"name":"wp","href":"https:\/\/api.w.org\/{rel}","templated":true}]}}