{"id":24819,"date":"2022-01-09T16:17:13","date_gmt":"2022-01-12T10:39:12","guid":{"rendered":"https:\/\/www.gripfactoryantislip.com\/product\/gripfactory-anti-rutsch-klebeband-glow-in-the-dark-schwarz-weiss-25-mm-rolle\/"},"modified":"2024-05-09T19:08:18","modified_gmt":"2024-05-09T17:08:18","slug":"gripfactory-anti-rutsch-klebeband-glow-in-the-dark-schwarz-weiss-25-mm-rolle","status":"publish","type":"product","link":"https:\/\/www.gripfactoryantislip.com\/de\/produkt\/gripfactory-anti-rutsch-klebeband-glow-in-the-dark-schwarz-weiss-25-mm-rolle\/","title":{"rendered":"GripFactory Anti-Rutsch-Klebeband Glow in the Dark Schwarz\/Wei\u00df 25 mm (Rolle)"},"content":{"rendered":"<p><div class=\"fusion-fullwidth fullwidth-box fusion-builder-row-1 nonhundred-percent-fullwidth non-hundred-percent-height-scrolling\" style=\"--awb-border-radius-top-left:0px;--awb-border-radius-top-right:0px;--awb-border-radius-bottom-right:0px;--awb-border-radius-bottom-left:0px;--awb-flex-wrap:wrap;\" ><div class=\"fusion-builder-row fusion-row\"><div class=\"fusion-layout-column fusion_builder_column fusion-builder-column-0 fusion_builder_column_1_1 1_1 fusion-one-full fusion-column-first fusion-column-last\" style=\"--awb-bg-size:cover;--awb-margin-bottom:0px;\"><div class=\"fusion-column-wrapper fusion-column-has-shadow fusion-flex-column-wrapper-legacy\"><div class=\"fusion-text fusion-text-1\" style=\"--awb-text-transform:none;\"><p>GripFactory Anti-Rutsch-Klebeband Glow in the Dark Schwarz\/Wei\u00df (25 mm x 18,3 m) ist eine ideale L\u00f6sung, um Treppenstufen, Zwischenb\u00fchnen oder andere Stufen mit einer Anti-Rutsch-Schicht auszustatten. GripFactory Anti-Rutsch-Klebeband Glow in the Dark Schwarz\/Wei\u00df kann auch als Signalisierung verwendet werden. GripFactory Anti-Rutsch-Klebeband Glow in the Dark Schwarz\/Wei\u00df ist ab Lager lieferbar.<\/p>\n<\/div><div class=\"fusion-clearfix\"><\/div><\/div><\/div><\/div><\/div><div class=\"fusion-fullwidth fullwidth-box fusion-builder-row-2 nonhundred-percent-fullwidth non-hundred-percent-height-scrolling\" style=\"--awb-border-radius-top-left:0px;--awb-border-radius-top-right:0px;--awb-border-radius-bottom-right:0px;--awb-border-radius-bottom-left:0px;--awb-flex-wrap:wrap;\" ><div class=\"fusion-builder-row fusion-row\"><div class=\"fusion-layout-column fusion_builder_column fusion-builder-column-1 fusion_builder_column_1_1 1_1 fusion-one-full fusion-column-first fusion-column-last\" style=\"--awb-bg-size:cover;--awb-margin-bottom:0px;\"><div class=\"fusion-column-wrapper fusion-column-has-shadow fusion-flex-column-wrapper-legacy\"><div class=\"fusion-sep-clear\"><\/div><div class=\"fusion-separator fusion-full-width-sep\" style=\"margin-left: auto;margin-right: auto;margin-top:20px;margin-bottom:20px;width:100%;\"><\/div><div class=\"fusion-sep-clear\"><\/div><div class=\"fusion-title title fusion-title-1 fusion-sep-none fusion-title-text fusion-title-size-two\" style=\"--awb-margin-top-small:0px;--awb-margin-right-small:0px;--awb-margin-bottom-small:20px;--awb-margin-left-small:0px;\"><h2 class=\"fusion-title-heading title-heading-left fusion-responsive-typography-calculated\" style=\"margin:0;--fontSize:30;--minFontSize:30;line-height:1.5;\">Wie funktioniert es?<\/h2><\/div><div class=\"fusion-text fusion-text-2\" style=\"--awb-text-transform:none;\"><p>GripFactory Anti-Rutsch-Klebeband Glow in the Dark l\u00e4sst sich sehr einfach selbst auftragen. Aufgrund der speziellen Oberfl\u00e4chenstruktur hat dieses Anti-Rutsch-Klebeband einen extrem hohen Anti-Rutsch-Wert, ist aber dennoch sehr leicht sauber zu halten. W\u00e4hrend des Tages hat GripFactory Anti-Rutsch-Klebeband Glow in the Dark eine milde Gr\u00fcnt\u00f6nung, im Dunkeln strahlt es ein helles wei\u00dfes Licht aus. GripFactory Anti-Rutsch-Klebeband Glow in the Dark kann durch nat\u00fcrliche oder k\u00fcnstliche Lichtquellen aufgeladen werden. Die Dauer der Lichtemission h\u00e4ngt von der empfangenen Lichtmenge ab.<\/p>\n<\/div><div class=\"fusion-sep-clear\"><\/div><div class=\"fusion-separator fusion-full-width-sep\" style=\"margin-left: auto;margin-right: auto;margin-top:20px;margin-bottom:20px;width:100%;\"><\/div><div class=\"fusion-sep-clear\"><\/div><div class=\"fusion-title title fusion-title-2 fusion-sep-none fusion-title-text fusion-title-size-two\" style=\"--awb-margin-top-small:0px;--awb-margin-right-small:0px;--awb-margin-bottom-small:20px;--awb-margin-left-small:0px;\"><h2 class=\"fusion-title-heading title-heading-left fusion-responsive-typography-calculated\" style=\"margin:0;--fontSize:30;--minFontSize:30;line-height:1.5;\">Vorteile<\/h2><\/div><div class=\"fusion-text fusion-text-3\" style=\"--awb-text-transform:none;\"><p>Mit GripFactory Anti-Rutsch-Klebeband Glow in the Dark k\u00f6nnen Sie sicher sein, dass Sie eine dauerhafte L\u00f6sung gegen Verrutschen finden.<\/p>\n<ul>\n<li>Hygienisch<\/li>\n<li>Einfach anzuwenden<\/li>\n<li>Abnehmbar<\/li>\n<li>Nachhaltig<\/li>\n<li>Kann selbst zugeschnitten werden<\/li>\n<li>Keine Stolpergefahr<\/li>\n<\/ul>\n<\/div><div class=\"fusion-sep-clear\"><\/div><div class=\"fusion-separator fusion-full-width-sep\" style=\"margin-left: auto;margin-right: auto;margin-top:20px;margin-bottom:20px;width:100%;\"><\/div><div class=\"fusion-sep-clear\"><\/div><div class=\"fusion-title title fusion-title-3 fusion-sep-none fusion-title-text fusion-title-size-two\" style=\"--awb-margin-top-small:0px;--awb-margin-right-small:0px;--awb-margin-bottom-small:20px;--awb-margin-left-small:0px;\"><h2 class=\"fusion-title-heading title-heading-left fusion-responsive-typography-calculated\" style=\"margin:0;--fontSize:30;--minFontSize:30;line-height:1.5;\">Geeignet f\u00fcr<\/h2><\/div><div class=\"fusion-text fusion-text-4\" style=\"--awb-text-transform:none;\"><ul>\n<li>Treppen<\/li>\n<li>Zwischenplattformen<\/li>\n<\/ul>\n<\/div><div class=\"fusion-sep-clear\"><\/div><div class=\"fusion-separator fusion-full-width-sep\" style=\"margin-left: auto;margin-right: auto;margin-top:20px;margin-bottom:20px;width:100%;\"><\/div><div class=\"fusion-sep-clear\"><\/div><div class=\"fusion-title title fusion-title-4 fusion-sep-none fusion-title-text fusion-title-size-two\" style=\"--awb-margin-top-small:0px;--awb-margin-right-small:0px;--awb-margin-bottom-small:20px;--awb-margin-left-small:0px;\"><h2 class=\"fusion-title-heading title-heading-left fusion-responsive-typography-calculated\" style=\"margin:0;--fontSize:30;--minFontSize:30;line-height:1.5;\">Technische Daten<\/h2><\/div>\n<table border=\"1\" width=\"100%\">\n<thead>\n<tr>\n<th align=\"left\"><strong>Thema<\/strong><\/th>\n<th align=\"left\"><strong>Ergebnis<\/strong><\/th>\n<th align=\"left\"><strong>Testmethode<\/strong><\/th>\n<\/tr>\n<\/thead>\n<tbody>\n<tr>\n<td>Material<\/td>\n<td>0,1 mm PVC<\/td>\n<td>Bremssattelmethode<\/td>\n<\/tr>\n<tr>\n<td>Leimart<\/td>\n<td>L\u00f6sungsmittel Acryl<\/td>\n<td>n \/ A<\/td>\n<\/tr>\n<tr>\n<td>Mineraltyp<\/td>\n<td>Aluminiumoxid<\/td>\n<td>n \/ A<\/td>\n<\/tr>\n<tr>\n<td>Haftung auf Stahl (g \/ 25,4 mm2)<\/td>\n<td>1500<\/td>\n<td>PSTC-4<\/td>\n<\/tr>\n<tr>\n<td>Zugfestigkeit (kg \/ 25,4 mm2)<\/td>\n<td>6,0<\/td>\n<td>PSTC-31<\/td>\n<\/tr>\n<tr>\n<td>Rei\u00dffestigkeit (g)<\/td>\n<td>5600 +\/- 200<\/td>\n<td>PSTC-39<\/td>\n<\/tr>\n<tr>\n<td>Sch\u00e4lhaftung (N \/ 25 mm)<\/td>\n<td>21,1<\/td>\n<td>180\u00ba FINAT FTM I<\/td>\n<\/tr>\n<tr>\n<td>Zugfestigkeit (N \/ 25 mm)<\/td>\n<td>95,7<\/td>\n<td>Lloyd, 500 N W\u00e4gezelle<\/td>\n<\/tr>\n<tr>\n<td>Bruchdehnung<\/td>\n<td>25%<\/td>\n<td>PSTC-31<\/td>\n<\/tr>\n<tr>\n<td>Temperaturbereich<\/td>\n<td>-30 bis +70\u00baC<\/td>\n<td>n \/ A<\/td>\n<\/tr>\n<tr>\n<td>Wasserbest\u00e4ndigkeit (Monate)<\/td>\n<td>10<\/td>\n<td>PSTC-35<\/td>\n<\/tr>\n<tr>\n<td>Best\u00e4ndigkeit gegen Chemikalien (Monate)<\/td>\n<td>8<\/td>\n<td>PSTC-35<\/td>\n<\/tr>\n<tr>\n<td>Widerstand gegen Motor\u00f6l<\/td>\n<td>Ausgezeichnet<\/td>\n<td>PSTC-35<\/td>\n<\/tr>\n<tr>\n<td>Lebensdauer (Monate)<\/td>\n<td>12 bis 24<\/td>\n<td>PSTC-9<\/td>\n<\/tr>\n<\/tbody>\n<\/table>\n<div class=\"fusion-sep-clear\"><\/div><div class=\"fusion-separator fusion-full-width-sep\" style=\"margin-left: auto;margin-right: auto;margin-top:20px;margin-bottom:20px;width:100%;\"><\/div><div class=\"fusion-sep-clear\"><\/div><div class=\"fusion-title title fusion-title-5 fusion-sep-none fusion-title-text fusion-title-size-two\" style=\"--awb-margin-top-small:0px;--awb-margin-right-small:0px;--awb-margin-bottom-small:20px;--awb-margin-left-small:0px;\"><h2 class=\"fusion-title-heading title-heading-left fusion-responsive-typography-calculated\" style=\"margin:0;--fontSize:30;--minFontSize:30;line-height:1.5;\">Photolumineszenz (mcd \/ m2)<\/h2><\/div>\n<table border=\"1\" width=\"100%\">\n<thead>\n<tr>\n<th align=\"left\">Zeit (Minuten)<\/th>\n<th align=\"left\">Glow in the Dark<\/th>\n<th align=\"left\">Glow in the Dark Gefahr<\/th>\n<th align=\"left\">Glow in the Dark Streifen<\/th>\n<\/tr>\n<\/thead>\n<tbody>\n<tr>\n<td>2<\/td>\n<td>30<\/td>\n<td>30<\/td>\n<td>\u2013<\/td>\n<\/tr>\n<tr>\n<td>5<\/td>\n<td>\u2013<\/td>\n<td>\u2013<\/td>\n<td>11,8<\/td>\n<\/tr>\n<tr>\n<td>10<\/td>\n<td>5<\/td>\n<td>5<\/td>\n<td>4,6<\/td>\n<\/tr>\n<tr>\n<td>20<\/td>\n<td>\u2013<\/td>\n<td>\u2013<\/td>\n<td>1,6<\/td>\n<\/tr>\n<\/tbody>\n<\/table>\n<div class=\"fusion-sep-clear\"><\/div><div class=\"fusion-separator fusion-full-width-sep\" style=\"margin-left: auto;margin-right: auto;margin-top:20px;margin-bottom:20px;width:100%;\"><\/div><div class=\"fusion-sep-clear\"><\/div><div class=\"fusion-title title fusion-title-6 fusion-sep-none fusion-title-text fusion-title-size-two\" style=\"--awb-margin-top-small:0px;--awb-margin-right-small:0px;--awb-margin-bottom-small:20px;--awb-margin-left-small:0px;\"><h2 class=\"fusion-title-heading title-heading-left fusion-responsive-typography-calculated\" style=\"margin:0;--fontSize:30;--minFontSize:30;line-height:1.5;\">Farben und Lichtreflexionswerte (LRW)<\/h2><\/div>\n<table border=\"1\" width=\"100%\">\n<thead>\n<tr>\n<th align=\"left\">Farbe<\/th>\n<th align=\"left\">PMS \/ RAL<\/th>\n<th align=\"left\">LRW (Mittelwert)<\/th>\n<th align=\"left\">LRW (Reichweite)<\/th>\n<\/tr>\n<\/thead>\n<tbody>\n<tr>\n<td>Glow in the Dark (Gefahr)<\/td>\n<td>\u2013<\/td>\n<td>68<\/td>\n<td>3<\/td>\n<\/tr>\n<\/tbody>\n<\/table>\n<div class=\"fusion-sep-clear\"><\/div><div class=\"fusion-separator fusion-full-width-sep\" style=\"margin-left: auto;margin-right: auto;margin-top:20px;margin-bottom:20px;width:100%;\"><\/div><div class=\"fusion-sep-clear\"><\/div><div class=\"fusion-title title fusion-title-7 fusion-sep-none fusion-title-text fusion-title-size-two\" style=\"--awb-margin-top-small:0px;--awb-margin-right-small:0px;--awb-margin-bottom-small:20px;--awb-margin-left-small:0px;\"><h2 class=\"fusion-title-heading title-heading-left fusion-responsive-typography-calculated\" style=\"margin:0;--fontSize:30;--minFontSize:30;line-height:1.5;\">Reibungskoeffizient<\/h2><\/div>\n<table border=\"1\" width=\"100%\">\n<thead>\n<tr>\n<th align=\"left\">Teststandard<\/th>\n<th align=\"left\">Trocken<\/th>\n<th align=\"left\">Nass<\/th>\n<\/tr>\n<\/thead>\n<tbody>\n<tr>\n<td>Pendel<\/td>\n<td>102 TRL<\/td>\n<td>71 TRL<\/td>\n<\/tr>\n<\/tbody>\n<\/table>\n<div class=\"fusion-sep-clear\"><\/div><div class=\"fusion-separator fusion-full-width-sep\" style=\"margin-left: auto;margin-right: auto;margin-top:20px;margin-bottom:20px;width:100%;\"><\/div><div class=\"fusion-sep-clear\"><\/div><div class=\"fusion-title title fusion-title-8 fusion-sep-none fusion-title-text fusion-title-size-two\" style=\"--awb-margin-top-small:0px;--awb-margin-right-small:0px;--awb-margin-bottom-small:20px;--awb-margin-left-small:0px;\"><h2 class=\"fusion-title-heading title-heading-left fusion-responsive-typography-calculated\" style=\"margin:0;--fontSize:30;--minFontSize:30;line-height:1.5;\">Wichtige Dokumente<\/h2><\/div><div class=\"fusion-text fusion-text-5\" style=\"--awb-text-transform:none;\"><p>Datenblatt GripFactory Anti-Rutsch-Klebeband Glow in the Dark (<a href=\"https:\/\/www.gripfactoryantislip.com\/wp-content\/uploads\/gripfactory_datasheet_antislip-glow-in-the-dark-tape_NL.pdf\">NL<\/a> | <a href=\"https:\/\/www.gripfactoryantislip.com\/wp-content\/uploads\/gripfactory_datasheet_antislip-glow-in-the-dark-tape_EN.pdf\">EN<\/a>)<br \/>\nSicherheitsdatenblatt GripFactory Anti-Rutsch-Klebeband Glow in the Dark (<a href=\"https:\/\/www.gripfactoryantislip.com\/wp-content\/uploads\/gripfactory_veiligheidsinformatieblad_antislip-glow-in-the-dark-tape_NL.pdf\">NL<\/a> | <a href=\"https:\/\/www.gripfactoryantislip.com\/wp-content\/uploads\/gripfactory_veiligheidsinformatieblad_antislip-glow-in-the-dark-tape_EN.pdf\">EN<\/a>)<\/p>\n<\/div><div class=\"fusion-clearfix\"><\/div><\/div><\/div><\/div><\/div>\n<\/p>\n","protected":false},"excerpt":{"rendered":"","protected":false},"featured_media":19206,"comment_status":"open","ping_status":"closed","template":"","meta":[],"product_brand":[],"product_cat":[3359,2461],"product_tag":[],"class_list":{"0":"post-24819","1":"product","2":"type-product","3":"status-publish","4":"has-post-thumbnail","6":"product_cat-glow-in-the-dark-klebeband","7":"product_cat-griptapes","8":"product_shipping_class-paket","10":"first","11":"instock","12":"taxable","13":"shipping-taxable","14":"purchasable","15":"product-type-simple"},"yoast_head":"<!-- This site is optimized with the Yoast SEO Premium plugin v27.3 (Yoast SEO v27.4) - https:\/\/yoast.com\/product\/yoast-seo-premium-wordpress\/ -->\n<title>GripFactory Anti-Rutsch-Klebeband Glow in the Dark Schwarz\/Wei\u00df 25 mm (Rolle) &#060; GripFactory<\/title>\n<meta name=\"robots\" content=\"index, follow, max-snippet:-1, max-image-preview:large, max-video-preview:-1\" \/>\n<link rel=\"canonical\" href=\"https:\/\/www.gripfactoryantislip.com\/de\/produkt\/gripfactory-anti-rutsch-klebeband-glow-in-the-dark-schwarz-weiss-25-mm-rolle\/\" \/>\n<meta property=\"og:locale\" content=\"de_DE\" \/>\n<meta property=\"og:type\" content=\"article\" \/>\n<meta property=\"og:title\" content=\"GripFactory Anti-Rutsch-Klebeband Glow in the Dark Schwarz\/Wei\u00df 25 mm (Rolle)\" \/>\n<meta property=\"og:url\" content=\"https:\/\/www.gripfactoryantislip.com\/de\/produkt\/gripfactory-anti-rutsch-klebeband-glow-in-the-dark-schwarz-weiss-25-mm-rolle\/\" \/>\n<meta property=\"og:site_name\" content=\"GripFactory\" \/>\n<meta property=\"article:publisher\" content=\"https:\/\/www.facebook.com\/GripFactoryAntislip\" \/>\n<meta property=\"article:modified_time\" content=\"2024-05-09T17:08:18+00:00\" \/>\n<meta property=\"og:image\" content=\"https:\/\/www.gripfactoryantislip.com\/wp-content\/uploads\/GripFactory_Antislip-Glow-in-the-Dark-Tape_productfoto-rol-gevaar-25mm_02.jpg\" \/>\n\t<meta property=\"og:image:width\" content=\"1024\" \/>\n\t<meta property=\"og:image:height\" content=\"1024\" \/>\n\t<meta property=\"og:image:type\" content=\"image\/jpeg\" \/>\n<meta name=\"twitter:label1\" content=\"Gesch\u00e4tzte Lesezeit\" \/>\n\t<meta name=\"twitter:data1\" content=\"2\u00a0Minuten\" \/>\n<script type=\"application\/ld+json\" class=\"yoast-schema-graph\">{\"@context\":\"https:\\\/\\\/schema.org\",\"@graph\":[{\"@type\":\"WebPage\",\"@id\":\"https:\\\/\\\/www.gripfactoryantislip.com\\\/de\\\/produkt\\\/gripfactory-anti-rutsch-klebeband-glow-in-the-dark-schwarz-weiss-25-mm-rolle\\\/\",\"url\":\"https:\\\/\\\/www.gripfactoryantislip.com\\\/de\\\/produkt\\\/gripfactory-anti-rutsch-klebeband-glow-in-the-dark-schwarz-weiss-25-mm-rolle\\\/\",\"name\":\"GripFactory Anti-Rutsch-Klebeband Glow in the Dark Schwarz\\\/Wei\u00df 25 mm (Rolle) &#060; GripFactory\",\"isPartOf\":{\"@id\":\"https:\\\/\\\/www.gripfactoryantislip.com\\\/de\\\/#website\"},\"primaryImageOfPage\":{\"@id\":\"https:\\\/\\\/www.gripfactoryantislip.com\\\/de\\\/produkt\\\/gripfactory-anti-rutsch-klebeband-glow-in-the-dark-schwarz-weiss-25-mm-rolle\\\/#primaryimage\"},\"image\":{\"@id\":\"https:\\\/\\\/www.gripfactoryantislip.com\\\/de\\\/produkt\\\/gripfactory-anti-rutsch-klebeband-glow-in-the-dark-schwarz-weiss-25-mm-rolle\\\/#primaryimage\"},\"thumbnailUrl\":\"https:\\\/\\\/www.gripfactoryantislip.com\\\/wp-content\\\/uploads\\\/GripFactory_Antislip-Glow-in-the-Dark-Tape_productfoto-rol-gevaar-25mm_02.jpg\",\"datePublished\":\"2022-01-12T10:39:12+00:00\",\"dateModified\":\"2024-05-09T17:08:18+00:00\",\"breadcrumb\":{\"@id\":\"https:\\\/\\\/www.gripfactoryantislip.com\\\/de\\\/produkt\\\/gripfactory-anti-rutsch-klebeband-glow-in-the-dark-schwarz-weiss-25-mm-rolle\\\/#breadcrumb\"},\"inLanguage\":\"de\",\"potentialAction\":[{\"@type\":\"ReadAction\",\"target\":[\"https:\\\/\\\/www.gripfactoryantislip.com\\\/de\\\/produkt\\\/gripfactory-anti-rutsch-klebeband-glow-in-the-dark-schwarz-weiss-25-mm-rolle\\\/\"]}]},{\"@type\":\"ImageObject\",\"inLanguage\":\"de\",\"@id\":\"https:\\\/\\\/www.gripfactoryantislip.com\\\/de\\\/produkt\\\/gripfactory-anti-rutsch-klebeband-glow-in-the-dark-schwarz-weiss-25-mm-rolle\\\/#primaryimage\",\"url\":\"https:\\\/\\\/www.gripfactoryantislip.com\\\/wp-content\\\/uploads\\\/GripFactory_Antislip-Glow-in-the-Dark-Tape_productfoto-rol-gevaar-25mm_02.jpg\",\"contentUrl\":\"https:\\\/\\\/www.gripfactoryantislip.com\\\/wp-content\\\/uploads\\\/GripFactory_Antislip-Glow-in-the-Dark-Tape_productfoto-rol-gevaar-25mm_02.jpg\",\"width\":1024,\"height\":1024,\"caption\":\"GripFactory Anti-Rutsch-Klebeband Glow in the Dark - Rolle Gefahr 25 mm\"},{\"@type\":\"BreadcrumbList\",\"@id\":\"https:\\\/\\\/www.gripfactoryantislip.com\\\/de\\\/produkt\\\/gripfactory-anti-rutsch-klebeband-glow-in-the-dark-schwarz-weiss-25-mm-rolle\\\/#breadcrumb\",\"itemListElement\":[{\"@type\":\"ListItem\",\"position\":1,\"name\":\"Home\",\"item\":\"https:\\\/\\\/www.gripfactoryantislip.com\\\/de\\\/\"},{\"@type\":\"ListItem\",\"position\":2,\"name\":\"Webshop\",\"item\":\"https:\\\/\\\/www.gripfactoryantislip.com\\\/de\\\/shop\\\/\"},{\"@type\":\"ListItem\",\"position\":3,\"name\":\"GripFactory Anti-Rutsch-Klebeband Glow in the Dark Schwarz\\\/Wei\u00df 25 mm (Rolle)\"}]},{\"@type\":\"WebSite\",\"@id\":\"https:\\\/\\\/www.gripfactoryantislip.com\\\/de\\\/#website\",\"url\":\"https:\\\/\\\/www.gripfactoryantislip.com\\\/de\\\/\",\"name\":\"GripFactory\",\"description\":\"Innovative Anti-Rutsch-L\u00f6sungen f\u00fcr jede Oberfl\u00e4che\",\"publisher\":{\"@id\":\"https:\\\/\\\/www.gripfactoryantislip.com\\\/de\\\/#organization\"},\"alternateName\":\"Floor Safety Solutions at GripFactory Anti-Slip\",\"potentialAction\":[{\"@type\":\"SearchAction\",\"target\":{\"@type\":\"EntryPoint\",\"urlTemplate\":\"https:\\\/\\\/www.gripfactoryantislip.com\\\/de\\\/?s={search_term_string}\"},\"query-input\":{\"@type\":\"PropertyValueSpecification\",\"valueRequired\":true,\"valueName\":\"search_term_string\"}}],\"inLanguage\":\"de\"},{\"@type\":\"Organization\",\"@id\":\"https:\\\/\\\/www.gripfactoryantislip.com\\\/de\\\/#organization\",\"name\":\"GripFactory B.V.\",\"url\":\"https:\\\/\\\/www.gripfactoryantislip.com\\\/de\\\/\",\"logo\":{\"@type\":\"ImageObject\",\"inLanguage\":\"de\",\"@id\":\"https:\\\/\\\/www.gripfactoryantislip.com\\\/de\\\/#\\\/schema\\\/logo\\\/image\\\/\",\"url\":\"https:\\\/\\\/www.gripfactoryantislip.com\\\/wp-content\\\/uploads\\\/logo_gripfactory.jpg\",\"contentUrl\":\"https:\\\/\\\/www.gripfactoryantislip.com\\\/wp-content\\\/uploads\\\/logo_gripfactory.jpg\",\"width\":269,\"height\":60,\"caption\":\"GripFactory B.V.\"},\"image\":{\"@id\":\"https:\\\/\\\/www.gripfactoryantislip.com\\\/de\\\/#\\\/schema\\\/logo\\\/image\\\/\"},\"sameAs\":[\"https:\\\/\\\/www.facebook.com\\\/GripFactoryAntislip\",\"https:\\\/\\\/www.instagram.com\\\/gripfactoryantislip\\\/\",\"https:\\\/\\\/www.linkedin.com\\\/company\\\/gripfactoryantislip\\\/about\\\/\"],\"email\":\"info@gripfactory.nl\",\"telephone\":\"+31348203000\",\"legalName\":\"GripFactor B.V.\",\"foundingDate\":\"2018-11-01\",\"vatID\":\"NL859320856B01\",\"taxID\":\"NL859320856B01\",\"numberOfEmployees\":{\"@type\":\"QuantitativeValue\",\"minValue\":\"1\",\"maxValue\":\"10\"}}]}<\/script>\n<!-- \/ Yoast SEO Premium plugin. -->","yoast_head_json":{"title":"GripFactory Anti-Rutsch-Klebeband Glow in the Dark Schwarz\/Wei\u00df 25 mm (Rolle) &#060; GripFactory","robots":{"index":"index","follow":"follow","max-snippet":"max-snippet:-1","max-image-preview":"max-image-preview:large","max-video-preview":"max-video-preview:-1"},"canonical":"https:\/\/www.gripfactoryantislip.com\/de\/produkt\/gripfactory-anti-rutsch-klebeband-glow-in-the-dark-schwarz-weiss-25-mm-rolle\/","og_locale":"de_DE","og_type":"article","og_title":"GripFactory Anti-Rutsch-Klebeband Glow in the Dark Schwarz\/Wei\u00df 25 mm (Rolle)","og_url":"https:\/\/www.gripfactoryantislip.com\/de\/produkt\/gripfactory-anti-rutsch-klebeband-glow-in-the-dark-schwarz-weiss-25-mm-rolle\/","og_site_name":"GripFactory","article_publisher":"https:\/\/www.facebook.com\/GripFactoryAntislip","article_modified_time":"2024-05-09T17:08:18+00:00","og_image":[{"width":1024,"height":1024,"url":"https:\/\/www.gripfactoryantislip.com\/wp-content\/uploads\/GripFactory_Antislip-Glow-in-the-Dark-Tape_productfoto-rol-gevaar-25mm_02.jpg","type":"image\/jpeg"}],"twitter_misc":{"Gesch\u00e4tzte Lesezeit":"2\u00a0Minuten"},"schema":{"@context":"https:\/\/schema.org","@graph":[{"@type":"WebPage","@id":"https:\/\/www.gripfactoryantislip.com\/de\/produkt\/gripfactory-anti-rutsch-klebeband-glow-in-the-dark-schwarz-weiss-25-mm-rolle\/","url":"https:\/\/www.gripfactoryantislip.com\/de\/produkt\/gripfactory-anti-rutsch-klebeband-glow-in-the-dark-schwarz-weiss-25-mm-rolle\/","name":"GripFactory Anti-Rutsch-Klebeband Glow in the Dark Schwarz\/Wei\u00df 25 mm (Rolle) &#060; GripFactory","isPartOf":{"@id":"https:\/\/www.gripfactoryantislip.com\/de\/#website"},"primaryImageOfPage":{"@id":"https:\/\/www.gripfactoryantislip.com\/de\/produkt\/gripfactory-anti-rutsch-klebeband-glow-in-the-dark-schwarz-weiss-25-mm-rolle\/#primaryimage"},"image":{"@id":"https:\/\/www.gripfactoryantislip.com\/de\/produkt\/gripfactory-anti-rutsch-klebeband-glow-in-the-dark-schwarz-weiss-25-mm-rolle\/#primaryimage"},"thumbnailUrl":"https:\/\/www.gripfactoryantislip.com\/wp-content\/uploads\/GripFactory_Antislip-Glow-in-the-Dark-Tape_productfoto-rol-gevaar-25mm_02.jpg","datePublished":"2022-01-12T10:39:12+00:00","dateModified":"2024-05-09T17:08:18+00:00","breadcrumb":{"@id":"https:\/\/www.gripfactoryantislip.com\/de\/produkt\/gripfactory-anti-rutsch-klebeband-glow-in-the-dark-schwarz-weiss-25-mm-rolle\/#breadcrumb"},"inLanguage":"de","potentialAction":[{"@type":"ReadAction","target":["https:\/\/www.gripfactoryantislip.com\/de\/produkt\/gripfactory-anti-rutsch-klebeband-glow-in-the-dark-schwarz-weiss-25-mm-rolle\/"]}]},{"@type":"ImageObject","inLanguage":"de","@id":"https:\/\/www.gripfactoryantislip.com\/de\/produkt\/gripfactory-anti-rutsch-klebeband-glow-in-the-dark-schwarz-weiss-25-mm-rolle\/#primaryimage","url":"https:\/\/www.gripfactoryantislip.com\/wp-content\/uploads\/GripFactory_Antislip-Glow-in-the-Dark-Tape_productfoto-rol-gevaar-25mm_02.jpg","contentUrl":"https:\/\/www.gripfactoryantislip.com\/wp-content\/uploads\/GripFactory_Antislip-Glow-in-the-Dark-Tape_productfoto-rol-gevaar-25mm_02.jpg","width":1024,"height":1024,"caption":"GripFactory Anti-Rutsch-Klebeband Glow in the Dark - Rolle Gefahr 25 mm"},{"@type":"BreadcrumbList","@id":"https:\/\/www.gripfactoryantislip.com\/de\/produkt\/gripfactory-anti-rutsch-klebeband-glow-in-the-dark-schwarz-weiss-25-mm-rolle\/#breadcrumb","itemListElement":[{"@type":"ListItem","position":1,"name":"Home","item":"https:\/\/www.gripfactoryantislip.com\/de\/"},{"@type":"ListItem","position":2,"name":"Webshop","item":"https:\/\/www.gripfactoryantislip.com\/de\/shop\/"},{"@type":"ListItem","position":3,"name":"GripFactory Anti-Rutsch-Klebeband Glow in the Dark Schwarz\/Wei\u00df 25 mm (Rolle)"}]},{"@type":"WebSite","@id":"https:\/\/www.gripfactoryantislip.com\/de\/#website","url":"https:\/\/www.gripfactoryantislip.com\/de\/","name":"GripFactory","description":"Innovative Anti-Rutsch-L\u00f6sungen f\u00fcr jede Oberfl\u00e4che","publisher":{"@id":"https:\/\/www.gripfactoryantislip.com\/de\/#organization"},"alternateName":"Floor Safety Solutions at GripFactory Anti-Slip","potentialAction":[{"@type":"SearchAction","target":{"@type":"EntryPoint","urlTemplate":"https:\/\/www.gripfactoryantislip.com\/de\/?s={search_term_string}"},"query-input":{"@type":"PropertyValueSpecification","valueRequired":true,"valueName":"search_term_string"}}],"inLanguage":"de"},{"@type":"Organization","@id":"https:\/\/www.gripfactoryantislip.com\/de\/#organization","name":"GripFactory B.V.","url":"https:\/\/www.gripfactoryantislip.com\/de\/","logo":{"@type":"ImageObject","inLanguage":"de","@id":"https:\/\/www.gripfactoryantislip.com\/de\/#\/schema\/logo\/image\/","url":"https:\/\/www.gripfactoryantislip.com\/wp-content\/uploads\/logo_gripfactory.jpg","contentUrl":"https:\/\/www.gripfactoryantislip.com\/wp-content\/uploads\/logo_gripfactory.jpg","width":269,"height":60,"caption":"GripFactory B.V."},"image":{"@id":"https:\/\/www.gripfactoryantislip.com\/de\/#\/schema\/logo\/image\/"},"sameAs":["https:\/\/www.facebook.com\/GripFactoryAntislip","https:\/\/www.instagram.com\/gripfactoryantislip\/","https:\/\/www.linkedin.com\/company\/gripfactoryantislip\/about\/"],"email":"info@gripfactory.nl","telephone":"+31348203000","legalName":"GripFactor B.V.","foundingDate":"2018-11-01","vatID":"NL859320856B01","taxID":"NL859320856B01","numberOfEmployees":{"@type":"QuantitativeValue","minValue":"1","maxValue":"10"}}]}},"_links":{"self":[{"href":"https:\/\/www.gripfactoryantislip.com\/de\/wp-json\/wp\/v2\/product\/24819","targetHints":{"allow":["GET"]}}],"collection":[{"href":"https:\/\/www.gripfactoryantislip.com\/de\/wp-json\/wp\/v2\/product"}],"about":[{"href":"https:\/\/www.gripfactoryantislip.com\/de\/wp-json\/wp\/v2\/types\/product"}],"replies":[{"embeddable":true,"href":"https:\/\/www.gripfactoryantislip.com\/de\/wp-json\/wp\/v2\/comments?post=24819"}],"wp:featuredmedia":[{"embeddable":true,"href":"https:\/\/www.gripfactoryantislip.com\/de\/wp-json\/wp\/v2\/media\/19206"}],"wp:attachment":[{"href":"https:\/\/www.gripfactoryantislip.com\/de\/wp-json\/wp\/v2\/media?parent=24819"}],"wp:term":[{"taxonomy":"product_brand","embeddable":true,"href":"https:\/\/www.gripfactoryantislip.com\/de\/wp-json\/wp\/v2\/product_brand?post=24819"},{"taxonomy":"product_cat","embeddable":true,"href":"https:\/\/www.gripfactoryantislip.com\/de\/wp-json\/wp\/v2\/product_cat?post=24819"},{"taxonomy":"product_tag","embeddable":true,"href":"https:\/\/www.gripfactoryantislip.com\/de\/wp-json\/wp\/v2\/product_tag?post=24819"}],"curies":[{"name":"wp","href":"https:\/\/api.w.org\/{rel}","templated":true}]}}