{"id":24823,"date":"2022-01-09T13:01:46","date_gmt":"2022-01-12T10:43:11","guid":{"rendered":"https:\/\/www.gripfactoryantislip.com\/product\/gripfactory-anti-rutsch-klebeband-treppengelaender-schwarz-50-mm-rolle\/"},"modified":"2024-05-10T00:13:54","modified_gmt":"2024-05-09T22:13:54","slug":"gripfactory-anti-rutsch-klebeband-treppengelaender-schwarz-50-mm-rolle","status":"publish","type":"product","link":"https:\/\/www.gripfactoryantislip.com\/de\/produkt\/gripfactory-anti-rutsch-klebeband-treppengelaender-schwarz-50-mm-rolle\/","title":{"rendered":"GripFactory Anti-Rutsch-Klebeband Treppengel\u00e4nder Schwarz 50 mm (Rolle)"},"content":{"rendered":"<p><div class=\"fusion-fullwidth fullwidth-box fusion-builder-row-1 nonhundred-percent-fullwidth non-hundred-percent-height-scrolling\" style=\"--awb-border-radius-top-left:0px;--awb-border-radius-top-right:0px;--awb-border-radius-bottom-right:0px;--awb-border-radius-bottom-left:0px;--awb-flex-wrap:wrap;\" ><div class=\"fusion-builder-row fusion-row\"><div class=\"fusion-layout-column fusion_builder_column fusion-builder-column-0 fusion_builder_column_1_1 1_1 fusion-one-full fusion-column-first fusion-column-last\" style=\"--awb-bg-size:cover;--awb-margin-bottom:0px;\"><div class=\"fusion-column-wrapper fusion-column-has-shadow fusion-flex-column-wrapper-legacy\"><div class=\"fusion-text fusion-text-1\" style=\"--awb-text-transform:none;\"><p>GripFactory Anti-Rutsch-Klebeband Treppengel\u00e4nder Schwarz (50 mm x 18,3 m) ist eine ideale L\u00f6sung, um Gel\u00e4nder und Balustraden mit einer rutschfesten L\u00f6sung zu versorgen.<\/p>\n<\/div><div class=\"fusion-clearfix\"><\/div><\/div><\/div><\/div><\/div><div class=\"fusion-fullwidth fullwidth-box fusion-builder-row-2 nonhundred-percent-fullwidth non-hundred-percent-height-scrolling\" style=\"--awb-border-radius-top-left:0px;--awb-border-radius-top-right:0px;--awb-border-radius-bottom-right:0px;--awb-border-radius-bottom-left:0px;--awb-flex-wrap:wrap;\" ><div class=\"fusion-builder-row fusion-row\"><div class=\"fusion-layout-column fusion_builder_column fusion-builder-column-1 fusion_builder_column_1_1 1_1 fusion-one-full fusion-column-first fusion-column-last\" style=\"--awb-bg-size:cover;--awb-margin-bottom:0px;\"><div class=\"fusion-column-wrapper fusion-column-has-shadow fusion-flex-column-wrapper-legacy\"><div class=\"fusion-sep-clear\"><\/div><div class=\"fusion-separator fusion-full-width-sep\" style=\"margin-left: auto;margin-right: auto;margin-top:20px;margin-bottom:20px;width:100%;\"><\/div><div class=\"fusion-sep-clear\"><\/div><div class=\"fusion-title title fusion-title-1 fusion-sep-none fusion-title-text fusion-title-size-two\" style=\"--awb-margin-top-small:0px;--awb-margin-right-small:0px;--awb-margin-bottom-small:20px;--awb-margin-left-small:0px;\"><h2 class=\"fusion-title-heading title-heading-left fusion-responsive-typography-calculated\" style=\"margin:0;--fontSize:30;--minFontSize:30;line-height:1.5;\">Wie funktioniert es?<\/h2><\/div><div class=\"fusion-text fusion-text-2\" style=\"--awb-text-transform:none;\"><p>GripFactory Anti-Rutsch-Klebeband Treppengel\u00e4nder l\u00e4sst sich sehr einfach selbst anbringen. Aufgrund der speziellen Oberfl\u00e4chenstruktur hat dieses Anti-Rutsch-Klebeband einen extrem hohen Anti-Rutsch-Wert, ist aber dennoch sehr leicht sauber zu halten.<\/p>\n<\/div><div class=\"fusion-sep-clear\"><\/div><div class=\"fusion-separator fusion-full-width-sep\" style=\"margin-left: auto;margin-right: auto;margin-top:20px;margin-bottom:20px;width:100%;\"><\/div><div class=\"fusion-sep-clear\"><\/div><div class=\"fusion-title title fusion-title-2 fusion-sep-none fusion-title-text fusion-title-size-two\" style=\"--awb-margin-top-small:0px;--awb-margin-right-small:0px;--awb-margin-bottom-small:20px;--awb-margin-left-small:0px;\"><h2 class=\"fusion-title-heading title-heading-left fusion-responsive-typography-calculated\" style=\"margin:0;--fontSize:30;--minFontSize:30;line-height:1.5;\">Optimaler Reibungskoeffizient<\/h2><\/div><div class=\"fusion-text fusion-text-3\" style=\"--awb-text-transform:none;\"><p>GripFactory Anti-Rutsch-Klebeband Treppengel\u00e4nder weist ein symmetrisches Muster auf, da es einerseits \u00e4sthetisch ansprechend ist und andererseits einen hohen Reibungskoeffizienten aufweist. Dadurch eignet sich unser Anti-Rutsch-Klebeband Treppengel\u00e4nder nicht nur f\u00fcr industrielle Anwendungen, bei denen die Gewissheit besteht, dass alle Sicherheitsanforderungen erf\u00fcllt sind, sondern auch in \u00f6ffentlichen Geb\u00e4uden schadet das Anti-Rutsch-Klebeband nicht der Umwelt.<\/p>\n<\/div><div class=\"fusion-sep-clear\"><\/div><div class=\"fusion-separator fusion-full-width-sep\" style=\"margin-left: auto;margin-right: auto;margin-top:20px;margin-bottom:20px;width:100%;\"><\/div><div class=\"fusion-sep-clear\"><\/div><div class=\"fusion-title title fusion-title-3 fusion-sep-none fusion-title-text fusion-title-size-two\" style=\"--awb-margin-top-small:0px;--awb-margin-right-small:0px;--awb-margin-bottom-small:20px;--awb-margin-left-small:0px;\"><h2 class=\"fusion-title-heading title-heading-left fusion-responsive-typography-calculated\" style=\"margin:0;--fontSize:30;--minFontSize:30;line-height:1.5;\">Einfach zu s\u00e4ubern<\/h2><\/div><div class=\"fusion-text fusion-text-4\" style=\"--awb-text-transform:none;\"><p>F\u00fcr eine optimale Isolierwirkung und damit sich das Anti-Rutsch-Handlaufband nicht \u201ekalt\u201c anf\u00fchlt, ist es mit einer Deckschicht aus Kunststofffolie versehen. Die Kunststofffolie wirkt als fantastischer Isolator, der verhindert, dass K\u00e4lte in die Hand des Benutzers gelangt. Ein zus\u00e4tzlicher Vorteil ist, dass das GripFactory Anti-Rutsch-Klebeband Treppengel\u00e4nder nicht abrasiv ist und mit allen verf\u00fcgbaren Reinigungsmethoden leicht gereinigt werden kann. GripFactory Anti-Rutsch-Klebeband Treppengel\u00e4nder f\u00fchlt sich wie ein Gummiprodukt an, hat jedoch die \u00fcberlegene Dimensionsstabilit\u00e4t von Kunststoff.<\/p>\n<\/div><div class=\"fusion-sep-clear\"><\/div><div class=\"fusion-separator fusion-full-width-sep\" style=\"margin-left: auto;margin-right: auto;margin-top:20px;margin-bottom:20px;width:100%;\"><\/div><div class=\"fusion-sep-clear\"><\/div><div class=\"fusion-title title fusion-title-4 fusion-sep-none fusion-title-text fusion-title-size-two\" style=\"--awb-margin-top-small:0px;--awb-margin-right-small:0px;--awb-margin-bottom-small:20px;--awb-margin-left-small:0px;\"><h2 class=\"fusion-title-heading title-heading-left fusion-responsive-typography-calculated\" style=\"margin:0;--fontSize:30;--minFontSize:30;line-height:1.5;\">Vorteile<\/h2><\/div><div class=\"fusion-text fusion-text-5\" style=\"--awb-text-transform:none;\"><p>Mit dem rutschfesten Treppengel\u00e4nderband von GripFactory k\u00f6nnen Sie sicher sein, dass Sie eine dauerhafte L\u00f6sung gegen Verrutschen finden.<\/p>\n<ul>\n<li>Hygienisch<\/li>\n<li>Einfach anzuwenden<\/li>\n<li>Abnehmbar<\/li>\n<li>Nachhaltig<\/li>\n<li>Kann selbst zugeschnitten werden<\/li>\n<\/ul>\n<\/div><div class=\"fusion-sep-clear\"><\/div><div class=\"fusion-separator fusion-full-width-sep\" style=\"margin-left: auto;margin-right: auto;margin-top:20px;margin-bottom:20px;width:100%;\"><\/div><div class=\"fusion-sep-clear\"><\/div><div class=\"fusion-title title fusion-title-5 fusion-sep-none fusion-title-text fusion-title-size-two\" style=\"--awb-margin-top-small:0px;--awb-margin-right-small:0px;--awb-margin-bottom-small:20px;--awb-margin-left-small:0px;\"><h2 class=\"fusion-title-heading title-heading-left fusion-responsive-typography-calculated\" style=\"margin:0;--fontSize:30;--minFontSize:30;line-height:1.5;\">Geeignet f\u00fcr<\/h2><\/div><div class=\"fusion-text fusion-text-6\" style=\"--awb-text-transform:none;\"><ul>\n<li>Treppen<\/li>\n<li>Zwischenplattformen<\/li>\n<\/ul>\n<\/div><div class=\"fusion-sep-clear\"><\/div><div class=\"fusion-separator fusion-full-width-sep\" style=\"margin-left: auto;margin-right: auto;margin-top:20px;margin-bottom:20px;width:100%;\"><\/div><div class=\"fusion-sep-clear\"><\/div><div class=\"fusion-title title fusion-title-6 fusion-sep-none fusion-title-text fusion-title-size-two\" style=\"--awb-margin-top-small:0px;--awb-margin-right-small:0px;--awb-margin-bottom-small:20px;--awb-margin-left-small:0px;\"><h2 class=\"fusion-title-heading title-heading-left fusion-responsive-typography-calculated\" style=\"margin:0;--fontSize:30;--minFontSize:30;line-height:1.5;\">Technische Daten<\/h2><\/div>\n<table border=\"1\" width=\"100%\">\n<thead>\n<tr>\n<th align=\"left\"><strong>Thema<\/strong><\/th>\n<th align=\"left\"><strong>Ergebnis<\/strong><\/th>\n<\/tr>\n<\/thead>\n<tbody>\n<tr>\n<td align=\"left\">Komposition<\/td>\n<td align=\"left\">PVC und PET<\/td>\n<\/tr>\n<tr>\n<td align=\"left\">Gesamtdicke<\/td>\n<td align=\"left\">1,11 mm<\/td>\n<\/tr>\n<tr>\n<td align=\"left\">Leimdicke<\/td>\n<td align=\"left\">0,1 mm<\/td>\n<\/tr>\n<tr>\n<td align=\"left\">Dicke des Materials<\/td>\n<td align=\"left\">0,8 mm<\/td>\n<\/tr>\n<tr>\n<td align=\"left\">Gesamtdicke<\/td>\n<td align=\"left\">0,9 mm<\/td>\n<\/tr>\n<tr>\n<td align=\"left\">Leimart<\/td>\n<td align=\"left\">L\u00f6sungsmittel Acryl<\/td>\n<\/tr>\n<tr>\n<td align=\"left\">Haftfestigkeit (kg \/ 25,4 mm)<\/td>\n<td align=\"left\">6,25<\/td>\n<\/tr>\n<tr>\n<td align=\"left\">Koh\u00e4sion (min \/ 25 \u00b0 C)<\/td>\n<td align=\"left\">2812<\/td>\n<\/tr>\n<tr>\n<td align=\"left\">Haftung auf Stahl (kg \/ 25,4 mm)<\/td>\n<td align=\"left\">5,716<\/td>\n<\/tr>\n<tr>\n<td align=\"left\">Maximale Gr\u00f6\u00dfe der Produktionsrolle<\/td>\n<td align=\"left\">1370 mm x 100 m<\/td>\n<\/tr>\n<tr>\n<td align=\"left\">Lebensdauer (Monate)<\/td>\n<td align=\"left\">24<\/td>\n<\/tr>\n<\/tbody>\n<\/table>\n<div class=\"fusion-sep-clear\"><\/div><div class=\"fusion-separator fusion-full-width-sep\" style=\"margin-left: auto;margin-right: auto;margin-top:20px;margin-bottom:20px;width:100%;\"><\/div><div class=\"fusion-sep-clear\"><\/div><div class=\"fusion-title title fusion-title-7 fusion-sep-none fusion-title-text fusion-title-size-two\" style=\"--awb-margin-top-small:0px;--awb-margin-right-small:0px;--awb-margin-bottom-small:20px;--awb-margin-left-small:0px;\"><h2 class=\"fusion-title-heading title-heading-left fusion-responsive-typography-calculated\" style=\"margin:0;--fontSize:30;--minFontSize:30;line-height:1.5;\">Farben und Lichtreflexionswerte (LRW)<\/h2><\/div>\n<table border=\"1\" width=\"100%\">\n<thead>\n<tr>\n<th align=\"left\">Farbe<\/th>\n<th align=\"left\">PMS \/ RAL<\/th>\n<th align=\"left\">LRW (Mittelwert)<\/th>\n<th align=\"left\">LRW (Reichweite)<\/th>\n<\/tr>\n<\/thead>\n<tbody>\n<tr>\n<td>Schwarz<\/td>\n<td>\u2013<\/td>\n<td>20,25<\/td>\n<td>2<\/td>\n<\/tr>\n<\/tbody>\n<\/table>\n<div class=\"fusion-sep-clear\"><\/div><div class=\"fusion-separator fusion-full-width-sep\" style=\"margin-left: auto;margin-right: auto;margin-top:20px;margin-bottom:20px;width:100%;\"><\/div><div class=\"fusion-sep-clear\"><\/div><div class=\"fusion-title title fusion-title-8 fusion-sep-none fusion-title-text fusion-title-size-two\" style=\"--awb-margin-top-small:0px;--awb-margin-right-small:0px;--awb-margin-bottom-small:20px;--awb-margin-left-small:0px;\"><h2 class=\"fusion-title-heading title-heading-left fusion-responsive-typography-calculated\" style=\"margin:0;--fontSize:30;--minFontSize:30;line-height:1.5;\">Reibungskoeffizient<\/h2><\/div>\n<table border=\"1\" width=\"100%\">\n<thead>\n<tr>\n<th align=\"left\">Teststandard<\/th>\n<th align=\"left\">Trocken<\/th>\n<th align=\"left\">Nass<\/th>\n<\/tr>\n<\/thead>\n<tbody>\n<tr>\n<td>Pendel<\/td>\n<td>92<\/td>\n<td>25<\/td>\n<\/tr>\n<tr>\n<td>Rz<\/td>\n<td colspan=\"2\">59,3<\/td>\n<\/tr>\n<\/tbody>\n<\/table>\n<div class=\"fusion-sep-clear\"><\/div><div class=\"fusion-separator fusion-full-width-sep\" style=\"margin-left: auto;margin-right: auto;margin-top:20px;margin-bottom:20px;width:100%;\"><\/div><div class=\"fusion-sep-clear\"><\/div><div class=\"fusion-title title fusion-title-9 fusion-sep-none fusion-title-text fusion-title-size-two\" style=\"--awb-margin-top-small:0px;--awb-margin-right-small:0px;--awb-margin-bottom-small:20px;--awb-margin-left-small:0px;\"><h2 class=\"fusion-title-heading title-heading-left fusion-responsive-typography-calculated\" style=\"margin:0;--fontSize:30;--minFontSize:30;line-height:1.5;\">Wichtige Dokumente<\/h2><\/div><div class=\"fusion-text fusion-text-7\" style=\"--awb-text-transform:none;\"><p>Datenblatt GripFactory Anti-Rutsch-Klebeband Aqua (<a href=\"https:\/\/www.gripfactoryantislip.com\/wp-content\/uploads\/gripfactory_datasheet_antislip-trapleuning-tape_NL.pdf\" target=\"_blank\" rel=\"noopener noreferrer\">NL<\/a> | <a href=\"https:\/\/www.gripfactoryantislip.com\/wp-content\/uploads\/gripfactory_datasheet_antislip-trapleuning-tape_EN.pdf\" target=\"_blank\" rel=\"noopener noreferrer\">EN<\/a>)<br \/>\nSicherheitsdatenblatt GripFactory Anti-Rutsch-Klebeband Aqua (<a href=\"https:\/\/www.gripfactoryantislip.com\/wp-content\/uploads\/gripfactory_veiligheidsinformatieblad_antislip-tape-trapleuning_NL.pdf\" target=\"_blank\" rel=\"noopener noreferrer\">NL<\/a> | <a href=\"https:\/\/www.gripfactoryantislip.com\/wp-content\/uploads\/gripfactory_veiligheidsinformatieblad_antislip-tape-trapleuning_EN.pdf\" target=\"_blank\" rel=\"noopener noreferrer\">EN<\/a>)<\/p>\n<\/div><div class=\"fusion-clearfix\"><\/div><\/div><\/div><\/div><\/div>\n<\/p>\n","protected":false},"excerpt":{"rendered":"","protected":false},"featured_media":19223,"comment_status":"open","ping_status":"closed","template":"","meta":[],"product_brand":[],"product_cat":[2461,3362],"product_tag":[],"class_list":{"0":"post-24823","1":"product","2":"type-product","3":"status-publish","4":"has-post-thumbnail","6":"product_cat-griptapes","7":"product_cat-treppengelander-klebeband","8":"product_shipping_class-paket","10":"first","11":"instock","12":"taxable","13":"shipping-taxable","14":"purchasable","15":"product-type-simple"},"yoast_head":"<!-- This site is optimized with the Yoast SEO Premium plugin v27.3 (Yoast SEO v27.4) - https:\/\/yoast.com\/product\/yoast-seo-premium-wordpress\/ -->\n<title>GripFactory Anti-Rutsch-Klebeband Treppengel\u00e4nder Schwarz 50 mm (Rolle) &#060; GripFactory<\/title>\n<meta name=\"robots\" content=\"index, follow, max-snippet:-1, max-image-preview:large, max-video-preview:-1\" \/>\n<link rel=\"canonical\" href=\"https:\/\/www.gripfactoryantislip.com\/de\/produkt\/gripfactory-anti-rutsch-klebeband-treppengelaender-schwarz-50-mm-rolle\/\" \/>\n<meta property=\"og:locale\" content=\"de_DE\" \/>\n<meta property=\"og:type\" content=\"article\" \/>\n<meta property=\"og:title\" content=\"GripFactory Anti-Rutsch-Klebeband Treppengel\u00e4nder Schwarz 50 mm (Rolle)\" \/>\n<meta property=\"og:url\" content=\"https:\/\/www.gripfactoryantislip.com\/de\/produkt\/gripfactory-anti-rutsch-klebeband-treppengelaender-schwarz-50-mm-rolle\/\" \/>\n<meta property=\"og:site_name\" content=\"GripFactory\" \/>\n<meta property=\"article:publisher\" content=\"https:\/\/www.facebook.com\/GripFactoryAntislip\" \/>\n<meta property=\"article:modified_time\" content=\"2024-05-09T22:13:54+00:00\" \/>\n<meta property=\"og:image\" content=\"https:\/\/www.gripfactoryantislip.com\/wp-content\/uploads\/GripFactory_Antislip-Trapleuning-Tape_zwart_productfoto-rol-50mm_01.jpg\" \/>\n\t<meta property=\"og:image:width\" content=\"1024\" \/>\n\t<meta property=\"og:image:height\" content=\"1024\" \/>\n\t<meta property=\"og:image:type\" content=\"image\/jpeg\" \/>\n<meta name=\"twitter:label1\" content=\"Gesch\u00e4tzte Lesezeit\" \/>\n\t<meta name=\"twitter:data1\" content=\"2\u00a0Minuten\" \/>\n<script type=\"application\/ld+json\" class=\"yoast-schema-graph\">{\"@context\":\"https:\\\/\\\/schema.org\",\"@graph\":[{\"@type\":\"WebPage\",\"@id\":\"https:\\\/\\\/www.gripfactoryantislip.com\\\/de\\\/produkt\\\/gripfactory-anti-rutsch-klebeband-treppengelaender-schwarz-50-mm-rolle\\\/\",\"url\":\"https:\\\/\\\/www.gripfactoryantislip.com\\\/de\\\/produkt\\\/gripfactory-anti-rutsch-klebeband-treppengelaender-schwarz-50-mm-rolle\\\/\",\"name\":\"GripFactory Anti-Rutsch-Klebeband Treppengel\u00e4nder Schwarz 50 mm (Rolle) &#060; GripFactory\",\"isPartOf\":{\"@id\":\"https:\\\/\\\/www.gripfactoryantislip.com\\\/de\\\/#website\"},\"primaryImageOfPage\":{\"@id\":\"https:\\\/\\\/www.gripfactoryantislip.com\\\/de\\\/produkt\\\/gripfactory-anti-rutsch-klebeband-treppengelaender-schwarz-50-mm-rolle\\\/#primaryimage\"},\"image\":{\"@id\":\"https:\\\/\\\/www.gripfactoryantislip.com\\\/de\\\/produkt\\\/gripfactory-anti-rutsch-klebeband-treppengelaender-schwarz-50-mm-rolle\\\/#primaryimage\"},\"thumbnailUrl\":\"https:\\\/\\\/www.gripfactoryantislip.com\\\/wp-content\\\/uploads\\\/GripFactory_Antislip-Trapleuning-Tape_zwart_productfoto-rol-50mm_01.jpg\",\"datePublished\":\"2022-01-12T10:43:11+00:00\",\"dateModified\":\"2024-05-09T22:13:54+00:00\",\"breadcrumb\":{\"@id\":\"https:\\\/\\\/www.gripfactoryantislip.com\\\/de\\\/produkt\\\/gripfactory-anti-rutsch-klebeband-treppengelaender-schwarz-50-mm-rolle\\\/#breadcrumb\"},\"inLanguage\":\"de\",\"potentialAction\":[{\"@type\":\"ReadAction\",\"target\":[\"https:\\\/\\\/www.gripfactoryantislip.com\\\/de\\\/produkt\\\/gripfactory-anti-rutsch-klebeband-treppengelaender-schwarz-50-mm-rolle\\\/\"]}]},{\"@type\":\"ImageObject\",\"inLanguage\":\"de\",\"@id\":\"https:\\\/\\\/www.gripfactoryantislip.com\\\/de\\\/produkt\\\/gripfactory-anti-rutsch-klebeband-treppengelaender-schwarz-50-mm-rolle\\\/#primaryimage\",\"url\":\"https:\\\/\\\/www.gripfactoryantislip.com\\\/wp-content\\\/uploads\\\/GripFactory_Antislip-Trapleuning-Tape_zwart_productfoto-rol-50mm_01.jpg\",\"contentUrl\":\"https:\\\/\\\/www.gripfactoryantislip.com\\\/wp-content\\\/uploads\\\/GripFactory_Antislip-Trapleuning-Tape_zwart_productfoto-rol-50mm_01.jpg\",\"width\":1024,\"height\":1024,\"caption\":\"GripFactory Anti-Rutsch-Klebeband Treppengel\u00e4nder - Rolle schwarz 50 mm\"},{\"@type\":\"BreadcrumbList\",\"@id\":\"https:\\\/\\\/www.gripfactoryantislip.com\\\/de\\\/produkt\\\/gripfactory-anti-rutsch-klebeband-treppengelaender-schwarz-50-mm-rolle\\\/#breadcrumb\",\"itemListElement\":[{\"@type\":\"ListItem\",\"position\":1,\"name\":\"Home\",\"item\":\"https:\\\/\\\/www.gripfactoryantislip.com\\\/de\\\/\"},{\"@type\":\"ListItem\",\"position\":2,\"name\":\"Webshop\",\"item\":\"https:\\\/\\\/www.gripfactoryantislip.com\\\/de\\\/shop\\\/\"},{\"@type\":\"ListItem\",\"position\":3,\"name\":\"GripFactory Anti-Rutsch-Klebeband Treppengel\u00e4nder Schwarz 50 mm (Rolle)\"}]},{\"@type\":\"WebSite\",\"@id\":\"https:\\\/\\\/www.gripfactoryantislip.com\\\/de\\\/#website\",\"url\":\"https:\\\/\\\/www.gripfactoryantislip.com\\\/de\\\/\",\"name\":\"GripFactory\",\"description\":\"Innovative Anti-Rutsch-L\u00f6sungen f\u00fcr jede Oberfl\u00e4che\",\"publisher\":{\"@id\":\"https:\\\/\\\/www.gripfactoryantislip.com\\\/de\\\/#organization\"},\"alternateName\":\"Floor Safety Solutions at GripFactory Anti-Slip\",\"potentialAction\":[{\"@type\":\"SearchAction\",\"target\":{\"@type\":\"EntryPoint\",\"urlTemplate\":\"https:\\\/\\\/www.gripfactoryantislip.com\\\/de\\\/?s={search_term_string}\"},\"query-input\":{\"@type\":\"PropertyValueSpecification\",\"valueRequired\":true,\"valueName\":\"search_term_string\"}}],\"inLanguage\":\"de\"},{\"@type\":\"Organization\",\"@id\":\"https:\\\/\\\/www.gripfactoryantislip.com\\\/de\\\/#organization\",\"name\":\"GripFactory B.V.\",\"url\":\"https:\\\/\\\/www.gripfactoryantislip.com\\\/de\\\/\",\"logo\":{\"@type\":\"ImageObject\",\"inLanguage\":\"de\",\"@id\":\"https:\\\/\\\/www.gripfactoryantislip.com\\\/de\\\/#\\\/schema\\\/logo\\\/image\\\/\",\"url\":\"https:\\\/\\\/www.gripfactoryantislip.com\\\/wp-content\\\/uploads\\\/logo_gripfactory.jpg\",\"contentUrl\":\"https:\\\/\\\/www.gripfactoryantislip.com\\\/wp-content\\\/uploads\\\/logo_gripfactory.jpg\",\"width\":269,\"height\":60,\"caption\":\"GripFactory B.V.\"},\"image\":{\"@id\":\"https:\\\/\\\/www.gripfactoryantislip.com\\\/de\\\/#\\\/schema\\\/logo\\\/image\\\/\"},\"sameAs\":[\"https:\\\/\\\/www.facebook.com\\\/GripFactoryAntislip\",\"https:\\\/\\\/www.instagram.com\\\/gripfactoryantislip\\\/\",\"https:\\\/\\\/www.linkedin.com\\\/company\\\/gripfactoryantislip\\\/about\\\/\"],\"email\":\"info@gripfactory.nl\",\"telephone\":\"+31348203000\",\"legalName\":\"GripFactor B.V.\",\"foundingDate\":\"2018-11-01\",\"vatID\":\"NL859320856B01\",\"taxID\":\"NL859320856B01\",\"numberOfEmployees\":{\"@type\":\"QuantitativeValue\",\"minValue\":\"1\",\"maxValue\":\"10\"}}]}<\/script>\n<!-- \/ Yoast SEO Premium plugin. -->","yoast_head_json":{"title":"GripFactory Anti-Rutsch-Klebeband Treppengel\u00e4nder Schwarz 50 mm (Rolle) &#060; GripFactory","robots":{"index":"index","follow":"follow","max-snippet":"max-snippet:-1","max-image-preview":"max-image-preview:large","max-video-preview":"max-video-preview:-1"},"canonical":"https:\/\/www.gripfactoryantislip.com\/de\/produkt\/gripfactory-anti-rutsch-klebeband-treppengelaender-schwarz-50-mm-rolle\/","og_locale":"de_DE","og_type":"article","og_title":"GripFactory Anti-Rutsch-Klebeband Treppengel\u00e4nder Schwarz 50 mm (Rolle)","og_url":"https:\/\/www.gripfactoryantislip.com\/de\/produkt\/gripfactory-anti-rutsch-klebeband-treppengelaender-schwarz-50-mm-rolle\/","og_site_name":"GripFactory","article_publisher":"https:\/\/www.facebook.com\/GripFactoryAntislip","article_modified_time":"2024-05-09T22:13:54+00:00","og_image":[{"width":1024,"height":1024,"url":"https:\/\/www.gripfactoryantislip.com\/wp-content\/uploads\/GripFactory_Antislip-Trapleuning-Tape_zwart_productfoto-rol-50mm_01.jpg","type":"image\/jpeg"}],"twitter_misc":{"Gesch\u00e4tzte Lesezeit":"2\u00a0Minuten"},"schema":{"@context":"https:\/\/schema.org","@graph":[{"@type":"WebPage","@id":"https:\/\/www.gripfactoryantislip.com\/de\/produkt\/gripfactory-anti-rutsch-klebeband-treppengelaender-schwarz-50-mm-rolle\/","url":"https:\/\/www.gripfactoryantislip.com\/de\/produkt\/gripfactory-anti-rutsch-klebeband-treppengelaender-schwarz-50-mm-rolle\/","name":"GripFactory Anti-Rutsch-Klebeband Treppengel\u00e4nder Schwarz 50 mm (Rolle) &#060; GripFactory","isPartOf":{"@id":"https:\/\/www.gripfactoryantislip.com\/de\/#website"},"primaryImageOfPage":{"@id":"https:\/\/www.gripfactoryantislip.com\/de\/produkt\/gripfactory-anti-rutsch-klebeband-treppengelaender-schwarz-50-mm-rolle\/#primaryimage"},"image":{"@id":"https:\/\/www.gripfactoryantislip.com\/de\/produkt\/gripfactory-anti-rutsch-klebeband-treppengelaender-schwarz-50-mm-rolle\/#primaryimage"},"thumbnailUrl":"https:\/\/www.gripfactoryantislip.com\/wp-content\/uploads\/GripFactory_Antislip-Trapleuning-Tape_zwart_productfoto-rol-50mm_01.jpg","datePublished":"2022-01-12T10:43:11+00:00","dateModified":"2024-05-09T22:13:54+00:00","breadcrumb":{"@id":"https:\/\/www.gripfactoryantislip.com\/de\/produkt\/gripfactory-anti-rutsch-klebeband-treppengelaender-schwarz-50-mm-rolle\/#breadcrumb"},"inLanguage":"de","potentialAction":[{"@type":"ReadAction","target":["https:\/\/www.gripfactoryantislip.com\/de\/produkt\/gripfactory-anti-rutsch-klebeband-treppengelaender-schwarz-50-mm-rolle\/"]}]},{"@type":"ImageObject","inLanguage":"de","@id":"https:\/\/www.gripfactoryantislip.com\/de\/produkt\/gripfactory-anti-rutsch-klebeband-treppengelaender-schwarz-50-mm-rolle\/#primaryimage","url":"https:\/\/www.gripfactoryantislip.com\/wp-content\/uploads\/GripFactory_Antislip-Trapleuning-Tape_zwart_productfoto-rol-50mm_01.jpg","contentUrl":"https:\/\/www.gripfactoryantislip.com\/wp-content\/uploads\/GripFactory_Antislip-Trapleuning-Tape_zwart_productfoto-rol-50mm_01.jpg","width":1024,"height":1024,"caption":"GripFactory Anti-Rutsch-Klebeband Treppengel\u00e4nder - Rolle schwarz 50 mm"},{"@type":"BreadcrumbList","@id":"https:\/\/www.gripfactoryantislip.com\/de\/produkt\/gripfactory-anti-rutsch-klebeband-treppengelaender-schwarz-50-mm-rolle\/#breadcrumb","itemListElement":[{"@type":"ListItem","position":1,"name":"Home","item":"https:\/\/www.gripfactoryantislip.com\/de\/"},{"@type":"ListItem","position":2,"name":"Webshop","item":"https:\/\/www.gripfactoryantislip.com\/de\/shop\/"},{"@type":"ListItem","position":3,"name":"GripFactory Anti-Rutsch-Klebeband Treppengel\u00e4nder Schwarz 50 mm (Rolle)"}]},{"@type":"WebSite","@id":"https:\/\/www.gripfactoryantislip.com\/de\/#website","url":"https:\/\/www.gripfactoryantislip.com\/de\/","name":"GripFactory","description":"Innovative Anti-Rutsch-L\u00f6sungen f\u00fcr jede Oberfl\u00e4che","publisher":{"@id":"https:\/\/www.gripfactoryantislip.com\/de\/#organization"},"alternateName":"Floor Safety Solutions at GripFactory Anti-Slip","potentialAction":[{"@type":"SearchAction","target":{"@type":"EntryPoint","urlTemplate":"https:\/\/www.gripfactoryantislip.com\/de\/?s={search_term_string}"},"query-input":{"@type":"PropertyValueSpecification","valueRequired":true,"valueName":"search_term_string"}}],"inLanguage":"de"},{"@type":"Organization","@id":"https:\/\/www.gripfactoryantislip.com\/de\/#organization","name":"GripFactory B.V.","url":"https:\/\/www.gripfactoryantislip.com\/de\/","logo":{"@type":"ImageObject","inLanguage":"de","@id":"https:\/\/www.gripfactoryantislip.com\/de\/#\/schema\/logo\/image\/","url":"https:\/\/www.gripfactoryantislip.com\/wp-content\/uploads\/logo_gripfactory.jpg","contentUrl":"https:\/\/www.gripfactoryantislip.com\/wp-content\/uploads\/logo_gripfactory.jpg","width":269,"height":60,"caption":"GripFactory B.V."},"image":{"@id":"https:\/\/www.gripfactoryantislip.com\/de\/#\/schema\/logo\/image\/"},"sameAs":["https:\/\/www.facebook.com\/GripFactoryAntislip","https:\/\/www.instagram.com\/gripfactoryantislip\/","https:\/\/www.linkedin.com\/company\/gripfactoryantislip\/about\/"],"email":"info@gripfactory.nl","telephone":"+31348203000","legalName":"GripFactor B.V.","foundingDate":"2018-11-01","vatID":"NL859320856B01","taxID":"NL859320856B01","numberOfEmployees":{"@type":"QuantitativeValue","minValue":"1","maxValue":"10"}}]}},"_links":{"self":[{"href":"https:\/\/www.gripfactoryantislip.com\/de\/wp-json\/wp\/v2\/product\/24823","targetHints":{"allow":["GET"]}}],"collection":[{"href":"https:\/\/www.gripfactoryantislip.com\/de\/wp-json\/wp\/v2\/product"}],"about":[{"href":"https:\/\/www.gripfactoryantislip.com\/de\/wp-json\/wp\/v2\/types\/product"}],"replies":[{"embeddable":true,"href":"https:\/\/www.gripfactoryantislip.com\/de\/wp-json\/wp\/v2\/comments?post=24823"}],"wp:featuredmedia":[{"embeddable":true,"href":"https:\/\/www.gripfactoryantislip.com\/de\/wp-json\/wp\/v2\/media\/19223"}],"wp:attachment":[{"href":"https:\/\/www.gripfactoryantislip.com\/de\/wp-json\/wp\/v2\/media?parent=24823"}],"wp:term":[{"taxonomy":"product_brand","embeddable":true,"href":"https:\/\/www.gripfactoryantislip.com\/de\/wp-json\/wp\/v2\/product_brand?post=24823"},{"taxonomy":"product_cat","embeddable":true,"href":"https:\/\/www.gripfactoryantislip.com\/de\/wp-json\/wp\/v2\/product_cat?post=24823"},{"taxonomy":"product_tag","embeddable":true,"href":"https:\/\/www.gripfactoryantislip.com\/de\/wp-json\/wp\/v2\/product_tag?post=24823"}],"curies":[{"name":"wp","href":"https:\/\/api.w.org\/{rel}","templated":true}]}}