{"id":26676,"date":"2022-04-08T12:14:00","date_gmt":"2022-04-09T11:07:41","guid":{"rendered":"https:\/\/www.gripfactoryantislip.com\/product\/polygrip-treppennase-premium-grau-55-x-55-x-1000-mm-fein\/"},"modified":"2024-05-10T02:01:20","modified_gmt":"2024-05-10T00:01:20","slug":"polygrip-treppennase-premium-grau-55-x-55-x-1000-mm-fein","status":"publish","type":"product","link":"https:\/\/www.gripfactoryantislip.com\/de\/produkt\/polygrip-treppennase-premium-grau-55-x-55-x-1000-mm-fein\/","title":{"rendered":"PolyGrip Treppennase Premium Grau 55 x 55 x 1000 mm (fein)"},"content":{"rendered":"<div class=\"fusion-fullwidth fullwidth-box fusion-builder-row-1 nonhundred-percent-fullwidth non-hundred-percent-height-scrolling\" style=\"--awb-border-radius-top-left:0px;--awb-border-radius-top-right:0px;--awb-border-radius-bottom-right:0px;--awb-border-radius-bottom-left:0px;--awb-flex-wrap:wrap;\" ><div class=\"fusion-builder-row fusion-row\"><div class=\"fusion-layout-column fusion_builder_column fusion-builder-column-0 fusion_builder_column_1_1 1_1 fusion-one-full fusion-column-first fusion-column-last\" style=\"--awb-bg-size:cover;--awb-margin-bottom:0px;\"><div class=\"fusion-column-wrapper fusion-column-has-shadow fusion-flex-column-wrapper-legacy\"><div class=\"fusion-text fusion-text-1\" style=\"--awb-text-transform:none;\"><p>GripFactory PolyGrip Treppennasen bestehen aus Polyester und sind mit Glasfaserfasern (GFK) mit einer Aluminiummaserung verst\u00e4rkt. Durch die Verwendung dieser hochwertigen Materialien sind GripFactory PolyGrip Treppennasen nicht nur sehr stark und belastbar, sondern auch sehr leicht und einfach zu verarbeiten. GripFactory PolyGrip Treppennasen sind in allen RAL-Farben (Standard Schwarz, Grau und Gelb), vier verschiedenen Korngr\u00f6\u00dfen erh\u00e4ltlich und k\u00f6nnen auch vollst\u00e4ndig nach Ma\u00df bestellt werden. GripFactory PolyGrip Treppennasen sind eine dauerhafte L\u00f6sung f\u00fcr gef\u00e4hrliche, rutschige Treppen. Sie erhalten satte 15 Jahre Garantie! Muster sind auf Anfrage erh\u00e4ltlich.<\/p>\n<\/div><div class=\"fusion-text fusion-text-2\" style=\"--awb-text-transform:none;\"><p>GripFactory PolyGrip Treppennasen sind f\u00fcr viele Anwendungen geeignet. GripFactory PolyGrip Treppennasen sind praktisch unzerst\u00f6rbar, vollst\u00e4ndig splitter- und rissfrei sowie witterungsbest\u00e4ndig. Zum Beispiel beweisen GripFactory PolyGrip Stair-Nasen ihren Service jeden Winter, indem sie Treppen sicherer machen. Umso mehr, als Eis und Schnee nicht an diesem Material haften.<\/p>\n<\/div><div class=\"fusion-sep-clear\"><\/div><div class=\"fusion-separator fusion-full-width-sep\" style=\"margin-left: auto;margin-right: auto;margin-top:10px;margin-bottom:10px;width:100%;\"><\/div><div class=\"fusion-sep-clear\"><\/div><div class=\"fusion-title title fusion-title-1 fusion-sep-none fusion-title-text fusion-title-size-two\" style=\"--awb-margin-top-small:0px;--awb-margin-right-small:0px;--awb-margin-bottom-small:20px;--awb-margin-left-small:0px;\"><h2 class=\"fusion-title-heading title-heading-left fusion-responsive-typography-calculated\" style=\"margin:0;--fontSize:30;--minFontSize:30;line-height:1.5;\">Wie funktioniert es?<\/h2><\/div><div class=\"fusion-text fusion-text-3\" style=\"--awb-text-transform:none;\"><p>GripFactory PolyGrip Treppennasen werden in der Farbe Ihrer Wahl nach Ma\u00df gefertigt. Danach montiert der GripFactory-Spezialist auf Wunsch die Treppennasen. Staubfrei und ohne gr\u00f6\u00dfere Renovierung. Ihre Treppen k\u00f6nnen dann jahrelang sicher befahren werden.<\/p>\n<\/div><div class=\"fusion-sep-clear\"><\/div><div class=\"fusion-separator fusion-full-width-sep\" style=\"margin-left: auto;margin-right: auto;margin-top:10px;margin-bottom:10px;width:100%;\"><\/div><div class=\"fusion-sep-clear\"><\/div><div class=\"fusion-title title fusion-title-2 fusion-sep-none fusion-title-text fusion-title-size-two\" style=\"--awb-margin-top-small:0px;--awb-margin-right-small:0px;--awb-margin-bottom-small:20px;--awb-margin-left-small:0px;\"><h2 class=\"fusion-title-heading title-heading-left fusion-responsive-typography-calculated\" style=\"margin:0;--fontSize:30;--minFontSize:30;line-height:1.5;\">Merkmale<\/h2><\/div><div class=\"fusion-text fusion-text-4\" style=\"--awb-text-transform:none;\"><ul>\n<li>Schlagfest &#8211; lange Lebensdauer<\/li>\n<li>Wirksam bei nassen und \u00f6ligen Bedingungen<\/li>\n<li>Einfach zu montieren \u2013 reduziert Installationskosten<\/li>\n<li>Nicht leitend \u2013 eliminiert elektrische und thermische Gefahren<\/li>\n<li>Geeignet f\u00fcr Fu\u00dfg\u00e4nger, Gabelstapler und anderen starken Verkehr<\/li>\n<li>Wartungsfrei \u2013 rostet oder korrodiert nicht<\/li>\n<li>65% leichter als Stahl \u2013 einfacher zu handhaben und g\u00fcnstiger zu installieren<\/li>\n<li>Erh\u00e4ltlich ab 2 mm Dicke<\/li>\n<li>Verf\u00fcgbar in jeder BS- oder RAL-Farbe<\/li>\n<li>Verf\u00fcgbar nach Ma\u00df<\/li>\n<li>Verf\u00fcgbar in den Profilen: barfu\u00df, fein, mittel oder offshore<\/li>\n<li>UV-best\u00e4ndig<\/li>\n<li>Chemisch best\u00e4ndig<\/li>\n<\/ul>\n<\/div><div class=\"fusion-sep-clear\"><\/div><div class=\"fusion-separator fusion-full-width-sep\" style=\"margin-left: auto;margin-right: auto;margin-top:10px;margin-bottom:10px;width:100%;\"><\/div><div class=\"fusion-sep-clear\"><\/div><div class=\"fusion-title title fusion-title-3 fusion-sep-none fusion-title-text fusion-title-size-two\" style=\"--awb-margin-top-small:0px;--awb-margin-right-small:0px;--awb-margin-bottom-small:20px;--awb-margin-left-small:0px;\"><h2 class=\"fusion-title-heading title-heading-left fusion-responsive-typography-calculated\" style=\"margin:0;--fontSize:30;--minFontSize:30;line-height:1.5;\">Geeignet f\u00fcr<\/h2><\/div><div class=\"fusion-text fusion-text-5\" style=\"--awb-text-transform:none;\"><p>GripFactory PolyGrip Treppennasen sind f\u00fcr den Einsatz in folgenden Situationen geeignet:<\/p>\n<ul>\n<li>Betontreppen<\/li>\n<li>H\u00f6lzerne Treppen<\/li>\n<li>Stahltreppen<\/li>\n<li>Offshore- und Untergrundanwendungen<\/li>\n<li>Arbeitsb\u00fchnen<\/li>\n<li>und vieles mehr&#8230;<\/li>\n<\/ul>\n<\/div><div class=\"fusion-sep-clear\"><\/div><div class=\"fusion-separator fusion-full-width-sep\" style=\"margin-left: auto;margin-right: auto;margin-top:10px;margin-bottom:10px;width:100%;\"><\/div><div class=\"fusion-sep-clear\"><\/div><div class=\"fusion-title title fusion-title-4 fusion-sep-none fusion-title-text fusion-title-size-two\" style=\"--awb-margin-top-small:0px;--awb-margin-right-small:0px;--awb-margin-bottom-small:20px;--awb-margin-left-small:0px;\"><h2 class=\"fusion-title-heading title-heading-left fusion-responsive-typography-calculated\" style=\"margin:0;--fontSize:30;--minFontSize:30;line-height:1.5;\">Technische Daten<\/h2><\/div><div class=\"fusion-text fusion-text-6\" style=\"--awb-text-transform:none;\"><p>GripFactory PolyGrip Treppennasen k\u00f6nnen in verschiedenen feuerfesten K\u00f6rnern geliefert werden:<\/p>\n<ul>\n<li>BS 476 Part 7 Class 1<\/li>\n<li>BS 476 Part 7 Class 2<\/li>\n<\/ul>\n<p><strong>W\u00e4rmeausdehnung:<\/strong><\/p>\n<ul>\n<li>30 x 10^(-6) \/ deg. C<\/li>\n<\/ul>\n<p><strong>Flexibilit\u00e4t:<\/strong><\/p>\n<ul>\n<li>193 MPa<\/li>\n<\/ul>\n<p><strong>Farben:<\/strong><br \/>\nGrau (RAL 7001), Schwarz und Gelb (08 E 51) sind die Standardfarben. GripFactory PolyGrip Treppennasen k\u00f6nnen auf Anfrage auch in anderen Farben hergestellt werden.<\/p>\n<ul>\n<li>BS 4800 Farben<\/li>\n<li>BS 5252 Farben<\/li>\n<li>RAL Farben<\/li>\n<\/ul>\n<p><strong>Stromspannung:<\/strong><\/p>\n<ul>\n<li>123 MPa<\/li>\n<\/ul>\n<p><strong>W\u00e4rmeleitf\u00e4higkeit:<\/strong><\/p>\n<ul>\n<li>0,2 w\/m2K<\/li>\n<\/ul>\n<\/div><div class=\"fusion-sep-clear\"><\/div><div class=\"fusion-separator fusion-full-width-sep\" style=\"margin-left: auto;margin-right: auto;margin-top:10px;margin-bottom:10px;width:100%;\"><\/div><div class=\"fusion-sep-clear\"><\/div><div class=\"fusion-title title fusion-title-5 fusion-sep-none fusion-title-text fusion-title-size-two\" style=\"--awb-margin-top-small:0px;--awb-margin-right-small:0px;--awb-margin-bottom-small:20px;--awb-margin-left-small:0px;\"><h2 class=\"fusion-title-heading title-heading-left fusion-responsive-typography-calculated\" style=\"margin:0;--fontSize:30;--minFontSize:30;line-height:1.5;\">Standardisierung<\/h2><\/div><div class=\"fusion-text fusion-text-7\" style=\"--awb-text-transform:none;\"><p>GripFactory PolyGrip Treppennasen geh\u00f6ren zu den vielseitigsten rutschfesten L\u00f6sungen auf dem Markt und erf\u00fcllen die strengsten internationalen Standards f\u00fcr Sicherheit und Haltbarkeit.<\/p>\n<\/div><div class=\"fusion-sep-clear\"><\/div><div class=\"fusion-separator fusion-full-width-sep\" style=\"margin-left: auto;margin-right: auto;margin-top:10px;margin-bottom:10px;width:100%;\"><\/div><div class=\"fusion-sep-clear\"><\/div><div class=\"fusion-title title fusion-title-6 fusion-sep-none fusion-title-text fusion-title-size-two\" style=\"--awb-margin-top-small:0px;--awb-margin-right-small:0px;--awb-margin-bottom-small:20px;--awb-margin-left-small:0px;\"><h2 class=\"fusion-title-heading title-heading-left fusion-responsive-typography-calculated\" style=\"margin:0;--fontSize:30;--minFontSize:30;line-height:1.5;\">Wichtige Dokumente<\/h2><\/div><div class=\"fusion-text fusion-text-8\" style=\"--awb-text-transform:none;\"><p>Datenblatt GripFactory PolyGrip Treppennasen (<a href=\"https:\/\/www.gripfactoryantislip.com\/wp-content\/uploads\/gripfactory_datasheet_polygrip-trapneuzen_NL.pdf\" target=\"new\" rel=\"noopener noreferrer\">NL<\/a> | <a href=\"https:\/\/www.gripfactoryantislip.com\/wp-content\/uploads\/gripfactory_datasheet_polygrip-trapneuzen_EN.pdf\" target=\"new\" rel=\"noopener noreferrer\">EN<\/a>)<br \/>\nHandbuch GripFactory PolyGrip Treppennasen (<a href=\"https:\/\/www.gripfactoryantislip.com\/wp-content\/uploads\/gripfactory_montageinstructies_polygrip_NL.pdf\" target=\"new\" rel=\"noopener noreferrer\">NL<\/a> | <a href=\"https:\/\/www.gripfactoryantislip.com\/wp-content\/uploads\/gripfactory_montageinstructies_polygrip_EN.pdf\" target=\"new\" rel=\"noopener noreferrer\">EN<\/a>)<\/p>\n<\/div><div class=\"fusion-clearfix\"><\/div><\/div><\/div><\/div><\/div>\n\n","protected":false},"excerpt":{"rendered":"","protected":false},"featured_media":18937,"comment_status":"open","ping_status":"closed","template":"","meta":[],"product_brand":[],"product_cat":[2417,3364],"product_tag":[],"class_list":{"0":"post-26676","1":"product","2":"type-product","3":"status-publish","4":"has-post-thumbnail","6":"product_cat-griptreads","7":"product_cat-treppennasen","8":"product_shipping_class-paket","10":"first","11":"instock","12":"taxable","13":"shipping-taxable","14":"purchasable","15":"product-type-simple"},"yoast_head":"<!-- This site is optimized with the Yoast SEO Premium plugin v27.2 (Yoast SEO v27.3) - https:\/\/yoast.com\/product\/yoast-seo-premium-wordpress\/ -->\n<title>PolyGrip Treppennase Premium Grau 55 x 55 x 1000 mm (fein) &#060; GripFactory<\/title>\n<meta name=\"robots\" content=\"index, follow, max-snippet:-1, max-image-preview:large, max-video-preview:-1\" \/>\n<link rel=\"canonical\" href=\"https:\/\/www.gripfactoryantislip.com\/de\/produkt\/polygrip-treppennase-premium-grau-55-x-55-x-1000-mm-fein\/\" \/>\n<meta property=\"og:locale\" content=\"de_DE\" \/>\n<meta property=\"og:type\" content=\"article\" \/>\n<meta property=\"og:title\" content=\"PolyGrip Treppennase Premium Grau 55 x 55 x 1000 mm (fein)\" \/>\n<meta property=\"og:url\" content=\"https:\/\/www.gripfactoryantislip.com\/de\/produkt\/polygrip-treppennase-premium-grau-55-x-55-x-1000-mm-fein\/\" \/>\n<meta property=\"og:site_name\" content=\"GripFactory\" \/>\n<meta property=\"article:publisher\" content=\"https:\/\/www.facebook.com\/GripFactoryAntislip\" \/>\n<meta property=\"article:modified_time\" content=\"2024-05-10T00:01:20+00:00\" \/>\n<meta property=\"og:image\" content=\"https:\/\/www.gripfactoryantislip.com\/wp-content\/uploads\/gripfactory_webshop_griptreads_trapneus-grijs_01.jpg\" \/>\n\t<meta property=\"og:image:width\" content=\"1024\" \/>\n\t<meta property=\"og:image:height\" content=\"1024\" \/>\n\t<meta property=\"og:image:type\" content=\"image\/jpeg\" \/>\n<script type=\"application\/ld+json\" class=\"yoast-schema-graph\">{\"@context\":\"https:\\\/\\\/schema.org\",\"@graph\":[{\"@type\":\"WebPage\",\"@id\":\"https:\\\/\\\/www.gripfactoryantislip.com\\\/de\\\/produkt\\\/polygrip-treppennase-premium-grau-55-x-55-x-1000-mm-fein\\\/\",\"url\":\"https:\\\/\\\/www.gripfactoryantislip.com\\\/de\\\/produkt\\\/polygrip-treppennase-premium-grau-55-x-55-x-1000-mm-fein\\\/\",\"name\":\"PolyGrip Treppennase Premium Grau 55 x 55 x 1000 mm (fein) &#060; GripFactory\",\"isPartOf\":{\"@id\":\"https:\\\/\\\/www.gripfactoryantislip.com\\\/de\\\/#website\"},\"primaryImageOfPage\":{\"@id\":\"https:\\\/\\\/www.gripfactoryantislip.com\\\/de\\\/produkt\\\/polygrip-treppennase-premium-grau-55-x-55-x-1000-mm-fein\\\/#primaryimage\"},\"image\":{\"@id\":\"https:\\\/\\\/www.gripfactoryantislip.com\\\/de\\\/produkt\\\/polygrip-treppennase-premium-grau-55-x-55-x-1000-mm-fein\\\/#primaryimage\"},\"thumbnailUrl\":\"https:\\\/\\\/www.gripfactoryantislip.com\\\/wp-content\\\/uploads\\\/gripfactory_webshop_griptreads_trapneus-grijs_01.jpg\",\"datePublished\":\"2022-04-09T11:07:41+00:00\",\"dateModified\":\"2024-05-10T00:01:20+00:00\",\"breadcrumb\":{\"@id\":\"https:\\\/\\\/www.gripfactoryantislip.com\\\/de\\\/produkt\\\/polygrip-treppennase-premium-grau-55-x-55-x-1000-mm-fein\\\/#breadcrumb\"},\"inLanguage\":\"de\",\"potentialAction\":[{\"@type\":\"ReadAction\",\"target\":[\"https:\\\/\\\/www.gripfactoryantislip.com\\\/de\\\/produkt\\\/polygrip-treppennase-premium-grau-55-x-55-x-1000-mm-fein\\\/\"]}]},{\"@type\":\"ImageObject\",\"inLanguage\":\"de\",\"@id\":\"https:\\\/\\\/www.gripfactoryantislip.com\\\/de\\\/produkt\\\/polygrip-treppennase-premium-grau-55-x-55-x-1000-mm-fein\\\/#primaryimage\",\"url\":\"https:\\\/\\\/www.gripfactoryantislip.com\\\/wp-content\\\/uploads\\\/gripfactory_webshop_griptreads_trapneus-grijs_01.jpg\",\"contentUrl\":\"https:\\\/\\\/www.gripfactoryantislip.com\\\/wp-content\\\/uploads\\\/gripfactory_webshop_griptreads_trapneus-grijs_01.jpg\",\"width\":1024,\"height\":1024,\"caption\":\"GripFactory PolyGrip Treppennase - grau\"},{\"@type\":\"BreadcrumbList\",\"@id\":\"https:\\\/\\\/www.gripfactoryantislip.com\\\/de\\\/produkt\\\/polygrip-treppennase-premium-grau-55-x-55-x-1000-mm-fein\\\/#breadcrumb\",\"itemListElement\":[{\"@type\":\"ListItem\",\"position\":1,\"name\":\"Home\",\"item\":\"https:\\\/\\\/www.gripfactoryantislip.com\\\/de\\\/\"},{\"@type\":\"ListItem\",\"position\":2,\"name\":\"Webshop\",\"item\":\"https:\\\/\\\/www.gripfactoryantislip.com\\\/de\\\/shop\\\/\"},{\"@type\":\"ListItem\",\"position\":3,\"name\":\"PolyGrip Treppennase Premium Grau 55 x 55 x 1000 mm (fein)\"}]},{\"@type\":\"WebSite\",\"@id\":\"https:\\\/\\\/www.gripfactoryantislip.com\\\/de\\\/#website\",\"url\":\"https:\\\/\\\/www.gripfactoryantislip.com\\\/de\\\/\",\"name\":\"GripFactory\",\"description\":\"Innovative Anti-Rutsch-L\u00f6sungen f\u00fcr jede Oberfl\u00e4che\",\"publisher\":{\"@id\":\"https:\\\/\\\/www.gripfactoryantislip.com\\\/de\\\/#organization\"},\"alternateName\":\"Floor Safety Solutions at GripFactory Anti-Slip\",\"potentialAction\":[{\"@type\":\"SearchAction\",\"target\":{\"@type\":\"EntryPoint\",\"urlTemplate\":\"https:\\\/\\\/www.gripfactoryantislip.com\\\/de\\\/?s={search_term_string}\"},\"query-input\":{\"@type\":\"PropertyValueSpecification\",\"valueRequired\":true,\"valueName\":\"search_term_string\"}}],\"inLanguage\":\"de\"},{\"@type\":\"Organization\",\"@id\":\"https:\\\/\\\/www.gripfactoryantislip.com\\\/de\\\/#organization\",\"name\":\"GripFactory B.V.\",\"url\":\"https:\\\/\\\/www.gripfactoryantislip.com\\\/de\\\/\",\"logo\":{\"@type\":\"ImageObject\",\"inLanguage\":\"de\",\"@id\":\"https:\\\/\\\/www.gripfactoryantislip.com\\\/de\\\/#\\\/schema\\\/logo\\\/image\\\/\",\"url\":\"https:\\\/\\\/www.gripfactoryantislip.com\\\/wp-content\\\/uploads\\\/logo_gripfactory.jpg\",\"contentUrl\":\"https:\\\/\\\/www.gripfactoryantislip.com\\\/wp-content\\\/uploads\\\/logo_gripfactory.jpg\",\"width\":269,\"height\":60,\"caption\":\"GripFactory B.V.\"},\"image\":{\"@id\":\"https:\\\/\\\/www.gripfactoryantislip.com\\\/de\\\/#\\\/schema\\\/logo\\\/image\\\/\"},\"sameAs\":[\"https:\\\/\\\/www.facebook.com\\\/GripFactoryAntislip\",\"https:\\\/\\\/www.instagram.com\\\/gripfactoryantislip\\\/\",\"https:\\\/\\\/www.linkedin.com\\\/company\\\/gripfactoryantislip\\\/about\\\/\"],\"email\":\"info@gripfactory.nl\",\"telephone\":\"+31348203000\",\"legalName\":\"GripFactor B.V.\",\"foundingDate\":\"2018-11-01\",\"vatID\":\"NL859320856B01\",\"taxID\":\"NL859320856B01\",\"numberOfEmployees\":{\"@type\":\"QuantitativeValue\",\"minValue\":\"1\",\"maxValue\":\"10\"}}]}<\/script>\n<!-- \/ Yoast SEO Premium plugin. -->","yoast_head_json":{"title":"PolyGrip Treppennase Premium Grau 55 x 55 x 1000 mm (fein) &#060; GripFactory","robots":{"index":"index","follow":"follow","max-snippet":"max-snippet:-1","max-image-preview":"max-image-preview:large","max-video-preview":"max-video-preview:-1"},"canonical":"https:\/\/www.gripfactoryantislip.com\/de\/produkt\/polygrip-treppennase-premium-grau-55-x-55-x-1000-mm-fein\/","og_locale":"de_DE","og_type":"article","og_title":"PolyGrip Treppennase Premium Grau 55 x 55 x 1000 mm (fein)","og_url":"https:\/\/www.gripfactoryantislip.com\/de\/produkt\/polygrip-treppennase-premium-grau-55-x-55-x-1000-mm-fein\/","og_site_name":"GripFactory","article_publisher":"https:\/\/www.facebook.com\/GripFactoryAntislip","article_modified_time":"2024-05-10T00:01:20+00:00","og_image":[{"width":1024,"height":1024,"url":"https:\/\/www.gripfactoryantislip.com\/wp-content\/uploads\/gripfactory_webshop_griptreads_trapneus-grijs_01.jpg","type":"image\/jpeg"}],"schema":{"@context":"https:\/\/schema.org","@graph":[{"@type":"WebPage","@id":"https:\/\/www.gripfactoryantislip.com\/de\/produkt\/polygrip-treppennase-premium-grau-55-x-55-x-1000-mm-fein\/","url":"https:\/\/www.gripfactoryantislip.com\/de\/produkt\/polygrip-treppennase-premium-grau-55-x-55-x-1000-mm-fein\/","name":"PolyGrip Treppennase Premium Grau 55 x 55 x 1000 mm (fein) &#060; GripFactory","isPartOf":{"@id":"https:\/\/www.gripfactoryantislip.com\/de\/#website"},"primaryImageOfPage":{"@id":"https:\/\/www.gripfactoryantislip.com\/de\/produkt\/polygrip-treppennase-premium-grau-55-x-55-x-1000-mm-fein\/#primaryimage"},"image":{"@id":"https:\/\/www.gripfactoryantislip.com\/de\/produkt\/polygrip-treppennase-premium-grau-55-x-55-x-1000-mm-fein\/#primaryimage"},"thumbnailUrl":"https:\/\/www.gripfactoryantislip.com\/wp-content\/uploads\/gripfactory_webshop_griptreads_trapneus-grijs_01.jpg","datePublished":"2022-04-09T11:07:41+00:00","dateModified":"2024-05-10T00:01:20+00:00","breadcrumb":{"@id":"https:\/\/www.gripfactoryantislip.com\/de\/produkt\/polygrip-treppennase-premium-grau-55-x-55-x-1000-mm-fein\/#breadcrumb"},"inLanguage":"de","potentialAction":[{"@type":"ReadAction","target":["https:\/\/www.gripfactoryantislip.com\/de\/produkt\/polygrip-treppennase-premium-grau-55-x-55-x-1000-mm-fein\/"]}]},{"@type":"ImageObject","inLanguage":"de","@id":"https:\/\/www.gripfactoryantislip.com\/de\/produkt\/polygrip-treppennase-premium-grau-55-x-55-x-1000-mm-fein\/#primaryimage","url":"https:\/\/www.gripfactoryantislip.com\/wp-content\/uploads\/gripfactory_webshop_griptreads_trapneus-grijs_01.jpg","contentUrl":"https:\/\/www.gripfactoryantislip.com\/wp-content\/uploads\/gripfactory_webshop_griptreads_trapneus-grijs_01.jpg","width":1024,"height":1024,"caption":"GripFactory PolyGrip Treppennase - grau"},{"@type":"BreadcrumbList","@id":"https:\/\/www.gripfactoryantislip.com\/de\/produkt\/polygrip-treppennase-premium-grau-55-x-55-x-1000-mm-fein\/#breadcrumb","itemListElement":[{"@type":"ListItem","position":1,"name":"Home","item":"https:\/\/www.gripfactoryantislip.com\/de\/"},{"@type":"ListItem","position":2,"name":"Webshop","item":"https:\/\/www.gripfactoryantislip.com\/de\/shop\/"},{"@type":"ListItem","position":3,"name":"PolyGrip Treppennase Premium Grau 55 x 55 x 1000 mm (fein)"}]},{"@type":"WebSite","@id":"https:\/\/www.gripfactoryantislip.com\/de\/#website","url":"https:\/\/www.gripfactoryantislip.com\/de\/","name":"GripFactory","description":"Innovative Anti-Rutsch-L\u00f6sungen f\u00fcr jede Oberfl\u00e4che","publisher":{"@id":"https:\/\/www.gripfactoryantislip.com\/de\/#organization"},"alternateName":"Floor Safety Solutions at GripFactory Anti-Slip","potentialAction":[{"@type":"SearchAction","target":{"@type":"EntryPoint","urlTemplate":"https:\/\/www.gripfactoryantislip.com\/de\/?s={search_term_string}"},"query-input":{"@type":"PropertyValueSpecification","valueRequired":true,"valueName":"search_term_string"}}],"inLanguage":"de"},{"@type":"Organization","@id":"https:\/\/www.gripfactoryantislip.com\/de\/#organization","name":"GripFactory B.V.","url":"https:\/\/www.gripfactoryantislip.com\/de\/","logo":{"@type":"ImageObject","inLanguage":"de","@id":"https:\/\/www.gripfactoryantislip.com\/de\/#\/schema\/logo\/image\/","url":"https:\/\/www.gripfactoryantislip.com\/wp-content\/uploads\/logo_gripfactory.jpg","contentUrl":"https:\/\/www.gripfactoryantislip.com\/wp-content\/uploads\/logo_gripfactory.jpg","width":269,"height":60,"caption":"GripFactory B.V."},"image":{"@id":"https:\/\/www.gripfactoryantislip.com\/de\/#\/schema\/logo\/image\/"},"sameAs":["https:\/\/www.facebook.com\/GripFactoryAntislip","https:\/\/www.instagram.com\/gripfactoryantislip\/","https:\/\/www.linkedin.com\/company\/gripfactoryantislip\/about\/"],"email":"info@gripfactory.nl","telephone":"+31348203000","legalName":"GripFactor B.V.","foundingDate":"2018-11-01","vatID":"NL859320856B01","taxID":"NL859320856B01","numberOfEmployees":{"@type":"QuantitativeValue","minValue":"1","maxValue":"10"}}]}},"_links":{"self":[{"href":"https:\/\/www.gripfactoryantislip.com\/de\/wp-json\/wp\/v2\/product\/26676","targetHints":{"allow":["GET"]}}],"collection":[{"href":"https:\/\/www.gripfactoryantislip.com\/de\/wp-json\/wp\/v2\/product"}],"about":[{"href":"https:\/\/www.gripfactoryantislip.com\/de\/wp-json\/wp\/v2\/types\/product"}],"replies":[{"embeddable":true,"href":"https:\/\/www.gripfactoryantislip.com\/de\/wp-json\/wp\/v2\/comments?post=26676"}],"wp:featuredmedia":[{"embeddable":true,"href":"https:\/\/www.gripfactoryantislip.com\/de\/wp-json\/wp\/v2\/media\/18937"}],"wp:attachment":[{"href":"https:\/\/www.gripfactoryantislip.com\/de\/wp-json\/wp\/v2\/media?parent=26676"}],"wp:term":[{"taxonomy":"product_brand","embeddable":true,"href":"https:\/\/www.gripfactoryantislip.com\/de\/wp-json\/wp\/v2\/product_brand?post=26676"},{"taxonomy":"product_cat","embeddable":true,"href":"https:\/\/www.gripfactoryantislip.com\/de\/wp-json\/wp\/v2\/product_cat?post=26676"},{"taxonomy":"product_tag","embeddable":true,"href":"https:\/\/www.gripfactoryantislip.com\/de\/wp-json\/wp\/v2\/product_tag?post=26676"}],"curies":[{"name":"wp","href":"https:\/\/api.w.org\/{rel}","templated":true}]}}