{"id":26714,"date":"2022-04-08T10:56:16","date_gmt":"2022-04-13T13:39:26","guid":{"rendered":"https:\/\/www.gripfactoryantislip.com\/product\/polygrip-leitersprosse-premium-gelb-400-x-30-mm-rund\/"},"modified":"2024-05-09T23:55:36","modified_gmt":"2024-05-09T21:55:36","slug":"polygrip-leitersprosse-premium-gelb-400-x-30-mm-rund","status":"publish","type":"product","link":"https:\/\/www.gripfactoryantislip.com\/de\/produkt\/polygrip-leitersprosse-premium-gelb-400-x-30-mm-rund\/","title":{"rendered":"PolyGrip Leitersprosse Premium Gelb 400 x 30 mm rund"},"content":{"rendered":"<div class=\"fusion-fullwidth fullwidth-box fusion-builder-row-1 nonhundred-percent-fullwidth non-hundred-percent-height-scrolling\" style=\"--awb-border-radius-top-left:0px;--awb-border-radius-top-right:0px;--awb-border-radius-bottom-right:0px;--awb-border-radius-bottom-left:0px;--awb-flex-wrap:wrap;\" ><div class=\"fusion-builder-row fusion-row\"><div class=\"fusion-layout-column fusion_builder_column fusion-builder-column-0 fusion_builder_column_1_1 1_1 fusion-one-full fusion-column-first fusion-column-last\" style=\"--awb-bg-size:cover;--awb-margin-bottom:0px;\"><div class=\"fusion-column-wrapper fusion-column-has-shadow fusion-flex-column-wrapper-legacy\"><div class=\"fusion-text fusion-text-1\" style=\"--awb-text-transform:none;\"><p>GripFactory PolyGrip Leitersprossen bestehen aus Polyester und sind mit Glasfaserfasern (GFK) mit einer Aluminiummaserung verst\u00e4rkt. Durch die Verwendung dieser hochwertigen Materialien sind die GripFactory PolyGrip Leitersprossen sehr stark und belastbar. GripFactory PolyGrip Leitersprossen sind eine dauerhafte L\u00f6sung f\u00fcr vorhandene (glatte oder abgenutzte) Leitersprossen. GripFactory PolyGrip Leitersprossen verringern das Risiko des Abrutschens von Leitern und erh\u00f6hen die Sicherheit der Leiter aufgrund der gr\u00f6\u00dferen verf\u00fcgbaren Fl\u00e4che. Sie erhalten satte 15 Jahre Garantie! Muster sind auf Anfrage erh\u00e4ltlich.<\/p>\n<\/div><div class=\"fusion-text fusion-text-2\" style=\"--awb-text-transform:none;\"><p>GripFactory PolyGrip Leitersprossen sind praktisch unzerst\u00f6rbar, v\u00f6llig splitter- und rissfrei sowie witterungsbest\u00e4ndig. Das leichte Material sch\u00fctzt vor Regen und Frost sowie vor \u00d6l, Chemikalien und Schlamm und erh\u00f6ht so die Sicherheit der Anlage. GripFactory PolyGrip Ladder Sprossen sind in jeder RAL-Farbe erh\u00e4ltlich und k\u00f6nnen sogar mit einem Lumineszenz-Finish geliefert werden, um die Sichtbarkeit bei schlechten Lichtverh\u00e4ltnissen zu verbessern.<\/p>\n<\/div><div class=\"fusion-sep-clear\"><\/div><div class=\"fusion-separator fusion-full-width-sep\" style=\"margin-left: auto;margin-right: auto;margin-top:10px;margin-bottom:10px;width:100%;\"><\/div><div class=\"fusion-sep-clear\"><\/div><div class=\"fusion-title title fusion-title-1 fusion-sep-none fusion-title-text fusion-title-size-two\" style=\"--awb-margin-top-small:0px;--awb-margin-right-small:0px;--awb-margin-bottom-small:20px;--awb-margin-left-small:0px;\"><h2 class=\"fusion-title-heading title-heading-left fusion-responsive-typography-calculated\" style=\"margin:0;--fontSize:30;--minFontSize:30;line-height:1.5;\">Merkmale<\/h2><\/div><div class=\"fusion-text fusion-text-3\" style=\"--awb-text-transform:none;\"><ul>\n<li>Schlagfest &#8211; lange Lebensdauer<\/li>\n<li>Wirksam bei nassen und \u00f6ligen Bedingungen<\/li>\n<li>Einfach zu montieren \u2013 reduziert Installationskosten<\/li>\n<li>Nicht leitend \u2013 eliminiert elektrische und thermische Gefahren<\/li>\n<li>Wartungsfrei \u2013 rostet oder korrodiert nicht<\/li>\n<li>65% leichter als Stahl \u2013 einfacher zu handhaben und g\u00fcnstiger zu installieren<\/li>\n<li>Erh\u00e4ltlich ab 2 mm Dicke<\/li>\n<li>Verf\u00fcgbar in jeder BS- oder RAL-Farbe<\/li>\n<li>Verf\u00fcgbar nach Ma\u00df<\/li>\n<li>UV-best\u00e4ndig<\/li>\n<li>Chemisch best\u00e4ndig<\/li>\n<\/ul>\n<\/div><div class=\"fusion-sep-clear\"><\/div><div class=\"fusion-separator fusion-full-width-sep\" style=\"margin-left: auto;margin-right: auto;margin-top:10px;margin-bottom:10px;width:100%;\"><\/div><div class=\"fusion-sep-clear\"><\/div><div class=\"fusion-title title fusion-title-2 fusion-sep-none fusion-title-text fusion-title-size-two\" style=\"--awb-margin-top-small:0px;--awb-margin-right-small:0px;--awb-margin-bottom-small:20px;--awb-margin-left-small:0px;\"><h2 class=\"fusion-title-heading title-heading-left fusion-responsive-typography-calculated\" style=\"margin:0;--fontSize:30;--minFontSize:30;line-height:1.5;\">Technische Daten<\/h2><\/div><div class=\"fusion-text fusion-text-4\" style=\"--awb-text-transform:none;\"><p>GripFactory PolyGrip Leitersprossen k\u00f6nnen in verschiedenen feuerfesten K\u00f6rnern geliefert werden:<\/p>\n<ul>\n<li>BS 476 Part 7 Class 1<\/li>\n<li>BS 476 Part 7 Class 2<\/li>\n<\/ul>\n<p><strong>W\u00e4rmeausdehnung:<\/strong><\/p>\n<ul>\n<li>30 x 10^(-6) \/ deg. C<\/li>\n<\/ul>\n<p><strong>Flexibilit\u00e4t:<\/strong><\/p>\n<ul>\n<li>193 MPa<\/li>\n<\/ul>\n<p><strong>Farben:<\/strong><br \/>\nGelb ist die Standardfarbe. GripFactory PolyGrip Leitersprossen k\u00f6nnen auch in anderen Farben oder in einer &#8220;Glow in the Dark&#8221;-Version (auf Anfrage) hergestellt werden.<\/p>\n<ul>\n<li>BS 4800 Farben<\/li>\n<li>BS 5252 Farben<\/li>\n<li>RAL Farben<\/li>\n<\/ul>\n<p><strong>Stromspannung:<\/strong><\/p>\n<ul>\n<li>123 MPa<\/li>\n<\/ul>\n<p><strong>W\u00e4rmeleitf\u00e4higkeit:<\/strong><\/p>\n<ul>\n<li>0,2 w\/m2K<\/li>\n<\/ul>\n<\/div><div class=\"fusion-sep-clear\"><\/div><div class=\"fusion-separator fusion-full-width-sep\" style=\"margin-left: auto;margin-right: auto;margin-top:10px;margin-bottom:10px;width:100%;\"><\/div><div class=\"fusion-sep-clear\"><\/div><div class=\"fusion-title title fusion-title-3 fusion-sep-none fusion-title-text fusion-title-size-two\" style=\"--awb-margin-top-small:0px;--awb-margin-right-small:0px;--awb-margin-bottom-small:20px;--awb-margin-left-small:0px;\"><h2 class=\"fusion-title-heading title-heading-left fusion-responsive-typography-calculated\" style=\"margin:0;--fontSize:30;--minFontSize:30;line-height:1.5;\">Standardisierung<\/h2><\/div><div class=\"fusion-text fusion-text-5\" style=\"--awb-text-transform:none;\"><p>GripFactory PolyGrip Leitersprossen sind eine kosteng\u00fcnstige M\u00f6glichkeit, Ihren Leitern zus\u00e4tzliche Sicherheitsfunktionen hinzuzuf\u00fcgen, damit sie sicherer klettern k\u00f6nnen. Sie k\u00f6nnen schnell und einfach \u00fcber bestehende Sportarten mit Kits wie &#8220;Purflex&#8221; installiert werden.<\/p>\n<\/div><div class=\"fusion-sep-clear\"><\/div><div class=\"fusion-separator fusion-full-width-sep\" style=\"margin-left: auto;margin-right: auto;margin-top:10px;margin-bottom:10px;width:100%;\"><\/div><div class=\"fusion-sep-clear\"><\/div><div class=\"fusion-title title fusion-title-4 fusion-sep-none fusion-title-text fusion-title-size-two\" style=\"--awb-margin-top-small:0px;--awb-margin-right-small:0px;--awb-margin-bottom-small:20px;--awb-margin-left-small:0px;\"><h2 class=\"fusion-title-heading title-heading-left fusion-responsive-typography-calculated\" style=\"margin:0;--fontSize:30;--minFontSize:30;line-height:1.5;\">Wichtige Dokumente<\/h2><\/div><div class=\"fusion-text fusion-text-6\" style=\"--awb-text-transform:none;\"><p>Datenblatt GripFactory PolyGrip Leitersprossen (<a href=\"https:\/\/www.gripfactoryantislip.com\/wp-content\/uploads\/gripfactory_datasheet_polygrip-laddersporten_NL.pdf\" target=\"new\" rel=\"noopener noreferrer\">NL<\/a> | <a href=\"https:\/\/www.gripfactoryantislip.com\/wp-content\/uploads\/gripfactory_datasheet_polygrip-laddersporten_EN.pdf\" target=\"new\" rel=\"noopener noreferrer\">EN<\/a>)<br \/>\nHandbuch GripFactory Polygrip Leitersprossen (<a href=\"https:\/\/www.gripfactoryantislip.com\/wp-content\/uploads\/gripfactory_montageinstructies_polygrip_NL.pdf\" target=\"new\" rel=\"noopener noreferrer\">NL<\/a> | <a href=\"https:\/\/www.gripfactoryantislip.com\/wp-content\/uploads\/gripfactory_montageinstructies_polygrip_EN.pdf\" target=\"new\" rel=\"noopener noreferrer\">EN<\/a>)<\/p>\n<\/div><div class=\"fusion-clearfix\"><\/div><\/div><\/div><\/div><\/div>\n\n","protected":false},"excerpt":{"rendered":"","protected":false},"featured_media":18860,"comment_status":"open","ping_status":"closed","template":"","meta":[],"product_brand":[],"product_cat":[2417,3363],"product_tag":[],"class_list":{"0":"post-26714","1":"product","2":"type-product","3":"status-publish","4":"has-post-thumbnail","6":"product_cat-griptreads","7":"product_cat-leitersprossen","8":"product_shipping_class-paket","10":"first","11":"instock","12":"taxable","13":"shipping-taxable","14":"purchasable","15":"product-type-simple"},"yoast_head":"<!-- This site is optimized with the Yoast SEO Premium plugin v27.3 (Yoast SEO v27.3) - https:\/\/yoast.com\/product\/yoast-seo-premium-wordpress\/ -->\n<title>PolyGrip Leitersprosse Premium Gelb 400 x 30 mm rund &#060; GripFactory<\/title>\n<meta name=\"robots\" content=\"index, follow, max-snippet:-1, max-image-preview:large, max-video-preview:-1\" \/>\n<link rel=\"canonical\" href=\"https:\/\/www.gripfactoryantislip.com\/de\/produkt\/polygrip-leitersprosse-premium-gelb-400-x-30-mm-rund\/\" \/>\n<meta property=\"og:locale\" content=\"de_DE\" \/>\n<meta property=\"og:type\" content=\"article\" \/>\n<meta property=\"og:title\" content=\"PolyGrip Leitersprosse Premium Gelb 400 x 30 mm rund\" \/>\n<meta property=\"og:url\" content=\"https:\/\/www.gripfactoryantislip.com\/de\/produkt\/polygrip-leitersprosse-premium-gelb-400-x-30-mm-rund\/\" \/>\n<meta property=\"og:site_name\" content=\"GripFactory\" \/>\n<meta property=\"article:publisher\" content=\"https:\/\/www.facebook.com\/GripFactoryAntislip\" \/>\n<meta property=\"article:modified_time\" content=\"2024-05-09T21:55:36+00:00\" \/>\n<meta property=\"og:image\" content=\"https:\/\/www.gripfactoryantislip.com\/wp-content\/uploads\/gripfactory_webshop_griptreads_laddersporten_01.jpg\" \/>\n\t<meta property=\"og:image:width\" content=\"1024\" \/>\n\t<meta property=\"og:image:height\" content=\"1024\" \/>\n\t<meta property=\"og:image:type\" content=\"image\/jpeg\" \/>\n<script type=\"application\/ld+json\" class=\"yoast-schema-graph\">{\"@context\":\"https:\\\/\\\/schema.org\",\"@graph\":[{\"@type\":\"WebPage\",\"@id\":\"https:\\\/\\\/www.gripfactoryantislip.com\\\/de\\\/produkt\\\/polygrip-leitersprosse-premium-gelb-400-x-30-mm-rund\\\/\",\"url\":\"https:\\\/\\\/www.gripfactoryantislip.com\\\/de\\\/produkt\\\/polygrip-leitersprosse-premium-gelb-400-x-30-mm-rund\\\/\",\"name\":\"PolyGrip Leitersprosse Premium Gelb 400 x 30 mm rund &#060; GripFactory\",\"isPartOf\":{\"@id\":\"https:\\\/\\\/www.gripfactoryantislip.com\\\/de\\\/#website\"},\"primaryImageOfPage\":{\"@id\":\"https:\\\/\\\/www.gripfactoryantislip.com\\\/de\\\/produkt\\\/polygrip-leitersprosse-premium-gelb-400-x-30-mm-rund\\\/#primaryimage\"},\"image\":{\"@id\":\"https:\\\/\\\/www.gripfactoryantislip.com\\\/de\\\/produkt\\\/polygrip-leitersprosse-premium-gelb-400-x-30-mm-rund\\\/#primaryimage\"},\"thumbnailUrl\":\"https:\\\/\\\/www.gripfactoryantislip.com\\\/wp-content\\\/uploads\\\/gripfactory_webshop_griptreads_laddersporten_01.jpg\",\"datePublished\":\"2022-04-13T13:39:26+00:00\",\"dateModified\":\"2024-05-09T21:55:36+00:00\",\"breadcrumb\":{\"@id\":\"https:\\\/\\\/www.gripfactoryantislip.com\\\/de\\\/produkt\\\/polygrip-leitersprosse-premium-gelb-400-x-30-mm-rund\\\/#breadcrumb\"},\"inLanguage\":\"de\",\"potentialAction\":[{\"@type\":\"ReadAction\",\"target\":[\"https:\\\/\\\/www.gripfactoryantislip.com\\\/de\\\/produkt\\\/polygrip-leitersprosse-premium-gelb-400-x-30-mm-rund\\\/\"]}]},{\"@type\":\"ImageObject\",\"inLanguage\":\"de\",\"@id\":\"https:\\\/\\\/www.gripfactoryantislip.com\\\/de\\\/produkt\\\/polygrip-leitersprosse-premium-gelb-400-x-30-mm-rund\\\/#primaryimage\",\"url\":\"https:\\\/\\\/www.gripfactoryantislip.com\\\/wp-content\\\/uploads\\\/gripfactory_webshop_griptreads_laddersporten_01.jpg\",\"contentUrl\":\"https:\\\/\\\/www.gripfactoryantislip.com\\\/wp-content\\\/uploads\\\/gripfactory_webshop_griptreads_laddersporten_01.jpg\",\"width\":1024,\"height\":1024,\"caption\":\"GripFactory PolyGrip Leitersprossen\"},{\"@type\":\"BreadcrumbList\",\"@id\":\"https:\\\/\\\/www.gripfactoryantislip.com\\\/de\\\/produkt\\\/polygrip-leitersprosse-premium-gelb-400-x-30-mm-rund\\\/#breadcrumb\",\"itemListElement\":[{\"@type\":\"ListItem\",\"position\":1,\"name\":\"Home\",\"item\":\"https:\\\/\\\/www.gripfactoryantislip.com\\\/de\\\/\"},{\"@type\":\"ListItem\",\"position\":2,\"name\":\"Webshop\",\"item\":\"https:\\\/\\\/www.gripfactoryantislip.com\\\/de\\\/shop\\\/\"},{\"@type\":\"ListItem\",\"position\":3,\"name\":\"PolyGrip Leitersprosse Premium Gelb 400 x 30 mm rund\"}]},{\"@type\":\"WebSite\",\"@id\":\"https:\\\/\\\/www.gripfactoryantislip.com\\\/de\\\/#website\",\"url\":\"https:\\\/\\\/www.gripfactoryantislip.com\\\/de\\\/\",\"name\":\"GripFactory\",\"description\":\"Innovative Anti-Rutsch-L\u00f6sungen f\u00fcr jede Oberfl\u00e4che\",\"publisher\":{\"@id\":\"https:\\\/\\\/www.gripfactoryantislip.com\\\/de\\\/#organization\"},\"alternateName\":\"Floor Safety Solutions at GripFactory Anti-Slip\",\"potentialAction\":[{\"@type\":\"SearchAction\",\"target\":{\"@type\":\"EntryPoint\",\"urlTemplate\":\"https:\\\/\\\/www.gripfactoryantislip.com\\\/de\\\/?s={search_term_string}\"},\"query-input\":{\"@type\":\"PropertyValueSpecification\",\"valueRequired\":true,\"valueName\":\"search_term_string\"}}],\"inLanguage\":\"de\"},{\"@type\":\"Organization\",\"@id\":\"https:\\\/\\\/www.gripfactoryantislip.com\\\/de\\\/#organization\",\"name\":\"GripFactory B.V.\",\"url\":\"https:\\\/\\\/www.gripfactoryantislip.com\\\/de\\\/\",\"logo\":{\"@type\":\"ImageObject\",\"inLanguage\":\"de\",\"@id\":\"https:\\\/\\\/www.gripfactoryantislip.com\\\/de\\\/#\\\/schema\\\/logo\\\/image\\\/\",\"url\":\"https:\\\/\\\/www.gripfactoryantislip.com\\\/wp-content\\\/uploads\\\/logo_gripfactory.jpg\",\"contentUrl\":\"https:\\\/\\\/www.gripfactoryantislip.com\\\/wp-content\\\/uploads\\\/logo_gripfactory.jpg\",\"width\":269,\"height\":60,\"caption\":\"GripFactory B.V.\"},\"image\":{\"@id\":\"https:\\\/\\\/www.gripfactoryantislip.com\\\/de\\\/#\\\/schema\\\/logo\\\/image\\\/\"},\"sameAs\":[\"https:\\\/\\\/www.facebook.com\\\/GripFactoryAntislip\",\"https:\\\/\\\/www.instagram.com\\\/gripfactoryantislip\\\/\",\"https:\\\/\\\/www.linkedin.com\\\/company\\\/gripfactoryantislip\\\/about\\\/\"],\"email\":\"info@gripfactory.nl\",\"telephone\":\"+31348203000\",\"legalName\":\"GripFactor B.V.\",\"foundingDate\":\"2018-11-01\",\"vatID\":\"NL859320856B01\",\"taxID\":\"NL859320856B01\",\"numberOfEmployees\":{\"@type\":\"QuantitativeValue\",\"minValue\":\"1\",\"maxValue\":\"10\"}}]}<\/script>\n<!-- \/ Yoast SEO Premium plugin. -->","yoast_head_json":{"title":"PolyGrip Leitersprosse Premium Gelb 400 x 30 mm rund &#060; GripFactory","robots":{"index":"index","follow":"follow","max-snippet":"max-snippet:-1","max-image-preview":"max-image-preview:large","max-video-preview":"max-video-preview:-1"},"canonical":"https:\/\/www.gripfactoryantislip.com\/de\/produkt\/polygrip-leitersprosse-premium-gelb-400-x-30-mm-rund\/","og_locale":"de_DE","og_type":"article","og_title":"PolyGrip Leitersprosse Premium Gelb 400 x 30 mm rund","og_url":"https:\/\/www.gripfactoryantislip.com\/de\/produkt\/polygrip-leitersprosse-premium-gelb-400-x-30-mm-rund\/","og_site_name":"GripFactory","article_publisher":"https:\/\/www.facebook.com\/GripFactoryAntislip","article_modified_time":"2024-05-09T21:55:36+00:00","og_image":[{"width":1024,"height":1024,"url":"https:\/\/www.gripfactoryantislip.com\/wp-content\/uploads\/gripfactory_webshop_griptreads_laddersporten_01.jpg","type":"image\/jpeg"}],"schema":{"@context":"https:\/\/schema.org","@graph":[{"@type":"WebPage","@id":"https:\/\/www.gripfactoryantislip.com\/de\/produkt\/polygrip-leitersprosse-premium-gelb-400-x-30-mm-rund\/","url":"https:\/\/www.gripfactoryantislip.com\/de\/produkt\/polygrip-leitersprosse-premium-gelb-400-x-30-mm-rund\/","name":"PolyGrip Leitersprosse Premium Gelb 400 x 30 mm rund &#060; GripFactory","isPartOf":{"@id":"https:\/\/www.gripfactoryantislip.com\/de\/#website"},"primaryImageOfPage":{"@id":"https:\/\/www.gripfactoryantislip.com\/de\/produkt\/polygrip-leitersprosse-premium-gelb-400-x-30-mm-rund\/#primaryimage"},"image":{"@id":"https:\/\/www.gripfactoryantislip.com\/de\/produkt\/polygrip-leitersprosse-premium-gelb-400-x-30-mm-rund\/#primaryimage"},"thumbnailUrl":"https:\/\/www.gripfactoryantislip.com\/wp-content\/uploads\/gripfactory_webshop_griptreads_laddersporten_01.jpg","datePublished":"2022-04-13T13:39:26+00:00","dateModified":"2024-05-09T21:55:36+00:00","breadcrumb":{"@id":"https:\/\/www.gripfactoryantislip.com\/de\/produkt\/polygrip-leitersprosse-premium-gelb-400-x-30-mm-rund\/#breadcrumb"},"inLanguage":"de","potentialAction":[{"@type":"ReadAction","target":["https:\/\/www.gripfactoryantislip.com\/de\/produkt\/polygrip-leitersprosse-premium-gelb-400-x-30-mm-rund\/"]}]},{"@type":"ImageObject","inLanguage":"de","@id":"https:\/\/www.gripfactoryantislip.com\/de\/produkt\/polygrip-leitersprosse-premium-gelb-400-x-30-mm-rund\/#primaryimage","url":"https:\/\/www.gripfactoryantislip.com\/wp-content\/uploads\/gripfactory_webshop_griptreads_laddersporten_01.jpg","contentUrl":"https:\/\/www.gripfactoryantislip.com\/wp-content\/uploads\/gripfactory_webshop_griptreads_laddersporten_01.jpg","width":1024,"height":1024,"caption":"GripFactory PolyGrip Leitersprossen"},{"@type":"BreadcrumbList","@id":"https:\/\/www.gripfactoryantislip.com\/de\/produkt\/polygrip-leitersprosse-premium-gelb-400-x-30-mm-rund\/#breadcrumb","itemListElement":[{"@type":"ListItem","position":1,"name":"Home","item":"https:\/\/www.gripfactoryantislip.com\/de\/"},{"@type":"ListItem","position":2,"name":"Webshop","item":"https:\/\/www.gripfactoryantislip.com\/de\/shop\/"},{"@type":"ListItem","position":3,"name":"PolyGrip Leitersprosse Premium Gelb 400 x 30 mm rund"}]},{"@type":"WebSite","@id":"https:\/\/www.gripfactoryantislip.com\/de\/#website","url":"https:\/\/www.gripfactoryantislip.com\/de\/","name":"GripFactory","description":"Innovative Anti-Rutsch-L\u00f6sungen f\u00fcr jede Oberfl\u00e4che","publisher":{"@id":"https:\/\/www.gripfactoryantislip.com\/de\/#organization"},"alternateName":"Floor Safety Solutions at GripFactory Anti-Slip","potentialAction":[{"@type":"SearchAction","target":{"@type":"EntryPoint","urlTemplate":"https:\/\/www.gripfactoryantislip.com\/de\/?s={search_term_string}"},"query-input":{"@type":"PropertyValueSpecification","valueRequired":true,"valueName":"search_term_string"}}],"inLanguage":"de"},{"@type":"Organization","@id":"https:\/\/www.gripfactoryantislip.com\/de\/#organization","name":"GripFactory B.V.","url":"https:\/\/www.gripfactoryantislip.com\/de\/","logo":{"@type":"ImageObject","inLanguage":"de","@id":"https:\/\/www.gripfactoryantislip.com\/de\/#\/schema\/logo\/image\/","url":"https:\/\/www.gripfactoryantislip.com\/wp-content\/uploads\/logo_gripfactory.jpg","contentUrl":"https:\/\/www.gripfactoryantislip.com\/wp-content\/uploads\/logo_gripfactory.jpg","width":269,"height":60,"caption":"GripFactory B.V."},"image":{"@id":"https:\/\/www.gripfactoryantislip.com\/de\/#\/schema\/logo\/image\/"},"sameAs":["https:\/\/www.facebook.com\/GripFactoryAntislip","https:\/\/www.instagram.com\/gripfactoryantislip\/","https:\/\/www.linkedin.com\/company\/gripfactoryantislip\/about\/"],"email":"info@gripfactory.nl","telephone":"+31348203000","legalName":"GripFactor B.V.","foundingDate":"2018-11-01","vatID":"NL859320856B01","taxID":"NL859320856B01","numberOfEmployees":{"@type":"QuantitativeValue","minValue":"1","maxValue":"10"}}]}},"_links":{"self":[{"href":"https:\/\/www.gripfactoryantislip.com\/de\/wp-json\/wp\/v2\/product\/26714","targetHints":{"allow":["GET"]}}],"collection":[{"href":"https:\/\/www.gripfactoryantislip.com\/de\/wp-json\/wp\/v2\/product"}],"about":[{"href":"https:\/\/www.gripfactoryantislip.com\/de\/wp-json\/wp\/v2\/types\/product"}],"replies":[{"embeddable":true,"href":"https:\/\/www.gripfactoryantislip.com\/de\/wp-json\/wp\/v2\/comments?post=26714"}],"wp:featuredmedia":[{"embeddable":true,"href":"https:\/\/www.gripfactoryantislip.com\/de\/wp-json\/wp\/v2\/media\/18860"}],"wp:attachment":[{"href":"https:\/\/www.gripfactoryantislip.com\/de\/wp-json\/wp\/v2\/media?parent=26714"}],"wp:term":[{"taxonomy":"product_brand","embeddable":true,"href":"https:\/\/www.gripfactoryantislip.com\/de\/wp-json\/wp\/v2\/product_brand?post=26714"},{"taxonomy":"product_cat","embeddable":true,"href":"https:\/\/www.gripfactoryantislip.com\/de\/wp-json\/wp\/v2\/product_cat?post=26714"},{"taxonomy":"product_tag","embeddable":true,"href":"https:\/\/www.gripfactoryantislip.com\/de\/wp-json\/wp\/v2\/product_tag?post=26714"}],"curies":[{"name":"wp","href":"https:\/\/api.w.org\/{rel}","templated":true}]}}