{"id":26774,"date":"2022-01-25T06:45:44","date_gmt":"2022-04-13T14:14:04","guid":{"rendered":"https:\/\/www.gripfactoryantislip.com\/product\/faithfull-soft-grip-nahtrolle-holz\/"},"modified":"2024-05-09T19:50:07","modified_gmt":"2024-05-09T17:50:07","slug":"faithfull-soft-grip-nahtrolle-holz","status":"publish","type":"product","link":"https:\/\/www.gripfactoryantislip.com\/de\/produkt\/faithfull-soft-grip-nahtrolle-holz\/","title":{"rendered":"Faithfull Soft-Grip-Nahtrolle (Holz)"},"content":{"rendered":"<div class=\"fusion-fullwidth fullwidth-box fusion-builder-row-1 fusion-flex-container nonhundred-percent-fullwidth non-hundred-percent-height-scrolling\" style=\"--awb-border-radius-top-left:0px;--awb-border-radius-top-right:0px;--awb-border-radius-bottom-right:0px;--awb-border-radius-bottom-left:0px;--awb-flex-wrap:wrap;\" ><div class=\"fusion-builder-row fusion-row fusion-flex-align-items-flex-start fusion-flex-content-wrap\" style=\"max-width:1144px;margin-left: calc(-4% \/ 2 );margin-right: calc(-4% \/ 2 );\"><div class=\"fusion-layout-column fusion_builder_column fusion-builder-column-0 fusion_builder_column_1_1 1_1 fusion-flex-column\" style=\"--awb-bg-size:cover;--awb-width-large:100%;--awb-margin-top-large:0px;--awb-spacing-right-large:1.92%;--awb-margin-bottom-large:20px;--awb-spacing-left-large:1.92%;--awb-width-medium:100%;--awb-order-medium:0;--awb-spacing-right-medium:1.92%;--awb-spacing-left-medium:1.92%;--awb-width-small:100%;--awb-order-small:0;--awb-spacing-right-small:1.92%;--awb-spacing-left-small:1.92%;\"><div class=\"fusion-column-wrapper fusion-column-has-shadow fusion-flex-justify-content-flex-start fusion-content-layout-column\"><div class=\"fusion-text fusion-text-1\" style=\"--awb-text-transform:none;\"><p>Faithfull Nahtrollen sind erh\u00e4ltlich, um die Haltbarkeit Ihres rutschfesten Klebebands oder Bodenmarkierungsbandes zu erh\u00f6hen. Durch die Verwendung der Nahtwalze nach dem Aufbringen Ihres rutschfesten oder Bodenmarkierungsbandes, durch Druckaus\u00fcbung auf die Oberfl\u00e4che mit der Nahtwalze, wird die Haftung zwischen dem Kleber und der Bodenoberfl\u00e4che erh\u00f6ht. Dies f\u00fchrt zu einer schnell ausgeh\u00e4rteten Oberfl\u00e4che mit einer dauerhaften Anwendung.<\/p>\n<\/div><div class=\"fusion-text fusion-text-2\" style=\"--awb-text-transform:none;\"><p>Die Faithfull Holznahtrolle verf\u00fcgt \u00fcber einen Edelstahlrahmen f\u00fcr eine lange Lebensdauer und Korrosionsbest\u00e4ndigkeit. Der Softgrip-Griff sorgt f\u00fcr mehr Komfort. Rollenbreite: 38mm.<\/p>\n<\/div><\/div><\/div><\/div><\/div>\n","protected":false},"excerpt":{"rendered":"","protected":false},"featured_media":25682,"comment_status":"open","ping_status":"closed","template":"","meta":[],"product_brand":[],"product_cat":[2358,3940],"product_tag":[],"class_list":{"0":"post-26774","1":"product","2":"type-product","3":"status-publish","4":"has-post-thumbnail","6":"product_cat-gripaccessories","7":"product_cat-werkzeug","8":"product_shipping_class-paket","10":"first","11":"instock","12":"taxable","13":"shipping-taxable","14":"purchasable","15":"product-type-simple"},"yoast_head":"<!-- This site is optimized with the Yoast SEO Premium plugin v27.3 (Yoast SEO v27.4) - https:\/\/yoast.com\/product\/yoast-seo-premium-wordpress\/ -->\n<title>Faithfull Soft-Grip-Nahtrolle (Holz) &#060; GripFactory<\/title>\n<meta name=\"robots\" content=\"index, follow, max-snippet:-1, max-image-preview:large, max-video-preview:-1\" \/>\n<link rel=\"canonical\" href=\"https:\/\/www.gripfactoryantislip.com\/de\/produkt\/faithfull-soft-grip-nahtrolle-holz\/\" \/>\n<meta property=\"og:locale\" content=\"de_DE\" \/>\n<meta property=\"og:type\" content=\"article\" \/>\n<meta property=\"og:title\" content=\"Faithfull Soft-Grip-Nahtrolle (Holz)\" \/>\n<meta property=\"og:url\" content=\"https:\/\/www.gripfactoryantislip.com\/de\/produkt\/faithfull-soft-grip-nahtrolle-holz\/\" \/>\n<meta property=\"og:site_name\" content=\"GripFactory\" \/>\n<meta property=\"article:publisher\" content=\"https:\/\/www.facebook.com\/GripFactoryAntislip\" \/>\n<meta property=\"article:modified_time\" content=\"2024-05-09T17:50:07+00:00\" \/>\n<meta property=\"og:image\" content=\"https:\/\/www.gripfactoryantislip.com\/wp-content\/uploads\/4000028_Failthfull_Seam-Roller-Wood_38mm_productfoto_02.jpg\" \/>\n\t<meta property=\"og:image:width\" content=\"1000\" \/>\n\t<meta property=\"og:image:height\" content=\"1000\" \/>\n\t<meta property=\"og:image:type\" content=\"image\/jpeg\" \/>\n<meta name=\"twitter:label1\" content=\"Gesch\u00e4tzte Lesezeit\" \/>\n\t<meta name=\"twitter:data1\" content=\"4\u00a0Minuten\" \/>\n<script type=\"application\/ld+json\" class=\"yoast-schema-graph\">{\"@context\":\"https:\\\/\\\/schema.org\",\"@graph\":[{\"@type\":\"WebPage\",\"@id\":\"https:\\\/\\\/www.gripfactoryantislip.com\\\/de\\\/produkt\\\/faithfull-soft-grip-nahtrolle-holz\\\/\",\"url\":\"https:\\\/\\\/www.gripfactoryantislip.com\\\/de\\\/produkt\\\/faithfull-soft-grip-nahtrolle-holz\\\/\",\"name\":\"Faithfull Soft-Grip-Nahtrolle (Holz) &#060; GripFactory\",\"isPartOf\":{\"@id\":\"https:\\\/\\\/www.gripfactoryantislip.com\\\/de\\\/#website\"},\"primaryImageOfPage\":{\"@id\":\"https:\\\/\\\/www.gripfactoryantislip.com\\\/de\\\/produkt\\\/faithfull-soft-grip-nahtrolle-holz\\\/#primaryimage\"},\"image\":{\"@id\":\"https:\\\/\\\/www.gripfactoryantislip.com\\\/de\\\/produkt\\\/faithfull-soft-grip-nahtrolle-holz\\\/#primaryimage\"},\"thumbnailUrl\":\"https:\\\/\\\/www.gripfactoryantislip.com\\\/wp-content\\\/uploads\\\/4000028_Failthfull_Seam-Roller-Wood_38mm_productfoto_02.jpg\",\"datePublished\":\"2022-04-13T14:14:04+00:00\",\"dateModified\":\"2024-05-09T17:50:07+00:00\",\"breadcrumb\":{\"@id\":\"https:\\\/\\\/www.gripfactoryantislip.com\\\/de\\\/produkt\\\/faithfull-soft-grip-nahtrolle-holz\\\/#breadcrumb\"},\"inLanguage\":\"de\",\"potentialAction\":[{\"@type\":\"ReadAction\",\"target\":[\"https:\\\/\\\/www.gripfactoryantislip.com\\\/de\\\/produkt\\\/faithfull-soft-grip-nahtrolle-holz\\\/\"]}]},{\"@type\":\"ImageObject\",\"inLanguage\":\"de\",\"@id\":\"https:\\\/\\\/www.gripfactoryantislip.com\\\/de\\\/produkt\\\/faithfull-soft-grip-nahtrolle-holz\\\/#primaryimage\",\"url\":\"https:\\\/\\\/www.gripfactoryantislip.com\\\/wp-content\\\/uploads\\\/4000028_Failthfull_Seam-Roller-Wood_38mm_productfoto_02.jpg\",\"contentUrl\":\"https:\\\/\\\/www.gripfactoryantislip.com\\\/wp-content\\\/uploads\\\/4000028_Failthfull_Seam-Roller-Wood_38mm_productfoto_02.jpg\",\"width\":1000,\"height\":1000},{\"@type\":\"BreadcrumbList\",\"@id\":\"https:\\\/\\\/www.gripfactoryantislip.com\\\/de\\\/produkt\\\/faithfull-soft-grip-nahtrolle-holz\\\/#breadcrumb\",\"itemListElement\":[{\"@type\":\"ListItem\",\"position\":1,\"name\":\"Home\",\"item\":\"https:\\\/\\\/www.gripfactoryantislip.com\\\/de\\\/\"},{\"@type\":\"ListItem\",\"position\":2,\"name\":\"Webshop\",\"item\":\"https:\\\/\\\/www.gripfactoryantislip.com\\\/de\\\/shop\\\/\"},{\"@type\":\"ListItem\",\"position\":3,\"name\":\"Faithfull Soft-Grip-Nahtrolle (Holz)\"}]},{\"@type\":\"WebSite\",\"@id\":\"https:\\\/\\\/www.gripfactoryantislip.com\\\/de\\\/#website\",\"url\":\"https:\\\/\\\/www.gripfactoryantislip.com\\\/de\\\/\",\"name\":\"GripFactory\",\"description\":\"Innovative Anti-Rutsch-L\u00f6sungen f\u00fcr jede Oberfl\u00e4che\",\"publisher\":{\"@id\":\"https:\\\/\\\/www.gripfactoryantislip.com\\\/de\\\/#organization\"},\"alternateName\":\"Floor Safety Solutions at GripFactory Anti-Slip\",\"potentialAction\":[{\"@type\":\"SearchAction\",\"target\":{\"@type\":\"EntryPoint\",\"urlTemplate\":\"https:\\\/\\\/www.gripfactoryantislip.com\\\/de\\\/?s={search_term_string}\"},\"query-input\":{\"@type\":\"PropertyValueSpecification\",\"valueRequired\":true,\"valueName\":\"search_term_string\"}}],\"inLanguage\":\"de\"},{\"@type\":\"Organization\",\"@id\":\"https:\\\/\\\/www.gripfactoryantislip.com\\\/de\\\/#organization\",\"name\":\"GripFactory B.V.\",\"url\":\"https:\\\/\\\/www.gripfactoryantislip.com\\\/de\\\/\",\"logo\":{\"@type\":\"ImageObject\",\"inLanguage\":\"de\",\"@id\":\"https:\\\/\\\/www.gripfactoryantislip.com\\\/de\\\/#\\\/schema\\\/logo\\\/image\\\/\",\"url\":\"https:\\\/\\\/www.gripfactoryantislip.com\\\/wp-content\\\/uploads\\\/logo_gripfactory.jpg\",\"contentUrl\":\"https:\\\/\\\/www.gripfactoryantislip.com\\\/wp-content\\\/uploads\\\/logo_gripfactory.jpg\",\"width\":269,\"height\":60,\"caption\":\"GripFactory B.V.\"},\"image\":{\"@id\":\"https:\\\/\\\/www.gripfactoryantislip.com\\\/de\\\/#\\\/schema\\\/logo\\\/image\\\/\"},\"sameAs\":[\"https:\\\/\\\/www.facebook.com\\\/GripFactoryAntislip\",\"https:\\\/\\\/www.instagram.com\\\/gripfactoryantislip\\\/\",\"https:\\\/\\\/www.linkedin.com\\\/company\\\/gripfactoryantislip\\\/about\\\/\"],\"email\":\"info@gripfactory.nl\",\"telephone\":\"+31348203000\",\"legalName\":\"GripFactor B.V.\",\"foundingDate\":\"2018-11-01\",\"vatID\":\"NL859320856B01\",\"taxID\":\"NL859320856B01\",\"numberOfEmployees\":{\"@type\":\"QuantitativeValue\",\"minValue\":\"1\",\"maxValue\":\"10\"}}]}<\/script>\n<!-- \/ Yoast SEO Premium plugin. -->","yoast_head_json":{"title":"Faithfull Soft-Grip-Nahtrolle (Holz) &#060; GripFactory","robots":{"index":"index","follow":"follow","max-snippet":"max-snippet:-1","max-image-preview":"max-image-preview:large","max-video-preview":"max-video-preview:-1"},"canonical":"https:\/\/www.gripfactoryantislip.com\/de\/produkt\/faithfull-soft-grip-nahtrolle-holz\/","og_locale":"de_DE","og_type":"article","og_title":"Faithfull Soft-Grip-Nahtrolle (Holz)","og_url":"https:\/\/www.gripfactoryantislip.com\/de\/produkt\/faithfull-soft-grip-nahtrolle-holz\/","og_site_name":"GripFactory","article_publisher":"https:\/\/www.facebook.com\/GripFactoryAntislip","article_modified_time":"2024-05-09T17:50:07+00:00","og_image":[{"width":1000,"height":1000,"url":"https:\/\/www.gripfactoryantislip.com\/wp-content\/uploads\/4000028_Failthfull_Seam-Roller-Wood_38mm_productfoto_02.jpg","type":"image\/jpeg"}],"twitter_misc":{"Gesch\u00e4tzte Lesezeit":"4\u00a0Minuten"},"schema":{"@context":"https:\/\/schema.org","@graph":[{"@type":"WebPage","@id":"https:\/\/www.gripfactoryantislip.com\/de\/produkt\/faithfull-soft-grip-nahtrolle-holz\/","url":"https:\/\/www.gripfactoryantislip.com\/de\/produkt\/faithfull-soft-grip-nahtrolle-holz\/","name":"Faithfull Soft-Grip-Nahtrolle (Holz) &#060; GripFactory","isPartOf":{"@id":"https:\/\/www.gripfactoryantislip.com\/de\/#website"},"primaryImageOfPage":{"@id":"https:\/\/www.gripfactoryantislip.com\/de\/produkt\/faithfull-soft-grip-nahtrolle-holz\/#primaryimage"},"image":{"@id":"https:\/\/www.gripfactoryantislip.com\/de\/produkt\/faithfull-soft-grip-nahtrolle-holz\/#primaryimage"},"thumbnailUrl":"https:\/\/www.gripfactoryantislip.com\/wp-content\/uploads\/4000028_Failthfull_Seam-Roller-Wood_38mm_productfoto_02.jpg","datePublished":"2022-04-13T14:14:04+00:00","dateModified":"2024-05-09T17:50:07+00:00","breadcrumb":{"@id":"https:\/\/www.gripfactoryantislip.com\/de\/produkt\/faithfull-soft-grip-nahtrolle-holz\/#breadcrumb"},"inLanguage":"de","potentialAction":[{"@type":"ReadAction","target":["https:\/\/www.gripfactoryantislip.com\/de\/produkt\/faithfull-soft-grip-nahtrolle-holz\/"]}]},{"@type":"ImageObject","inLanguage":"de","@id":"https:\/\/www.gripfactoryantislip.com\/de\/produkt\/faithfull-soft-grip-nahtrolle-holz\/#primaryimage","url":"https:\/\/www.gripfactoryantislip.com\/wp-content\/uploads\/4000028_Failthfull_Seam-Roller-Wood_38mm_productfoto_02.jpg","contentUrl":"https:\/\/www.gripfactoryantislip.com\/wp-content\/uploads\/4000028_Failthfull_Seam-Roller-Wood_38mm_productfoto_02.jpg","width":1000,"height":1000},{"@type":"BreadcrumbList","@id":"https:\/\/www.gripfactoryantislip.com\/de\/produkt\/faithfull-soft-grip-nahtrolle-holz\/#breadcrumb","itemListElement":[{"@type":"ListItem","position":1,"name":"Home","item":"https:\/\/www.gripfactoryantislip.com\/de\/"},{"@type":"ListItem","position":2,"name":"Webshop","item":"https:\/\/www.gripfactoryantislip.com\/de\/shop\/"},{"@type":"ListItem","position":3,"name":"Faithfull Soft-Grip-Nahtrolle (Holz)"}]},{"@type":"WebSite","@id":"https:\/\/www.gripfactoryantislip.com\/de\/#website","url":"https:\/\/www.gripfactoryantislip.com\/de\/","name":"GripFactory","description":"Innovative Anti-Rutsch-L\u00f6sungen f\u00fcr jede Oberfl\u00e4che","publisher":{"@id":"https:\/\/www.gripfactoryantislip.com\/de\/#organization"},"alternateName":"Floor Safety Solutions at GripFactory Anti-Slip","potentialAction":[{"@type":"SearchAction","target":{"@type":"EntryPoint","urlTemplate":"https:\/\/www.gripfactoryantislip.com\/de\/?s={search_term_string}"},"query-input":{"@type":"PropertyValueSpecification","valueRequired":true,"valueName":"search_term_string"}}],"inLanguage":"de"},{"@type":"Organization","@id":"https:\/\/www.gripfactoryantislip.com\/de\/#organization","name":"GripFactory B.V.","url":"https:\/\/www.gripfactoryantislip.com\/de\/","logo":{"@type":"ImageObject","inLanguage":"de","@id":"https:\/\/www.gripfactoryantislip.com\/de\/#\/schema\/logo\/image\/","url":"https:\/\/www.gripfactoryantislip.com\/wp-content\/uploads\/logo_gripfactory.jpg","contentUrl":"https:\/\/www.gripfactoryantislip.com\/wp-content\/uploads\/logo_gripfactory.jpg","width":269,"height":60,"caption":"GripFactory B.V."},"image":{"@id":"https:\/\/www.gripfactoryantislip.com\/de\/#\/schema\/logo\/image\/"},"sameAs":["https:\/\/www.facebook.com\/GripFactoryAntislip","https:\/\/www.instagram.com\/gripfactoryantislip\/","https:\/\/www.linkedin.com\/company\/gripfactoryantislip\/about\/"],"email":"info@gripfactory.nl","telephone":"+31348203000","legalName":"GripFactor B.V.","foundingDate":"2018-11-01","vatID":"NL859320856B01","taxID":"NL859320856B01","numberOfEmployees":{"@type":"QuantitativeValue","minValue":"1","maxValue":"10"}}]}},"_links":{"self":[{"href":"https:\/\/www.gripfactoryantislip.com\/de\/wp-json\/wp\/v2\/product\/26774","targetHints":{"allow":["GET"]}}],"collection":[{"href":"https:\/\/www.gripfactoryantislip.com\/de\/wp-json\/wp\/v2\/product"}],"about":[{"href":"https:\/\/www.gripfactoryantislip.com\/de\/wp-json\/wp\/v2\/types\/product"}],"replies":[{"embeddable":true,"href":"https:\/\/www.gripfactoryantislip.com\/de\/wp-json\/wp\/v2\/comments?post=26774"}],"wp:featuredmedia":[{"embeddable":true,"href":"https:\/\/www.gripfactoryantislip.com\/de\/wp-json\/wp\/v2\/media\/25682"}],"wp:attachment":[{"href":"https:\/\/www.gripfactoryantislip.com\/de\/wp-json\/wp\/v2\/media?parent=26774"}],"wp:term":[{"taxonomy":"product_brand","embeddable":true,"href":"https:\/\/www.gripfactoryantislip.com\/de\/wp-json\/wp\/v2\/product_brand?post=26774"},{"taxonomy":"product_cat","embeddable":true,"href":"https:\/\/www.gripfactoryantislip.com\/de\/wp-json\/wp\/v2\/product_cat?post=26774"},{"taxonomy":"product_tag","embeddable":true,"href":"https:\/\/www.gripfactoryantislip.com\/de\/wp-json\/wp\/v2\/product_tag?post=26774"}],"curies":[{"name":"wp","href":"https:\/\/api.w.org\/{rel}","templated":true}]}}