{"id":27015,"date":"2022-01-21T12:36:02","date_gmt":"2022-04-13T14:44:36","guid":{"rendered":"https:\/\/www.gripfactoryantislip.com\/product\/gripfactory-markierungsband-premium-gelb-75-mm-rolle\/"},"modified":"2024-05-10T19:05:28","modified_gmt":"2024-05-10T17:05:28","slug":"gripfactory-markierungsband-premium-gelb-75-mm-rolle","status":"publish","type":"product","link":"https:\/\/www.gripfactoryantislip.com\/de\/produkt\/gripfactory-markierungsband-premium-gelb-75-mm-rolle\/","title":{"rendered":"GripFactory Markierungsband Premium Gelb 75 mm (Rolle)"},"content":{"rendered":"<div class=\"fusion-fullwidth fullwidth-box fusion-builder-row-1 nonhundred-percent-fullwidth non-hundred-percent-height-scrolling\" style=\"--awb-border-radius-top-left:0px;--awb-border-radius-top-right:0px;--awb-border-radius-bottom-right:0px;--awb-border-radius-bottom-left:0px;--awb-flex-wrap:wrap;\" ><div class=\"fusion-builder-row fusion-row\"><div class=\"fusion-layout-column fusion_builder_column fusion-builder-column-0 fusion_builder_column_1_1 1_1 fusion-one-full fusion-column-first fusion-column-last\" style=\"--awb-bg-size:cover;--awb-margin-bottom:0px;\"><div class=\"fusion-column-wrapper fusion-column-has-shadow fusion-flex-column-wrapper-legacy\"><div class=\"fusion-text fusion-text-1\" style=\"--awb-text-transform:none;\"><p>GripFactory Markierungsband Premium ist ein effektives und langlebiges Gangmarkierungssystem. Es ist die moderne Alternative zur Harz- und Farbkennzeichnung und unterst\u00fctzt fortschrittliche Unternehmen dabei, den Status einer 5S-Bodenkennzeichnung zu erreichen. GripFactory Markierungsband Premium eignet sich auch zur Durchsetzung sozialer Distanz. GripFactory Markierungsband Premium ist in Breiten von 50, 75 oder 100 mm auf Rollen von 30 Metern erh\u00e4ltlich. Andere Formate wie (benutzerdefinierte) Formen, Zahlen, Buchstaben, Pfeile und Scheiben sind auf Anfrage erh\u00e4ltlich. GripFactory Markierungsband Premium ist ab Lager lieferbar und in verschiedenen Farben erh\u00e4ltlich (schwarz, blau, gr\u00fcn, rot, rot \/ wei\u00df, schwarz \/ wei\u00df, schwarz \/ gelb, gelb, fluoreszierendes Gelb und Wei\u00df).<\/p>\n<\/div><div class=\"fusion-sep-clear\"><\/div><div class=\"fusion-separator fusion-full-width-sep\" style=\"margin-left: auto;margin-right: auto;margin-top:20px;margin-bottom:20px;width:100%;\"><\/div><div class=\"fusion-sep-clear\"><\/div><div class=\"fusion-title title fusion-title-1 fusion-sep-none fusion-title-text fusion-title-size-two\" style=\"--awb-margin-top-small:0px;--awb-margin-right-small:0px;--awb-margin-bottom-small:20px;--awb-margin-left-small:0px;\"><h2 class=\"fusion-title-heading title-heading-left fusion-responsive-typography-calculated\" style=\"margin:0;--fontSize:30;--minFontSize:30;line-height:1.5;\">Wie funktioniert es?<\/h2><\/div><div class=\"fusion-text fusion-text-2\" style=\"--awb-text-transform:none;\"><p>GripFactory Markierungsband Premium l\u00e4sst sich sehr einfach selbst auftragen. Reinigen Sie die Oberfl\u00e4che und ziehen Sie einfach den Schutzstreifen zur\u00fcck und kleben Sie das Klebeband auf. Dr\u00fccken Sie dann auf das Markierungsband.<\/p>\n<\/div><div class=\"fusion-sep-clear\"><\/div><div class=\"fusion-separator fusion-full-width-sep\" style=\"margin-left: auto;margin-right: auto;margin-top:20px;margin-bottom:20px;width:100%;\"><\/div><div class=\"fusion-sep-clear\"><\/div><div class=\"fusion-title title fusion-title-2 fusion-sep-none fusion-title-text fusion-title-size-two\" style=\"--awb-margin-top-small:0px;--awb-margin-right-small:0px;--awb-margin-bottom-small:20px;--awb-margin-left-small:0px;\"><h2 class=\"fusion-title-heading title-heading-left fusion-responsive-typography-calculated\" style=\"margin:0;--fontSize:30;--minFontSize:30;line-height:1.5;\">Vorteile<\/h2><\/div><div class=\"fusion-text fusion-text-3\" style=\"--awb-text-transform:none;\"><p>Mit GripFactory Markierungsband Premium k\u00f6nnen Sie sich auf eine langlebige Markierungsl\u00f6sung in Ihrem Lager, Ihrer Fabrik, Ihrem Krankenhaus, Gesch\u00e4ft, Restaurant oder Hotel verlassen.<\/p>\n<ul>\n<li>Es ist keine detaillierte Vorbereitung erforderlich.<\/li>\n<li>Es werden keine D\u00e4mpfe oder L\u00f6sungsmittel freigesetzt.<\/li>\n<li>Keine Behinderung, da der Arbeitsbereich verwendet werden kann, w\u00e4hrend das Markierungsband angebracht wird, selbst in Einrichtungen zur Zubereitung von Speisen;<\/li>\n<li>Keine Aush\u00e4rtungszeit \u2013 Sie haben sofort die gew\u00fcnschte Markierung;<\/li>\n<li>Wenn es zerkratzt wird, wirkt es sich nicht auf die Volltonfarben aus.<\/li>\n<li>Aufgrund seiner extremen Festigkeit rei\u00dft das Klebeband beim Entfernen nicht. Dies macht es einfach, \u00c4nderungen an der Markierung vorzunehmen.<\/li>\n<\/ul>\n<\/div><div class=\"fusion-sep-clear\"><\/div><div class=\"fusion-separator fusion-full-width-sep\" style=\"margin-left: auto;margin-right: auto;margin-top:20px;margin-bottom:20px;width:100%;\"><\/div><div class=\"fusion-sep-clear\"><\/div><div class=\"fusion-title title fusion-title-3 fusion-sep-none fusion-title-text fusion-title-size-two\" style=\"--awb-margin-top-small:0px;--awb-margin-right-small:0px;--awb-margin-bottom-small:20px;--awb-margin-left-small:0px;\"><h2 class=\"fusion-title-heading title-heading-left fusion-responsive-typography-calculated\" style=\"margin:0;--fontSize:30;--minFontSize:30;line-height:1.5;\">Anwendungsbereiche<\/h2><\/div><div class=\"fusion-text fusion-text-4\" style=\"--awb-text-transform:none;\"><ul>\n<li>Treppen \/ Treppenabs\u00e4tze<\/li>\n<li>Einkaufszentren \/ Gesch\u00e4fte<\/li>\n<li>Restaurants \/ Hotels<\/li>\n<li>Krankenh\u00e4user \/ Pflegeheime<\/li>\n<li>Bahnh\u00f6fe \/ U-Bahnstationen<\/li>\n<li>Schulen \/ Universit\u00e4ten<\/li>\n<li>Lagerh\u00e4user<\/li>\n<li>\u00d6ffentliche Geb\u00e4ude<\/li>\n<li>Produktionsanlagen<\/li>\n<li>Freizeitparks<\/li>\n<\/ul>\n<\/div><div class=\"fusion-sep-clear\"><\/div><div class=\"fusion-separator fusion-full-width-sep\" style=\"margin-left: auto;margin-right: auto;margin-top:20px;margin-bottom:20px;width:100%;\"><\/div><div class=\"fusion-sep-clear\"><\/div><div class=\"fusion-title title fusion-title-4 fusion-sep-none fusion-title-text fusion-title-size-two\" style=\"--awb-margin-top-small:0px;--awb-margin-right-small:0px;--awb-margin-bottom-small:20px;--awb-margin-left-small:0px;\"><h2 class=\"fusion-title-heading title-heading-left fusion-responsive-typography-calculated\" style=\"margin:0;--fontSize:30;--minFontSize:30;line-height:1.5;\">Geeignet f\u00fcr folgende Oberfl\u00e4chen<\/h2><\/div><div class=\"fusion-text fusion-text-5\" style=\"--awb-text-transform:none;\"><ul>\n<li>Acryl<\/li>\n<li>Beton<\/li>\n<li>Epoxid<\/li>\n<li>Keramikfliesen<\/li>\n<li>Marmor &amp; Granit<\/li>\n<li>Polyester<\/li>\n<li>Aufrei\u00dfplatte<\/li>\n<li>Glas<\/li>\n<\/ul>\n<\/div><div class=\"fusion-sep-clear\"><\/div><div class=\"fusion-separator fusion-full-width-sep\" style=\"margin-left: auto;margin-right: auto;margin-top:20px;margin-bottom:20px;width:100%;\"><\/div><div class=\"fusion-sep-clear\"><\/div><div class=\"fusion-title title fusion-title-5 fusion-sep-none fusion-title-text fusion-title-size-two\" style=\"--awb-margin-top-small:0px;--awb-margin-right-small:0px;--awb-margin-bottom-small:20px;--awb-margin-left-small:0px;\"><h2 class=\"fusion-title-heading title-heading-left fusion-responsive-typography-calculated\" style=\"margin:0;--fontSize:30;--minFontSize:30;line-height:1.5;\">Technische Daten<\/h2><\/div>\n<table border=\"1\" width=\"100%\">\n<thead>\n<tr>\n<th align=\"left\"><strong>Thema<\/strong><\/th>\n<th align=\"left\"><strong>Ergebnis<\/strong><\/th>\n<th align=\"left\"><strong>Testmethode<\/strong><\/th>\n<\/tr>\n<\/thead>\n<tbody>\n<tr>\n<td>Kunststoffzusammensetzung<\/td>\n<td>PVC<\/td>\n<td>n \/ A<\/td>\n<\/tr>\n<tr>\n<td>Dicke Kunststoff<\/td>\n<td>1 mm<\/td>\n<td>n \/ A<\/td>\n<\/tr>\n<tr>\n<td>Peladh\u00e4sion, N\/ 25mm<\/td>\n<td>42,2<\/td>\n<td>180\u00b0 FINAT FTM1<\/td>\n<\/tr>\n<tr>\n<td>Zugfestigkeit, N \/ 25 mm<\/td>\n<td>mehr als 200<\/td>\n<td>Lloyd 500N W\u00e4gezelle<\/td>\n<\/tr>\n<tr>\n<td>Leimdicke<\/td>\n<td>0,2 mm<\/td>\n<td>n \/ A<\/td>\n<\/tr>\n<tr>\n<td>Gesamtdicke<\/td>\n<td>1,3 mm<\/td>\n<td>n \/ A<\/td>\n<\/tr>\n<tr>\n<td>Ersthaftung (cm)<\/td>\n<td>weniger als 8<\/td>\n<td>PSTC-6<\/td>\n<\/tr>\n<tr>\n<td>180\u00b0 Haftung (kg \/ 25,4 mm)<\/td>\n<td>mehr als 1,8<\/td>\n<td>ASTM-D1000<\/td>\n<\/tr>\n<tr>\n<td>Klebende Kraft (Stunde \/ kg \/ 25,4 mm2)<\/td>\n<td>mehr als 48<\/td>\n<td>PSTC-7<\/td>\n<\/tr>\n<tr>\n<td>Bruchdehnung<\/td>\n<td>25%<\/td>\n<td>PSTC-31<\/td>\n<\/tr>\n<tr>\n<td>Temperaturbereich (C)<\/td>\n<td>-30\u00b0C bis +70\u00b0C<\/td>\n<td>siehe unten<\/td>\n<\/tr>\n<\/tbody>\n<\/table>\n<div class=\"fusion-text fusion-text-6\" style=\"--awb-text-transform:none;\"><p>Das unabh\u00e4ngige Pr\u00fcflabor von Adhesive Technical Services Ltd f\u00fchrte den Temperaturtest in England durch.<\/p>\n<\/div><div class=\"fusion-sep-clear\"><\/div><div class=\"fusion-separator fusion-full-width-sep\" style=\"margin-left: auto;margin-right: auto;margin-top:20px;margin-bottom:20px;width:100%;\"><\/div><div class=\"fusion-sep-clear\"><\/div><div class=\"fusion-title title fusion-title-6 fusion-sep-none fusion-title-text fusion-title-size-two\" style=\"--awb-margin-top-small:0px;--awb-margin-right-small:0px;--awb-margin-bottom-small:20px;--awb-margin-left-small:0px;\"><h2 class=\"fusion-title-heading title-heading-left fusion-responsive-typography-calculated\" style=\"margin:0;--fontSize:30;--minFontSize:30;line-height:1.5;\">Farben<\/h2><\/div>\n<table border=\"1\" width=\"100%\">\n<thead>\n<tr>\n<th align=\"left\"><strong>Farbe<\/strong><\/th>\n<th align=\"left\"><strong>Pantone \/ RAL Referenz<\/strong><\/th>\n<\/tr>\n<\/thead>\n<tbody>\n<tr>\n<td>Schwarz<\/td>\n<td>Pantone Schwarz 6 \/ RAL<\/td>\n<\/tr>\n<tr>\n<td>Gelb<\/td>\n<td>Pantone 108H \/ RAL 1018<\/td>\n<\/tr>\n<tr>\n<td>Schwarz \/ Gelb<\/td>\n<td>Pantone Schwarz 6 &amp; 1235 \/ RAL 9004 &amp; 1021<\/td>\n<\/tr>\n<tr>\n<td>Gr\u00fcn<\/td>\n<td>Pantone Gr\u00fcn U \/ RAL 6018<\/td>\n<\/tr>\n<tr>\n<td>Rot<\/td>\n<td>Pantone 199H \/ RAL 3018<\/td>\n<\/tr>\n<tr>\n<td>Orange<\/td>\n<td>Pantone 021U \/ RAL 2009<\/td>\n<\/tr>\n<tr>\n<td>Blau<\/td>\n<td>Pantone 281H \/ RAL 5012<\/td>\n<\/tr>\n<tr>\n<td>Schwarz \/ Wei\u00df<\/td>\n<td>Pantone Schwarz 6 &amp; 7541 \/ RAL 9004 &amp; 9003<\/td>\n<\/tr>\n<tr>\n<td>Fluoreszierendes Gelb<\/td>\n<td>Pantone 803U \/ RAL 1016<\/td>\n<\/tr>\n<tr>\n<td>Wei\u00df<\/td>\n<td>Pantone 7541 \/ RAL<\/td>\n<\/tr>\n<tr>\n<td>Rot \/ Weiss<\/td>\n<td>Pantone 485 &amp; 7541 \/ RAL 3001 &amp; 9003<\/td>\n<\/tr>\n<\/tbody>\n<\/table>\n<div class=\"fusion-sep-clear\"><\/div><div class=\"fusion-separator fusion-full-width-sep\" style=\"margin-left: auto;margin-right: auto;margin-top:20px;margin-bottom:20px;width:100%;\"><\/div><div class=\"fusion-sep-clear\"><\/div><div class=\"fusion-title title fusion-title-7 fusion-sep-none fusion-title-text fusion-title-size-two\" style=\"--awb-margin-top-small:0px;--awb-margin-right-small:0px;--awb-margin-bottom-small:20px;--awb-margin-left-small:0px;\"><h2 class=\"fusion-title-heading title-heading-left fusion-responsive-typography-calculated\" style=\"margin:0;--fontSize:30;--minFontSize:30;line-height:1.5;\">Reibungskategorie<\/h2><\/div>\n<table border=\"1\" width=\"100%\">\n<thead>\n<tr>\n<th align=\"left\"><strong>Thema<\/strong><\/th>\n<th align=\"left\"><strong>Reibungskoeffizient<\/strong><\/th>\n<th align=\"left\"><strong>Testmethode<\/strong><\/th>\n<\/tr>\n<\/thead>\n<tbody>\n<tr>\n<td>GripFactory Markierungsband Premium<\/td>\n<td>R10<\/td>\n<td>DIN51130<\/td>\n<\/tr>\n<\/tbody>\n<\/table>\n<div class=\"fusion-text fusion-text-7\" style=\"--awb-text-transform:none;\"><p>Die obigen Tests wurden in \u00dcbereinstimmung mit einem Pendel durchgef\u00fchrt, die Tests wurden in einem akkreditierten unabh\u00e4ngigen Reibungspr\u00fcflabor durchgef\u00fchrt.<\/p>\n<\/div><div class=\"fusion-sep-clear\"><\/div><div class=\"fusion-separator fusion-full-width-sep\" style=\"margin-left: auto;margin-right: auto;margin-top:20px;margin-bottom:20px;width:100%;\"><\/div><div class=\"fusion-sep-clear\"><\/div><div class=\"fusion-title title fusion-title-8 fusion-sep-none fusion-title-text fusion-title-size-two\" style=\"--awb-margin-top-small:0px;--awb-margin-right-small:0px;--awb-margin-bottom-small:20px;--awb-margin-left-small:0px;\"><h2 class=\"fusion-title-heading title-heading-left fusion-responsive-typography-calculated\" style=\"margin:0;--fontSize:30;--minFontSize:30;line-height:1.5;\">Wichtige Dokumente<\/h2><\/div><div class=\"fusion-text fusion-text-8\" style=\"--awb-text-transform:none;\"><p>Datenblatt GripFactory Markierungsband Premium (<a href=\"https:\/\/www.gripfactoryantislip.com\/wp-content\/uploads\/gripfactory_datasheet_markeringstape-premium_NL.pdf\" target=\"_blank\" rel=\"noopener noreferrer\">NL<\/a> | <a href=\"https:\/\/www.gripfactoryantislip.com\/wp-content\/uploads\/gripfactory_datasheet_markeringstape-premium_EN.pdf\" target=\"_blank\" rel=\"noopener noreferrer\">EN<\/a>)<br \/>\nReferenzblatt GripFactory Markierungsband Premium (<a href=\"https:\/\/www.gripfactoryantislip.com\/wp-content\/uploads\/gripfactory_referentiesheet_markeringstape-premium_NL.pdf\" target=\"_blank\" rel=\"noopener noreferrer\">NL<\/a> | <a href=\"https:\/\/www.gripfactoryantislip.com\/wp-content\/uploads\/gripfactory_referentiesheet_markeringstape-premium_EN.pdf\" target=\"_blank\" rel=\"noopener noreferrer\">EN<\/a>)<br \/>\nSicherheitsdatenblatt GripFactory Markierungsband Premium (<a href=\"https:\/\/www.gripfactoryantislip.com\/wp-content\/uploads\/gripfactory_veiligheidsinformatieblad_markeringstape-premium_NL.pdf\" target=\"_blank\" rel=\"noopener noreferrer\">NL<\/a> | <a href=\"https:\/\/www.gripfactoryantislip.com\/wp-content\/uploads\/gripfactory_veiligheidsinformatieblad_markeringstape-premium_EN.pdf\" target=\"_blank\" rel=\"noopener noreferrer\">EN<\/a>)<\/p>\n<\/div><div class=\"fusion-clearfix\"><\/div><\/div><\/div><\/div><\/div>\n\n","protected":false},"excerpt":{"rendered":"","protected":false},"featured_media":18774,"comment_status":"open","ping_status":"closed","template":"","meta":[],"product_brand":[],"product_cat":[2358,3338],"product_tag":[],"class_list":{"0":"post-27015","1":"product","2":"type-product","3":"status-publish","4":"has-post-thumbnail","6":"product_cat-gripaccessories","7":"product_cat-markierungs-klebeband","8":"product_shipping_class-paket","10":"first","11":"instock","12":"taxable","13":"shipping-taxable","14":"purchasable","15":"product-type-simple"},"yoast_head":"<!-- This site is optimized with the Yoast SEO Premium plugin v27.2 (Yoast SEO v27.3) - https:\/\/yoast.com\/product\/yoast-seo-premium-wordpress\/ -->\n<title>GripFactory Markierungsband Premium Gelb 75 mm (Rolle) &#060; GripFactory<\/title>\n<meta name=\"robots\" content=\"index, follow, max-snippet:-1, max-image-preview:large, max-video-preview:-1\" \/>\n<link rel=\"canonical\" href=\"https:\/\/www.gripfactoryantislip.com\/de\/produkt\/gripfactory-markierungsband-premium-gelb-75-mm-rolle\/\" \/>\n<meta property=\"og:locale\" content=\"de_DE\" \/>\n<meta property=\"og:type\" content=\"article\" \/>\n<meta property=\"og:title\" content=\"GripFactory Markierungsband Premium Gelb 75 mm (Rolle)\" \/>\n<meta property=\"og:url\" content=\"https:\/\/www.gripfactoryantislip.com\/de\/produkt\/gripfactory-markierungsband-premium-gelb-75-mm-rolle\/\" \/>\n<meta property=\"og:site_name\" content=\"GripFactory\" \/>\n<meta property=\"article:publisher\" content=\"https:\/\/www.facebook.com\/GripFactoryAntislip\" \/>\n<meta property=\"article:modified_time\" content=\"2024-05-10T17:05:28+00:00\" \/>\n<meta property=\"og:image\" content=\"https:\/\/www.gripfactoryantislip.com\/wp-content\/uploads\/gripfactory_webshop_gripaccessories_markeringstape-premium_rol_75mm_geel_01.jpg\" \/>\n\t<meta property=\"og:image:width\" content=\"1024\" \/>\n\t<meta property=\"og:image:height\" content=\"1024\" \/>\n\t<meta property=\"og:image:type\" content=\"image\/jpeg\" \/>\n<script type=\"application\/ld+json\" class=\"yoast-schema-graph\">{\"@context\":\"https:\\\/\\\/schema.org\",\"@graph\":[{\"@type\":\"WebPage\",\"@id\":\"https:\\\/\\\/www.gripfactoryantislip.com\\\/de\\\/produkt\\\/gripfactory-markierungsband-premium-gelb-75-mm-rolle\\\/\",\"url\":\"https:\\\/\\\/www.gripfactoryantislip.com\\\/de\\\/produkt\\\/gripfactory-markierungsband-premium-gelb-75-mm-rolle\\\/\",\"name\":\"GripFactory Markierungsband Premium Gelb 75 mm (Rolle) &#060; GripFactory\",\"isPartOf\":{\"@id\":\"https:\\\/\\\/www.gripfactoryantislip.com\\\/de\\\/#website\"},\"primaryImageOfPage\":{\"@id\":\"https:\\\/\\\/www.gripfactoryantislip.com\\\/de\\\/produkt\\\/gripfactory-markierungsband-premium-gelb-75-mm-rolle\\\/#primaryimage\"},\"image\":{\"@id\":\"https:\\\/\\\/www.gripfactoryantislip.com\\\/de\\\/produkt\\\/gripfactory-markierungsband-premium-gelb-75-mm-rolle\\\/#primaryimage\"},\"thumbnailUrl\":\"https:\\\/\\\/www.gripfactoryantislip.com\\\/wp-content\\\/uploads\\\/gripfactory_webshop_gripaccessories_markeringstape-premium_rol_75mm_geel_01.jpg\",\"datePublished\":\"2022-04-13T14:44:36+00:00\",\"dateModified\":\"2024-05-10T17:05:28+00:00\",\"breadcrumb\":{\"@id\":\"https:\\\/\\\/www.gripfactoryantislip.com\\\/de\\\/produkt\\\/gripfactory-markierungsband-premium-gelb-75-mm-rolle\\\/#breadcrumb\"},\"inLanguage\":\"de\",\"potentialAction\":[{\"@type\":\"ReadAction\",\"target\":[\"https:\\\/\\\/www.gripfactoryantislip.com\\\/de\\\/produkt\\\/gripfactory-markierungsband-premium-gelb-75-mm-rolle\\\/\"]}]},{\"@type\":\"ImageObject\",\"inLanguage\":\"de\",\"@id\":\"https:\\\/\\\/www.gripfactoryantislip.com\\\/de\\\/produkt\\\/gripfactory-markierungsband-premium-gelb-75-mm-rolle\\\/#primaryimage\",\"url\":\"https:\\\/\\\/www.gripfactoryantislip.com\\\/wp-content\\\/uploads\\\/gripfactory_webshop_gripaccessories_markeringstape-premium_rol_75mm_geel_01.jpg\",\"contentUrl\":\"https:\\\/\\\/www.gripfactoryantislip.com\\\/wp-content\\\/uploads\\\/gripfactory_webshop_gripaccessories_markeringstape-premium_rol_75mm_geel_01.jpg\",\"width\":1024,\"height\":1024,\"caption\":\"GripFactory Markierungsband Premium - Rolle Gelb\"},{\"@type\":\"BreadcrumbList\",\"@id\":\"https:\\\/\\\/www.gripfactoryantislip.com\\\/de\\\/produkt\\\/gripfactory-markierungsband-premium-gelb-75-mm-rolle\\\/#breadcrumb\",\"itemListElement\":[{\"@type\":\"ListItem\",\"position\":1,\"name\":\"Home\",\"item\":\"https:\\\/\\\/www.gripfactoryantislip.com\\\/de\\\/\"},{\"@type\":\"ListItem\",\"position\":2,\"name\":\"Webshop\",\"item\":\"https:\\\/\\\/www.gripfactoryantislip.com\\\/de\\\/shop\\\/\"},{\"@type\":\"ListItem\",\"position\":3,\"name\":\"GripFactory Markierungsband Premium Gelb 75 mm (Rolle)\"}]},{\"@type\":\"WebSite\",\"@id\":\"https:\\\/\\\/www.gripfactoryantislip.com\\\/de\\\/#website\",\"url\":\"https:\\\/\\\/www.gripfactoryantislip.com\\\/de\\\/\",\"name\":\"GripFactory\",\"description\":\"Innovative Anti-Rutsch-L\u00f6sungen f\u00fcr jede Oberfl\u00e4che\",\"publisher\":{\"@id\":\"https:\\\/\\\/www.gripfactoryantislip.com\\\/de\\\/#organization\"},\"alternateName\":\"Floor Safety Solutions at GripFactory Anti-Slip\",\"potentialAction\":[{\"@type\":\"SearchAction\",\"target\":{\"@type\":\"EntryPoint\",\"urlTemplate\":\"https:\\\/\\\/www.gripfactoryantislip.com\\\/de\\\/?s={search_term_string}\"},\"query-input\":{\"@type\":\"PropertyValueSpecification\",\"valueRequired\":true,\"valueName\":\"search_term_string\"}}],\"inLanguage\":\"de\"},{\"@type\":\"Organization\",\"@id\":\"https:\\\/\\\/www.gripfactoryantislip.com\\\/de\\\/#organization\",\"name\":\"GripFactory B.V.\",\"url\":\"https:\\\/\\\/www.gripfactoryantislip.com\\\/de\\\/\",\"logo\":{\"@type\":\"ImageObject\",\"inLanguage\":\"de\",\"@id\":\"https:\\\/\\\/www.gripfactoryantislip.com\\\/de\\\/#\\\/schema\\\/logo\\\/image\\\/\",\"url\":\"https:\\\/\\\/www.gripfactoryantislip.com\\\/wp-content\\\/uploads\\\/logo_gripfactory.jpg\",\"contentUrl\":\"https:\\\/\\\/www.gripfactoryantislip.com\\\/wp-content\\\/uploads\\\/logo_gripfactory.jpg\",\"width\":269,\"height\":60,\"caption\":\"GripFactory B.V.\"},\"image\":{\"@id\":\"https:\\\/\\\/www.gripfactoryantislip.com\\\/de\\\/#\\\/schema\\\/logo\\\/image\\\/\"},\"sameAs\":[\"https:\\\/\\\/www.facebook.com\\\/GripFactoryAntislip\",\"https:\\\/\\\/www.instagram.com\\\/gripfactoryantislip\\\/\",\"https:\\\/\\\/www.linkedin.com\\\/company\\\/gripfactoryantislip\\\/about\\\/\"],\"email\":\"info@gripfactory.nl\",\"telephone\":\"+31348203000\",\"legalName\":\"GripFactor B.V.\",\"foundingDate\":\"2018-11-01\",\"vatID\":\"NL859320856B01\",\"taxID\":\"NL859320856B01\",\"numberOfEmployees\":{\"@type\":\"QuantitativeValue\",\"minValue\":\"1\",\"maxValue\":\"10\"}}]}<\/script>\n<!-- \/ Yoast SEO Premium plugin. -->","yoast_head_json":{"title":"GripFactory Markierungsband Premium Gelb 75 mm (Rolle) &#060; GripFactory","robots":{"index":"index","follow":"follow","max-snippet":"max-snippet:-1","max-image-preview":"max-image-preview:large","max-video-preview":"max-video-preview:-1"},"canonical":"https:\/\/www.gripfactoryantislip.com\/de\/produkt\/gripfactory-markierungsband-premium-gelb-75-mm-rolle\/","og_locale":"de_DE","og_type":"article","og_title":"GripFactory Markierungsband Premium Gelb 75 mm (Rolle)","og_url":"https:\/\/www.gripfactoryantislip.com\/de\/produkt\/gripfactory-markierungsband-premium-gelb-75-mm-rolle\/","og_site_name":"GripFactory","article_publisher":"https:\/\/www.facebook.com\/GripFactoryAntislip","article_modified_time":"2024-05-10T17:05:28+00:00","og_image":[{"width":1024,"height":1024,"url":"https:\/\/www.gripfactoryantislip.com\/wp-content\/uploads\/gripfactory_webshop_gripaccessories_markeringstape-premium_rol_75mm_geel_01.jpg","type":"image\/jpeg"}],"schema":{"@context":"https:\/\/schema.org","@graph":[{"@type":"WebPage","@id":"https:\/\/www.gripfactoryantislip.com\/de\/produkt\/gripfactory-markierungsband-premium-gelb-75-mm-rolle\/","url":"https:\/\/www.gripfactoryantislip.com\/de\/produkt\/gripfactory-markierungsband-premium-gelb-75-mm-rolle\/","name":"GripFactory Markierungsband Premium Gelb 75 mm (Rolle) &#060; GripFactory","isPartOf":{"@id":"https:\/\/www.gripfactoryantislip.com\/de\/#website"},"primaryImageOfPage":{"@id":"https:\/\/www.gripfactoryantislip.com\/de\/produkt\/gripfactory-markierungsband-premium-gelb-75-mm-rolle\/#primaryimage"},"image":{"@id":"https:\/\/www.gripfactoryantislip.com\/de\/produkt\/gripfactory-markierungsband-premium-gelb-75-mm-rolle\/#primaryimage"},"thumbnailUrl":"https:\/\/www.gripfactoryantislip.com\/wp-content\/uploads\/gripfactory_webshop_gripaccessories_markeringstape-premium_rol_75mm_geel_01.jpg","datePublished":"2022-04-13T14:44:36+00:00","dateModified":"2024-05-10T17:05:28+00:00","breadcrumb":{"@id":"https:\/\/www.gripfactoryantislip.com\/de\/produkt\/gripfactory-markierungsband-premium-gelb-75-mm-rolle\/#breadcrumb"},"inLanguage":"de","potentialAction":[{"@type":"ReadAction","target":["https:\/\/www.gripfactoryantislip.com\/de\/produkt\/gripfactory-markierungsband-premium-gelb-75-mm-rolle\/"]}]},{"@type":"ImageObject","inLanguage":"de","@id":"https:\/\/www.gripfactoryantislip.com\/de\/produkt\/gripfactory-markierungsband-premium-gelb-75-mm-rolle\/#primaryimage","url":"https:\/\/www.gripfactoryantislip.com\/wp-content\/uploads\/gripfactory_webshop_gripaccessories_markeringstape-premium_rol_75mm_geel_01.jpg","contentUrl":"https:\/\/www.gripfactoryantislip.com\/wp-content\/uploads\/gripfactory_webshop_gripaccessories_markeringstape-premium_rol_75mm_geel_01.jpg","width":1024,"height":1024,"caption":"GripFactory Markierungsband Premium - Rolle Gelb"},{"@type":"BreadcrumbList","@id":"https:\/\/www.gripfactoryantislip.com\/de\/produkt\/gripfactory-markierungsband-premium-gelb-75-mm-rolle\/#breadcrumb","itemListElement":[{"@type":"ListItem","position":1,"name":"Home","item":"https:\/\/www.gripfactoryantislip.com\/de\/"},{"@type":"ListItem","position":2,"name":"Webshop","item":"https:\/\/www.gripfactoryantislip.com\/de\/shop\/"},{"@type":"ListItem","position":3,"name":"GripFactory Markierungsband Premium Gelb 75 mm (Rolle)"}]},{"@type":"WebSite","@id":"https:\/\/www.gripfactoryantislip.com\/de\/#website","url":"https:\/\/www.gripfactoryantislip.com\/de\/","name":"GripFactory","description":"Innovative Anti-Rutsch-L\u00f6sungen f\u00fcr jede Oberfl\u00e4che","publisher":{"@id":"https:\/\/www.gripfactoryantislip.com\/de\/#organization"},"alternateName":"Floor Safety Solutions at GripFactory Anti-Slip","potentialAction":[{"@type":"SearchAction","target":{"@type":"EntryPoint","urlTemplate":"https:\/\/www.gripfactoryantislip.com\/de\/?s={search_term_string}"},"query-input":{"@type":"PropertyValueSpecification","valueRequired":true,"valueName":"search_term_string"}}],"inLanguage":"de"},{"@type":"Organization","@id":"https:\/\/www.gripfactoryantislip.com\/de\/#organization","name":"GripFactory B.V.","url":"https:\/\/www.gripfactoryantislip.com\/de\/","logo":{"@type":"ImageObject","inLanguage":"de","@id":"https:\/\/www.gripfactoryantislip.com\/de\/#\/schema\/logo\/image\/","url":"https:\/\/www.gripfactoryantislip.com\/wp-content\/uploads\/logo_gripfactory.jpg","contentUrl":"https:\/\/www.gripfactoryantislip.com\/wp-content\/uploads\/logo_gripfactory.jpg","width":269,"height":60,"caption":"GripFactory B.V."},"image":{"@id":"https:\/\/www.gripfactoryantislip.com\/de\/#\/schema\/logo\/image\/"},"sameAs":["https:\/\/www.facebook.com\/GripFactoryAntislip","https:\/\/www.instagram.com\/gripfactoryantislip\/","https:\/\/www.linkedin.com\/company\/gripfactoryantislip\/about\/"],"email":"info@gripfactory.nl","telephone":"+31348203000","legalName":"GripFactor B.V.","foundingDate":"2018-11-01","vatID":"NL859320856B01","taxID":"NL859320856B01","numberOfEmployees":{"@type":"QuantitativeValue","minValue":"1","maxValue":"10"}}]}},"_links":{"self":[{"href":"https:\/\/www.gripfactoryantislip.com\/de\/wp-json\/wp\/v2\/product\/27015","targetHints":{"allow":["GET"]}}],"collection":[{"href":"https:\/\/www.gripfactoryantislip.com\/de\/wp-json\/wp\/v2\/product"}],"about":[{"href":"https:\/\/www.gripfactoryantislip.com\/de\/wp-json\/wp\/v2\/types\/product"}],"replies":[{"embeddable":true,"href":"https:\/\/www.gripfactoryantislip.com\/de\/wp-json\/wp\/v2\/comments?post=27015"}],"wp:featuredmedia":[{"embeddable":true,"href":"https:\/\/www.gripfactoryantislip.com\/de\/wp-json\/wp\/v2\/media\/18774"}],"wp:attachment":[{"href":"https:\/\/www.gripfactoryantislip.com\/de\/wp-json\/wp\/v2\/media?parent=27015"}],"wp:term":[{"taxonomy":"product_brand","embeddable":true,"href":"https:\/\/www.gripfactoryantislip.com\/de\/wp-json\/wp\/v2\/product_brand?post=27015"},{"taxonomy":"product_cat","embeddable":true,"href":"https:\/\/www.gripfactoryantislip.com\/de\/wp-json\/wp\/v2\/product_cat?post=27015"},{"taxonomy":"product_tag","embeddable":true,"href":"https:\/\/www.gripfactoryantislip.com\/de\/wp-json\/wp\/v2\/product_tag?post=27015"}],"curies":[{"name":"wp","href":"https:\/\/api.w.org\/{rel}","templated":true}]}}