{"id":22101,"date":"2021-12-29T12:36:48","date_gmt":"2021-12-29T11:36:48","guid":{"rendered":"https:\/\/www.gripfactoryantislip.com\/prekes-nuo-slydimo\/grippriedai\/"},"modified":"2024-03-13T09:18:55","modified_gmt":"2024-03-13T08:18:55","slug":"grippriedai","status":"publish","type":"page","link":"https:\/\/www.gripfactoryantislip.com\/lt\/prekes-nuo-slydimo\/grippriedai\/","title":{"rendered":"GRIPpriedai"},"content":{"rendered":"<p><div class=\"fusion-fullwidth fullwidth-box fusion-builder-row-1 has-pattern-background has-mask-background nonhundred-percent-fullwidth non-hundred-percent-height-scrolling\" style=\"--awb-border-radius-top-left:0px;--awb-border-radius-top-right:0px;--awb-border-radius-bottom-right:0px;--awb-border-radius-bottom-left:0px;--awb-margin-top:50px;--awb-margin-bottom:50px;--awb-flex-wrap:wrap;\" ><div class=\"fusion-builder-row fusion-row\"><div class=\"fusion-layout-column fusion_builder_column fusion-builder-column-0 fusion_builder_column_1_1 1_1 fusion-one-full fusion-column-first fusion-column-last\" style=\"--awb-bg-size:cover;\"><div class=\"fusion-column-wrapper fusion-flex-column-wrapper-legacy\"><div class=\"fusion-title title fusion-title-1 fusion-sep-none fusion-title-text fusion-title-size-one\" style=\"--awb-margin-top-small:0px;--awb-margin-right-small:0px;--awb-margin-bottom-small:20px;--awb-margin-left-small:0px;\"><h1 class=\"fusion-title-heading title-heading-left fusion-responsive-typography-calculated\" style=\"margin:0;--fontSize:36;line-height:1.4;\">GRIPpriedai<\/h1><\/div><div class=\"fusion-text fusion-text-1 gripfactory-responsive-text\"><p style=\"color: #ffffff;\">Norint pritaikyti, i\u0161valyti ar atnaujinti m\u016bs\u0173 neslystan\u010dius sprendimus, reikalingos \u012fvairios med\u017eiagos. Tai galite padaryti su priedais. Nuo tvirtinimo element\u0173, skirt\u0173 GRIP laipt\u0173 pakop\u0173 tvirtinimui, iki sl\u0117ginio purk\u0161tuvo, skirto naudoti TitaniumGrip. M\u016bs\u0173 klijai GRIP juostoms ant medini\u0173 pavir\u0161i\u0173 buvo parinkti kaip geriausi po ilgus metus trukusi\u0173 intensyvi\u0173 tyrim\u0173. Apdorot\u0173 grind\u0173 prie\u017ei\u016brai rekomenduojame valikl\u012f be muilo TitaniumGrip Cleaner. Prie produkt\u0173 yra naudojimo vadovai, kuriuose nurodoma, ko reikia padenginant pavir\u0161i\u0173.<\/p>\n<\/div><div class=\"fusion-clearfix\"><\/div><\/div><\/div><\/div><\/div><div class=\"fusion-fullwidth fullwidth-box fusion-builder-row-2 hundred-percent-fullwidth non-hundred-percent-height-scrolling fusion-equal-height-columns\" style=\"--awb-border-radius-top-left:0px;--awb-border-radius-top-right:0px;--awb-border-radius-bottom-right:0px;--awb-border-radius-bottom-left:0px;--awb-padding-top:0px;--awb-padding-right:0px;--awb-padding-bottom:0px;--awb-padding-left:0px;--awb-margin-top:0px;--awb-margin-bottom:0px;--awb-background-color:#828282;--awb-flex-wrap:wrap;\" ><div class=\"fusion-builder-row fusion-row\"><div class=\"fusion-layout-column fusion_builder_column fusion-builder-column-1 fusion_builder_column_1_3 1_3 fusion-one-third fusion-column-first fusion-column-inner-bg-wrapper\" style=\"--awb-inner-bg-image:url(&#039;https:\/\/www.gripfactoryantislip.com\/wp-content\/uploads\/gripfactory_product_titaniumgrip-cleaner_01.jpg&#039;);--awb-inner-bg-position:center center;--awb-inner-bg-size:cover;--awb-margin-bottom:0px;width:33.333333333333%;width:calc(33.333333333333% - ( ( 0px ) * 0.33333333333333 ) );margin-right: 0px;\"><span class=\"fusion-column-inner-bg hover-type-zoomin\"><span class=\"fusion-column-anchor\"><span class=\"fusion-column-inner-bg-image\"><\/span><\/span><\/span><div class=\"fusion-column-wrapper fusion-column-has-shadow fusion-flex-column-wrapper-legacy fusion-column-has-bg-image\" data-bg-url=\"https:\/\/www.gripfactoryantislip.com\/wp-content\/uploads\/gripfactory_product_titaniumgrip-cleaner_01.jpg\"><div class=\"fusion-column-content-centered\"><div class=\"fusion-column-content\"><div class=\"fusion-sep-clear\"><\/div><div class=\"fusion-separator fusion-full-width-sep\" style=\"margin-left: auto;margin-right: auto;margin-top:30%;margin-bottom:30%;width:100%;\"><\/div><div class=\"fusion-sep-clear\"><\/div><\/div><\/div><div class=\"fusion-clearfix\"><\/div><\/div><\/div><div class=\"fusion-layout-column fusion_builder_column fusion-builder-column-2 fusion_builder_column_2_3 2_3 fusion-two-third fusion-column-last\" style=\"--awb-padding-top:50px;--awb-padding-right:50px;--awb-padding-left:50px;--awb-bg-size:cover;--awb-margin-bottom:0px;width:66.666666666667%;width:calc(66.666666666667% - ( ( 0px ) * 0.66666666666667 ) );\"><div class=\"fusion-column-wrapper fusion-flex-column-wrapper-legacy\"><div class=\"fusion-title title fusion-title-2 fusion-sep-none fusion-title-text fusion-title-size-two\" style=\"--awb-margin-top-small:0px;--awb-margin-right-small:0px;--awb-margin-bottom-small:20px;--awb-margin-left-small:0px;\"><h2 class=\"fusion-title-heading title-heading-left fusion-responsive-typography-calculated\" style=\"margin:0;--fontSize:30;--minFontSize:30;line-height:1.5;\">GripFactory TitaniumGrip Valiklis<\/h2><\/div><div class=\"fusion-text fusion-text-2 gripfactory-responsive-text\"><p>GripFactory TitaniumGrip valiklis buvo specialiai sukurtas grindims, kurios buvo apdorotos GripFactory TitaniumGrip, valyti ir pri\u017ei\u016br\u0117ti. D\u0117l savo galingo poveikio GripFactory TitaniumGrip valiklis gali nuriebalinti ir kruop\u0161\u010diai nuvalyti vis\u0173 tip\u0173 plyteli\u0173 ir betono pavir\u0161ius. Neturi \u012ftakos pirminiam valom\u0173 pavir\u0161i\u0173 \u012fvaizd\u017eiui. GripFactory TitaniumGrip valiklis n\u0117ra muilo gaminys ir d\u017ei\u016bsta be dry\u017ei\u0173.<\/p>\n<\/div><div class=\"fusion-text fusion-text-3 gripfactory-responsive-text\"><p><span style=\"font-size: 120%;\"><i class=\"fb-icon-element-1 fb-icon-element fontawesome-icon fa-angle-double-right fas circle-yes fusion-text-flow\" style=\"--awb-iconcolor:#faf600;--awb-iconcolor-hover:#faf600;--awb-circlecolor:rgba(51,51,51,0);--awb-circlecolor-hover:rgba(51,51,51,0);--awb-circlebordercolor:rgba(51,51,51,0);--awb-circlebordercolor-hover:rgba(51,51,51,0);--awb-circlebordersize:1px;--awb-font-size:28.16px;--awb-width:56.32px;--awb-height:56.32px;--awb-line-height:54.32px;--awb-margin-right:16px;\"><\/i><a href=\"https:\/\/www.gripfactoryantislip.com\/lt\/prekes-nuo-slydimo\/grippriedai\/gripfactory-titaniumgrip-valiklis\/\">GRIPFACTORY TITANIUM GRIP CLEANER<\/a><\/span><\/p>\n<\/div><div class=\"fusion-clearfix\"><\/div><\/div><\/div><\/div><\/div><div class=\"fusion-fullwidth fullwidth-box fusion-builder-row-3 hundred-percent-fullwidth non-hundred-percent-height-scrolling fusion-equal-height-columns\" style=\"--awb-border-radius-top-left:0px;--awb-border-radius-top-right:0px;--awb-border-radius-bottom-right:0px;--awb-border-radius-bottom-left:0px;--awb-padding-top:0px;--awb-padding-right:0px;--awb-padding-bottom:0px;--awb-padding-left:0px;--awb-margin-top:0px;--awb-margin-bottom:0px;--awb-background-color:#000000;--awb-flex-wrap:wrap;\" ><div class=\"fusion-builder-row fusion-row\"><div class=\"fusion-layout-column fusion_builder_column fusion-builder-column-3 fusion_builder_column_1_3 1_3 fusion-one-third fusion-column-first fusion-column-inner-bg-wrapper\" style=\"--awb-inner-bg-image:url(&#039;https:\/\/www.gripfactoryantislip.com\/wp-content\/uploads\/placeholder_red.jpg&#039;);--awb-inner-bg-position:center center;--awb-inner-bg-size:cover;--awb-margin-bottom:0px;width:33.333333333333%;width:calc(33.333333333333% - ( ( 0px ) * 0.33333333333333 ) );margin-right: 0px;\"><span class=\"fusion-column-inner-bg hover-type-zoomin\"><span class=\"fusion-column-anchor\"><span class=\"fusion-column-inner-bg-image\"><\/span><\/span><\/span><div class=\"fusion-column-wrapper fusion-column-has-shadow fusion-flex-column-wrapper-legacy fusion-column-has-bg-image\" data-bg-url=\"https:\/\/www.gripfactoryantislip.com\/wp-content\/uploads\/placeholder_red.jpg\"><div class=\"fusion-column-content-centered\"><div class=\"fusion-column-content\"><div class=\"fusion-sep-clear\"><\/div><div class=\"fusion-separator fusion-full-width-sep\" style=\"margin-left: auto;margin-right: auto;margin-top:30%;margin-bottom:30%;width:100%;\"><\/div><div class=\"fusion-sep-clear\"><\/div><\/div><\/div><div class=\"fusion-clearfix\"><\/div><\/div><\/div><div class=\"fusion-layout-column fusion_builder_column fusion-builder-column-4 fusion_builder_column_2_3 2_3 fusion-two-third fusion-column-last\" style=\"--awb-padding-top:50px;--awb-padding-left:50px;--awb-bg-size:cover;--awb-margin-bottom:0px;width:66.666666666667%;width:calc(66.666666666667% - ( ( 0px ) * 0.66666666666667 ) );\"><div class=\"fusion-column-wrapper fusion-flex-column-wrapper-legacy\"><div class=\"fusion-title title fusion-title-3 fusion-sep-none fusion-title-text fusion-title-size-two\" style=\"--awb-margin-top-small:0px;--awb-margin-right-small:0px;--awb-margin-bottom-small:20px;--awb-margin-left-small:0px;\"><h2 class=\"fusion-title-heading title-heading-left fusion-responsive-typography-calculated\" style=\"margin:0;--fontSize:30;--minFontSize:30;line-height:1.5;\">GripFactory SaniGrip \u0161alinimo priemon\u0117<\/h2><\/div><div class=\"fusion-text fusion-text-4 gripfactory-responsive-text\"><p>GripFactory SaniGrip \u0161alinimo priemon\u0117 yra visi\u0161kai saugi, pH neutrali ir vandeniu plaunamas vandens pagrindu pagaminta priemon\u0117. Tinka pa\u0161alinti <a href=\"https:\/\/www.gripfactoryantislip.com\/lt\/prekes-nuo-slydimo\/gripdangos\/gripfactory-sanigrip\/\">GripFactory SaniGrip<\/a> prakti\u0161kai nuo vis\u0173 pavir\u0161i\u0173 vienu \u017eingsniu. Jame n\u0117ra r\u016bg\u0161\u010di\u0173 ar \u0161arm\u0173, NMP ir biocid\u0173 ar konservant\u0173.<\/p>\n<\/div><div class=\"fusion-text fusion-text-5 gripfactory-responsive-text\"><p><span style=\"font-size: 120%;\"><i class=\"fb-icon-element-2 fb-icon-element fontawesome-icon fa-angle-double-right fas circle-yes fusion-text-flow\" style=\"--awb-iconcolor:#faf600;--awb-iconcolor-hover:#faf600;--awb-circlecolor:rgba(51,51,51,0);--awb-circlecolor-hover:rgba(51,51,51,0);--awb-circlebordercolor:rgba(51,51,51,0);--awb-circlebordercolor-hover:rgba(51,51,51,0);--awb-circlebordersize:1px;--awb-font-size:28.16px;--awb-width:56.32px;--awb-height:56.32px;--awb-line-height:54.32px;--awb-margin-right:16px;\"><\/i><a href=\"https:\/\/www.gripfactoryantislip.com\/lt\/prekes-nuo-slydimo\/grippriedai\/gripfactory-sanigrip-salinimo-priemone\/\">GRIPFACTORY SANIGRIP VALIKLIS<\/a><\/span><\/p>\n<\/div><div class=\"fusion-clearfix\"><\/div><\/div><\/div><\/div><\/div><div class=\"fusion-fullwidth fullwidth-box fusion-builder-row-4 hundred-percent-fullwidth non-hundred-percent-height-scrolling fusion-equal-height-columns\" style=\"--awb-border-radius-top-left:0px;--awb-border-radius-top-right:0px;--awb-border-radius-bottom-right:0px;--awb-border-radius-bottom-left:0px;--awb-padding-top:0px;--awb-padding-right:0px;--awb-padding-bottom:0px;--awb-padding-left:0px;--awb-margin-top:0px;--awb-margin-bottom:0px;--awb-background-color:#828282;--awb-flex-wrap:wrap;\" ><div class=\"fusion-builder-row fusion-row\"><div class=\"fusion-layout-column fusion_builder_column fusion-builder-column-5 fusion_builder_column_1_3 1_3 fusion-one-third fusion-column-first fusion-column-inner-bg-wrapper\" style=\"--awb-inner-bg-image:url(&#039;https:\/\/www.gripfactoryantislip.com\/wp-content\/uploads\/gripfactory_product_markeringstape-premium_01.jpg&#039;);--awb-inner-bg-position:center center;--awb-inner-bg-size:cover;--awb-margin-bottom:0px;width:33.333333333333%;width:calc(33.333333333333% - ( ( 0px ) * 0.33333333333333 ) );margin-right: 0px;\"><span class=\"fusion-column-inner-bg hover-type-zoomin\"><span class=\"fusion-column-anchor\"><span class=\"fusion-column-inner-bg-image\"><\/span><\/span><\/span><div class=\"fusion-column-wrapper fusion-column-has-shadow fusion-flex-column-wrapper-legacy fusion-column-has-bg-image\" data-bg-url=\"https:\/\/www.gripfactoryantislip.com\/wp-content\/uploads\/gripfactory_product_markeringstape-premium_01.jpg\"><div class=\"fusion-column-content-centered\"><div class=\"fusion-column-content\"><div class=\"fusion-sep-clear\"><\/div><div class=\"fusion-separator fusion-full-width-sep\" style=\"margin-left: auto;margin-right: auto;margin-top:30%;margin-bottom:30%;width:100%;\"><\/div><div class=\"fusion-sep-clear\"><\/div><\/div><\/div><div class=\"fusion-clearfix\"><\/div><\/div><\/div><div class=\"fusion-layout-column fusion_builder_column fusion-builder-column-6 fusion_builder_column_2_3 2_3 fusion-two-third fusion-column-last\" style=\"--awb-padding-top:50px;--awb-padding-right:50px;--awb-padding-left:50px;--awb-bg-size:cover;--awb-margin-bottom:0px;width:66.666666666667%;width:calc(66.666666666667% - ( ( 0px ) * 0.66666666666667 ) );\"><div class=\"fusion-column-wrapper fusion-flex-column-wrapper-legacy\"><div class=\"fusion-title title fusion-title-4 fusion-sep-none fusion-title-text fusion-title-size-two\" style=\"--awb-margin-top-small:0px;--awb-margin-right-small:0px;--awb-margin-bottom-small:20px;--awb-margin-left-small:0px;\"><h2 class=\"fusion-title-heading title-heading-left fusion-responsive-typography-calculated\" style=\"margin:0;--fontSize:30;--minFontSize:30;line-height:1.5;\">GripFactory \u017eym\u0117jimo juosta Premium<\/h2><\/div><div class=\"fusion-text fusion-text-6 gripfactory-responsive-text\"><p>GripFactory \u017eym\u0117jimo juosta Premium yra efektyvi ir patvari pra\u0117jim\u0173 \u017eenklinimo sistema. Tai moderni sand\u0117lio linijos \u017eenklinimo alternatyva dervai ir da\u017eams, padedanti \u012f priek\u012f m\u0105stan\u010dioms \u012fmon\u0117ms pasiekti 5S grind\u0173 \u017eenklinimo status\u0105. GripFactory \u017eym\u0117jimo juosta Premium taip pat tinka socialinei distancijai \u017eym\u0117ti.<\/p>\n<\/div><div class=\"fusion-text fusion-text-7 gripfactory-responsive-text\"><p><span style=\"font-size: 120%;\"><i class=\"fb-icon-element-3 fb-icon-element fontawesome-icon fa-angle-double-right fas circle-yes fusion-text-flow\" style=\"--awb-iconcolor:#faf600;--awb-iconcolor-hover:#faf600;--awb-circlecolor:rgba(51,51,51,0);--awb-circlecolor-hover:rgba(51,51,51,0);--awb-circlebordercolor:rgba(51,51,51,0);--awb-circlebordercolor-hover:rgba(51,51,51,0);--awb-circlebordersize:1px;--awb-font-size:28.16px;--awb-width:56.32px;--awb-height:56.32px;--awb-line-height:54.32px;--awb-margin-right:16px;\"><\/i><a href=\"https:\/\/www.gripfactoryantislip.com\/lt\/prekes-nuo-slydimo\/grippriedai\/gripfactory-zymejimo-juosta-premium\/\">GRIPFACTORY \u017dYM\u0116JIMO JUOSTOS PRIEMOKA<\/a><\/span><\/p>\n<\/div><div class=\"fusion-clearfix\"><\/div><\/div><\/div><\/div><\/div><\/p>\n","protected":false},"excerpt":{"rendered":"","protected":false},"author":2,"featured_media":22102,"parent":22072,"menu_order":0,"comment_status":"closed","ping_status":"closed","template":"100-width.php","meta":{"footnotes":""},"class_list":["post-22101","page","type-page","status-publish","has-post-thumbnail","hentry"],"yoast_head":"<!-- This site is optimized with the Yoast SEO Premium plugin v27.5 (Yoast SEO v27.6) - https:\/\/yoast.com\/product\/yoast-seo-premium-wordpress\/ -->\n<title>GRIPpriedai &#060; GripFactory<\/title>\n<meta name=\"robots\" content=\"index, follow, max-snippet:-1, max-image-preview:large, max-video-preview:-1\" \/>\n<link rel=\"canonical\" href=\"https:\/\/www.gripfactoryantislip.com\/lt\/prekes-nuo-slydimo\/grippriedai\/\" \/>\n<meta property=\"og:locale\" content=\"lt_LT\" \/>\n<meta property=\"og:type\" content=\"article\" \/>\n<meta property=\"og:title\" content=\"GRIPpriedai\" \/>\n<meta property=\"og:url\" content=\"https:\/\/www.gripfactoryantislip.com\/lt\/prekes-nuo-slydimo\/grippriedai\/\" \/>\n<meta property=\"og:site_name\" content=\"GripFactory\" \/>\n<meta property=\"article:publisher\" content=\"https:\/\/www.facebook.com\/GripFactoryAntislip\" \/>\n<meta property=\"article:modified_time\" content=\"2024-03-13T08:18:55+00:00\" \/>\n<meta property=\"og:image\" content=\"https:\/\/www.gripfactoryantislip.com\/wp-content\/uploads\/gripfactory_segment_gripaccessories.jpg\" \/>\n\t<meta property=\"og:image:width\" content=\"1024\" \/>\n\t<meta property=\"og:image:height\" content=\"683\" \/>\n\t<meta property=\"og:image:type\" content=\"image\/jpeg\" \/>\n<meta name=\"twitter:label1\" content=\"Est. reading time\" \/>\n\t<meta name=\"twitter:data1\" content=\"18 minu\u010di\u0173\" \/>\n<script type=\"application\/ld+json\" class=\"yoast-schema-graph\">{\"@context\":\"https:\\\/\\\/schema.org\",\"@graph\":[{\"@type\":\"WebPage\",\"@id\":\"https:\\\/\\\/www.gripfactoryantislip.com\\\/lt\\\/prekes-nuo-slydimo\\\/grippriedai\\\/\",\"url\":\"https:\\\/\\\/www.gripfactoryantislip.com\\\/lt\\\/prekes-nuo-slydimo\\\/grippriedai\\\/\",\"name\":\"GRIPpriedai &#060; GripFactory\",\"isPartOf\":{\"@id\":\"https:\\\/\\\/www.gripfactoryantislip.com\\\/lt\\\/#website\"},\"primaryImageOfPage\":{\"@id\":\"https:\\\/\\\/www.gripfactoryantislip.com\\\/lt\\\/prekes-nuo-slydimo\\\/grippriedai\\\/#primaryimage\"},\"image\":{\"@id\":\"https:\\\/\\\/www.gripfactoryantislip.com\\\/lt\\\/prekes-nuo-slydimo\\\/grippriedai\\\/#primaryimage\"},\"thumbnailUrl\":\"https:\\\/\\\/www.gripfactoryantislip.com\\\/wp-content\\\/uploads\\\/gripfactory_segment_gripaccessories.jpg\",\"datePublished\":\"2021-12-29T11:36:48+00:00\",\"dateModified\":\"2024-03-13T08:18:55+00:00\",\"breadcrumb\":{\"@id\":\"https:\\\/\\\/www.gripfactoryantislip.com\\\/lt\\\/prekes-nuo-slydimo\\\/grippriedai\\\/#breadcrumb\"},\"inLanguage\":\"lt-LT\",\"potentialAction\":[{\"@type\":\"ReadAction\",\"target\":[\"https:\\\/\\\/www.gripfactoryantislip.com\\\/lt\\\/prekes-nuo-slydimo\\\/grippriedai\\\/\"]}]},{\"@type\":\"ImageObject\",\"inLanguage\":\"lt-LT\",\"@id\":\"https:\\\/\\\/www.gripfactoryantislip.com\\\/lt\\\/prekes-nuo-slydimo\\\/grippriedai\\\/#primaryimage\",\"url\":\"https:\\\/\\\/www.gripfactoryantislip.com\\\/wp-content\\\/uploads\\\/gripfactory_segment_gripaccessories.jpg\",\"contentUrl\":\"https:\\\/\\\/www.gripfactoryantislip.com\\\/wp-content\\\/uploads\\\/gripfactory_segment_gripaccessories.jpg\",\"width\":1024,\"height\":683,\"caption\":\"GripFactory GRIPpriedai preki\u0173 grup\u0117\"},{\"@type\":\"BreadcrumbList\",\"@id\":\"https:\\\/\\\/www.gripfactoryantislip.com\\\/lt\\\/prekes-nuo-slydimo\\\/grippriedai\\\/#breadcrumb\",\"itemListElement\":[{\"@type\":\"ListItem\",\"position\":1,\"name\":\"Home\",\"item\":\"https:\\\/\\\/www.gripfactoryantislip.com\\\/lt\\\/\"},{\"@type\":\"ListItem\",\"position\":2,\"name\":\"Prek\u0117s nuo slydimo\",\"item\":\"https:\\\/\\\/www.gripfactoryantislip.com\\\/lt\\\/prekes-nuo-slydimo\\\/\"},{\"@type\":\"ListItem\",\"position\":3,\"name\":\"GRIPpriedai\"}]},{\"@type\":\"WebSite\",\"@id\":\"https:\\\/\\\/www.gripfactoryantislip.com\\\/lt\\\/#website\",\"url\":\"https:\\\/\\\/www.gripfactoryantislip.com\\\/lt\\\/\",\"name\":\"GripFactory\",\"description\":\"Inovatyv\u016bs neslystantys sprendimai kiekvienam pavir\u0161iui\",\"publisher\":{\"@id\":\"https:\\\/\\\/www.gripfactoryantislip.com\\\/lt\\\/#organization\"},\"alternateName\":\"Floor Safety Solutions at GripFactory Anti-Slip\",\"potentialAction\":[{\"@type\":\"SearchAction\",\"target\":{\"@type\":\"EntryPoint\",\"urlTemplate\":\"https:\\\/\\\/www.gripfactoryantislip.com\\\/lt\\\/?s={search_term_string}\"},\"query-input\":{\"@type\":\"PropertyValueSpecification\",\"valueRequired\":true,\"valueName\":\"search_term_string\"}}],\"inLanguage\":\"lt-LT\"},{\"@type\":\"Organization\",\"@id\":\"https:\\\/\\\/www.gripfactoryantislip.com\\\/lt\\\/#organization\",\"name\":\"GripFactory B.V.\",\"url\":\"https:\\\/\\\/www.gripfactoryantislip.com\\\/lt\\\/\",\"logo\":{\"@type\":\"ImageObject\",\"inLanguage\":\"lt-LT\",\"@id\":\"https:\\\/\\\/www.gripfactoryantislip.com\\\/lt\\\/#\\\/schema\\\/logo\\\/image\\\/\",\"url\":\"https:\\\/\\\/www.gripfactoryantislip.com\\\/wp-content\\\/uploads\\\/logo_gripfactory.jpg\",\"contentUrl\":\"https:\\\/\\\/www.gripfactoryantislip.com\\\/wp-content\\\/uploads\\\/logo_gripfactory.jpg\",\"width\":269,\"height\":60,\"caption\":\"GripFactory B.V.\"},\"image\":{\"@id\":\"https:\\\/\\\/www.gripfactoryantislip.com\\\/lt\\\/#\\\/schema\\\/logo\\\/image\\\/\"},\"sameAs\":[\"https:\\\/\\\/www.facebook.com\\\/GripFactoryAntislip\",\"https:\\\/\\\/www.instagram.com\\\/gripfactoryantislip\\\/\",\"https:\\\/\\\/www.linkedin.com\\\/company\\\/gripfactoryantislip\\\/about\\\/\"],\"email\":\"info@gripfactory.nl\",\"telephone\":\"+31348203000\",\"legalName\":\"GripFactor B.V.\",\"foundingDate\":\"2018-11-01\",\"vatID\":\"NL859320856B01\",\"taxID\":\"NL859320856B01\",\"numberOfEmployees\":{\"@type\":\"QuantitativeValue\",\"minValue\":\"1\",\"maxValue\":\"10\"}}]}<\/script>\n<!-- \/ Yoast SEO Premium plugin. -->","yoast_head_json":{"title":"GRIPpriedai &#060; GripFactory","robots":{"index":"index","follow":"follow","max-snippet":"max-snippet:-1","max-image-preview":"max-image-preview:large","max-video-preview":"max-video-preview:-1"},"canonical":"https:\/\/www.gripfactoryantislip.com\/lt\/prekes-nuo-slydimo\/grippriedai\/","og_locale":"lt_LT","og_type":"article","og_title":"GRIPpriedai","og_url":"https:\/\/www.gripfactoryantislip.com\/lt\/prekes-nuo-slydimo\/grippriedai\/","og_site_name":"GripFactory","article_publisher":"https:\/\/www.facebook.com\/GripFactoryAntislip","article_modified_time":"2024-03-13T08:18:55+00:00","og_image":[{"width":1024,"height":683,"url":"https:\/\/www.gripfactoryantislip.com\/wp-content\/uploads\/gripfactory_segment_gripaccessories.jpg","type":"image\/jpeg"}],"twitter_misc":{"Est. reading time":"18 minu\u010di\u0173"},"schema":{"@context":"https:\/\/schema.org","@graph":[{"@type":"WebPage","@id":"https:\/\/www.gripfactoryantislip.com\/lt\/prekes-nuo-slydimo\/grippriedai\/","url":"https:\/\/www.gripfactoryantislip.com\/lt\/prekes-nuo-slydimo\/grippriedai\/","name":"GRIPpriedai &#060; GripFactory","isPartOf":{"@id":"https:\/\/www.gripfactoryantislip.com\/lt\/#website"},"primaryImageOfPage":{"@id":"https:\/\/www.gripfactoryantislip.com\/lt\/prekes-nuo-slydimo\/grippriedai\/#primaryimage"},"image":{"@id":"https:\/\/www.gripfactoryantislip.com\/lt\/prekes-nuo-slydimo\/grippriedai\/#primaryimage"},"thumbnailUrl":"https:\/\/www.gripfactoryantislip.com\/wp-content\/uploads\/gripfactory_segment_gripaccessories.jpg","datePublished":"2021-12-29T11:36:48+00:00","dateModified":"2024-03-13T08:18:55+00:00","breadcrumb":{"@id":"https:\/\/www.gripfactoryantislip.com\/lt\/prekes-nuo-slydimo\/grippriedai\/#breadcrumb"},"inLanguage":"lt-LT","potentialAction":[{"@type":"ReadAction","target":["https:\/\/www.gripfactoryantislip.com\/lt\/prekes-nuo-slydimo\/grippriedai\/"]}]},{"@type":"ImageObject","inLanguage":"lt-LT","@id":"https:\/\/www.gripfactoryantislip.com\/lt\/prekes-nuo-slydimo\/grippriedai\/#primaryimage","url":"https:\/\/www.gripfactoryantislip.com\/wp-content\/uploads\/gripfactory_segment_gripaccessories.jpg","contentUrl":"https:\/\/www.gripfactoryantislip.com\/wp-content\/uploads\/gripfactory_segment_gripaccessories.jpg","width":1024,"height":683,"caption":"GripFactory GRIPpriedai preki\u0173 grup\u0117"},{"@type":"BreadcrumbList","@id":"https:\/\/www.gripfactoryantislip.com\/lt\/prekes-nuo-slydimo\/grippriedai\/#breadcrumb","itemListElement":[{"@type":"ListItem","position":1,"name":"Home","item":"https:\/\/www.gripfactoryantislip.com\/lt\/"},{"@type":"ListItem","position":2,"name":"Prek\u0117s nuo slydimo","item":"https:\/\/www.gripfactoryantislip.com\/lt\/prekes-nuo-slydimo\/"},{"@type":"ListItem","position":3,"name":"GRIPpriedai"}]},{"@type":"WebSite","@id":"https:\/\/www.gripfactoryantislip.com\/lt\/#website","url":"https:\/\/www.gripfactoryantislip.com\/lt\/","name":"GripFactory","description":"Inovatyv\u016bs neslystantys sprendimai kiekvienam pavir\u0161iui","publisher":{"@id":"https:\/\/www.gripfactoryantislip.com\/lt\/#organization"},"alternateName":"Floor Safety Solutions at GripFactory Anti-Slip","potentialAction":[{"@type":"SearchAction","target":{"@type":"EntryPoint","urlTemplate":"https:\/\/www.gripfactoryantislip.com\/lt\/?s={search_term_string}"},"query-input":{"@type":"PropertyValueSpecification","valueRequired":true,"valueName":"search_term_string"}}],"inLanguage":"lt-LT"},{"@type":"Organization","@id":"https:\/\/www.gripfactoryantislip.com\/lt\/#organization","name":"GripFactory B.V.","url":"https:\/\/www.gripfactoryantislip.com\/lt\/","logo":{"@type":"ImageObject","inLanguage":"lt-LT","@id":"https:\/\/www.gripfactoryantislip.com\/lt\/#\/schema\/logo\/image\/","url":"https:\/\/www.gripfactoryantislip.com\/wp-content\/uploads\/logo_gripfactory.jpg","contentUrl":"https:\/\/www.gripfactoryantislip.com\/wp-content\/uploads\/logo_gripfactory.jpg","width":269,"height":60,"caption":"GripFactory B.V."},"image":{"@id":"https:\/\/www.gripfactoryantislip.com\/lt\/#\/schema\/logo\/image\/"},"sameAs":["https:\/\/www.facebook.com\/GripFactoryAntislip","https:\/\/www.instagram.com\/gripfactoryantislip\/","https:\/\/www.linkedin.com\/company\/gripfactoryantislip\/about\/"],"email":"info@gripfactory.nl","telephone":"+31348203000","legalName":"GripFactor B.V.","foundingDate":"2018-11-01","vatID":"NL859320856B01","taxID":"NL859320856B01","numberOfEmployees":{"@type":"QuantitativeValue","minValue":"1","maxValue":"10"}}]}},"_links":{"self":[{"href":"https:\/\/www.gripfactoryantislip.com\/lt\/wp-json\/wp\/v2\/pages\/22101","targetHints":{"allow":["GET"]}}],"collection":[{"href":"https:\/\/www.gripfactoryantislip.com\/lt\/wp-json\/wp\/v2\/pages"}],"about":[{"href":"https:\/\/www.gripfactoryantislip.com\/lt\/wp-json\/wp\/v2\/types\/page"}],"author":[{"embeddable":true,"href":"https:\/\/www.gripfactoryantislip.com\/lt\/wp-json\/wp\/v2\/users\/2"}],"replies":[{"embeddable":true,"href":"https:\/\/www.gripfactoryantislip.com\/lt\/wp-json\/wp\/v2\/comments?post=22101"}],"version-history":[{"count":0,"href":"https:\/\/www.gripfactoryantislip.com\/lt\/wp-json\/wp\/v2\/pages\/22101\/revisions"}],"up":[{"embeddable":true,"href":"https:\/\/www.gripfactoryantislip.com\/lt\/wp-json\/wp\/v2\/pages\/22072"}],"wp:featuredmedia":[{"embeddable":true,"href":"https:\/\/www.gripfactoryantislip.com\/lt\/wp-json\/wp\/v2\/media\/22102"}],"wp:attachment":[{"href":"https:\/\/www.gripfactoryantislip.com\/lt\/wp-json\/wp\/v2\/media?parent=22101"}],"curies":[{"name":"wp","href":"https:\/\/api.w.org\/{rel}","templated":true}]}}