{"id":22199,"date":"2021-12-29T13:44:55","date_gmt":"2021-12-29T12:44:55","guid":{"rendered":"https:\/\/www.gripfactoryantislip.com\/prekes-nuo-slydimo\/gripdangos\/"},"modified":"2024-03-26T10:41:29","modified_gmt":"2024-03-26T09:41:29","slug":"gripdangos","status":"publish","type":"page","link":"https:\/\/www.gripfactoryantislip.com\/lt\/prekes-nuo-slydimo\/gripdangos\/","title":{"rendered":"GRIPdangos"},"content":{"rendered":"<p><div class=\"fusion-fullwidth fullwidth-box fusion-builder-row-1 has-pattern-background has-mask-background nonhundred-percent-fullwidth non-hundred-percent-height-scrolling\" style=\"--awb-border-radius-top-left:0px;--awb-border-radius-top-right:0px;--awb-border-radius-bottom-right:0px;--awb-border-radius-bottom-left:0px;--awb-margin-top:50px;--awb-margin-bottom:50px;--awb-flex-wrap:wrap;\" ><div class=\"fusion-builder-row fusion-row\"><div class=\"fusion-layout-column fusion_builder_column fusion-builder-column-0 fusion_builder_column_1_1 1_1 fusion-one-full fusion-column-first fusion-column-last\" style=\"--awb-bg-size:cover;\"><div class=\"fusion-column-wrapper fusion-flex-column-wrapper-legacy\"><div class=\"fusion-title title fusion-title-1 fusion-sep-none fusion-title-text fusion-title-size-one\" style=\"--awb-margin-top-small:0px;--awb-margin-right-small:0px;--awb-margin-bottom-small:20px;--awb-margin-left-small:0px;\"><h1 class=\"fusion-title-heading title-heading-left fusion-responsive-typography-calculated\" style=\"margin:0;--fontSize:36;line-height:1.4;\">GRIPdangos<\/h1><\/div><div class=\"fusion-text fusion-text-1 gripfactory-responsive-text\"><p style=\"color: #ffffff;\">GripFactory neslystan\u010dios dangos tinka daugeliui viet\u0173 ir pavir\u0161i\u0173. Sukibimas puikiai tinka akrilui ir poliesteriui, tod\u0117l da\u017enai naudojamas vonios kambariuose ir laivuose. Ta\u010diau puikiai prilimpa prie grind\u0173 plyteli\u0173, epoksidini\u0173 grind\u0173 ir stiklo. Tai rei\u0161kia ma\u017eesnes i\u0161laidas ir ma\u017eiau nepatogum\u0173. Kadangi danga yra skaidri, j\u0105 galima naudoti daug kur.<\/p>\n<\/div><div class=\"fusion-clearfix\"><\/div><\/div><\/div><\/div><\/div><div class=\"fusion-fullwidth fullwidth-box fusion-builder-row-2 hundred-percent-fullwidth non-hundred-percent-height-scrolling fusion-equal-height-columns\" style=\"--awb-border-radius-top-left:0px;--awb-border-radius-top-right:0px;--awb-border-radius-bottom-right:0px;--awb-border-radius-bottom-left:0px;--awb-padding-top:0px;--awb-padding-right:0px;--awb-padding-bottom:0px;--awb-padding-left:0px;--awb-margin-top:0px;--awb-margin-bottom:0px;--awb-background-color:#828282;--awb-flex-wrap:wrap;\" ><div class=\"fusion-builder-row fusion-row\"><div class=\"fusion-layout-column fusion_builder_column fusion-builder-column-1 fusion_builder_column_1_3 1_3 fusion-one-third fusion-column-first fusion-column-inner-bg-wrapper\" style=\"--awb-inner-bg-image:url(&#039;https:\/\/www.gripfactoryantislip.com\/wp-content\/uploads\/gripfactory_product_sanigrip_02.jpg&#039;);--awb-inner-bg-position:center center;--awb-inner-bg-size:cover;--awb-margin-bottom:0px;width:33.333333333333%;width:calc(33.333333333333% - ( ( 0px ) * 0.33333333333333 ) );margin-right: 0px;\"><span class=\"fusion-column-inner-bg hover-type-zoomin\"><span class=\"fusion-column-anchor\"><span class=\"fusion-column-inner-bg-image\"><\/span><\/span><\/span><div class=\"fusion-column-wrapper fusion-column-has-shadow fusion-flex-column-wrapper-legacy fusion-column-has-bg-image\" data-bg-url=\"https:\/\/www.gripfactoryantislip.com\/wp-content\/uploads\/gripfactory_product_sanigrip_02.jpg\"><div class=\"fusion-column-content-centered\"><div class=\"fusion-column-content\"><div class=\"fusion-sep-clear\"><\/div><div class=\"fusion-separator fusion-full-width-sep\" style=\"margin-left: auto;margin-right: auto;margin-top:30%;margin-bottom:30%;width:100%;\"><\/div><div class=\"fusion-sep-clear\"><\/div><\/div><\/div><div class=\"fusion-clearfix\"><\/div><\/div><\/div><div class=\"fusion-layout-column fusion_builder_column fusion-builder-column-2 fusion_builder_column_2_3 2_3 fusion-two-third fusion-column-last\" style=\"--awb-padding-top:50px;--awb-padding-right:50px;--awb-padding-left:50px;--awb-bg-size:cover;--awb-margin-bottom:0px;width:66.666666666667%;width:calc(66.666666666667% - ( ( 0px ) * 0.66666666666667 ) );\"><div class=\"fusion-column-wrapper fusion-flex-column-wrapper-legacy\"><div class=\"fusion-title title fusion-title-2 fusion-sep-none fusion-title-text fusion-title-size-two\" style=\"--awb-margin-top-small:0px;--awb-margin-right-small:0px;--awb-margin-bottom-small:20px;--awb-margin-left-small:0px;\"><h2 class=\"fusion-title-heading title-heading-left fusion-responsive-typography-calculated\" style=\"margin:0;--fontSize:30;--minFontSize:30;line-height:1.5;\">GripFactory SaniGrip<\/h2><\/div><div class=\"fusion-text fusion-text-2 gripfactory-responsive-text\"><p>GripFactory SaniGrip yra skaidri dviej\u0173 komponent\u0173 poliuretano &#8211; vandens pagrindo danga. D\u0117l to \u0161is neslystantis produktas puikiai prilimpa prie vis\u0173 tip\u0173 du\u0161o pad\u0117kl\u0173 ir voni\u0173, plyteli\u0173 grind\u0173 ir vis\u0173 tip\u0173 akrilo, poliesterio ir lak\u0161tinio plieno. GripFactory SaniGrip yra patogioje pakuot\u0117je, kurioje yra viskas, kas reikalinga teisingam ir greitam pritaikymui. Taip pat tiekiame individualius sprendimus profesionaliam naudojimui. Danga gali b\u016bti pa\u0161alinta valikliu nepa\u017eeid\u017eiant pavir\u0161iaus.<\/p>\n<\/div><div class=\"fusion-text fusion-text-3 gripfactory-responsive-text\"><p><span style=\"font-size: 120%;\"><i class=\"fb-icon-element-1 fb-icon-element fontawesome-icon fa-angle-double-right fas circle-yes fusion-text-flow\" style=\"--awb-iconcolor:#faf600;--awb-iconcolor-hover:#faf600;--awb-circlecolor:rgba(51,51,51,0);--awb-circlecolor-hover:rgba(51,51,51,0);--awb-circlebordercolor:rgba(51,51,51,0);--awb-circlebordercolor-hover:rgba(51,51,51,0);--awb-circlebordersize:1px;--awb-font-size:28.16px;--awb-width:56.32px;--awb-height:56.32px;--awb-line-height:54.32px;--awb-margin-right:16px;\"><\/i><a href=\"https:\/\/www.gripfactoryantislip.com\/lt\/prekes-nuo-slydimo\/gripdangos\/gripfactory-sanigrip\/\">GRIPFACTORY SANIGRIP<\/a><\/span><\/p>\n<\/div><div class=\"fusion-clearfix\"><\/div><\/div><\/div><\/div><\/div><\/p>\n","protected":false},"excerpt":{"rendered":"","protected":false},"author":2,"featured_media":22200,"parent":22072,"menu_order":0,"comment_status":"closed","ping_status":"closed","template":"100-width.php","meta":{"footnotes":""},"class_list":["post-22199","page","type-page","status-publish","has-post-thumbnail","hentry"],"yoast_head":"<!-- This site is optimized with the Yoast SEO Premium plugin v27.5 (Yoast SEO v27.5) - https:\/\/yoast.com\/product\/yoast-seo-premium-wordpress\/ -->\n<title>GRIPdangos &#060; GripFactory<\/title>\n<meta name=\"robots\" content=\"index, follow, max-snippet:-1, max-image-preview:large, max-video-preview:-1\" \/>\n<link rel=\"canonical\" href=\"https:\/\/www.gripfactoryantislip.com\/lt\/prekes-nuo-slydimo\/gripdangos\/\" \/>\n<meta property=\"og:locale\" content=\"lt_LT\" \/>\n<meta property=\"og:type\" content=\"article\" \/>\n<meta property=\"og:title\" content=\"GRIPdangos\" \/>\n<meta property=\"og:url\" content=\"https:\/\/www.gripfactoryantislip.com\/lt\/prekes-nuo-slydimo\/gripdangos\/\" \/>\n<meta property=\"og:site_name\" content=\"GripFactory\" \/>\n<meta property=\"article:publisher\" content=\"https:\/\/www.facebook.com\/GripFactoryAntislip\" \/>\n<meta property=\"article:modified_time\" content=\"2024-03-26T09:41:29+00:00\" \/>\n<meta property=\"og:image\" content=\"https:\/\/www.gripfactoryantislip.com\/wp-content\/uploads\/gripfactory_segment_gripcoatings.jpg\" \/>\n\t<meta property=\"og:image:width\" content=\"1024\" \/>\n\t<meta property=\"og:image:height\" content=\"683\" \/>\n\t<meta property=\"og:image:type\" content=\"image\/jpeg\" \/>\n<meta name=\"twitter:label1\" content=\"Est. reading time\" \/>\n\t<meta name=\"twitter:data1\" content=\"8 minut\u0117s\" \/>\n<script type=\"application\/ld+json\" class=\"yoast-schema-graph\">{\"@context\":\"https:\\\/\\\/schema.org\",\"@graph\":[{\"@type\":\"WebPage\",\"@id\":\"https:\\\/\\\/www.gripfactoryantislip.com\\\/lt\\\/prekes-nuo-slydimo\\\/gripdangos\\\/\",\"url\":\"https:\\\/\\\/www.gripfactoryantislip.com\\\/lt\\\/prekes-nuo-slydimo\\\/gripdangos\\\/\",\"name\":\"GRIPdangos &#060; GripFactory\",\"isPartOf\":{\"@id\":\"https:\\\/\\\/www.gripfactoryantislip.com\\\/lt\\\/#website\"},\"primaryImageOfPage\":{\"@id\":\"https:\\\/\\\/www.gripfactoryantislip.com\\\/lt\\\/prekes-nuo-slydimo\\\/gripdangos\\\/#primaryimage\"},\"image\":{\"@id\":\"https:\\\/\\\/www.gripfactoryantislip.com\\\/lt\\\/prekes-nuo-slydimo\\\/gripdangos\\\/#primaryimage\"},\"thumbnailUrl\":\"https:\\\/\\\/www.gripfactoryantislip.com\\\/wp-content\\\/uploads\\\/gripfactory_segment_gripcoatings.jpg\",\"datePublished\":\"2021-12-29T12:44:55+00:00\",\"dateModified\":\"2024-03-26T09:41:29+00:00\",\"breadcrumb\":{\"@id\":\"https:\\\/\\\/www.gripfactoryantislip.com\\\/lt\\\/prekes-nuo-slydimo\\\/gripdangos\\\/#breadcrumb\"},\"inLanguage\":\"lt-LT\",\"potentialAction\":[{\"@type\":\"ReadAction\",\"target\":[\"https:\\\/\\\/www.gripfactoryantislip.com\\\/lt\\\/prekes-nuo-slydimo\\\/gripdangos\\\/\"]}]},{\"@type\":\"ImageObject\",\"inLanguage\":\"lt-LT\",\"@id\":\"https:\\\/\\\/www.gripfactoryantislip.com\\\/lt\\\/prekes-nuo-slydimo\\\/gripdangos\\\/#primaryimage\",\"url\":\"https:\\\/\\\/www.gripfactoryantislip.com\\\/wp-content\\\/uploads\\\/gripfactory_segment_gripcoatings.jpg\",\"contentUrl\":\"https:\\\/\\\/www.gripfactoryantislip.com\\\/wp-content\\\/uploads\\\/gripfactory_segment_gripcoatings.jpg\",\"width\":1024,\"height\":683,\"caption\":\"GripFactory GRIPdangos produkt\u0173 grup\u0117\"},{\"@type\":\"BreadcrumbList\",\"@id\":\"https:\\\/\\\/www.gripfactoryantislip.com\\\/lt\\\/prekes-nuo-slydimo\\\/gripdangos\\\/#breadcrumb\",\"itemListElement\":[{\"@type\":\"ListItem\",\"position\":1,\"name\":\"Home\",\"item\":\"https:\\\/\\\/www.gripfactoryantislip.com\\\/lt\\\/\"},{\"@type\":\"ListItem\",\"position\":2,\"name\":\"Prek\u0117s nuo slydimo\",\"item\":\"https:\\\/\\\/www.gripfactoryantislip.com\\\/lt\\\/prekes-nuo-slydimo\\\/\"},{\"@type\":\"ListItem\",\"position\":3,\"name\":\"GRIPdangos\"}]},{\"@type\":\"WebSite\",\"@id\":\"https:\\\/\\\/www.gripfactoryantislip.com\\\/lt\\\/#website\",\"url\":\"https:\\\/\\\/www.gripfactoryantislip.com\\\/lt\\\/\",\"name\":\"GripFactory\",\"description\":\"Inovatyv\u016bs neslystantys sprendimai kiekvienam pavir\u0161iui\",\"publisher\":{\"@id\":\"https:\\\/\\\/www.gripfactoryantislip.com\\\/lt\\\/#organization\"},\"alternateName\":\"Floor Safety Solutions at GripFactory Anti-Slip\",\"potentialAction\":[{\"@type\":\"SearchAction\",\"target\":{\"@type\":\"EntryPoint\",\"urlTemplate\":\"https:\\\/\\\/www.gripfactoryantislip.com\\\/lt\\\/?s={search_term_string}\"},\"query-input\":{\"@type\":\"PropertyValueSpecification\",\"valueRequired\":true,\"valueName\":\"search_term_string\"}}],\"inLanguage\":\"lt-LT\"},{\"@type\":\"Organization\",\"@id\":\"https:\\\/\\\/www.gripfactoryantislip.com\\\/lt\\\/#organization\",\"name\":\"GripFactory B.V.\",\"url\":\"https:\\\/\\\/www.gripfactoryantislip.com\\\/lt\\\/\",\"logo\":{\"@type\":\"ImageObject\",\"inLanguage\":\"lt-LT\",\"@id\":\"https:\\\/\\\/www.gripfactoryantislip.com\\\/lt\\\/#\\\/schema\\\/logo\\\/image\\\/\",\"url\":\"https:\\\/\\\/www.gripfactoryantislip.com\\\/wp-content\\\/uploads\\\/logo_gripfactory.jpg\",\"contentUrl\":\"https:\\\/\\\/www.gripfactoryantislip.com\\\/wp-content\\\/uploads\\\/logo_gripfactory.jpg\",\"width\":269,\"height\":60,\"caption\":\"GripFactory B.V.\"},\"image\":{\"@id\":\"https:\\\/\\\/www.gripfactoryantislip.com\\\/lt\\\/#\\\/schema\\\/logo\\\/image\\\/\"},\"sameAs\":[\"https:\\\/\\\/www.facebook.com\\\/GripFactoryAntislip\",\"https:\\\/\\\/www.instagram.com\\\/gripfactoryantislip\\\/\",\"https:\\\/\\\/www.linkedin.com\\\/company\\\/gripfactoryantislip\\\/about\\\/\"],\"email\":\"info@gripfactory.nl\",\"telephone\":\"+31348203000\",\"legalName\":\"GripFactor B.V.\",\"foundingDate\":\"2018-11-01\",\"vatID\":\"NL859320856B01\",\"taxID\":\"NL859320856B01\",\"numberOfEmployees\":{\"@type\":\"QuantitativeValue\",\"minValue\":\"1\",\"maxValue\":\"10\"}}]}<\/script>\n<!-- \/ Yoast SEO Premium plugin. -->","yoast_head_json":{"title":"GRIPdangos &#060; GripFactory","robots":{"index":"index","follow":"follow","max-snippet":"max-snippet:-1","max-image-preview":"max-image-preview:large","max-video-preview":"max-video-preview:-1"},"canonical":"https:\/\/www.gripfactoryantislip.com\/lt\/prekes-nuo-slydimo\/gripdangos\/","og_locale":"lt_LT","og_type":"article","og_title":"GRIPdangos","og_url":"https:\/\/www.gripfactoryantislip.com\/lt\/prekes-nuo-slydimo\/gripdangos\/","og_site_name":"GripFactory","article_publisher":"https:\/\/www.facebook.com\/GripFactoryAntislip","article_modified_time":"2024-03-26T09:41:29+00:00","og_image":[{"width":1024,"height":683,"url":"https:\/\/www.gripfactoryantislip.com\/wp-content\/uploads\/gripfactory_segment_gripcoatings.jpg","type":"image\/jpeg"}],"twitter_misc":{"Est. reading time":"8 minut\u0117s"},"schema":{"@context":"https:\/\/schema.org","@graph":[{"@type":"WebPage","@id":"https:\/\/www.gripfactoryantislip.com\/lt\/prekes-nuo-slydimo\/gripdangos\/","url":"https:\/\/www.gripfactoryantislip.com\/lt\/prekes-nuo-slydimo\/gripdangos\/","name":"GRIPdangos &#060; GripFactory","isPartOf":{"@id":"https:\/\/www.gripfactoryantislip.com\/lt\/#website"},"primaryImageOfPage":{"@id":"https:\/\/www.gripfactoryantislip.com\/lt\/prekes-nuo-slydimo\/gripdangos\/#primaryimage"},"image":{"@id":"https:\/\/www.gripfactoryantislip.com\/lt\/prekes-nuo-slydimo\/gripdangos\/#primaryimage"},"thumbnailUrl":"https:\/\/www.gripfactoryantislip.com\/wp-content\/uploads\/gripfactory_segment_gripcoatings.jpg","datePublished":"2021-12-29T12:44:55+00:00","dateModified":"2024-03-26T09:41:29+00:00","breadcrumb":{"@id":"https:\/\/www.gripfactoryantislip.com\/lt\/prekes-nuo-slydimo\/gripdangos\/#breadcrumb"},"inLanguage":"lt-LT","potentialAction":[{"@type":"ReadAction","target":["https:\/\/www.gripfactoryantislip.com\/lt\/prekes-nuo-slydimo\/gripdangos\/"]}]},{"@type":"ImageObject","inLanguage":"lt-LT","@id":"https:\/\/www.gripfactoryantislip.com\/lt\/prekes-nuo-slydimo\/gripdangos\/#primaryimage","url":"https:\/\/www.gripfactoryantislip.com\/wp-content\/uploads\/gripfactory_segment_gripcoatings.jpg","contentUrl":"https:\/\/www.gripfactoryantislip.com\/wp-content\/uploads\/gripfactory_segment_gripcoatings.jpg","width":1024,"height":683,"caption":"GripFactory GRIPdangos produkt\u0173 grup\u0117"},{"@type":"BreadcrumbList","@id":"https:\/\/www.gripfactoryantislip.com\/lt\/prekes-nuo-slydimo\/gripdangos\/#breadcrumb","itemListElement":[{"@type":"ListItem","position":1,"name":"Home","item":"https:\/\/www.gripfactoryantislip.com\/lt\/"},{"@type":"ListItem","position":2,"name":"Prek\u0117s nuo slydimo","item":"https:\/\/www.gripfactoryantislip.com\/lt\/prekes-nuo-slydimo\/"},{"@type":"ListItem","position":3,"name":"GRIPdangos"}]},{"@type":"WebSite","@id":"https:\/\/www.gripfactoryantislip.com\/lt\/#website","url":"https:\/\/www.gripfactoryantislip.com\/lt\/","name":"GripFactory","description":"Inovatyv\u016bs neslystantys sprendimai kiekvienam pavir\u0161iui","publisher":{"@id":"https:\/\/www.gripfactoryantislip.com\/lt\/#organization"},"alternateName":"Floor Safety Solutions at GripFactory Anti-Slip","potentialAction":[{"@type":"SearchAction","target":{"@type":"EntryPoint","urlTemplate":"https:\/\/www.gripfactoryantislip.com\/lt\/?s={search_term_string}"},"query-input":{"@type":"PropertyValueSpecification","valueRequired":true,"valueName":"search_term_string"}}],"inLanguage":"lt-LT"},{"@type":"Organization","@id":"https:\/\/www.gripfactoryantislip.com\/lt\/#organization","name":"GripFactory B.V.","url":"https:\/\/www.gripfactoryantislip.com\/lt\/","logo":{"@type":"ImageObject","inLanguage":"lt-LT","@id":"https:\/\/www.gripfactoryantislip.com\/lt\/#\/schema\/logo\/image\/","url":"https:\/\/www.gripfactoryantislip.com\/wp-content\/uploads\/logo_gripfactory.jpg","contentUrl":"https:\/\/www.gripfactoryantislip.com\/wp-content\/uploads\/logo_gripfactory.jpg","width":269,"height":60,"caption":"GripFactory B.V."},"image":{"@id":"https:\/\/www.gripfactoryantislip.com\/lt\/#\/schema\/logo\/image\/"},"sameAs":["https:\/\/www.facebook.com\/GripFactoryAntislip","https:\/\/www.instagram.com\/gripfactoryantislip\/","https:\/\/www.linkedin.com\/company\/gripfactoryantislip\/about\/"],"email":"info@gripfactory.nl","telephone":"+31348203000","legalName":"GripFactor B.V.","foundingDate":"2018-11-01","vatID":"NL859320856B01","taxID":"NL859320856B01","numberOfEmployees":{"@type":"QuantitativeValue","minValue":"1","maxValue":"10"}}]}},"_links":{"self":[{"href":"https:\/\/www.gripfactoryantislip.com\/lt\/wp-json\/wp\/v2\/pages\/22199","targetHints":{"allow":["GET"]}}],"collection":[{"href":"https:\/\/www.gripfactoryantislip.com\/lt\/wp-json\/wp\/v2\/pages"}],"about":[{"href":"https:\/\/www.gripfactoryantislip.com\/lt\/wp-json\/wp\/v2\/types\/page"}],"author":[{"embeddable":true,"href":"https:\/\/www.gripfactoryantislip.com\/lt\/wp-json\/wp\/v2\/users\/2"}],"replies":[{"embeddable":true,"href":"https:\/\/www.gripfactoryantislip.com\/lt\/wp-json\/wp\/v2\/comments?post=22199"}],"version-history":[{"count":0,"href":"https:\/\/www.gripfactoryantislip.com\/lt\/wp-json\/wp\/v2\/pages\/22199\/revisions"}],"up":[{"embeddable":true,"href":"https:\/\/www.gripfactoryantislip.com\/lt\/wp-json\/wp\/v2\/pages\/22072"}],"wp:featuredmedia":[{"embeddable":true,"href":"https:\/\/www.gripfactoryantislip.com\/lt\/wp-json\/wp\/v2\/media\/22200"}],"wp:attachment":[{"href":"https:\/\/www.gripfactoryantislip.com\/lt\/wp-json\/wp\/v2\/media?parent=22199"}],"curies":[{"name":"wp","href":"https:\/\/api.w.org\/{rel}","templated":true}]}}