{"id":22236,"date":"2021-12-29T14:19:48","date_gmt":"2021-12-29T13:19:48","guid":{"rendered":"https:\/\/www.gripfactoryantislip.com\/prekes-nuo-slydimo\/gripskysciai\/"},"modified":"2024-03-13T12:59:27","modified_gmt":"2024-03-13T11:59:27","slug":"gripskysciai","status":"publish","type":"page","link":"https:\/\/www.gripfactoryantislip.com\/lt\/prekes-nuo-slydimo\/gripskysciai\/","title":{"rendered":"GRIPskys\u010diai"},"content":{"rendered":"<p><div class=\"fusion-fullwidth fullwidth-box fusion-builder-row-1 has-pattern-background has-mask-background nonhundred-percent-fullwidth non-hundred-percent-height-scrolling\" style=\"--awb-border-radius-top-left:0px;--awb-border-radius-top-right:0px;--awb-border-radius-bottom-right:0px;--awb-border-radius-bottom-left:0px;--awb-margin-top:50px;--awb-margin-bottom:50px;--awb-flex-wrap:wrap;\" ><div class=\"fusion-builder-row fusion-row\"><div class=\"fusion-layout-column fusion_builder_column fusion-builder-column-0 fusion_builder_column_1_1 1_1 fusion-one-full fusion-column-first fusion-column-last\" style=\"--awb-bg-size:cover;--awb-margin-bottom:0px;\"><div class=\"fusion-column-wrapper fusion-flex-column-wrapper-legacy\"><div class=\"fusion-title title fusion-title-1 fusion-sep-none fusion-title-text fusion-title-size-one\" style=\"--awb-margin-top-small:0px;--awb-margin-right-small:0px;--awb-margin-bottom-small:20px;--awb-margin-left-small:0px;\"><h1 class=\"fusion-title-heading title-heading-left fusion-responsive-typography-calculated\" style=\"margin:0;--fontSize:36;line-height:1.4;\">GRIPskys\u010diai<\/h1><\/div><div class=\"fusion-text fusion-text-1 gripfactory-responsive-text\"><p style=\"color: #ffffff;\">M\u016bs\u0173 neslystantys skys\u010diai yra unikal\u016bs. Metodas paprastas, o rezultatas labai patvarus. Vis\u0173 tip\u0173 plyteles, nat\u016bral\u0173 akmen\u012f ir beton\u0105 galima pagaminti (prakti\u0161kai nematomas) neslid\u017eias, o galutinis rezultatas visada atitinka grie\u017e\u010diausius Europos standartus. Didelis GripFactory produkt\u0173 prana\u0161umas yra tai, kad pritaikymas yra labai paprastas. Tai rei\u0161kia ma\u017eesnes i\u0161laidas ir ma\u017eiau nepatogum\u0173. Mes si\u016blome ai\u0161kius naudojimo vadovus, ta\u010diau, jei reikia, galime visk\u0105 padaryti u\u017e jus. Tada gausite sertifikat\u0105 su grind\u0173 i\u0161matavimu ir su 5 met\u0173 garantija!<\/p>\n<\/div><div class=\"fusion-clearfix\"><\/div><\/div><\/div><\/div><\/div><div class=\"fusion-fullwidth fullwidth-box fusion-builder-row-2 has-pattern-background has-mask-background hundred-percent-fullwidth non-hundred-percent-height-scrolling fusion-equal-height-columns\" style=\"--awb-border-radius-top-left:0px;--awb-border-radius-top-right:0px;--awb-border-radius-bottom-right:0px;--awb-border-radius-bottom-left:0px;--awb-padding-top:0px;--awb-padding-right:0px;--awb-padding-bottom:0px;--awb-padding-left:0px;--awb-margin-top:0px;--awb-margin-bottom:0px;--awb-background-color:#828282;--awb-flex-wrap:wrap;\" ><div class=\"fusion-builder-row fusion-row\"><div class=\"fusion-layout-column fusion_builder_column fusion-builder-column-1 fusion_builder_column_1_3 1_3 fusion-one-third fusion-column-first fusion-column-inner-bg-wrapper\" style=\"--awb-inner-bg-image:url(&#039;https:\/\/www.gripfactoryantislip.com\/wp-content\/uploads\/gripfactory_gripliquids_titaniumgrip.jpg&#039;);--awb-inner-bg-position:center center;--awb-inner-bg-size:cover;--awb-margin-bottom:0px;width:33.333333333333%;width:calc(33.333333333333% - ( ( 0px ) * 0.33333333333333 ) );margin-right: 0px;\"><span class=\"fusion-column-inner-bg hover-type-zoomin\"><span class=\"fusion-column-anchor\"><span class=\"fusion-column-inner-bg-image\"><\/span><\/span><\/span><div class=\"fusion-column-wrapper fusion-column-has-shadow fusion-flex-column-wrapper-legacy fusion-column-has-bg-image\" data-bg-url=\"https:\/\/www.gripfactoryantislip.com\/wp-content\/uploads\/gripfactory_gripliquids_titaniumgrip.jpg\"><div class=\"fusion-column-content-centered\"><div class=\"fusion-column-content\"><div class=\"fusion-sep-clear\"><\/div><div class=\"fusion-separator fusion-full-width-sep\" style=\"margin-left: auto;margin-right: auto;margin-top:30%;margin-bottom:30%;width:100%;\"><\/div><div class=\"fusion-sep-clear\"><\/div><\/div><\/div><div class=\"fusion-clearfix\"><\/div><\/div><\/div><div class=\"fusion-layout-column fusion_builder_column fusion-builder-column-2 fusion_builder_column_2_3 2_3 fusion-two-third fusion-column-last\" style=\"--awb-padding-top:50px;--awb-padding-right:50px;--awb-padding-left:50px;--awb-bg-size:cover;--awb-margin-bottom:0px;width:66.666666666667%;width:calc(66.666666666667% - ( ( 0px ) * 0.66666666666667 ) );\"><div class=\"fusion-column-wrapper fusion-column-has-shadow fusion-flex-column-wrapper-legacy\"><div class=\"fusion-title title fusion-title-2 fusion-sep-none fusion-title-text fusion-title-size-two\" style=\"--awb-margin-top-small:0px;--awb-margin-right-small:0px;--awb-margin-bottom-small:20px;--awb-margin-left-small:0px;\"><h2 class=\"fusion-title-heading title-heading-left fusion-responsive-typography-calculated\" style=\"margin:0;--fontSize:30;--minFontSize:30;line-height:1.5;\">GripFactory TitaniumGrip<\/h2><\/div><div class=\"fusion-text fusion-text-2 gripfactory-responsive-text\"><p>GripFactory TitaniumGrip yra nematomas neslystantis sprendimas lygioms ir (arba) dr\u0117gnoms grind\u0173 plytel\u0117ms, laiptams ir kitiems pavir\u0161iams. GripFactory TitaniumGrip tepamas tiesiai ant plytel\u0117s be gilaus valymo. Po keli\u0173 minu\u010di\u0173 jis neutralizuojamas vandeniu. \u0160iuo paprastu metodu galima per palyginti trump\u0105 laik\u0105 padaryti didelius pavir\u0161ius neslid\u017eiais. Nepatogumai yra minimal\u016bs, o kadangi nereikia giliai valyti, sutaupysite i\u0161laid\u0173 padarant laiptus ar grindis neslystan\u010diais.<\/p>\n<\/div><div class=\"fusion-text fusion-text-3 gripfactory-responsive-text\"><p><span style=\"font-size: 120%;\"><i class=\"fb-icon-element-1 fb-icon-element fontawesome-icon fa-angle-double-right fas circle-yes fusion-text-flow\" style=\"--awb-iconcolor:#faf600;--awb-iconcolor-hover:#faf600;--awb-circlecolor:rgba(51,51,51,0);--awb-circlecolor-hover:rgba(51,51,51,0);--awb-circlebordercolor:rgba(51,51,51,0);--awb-circlebordercolor-hover:rgba(51,51,51,0);--awb-circlebordersize:1px;--awb-font-size:28.16px;--awb-width:56.32px;--awb-height:56.32px;--awb-line-height:54.32px;--awb-margin-right:16px;\"><\/i><a href=\"https:\/\/www.gripfactoryantislip.com\/lt\/prekes-nuo-slydimo\/gripskysciai\/gripfactory-titaniumgrip\/\">GRIPFACTORY TITANIUMGRIP<\/a><\/span><\/p>\n<\/div><div class=\"fusion-clearfix\"><\/div><\/div><\/div><\/div><\/div><div class=\"fusion-fullwidth fullwidth-box fusion-builder-row-3 hundred-percent-fullwidth non-hundred-percent-height-scrolling fusion-equal-height-columns\" style=\"--awb-border-radius-top-left:0px;--awb-border-radius-top-right:0px;--awb-border-radius-bottom-right:0px;--awb-border-radius-bottom-left:0px;--awb-padding-top:0px;--awb-padding-right:0px;--awb-padding-bottom:0px;--awb-padding-left:0px;--awb-margin-top:0px;--awb-margin-bottom:0px;--awb-background-color:#000000;--awb-flex-wrap:wrap;\" ><div class=\"fusion-builder-row fusion-row\"><div class=\"fusion-layout-column fusion_builder_column fusion-builder-column-3 fusion_builder_column_1_3 1_3 fusion-one-third fusion-column-first fusion-column-inner-bg-wrapper\" style=\"--awb-inner-bg-image:url(&#039;https:\/\/www.gripfactoryantislip.com\/wp-content\/uploads\/gripfactory_gripliquids_microgrip.jpg&#039;);--awb-inner-bg-position:center center;--awb-inner-bg-size:cover;--awb-margin-bottom:0px;width:33.333333333333%;width:calc(33.333333333333% - ( ( 0px ) * 0.33333333333333 ) );margin-right: 0px;\"><span class=\"fusion-column-inner-bg hover-type-zoomin\"><span class=\"fusion-column-anchor\"><span class=\"fusion-column-inner-bg-image\"><\/span><\/span><\/span><div class=\"fusion-column-wrapper fusion-column-has-shadow fusion-flex-column-wrapper-legacy fusion-column-has-bg-image\" data-bg-url=\"https:\/\/www.gripfactoryantislip.com\/wp-content\/uploads\/gripfactory_gripliquids_microgrip.jpg\"><div class=\"fusion-column-content-centered\"><div class=\"fusion-column-content\"><div class=\"fusion-sep-clear\"><\/div><div class=\"fusion-separator fusion-full-width-sep\" style=\"margin-left: auto;margin-right: auto;margin-top:30%;margin-bottom:30%;width:100%;\"><\/div><div class=\"fusion-sep-clear\"><\/div><\/div><\/div><div class=\"fusion-clearfix\"><\/div><\/div><\/div><div class=\"fusion-layout-column fusion_builder_column fusion-builder-column-4 fusion_builder_column_2_3 2_3 fusion-two-third fusion-column-last\" style=\"--awb-padding-top:50px;--awb-padding-right:50px;--awb-padding-left:50px;--awb-bg-size:cover;--awb-margin-bottom:0px;width:66.666666666667%;width:calc(66.666666666667% - ( ( 0px ) * 0.66666666666667 ) );\"><div class=\"fusion-column-wrapper fusion-column-has-shadow fusion-flex-column-wrapper-legacy\"><div class=\"fusion-title title fusion-title-3 fusion-sep-none fusion-title-text fusion-title-size-two\" style=\"--awb-margin-top-small:0px;--awb-margin-right-small:0px;--awb-margin-bottom-small:20px;--awb-margin-left-small:0px;\"><h2 class=\"fusion-title-heading title-heading-left fusion-responsive-typography-calculated\" style=\"margin:0;--fontSize:30;--minFontSize:30;line-height:1.5;\">GripFactory MicroGrip<\/h2><\/div><div class=\"fusion-text fusion-text-4 gripfactory-responsive-text\"><p>GripFactory MicroGrip yra nematomas neslystantis sprendimas lygioms ir (arba) dr\u0117gnoms grindims, laiptams ir kitiems betono, keramini\u0173 plyteli\u0173 ir marmuro pavir\u0161iams. GripFactory MicroGrip yra skystis (GRIPskys\u010diai), kuris sukuria mikroskopi\u0161kai ma\u017eus griovelius vir\u0161utiniame lygi\u0173 grind\u0173 sluoksnyje. Apdorojus su GripFactory MicroGrip, j\u016bs\u0173 grindyse niekas opti\u0161kai nepasikei\u010dia, ta\u010diau vanduo dabar gali lengvai nutek\u0117ti po bat\u0173 padais ar automobili\u0173 padangomis, tod\u0117l sukibimas yra geresnis ir suma\u017e\u0117ja nelaiming\u0173 atsitikim\u0173 ar slydimo tikimyb\u0117.<\/p>\n<\/div><div class=\"fusion-text fusion-text-5 gripfactory-responsive-text\"><p><span style=\"font-size: 120%;\"><i class=\"fb-icon-element-2 fb-icon-element fontawesome-icon fa-angle-double-right fas circle-yes fusion-text-flow\" style=\"--awb-iconcolor:#faf600;--awb-iconcolor-hover:#faf600;--awb-circlecolor:rgba(51,51,51,0);--awb-circlecolor-hover:rgba(51,51,51,0);--awb-circlebordercolor:rgba(51,51,51,0);--awb-circlebordercolor-hover:rgba(51,51,51,0);--awb-circlebordersize:1px;--awb-font-size:28.16px;--awb-width:56.32px;--awb-height:56.32px;--awb-line-height:54.32px;--awb-margin-right:16px;\"><\/i><a href=\"https:\/\/www.gripfactoryantislip.com\/lt\/prekes-nuo-slydimo\/gripskysciai\/gripfactory-microgrip\/\">GRIPFACTORY MICROGRIP<\/a><\/span><\/p>\n<\/div><div class=\"fusion-clearfix\"><\/div><\/div><\/div><\/div><\/div><div class=\"fusion-fullwidth fullwidth-box fusion-builder-row-4 hundred-percent-fullwidth non-hundred-percent-height-scrolling fusion-equal-height-columns\" style=\"--awb-border-radius-top-left:0px;--awb-border-radius-top-right:0px;--awb-border-radius-bottom-right:0px;--awb-border-radius-bottom-left:0px;--awb-padding-top:0px;--awb-padding-right:0px;--awb-padding-bottom:0px;--awb-padding-left:0px;--awb-margin-top:0px;--awb-margin-bottom:0px;--awb-background-color:#828282;--awb-flex-wrap:wrap;\" ><div class=\"fusion-builder-row fusion-row\"><div class=\"fusion-layout-column fusion_builder_column fusion-builder-column-5 fusion_builder_column_1_3 1_3 fusion-one-third fusion-column-first fusion-column-inner-bg-wrapper\" style=\"--awb-inner-bg-image:url(&#039;https:\/\/www.gripfactoryantislip.com\/wp-content\/uploads\/gripfactory_gripliquids_antislip-tegelspray.jpg&#039;);--awb-inner-bg-position:center center;--awb-inner-bg-size:cover;--awb-margin-bottom:0px;width:33.333333333333%;width:calc(33.333333333333% - ( ( 0px ) * 0.33333333333333 ) );margin-right: 0px;\"><span class=\"fusion-column-inner-bg hover-type-zoomin\"><span class=\"fusion-column-anchor\"><span class=\"fusion-column-inner-bg-image\"><\/span><\/span><\/span><div class=\"fusion-column-wrapper fusion-column-has-shadow fusion-flex-column-wrapper-legacy fusion-column-has-bg-image\" data-bg-url=\"https:\/\/www.gripfactoryantislip.com\/wp-content\/uploads\/gripfactory_gripliquids_antislip-tegelspray.jpg\"><div class=\"fusion-column-content-centered\"><div class=\"fusion-column-content\"><div class=\"fusion-sep-clear\"><\/div><div class=\"fusion-separator fusion-full-width-sep\" style=\"margin-left: auto;margin-right: auto;margin-top:30%;margin-bottom:30%;width:100%;\"><\/div><div class=\"fusion-sep-clear\"><\/div><\/div><\/div><div class=\"fusion-clearfix\"><\/div><\/div><\/div><div class=\"fusion-layout-column fusion_builder_column fusion-builder-column-6 fusion_builder_column_2_3 2_3 fusion-two-third fusion-column-last\" style=\"--awb-padding-top:50px;--awb-padding-right:50px;--awb-padding-left:50px;--awb-bg-size:cover;--awb-margin-bottom:0px;width:66.666666666667%;width:calc(66.666666666667% - ( ( 0px ) * 0.66666666666667 ) );\"><div class=\"fusion-column-wrapper fusion-flex-column-wrapper-legacy\"><div class=\"fusion-title title fusion-title-4 fusion-sep-none fusion-title-text fusion-title-size-two\" style=\"--awb-margin-top-small:0px;--awb-margin-right-small:0px;--awb-margin-bottom-small:20px;--awb-margin-left-small:0px;\"><h2 class=\"fusion-title-heading title-heading-left fusion-responsive-typography-calculated\" style=\"margin:0;--fontSize:30;--minFontSize:30;line-height:1.5;\">GripFactory Anti-Slip plyteli\u0173 pur\u0161kiklis<\/h2><\/div><div class=\"fusion-text fusion-text-6 gripfactory-responsive-text\"><p>GripFactory Anti-Slip plyteli\u0173 pur\u0161kiklis yra nematomas neslystantis tirpalas lygioms ir (arba) dr\u0117gnoms plyteli\u0173 grindims, laiptams ir kitiems pavir\u0161iams. GripFactory Anti-Slip plyteliu pur\u0161kiklis pur\u0161kiamas tiesiai ant plytel\u0117s be gilaus valymo. Po keli\u0173 minu\u010di\u0173 jis neutralizuojamas vandeniu. \u0160iuo paprastu metodu galima per palyginti trump\u0105 laik\u0105 padaryti didelius pavir\u0161ius neslid\u017eiais. Nepatogumai yra minimal\u016bs, o kadangi nereikia giliai valyti, sutaupysite i\u0161laid\u0173 padarant laiptus ar grindis neslystan\u010diais.<\/p>\n<\/div><div class=\"fusion-text fusion-text-7 gripfactory-responsive-text\"><p><span style=\"font-size: 120%;\"><i class=\"fb-icon-element-3 fb-icon-element fontawesome-icon fa-angle-double-right fas circle-yes fusion-text-flow\" style=\"--awb-iconcolor:#faf600;--awb-iconcolor-hover:#faf600;--awb-circlecolor:rgba(51,51,51,0);--awb-circlecolor-hover:rgba(51,51,51,0);--awb-circlebordercolor:rgba(51,51,51,0);--awb-circlebordercolor-hover:rgba(51,51,51,0);--awb-circlebordersize:1px;--awb-font-size:28.16px;--awb-width:56.32px;--awb-height:56.32px;--awb-line-height:54.32px;--awb-margin-right:16px;\"><\/i><a href=\"https:\/\/www.gripfactoryantislip.com\/lt\/prekes-nuo-slydimo\/gripskysciai\/gripfactory-anti-slip-plyteliu-purskiklis\/\">GRIPFACTORY NESLYSTAN\u010cI\u0172 PLYTELI\u0172 PUR\u0160KIKLIS<\/a><\/span><\/p>\n<\/div><div class=\"fusion-clearfix\"><\/div><\/div><\/div><\/div><\/div><\/p>\n","protected":false},"excerpt":{"rendered":"","protected":false},"author":2,"featured_media":0,"parent":22072,"menu_order":0,"comment_status":"closed","ping_status":"closed","template":"100-width.php","meta":{"footnotes":""},"class_list":["post-22236","page","type-page","status-publish","hentry"],"yoast_head":"<!-- This site is optimized with the Yoast SEO Premium plugin v27.4 (Yoast SEO v27.4) - https:\/\/yoast.com\/product\/yoast-seo-premium-wordpress\/ -->\n<title>GRIPskys\u010diai &#060; GripFactory<\/title>\n<meta name=\"robots\" content=\"index, follow, max-snippet:-1, max-image-preview:large, max-video-preview:-1\" \/>\n<link rel=\"canonical\" href=\"https:\/\/www.gripfactoryantislip.com\/lt\/prekes-nuo-slydimo\/gripskysciai\/\" \/>\n<meta property=\"og:locale\" content=\"lt_LT\" \/>\n<meta property=\"og:type\" content=\"article\" \/>\n<meta property=\"og:title\" content=\"GRIPskys\u010diai\" \/>\n<meta property=\"og:url\" content=\"https:\/\/www.gripfactoryantislip.com\/lt\/prekes-nuo-slydimo\/gripskysciai\/\" \/>\n<meta property=\"og:site_name\" content=\"GripFactory\" \/>\n<meta property=\"article:publisher\" content=\"https:\/\/www.facebook.com\/GripFactoryAntislip\" \/>\n<meta property=\"article:modified_time\" content=\"2024-03-13T11:59:27+00:00\" \/>\n<meta name=\"twitter:label1\" content=\"Est. reading time\" \/>\n\t<meta name=\"twitter:data1\" content=\"23 minut\u0117s\" \/>\n<script type=\"application\/ld+json\" class=\"yoast-schema-graph\">{\"@context\":\"https:\\\/\\\/schema.org\",\"@graph\":[{\"@type\":\"WebPage\",\"@id\":\"https:\\\/\\\/www.gripfactoryantislip.com\\\/lt\\\/prekes-nuo-slydimo\\\/gripskysciai\\\/\",\"url\":\"https:\\\/\\\/www.gripfactoryantislip.com\\\/lt\\\/prekes-nuo-slydimo\\\/gripskysciai\\\/\",\"name\":\"GRIPskys\u010diai &#060; GripFactory\",\"isPartOf\":{\"@id\":\"https:\\\/\\\/www.gripfactoryantislip.com\\\/lt\\\/#website\"},\"datePublished\":\"2021-12-29T13:19:48+00:00\",\"dateModified\":\"2024-03-13T11:59:27+00:00\",\"breadcrumb\":{\"@id\":\"https:\\\/\\\/www.gripfactoryantislip.com\\\/lt\\\/prekes-nuo-slydimo\\\/gripskysciai\\\/#breadcrumb\"},\"inLanguage\":\"lt-LT\",\"potentialAction\":[{\"@type\":\"ReadAction\",\"target\":[\"https:\\\/\\\/www.gripfactoryantislip.com\\\/lt\\\/prekes-nuo-slydimo\\\/gripskysciai\\\/\"]}]},{\"@type\":\"BreadcrumbList\",\"@id\":\"https:\\\/\\\/www.gripfactoryantislip.com\\\/lt\\\/prekes-nuo-slydimo\\\/gripskysciai\\\/#breadcrumb\",\"itemListElement\":[{\"@type\":\"ListItem\",\"position\":1,\"name\":\"Home\",\"item\":\"https:\\\/\\\/www.gripfactoryantislip.com\\\/lt\\\/\"},{\"@type\":\"ListItem\",\"position\":2,\"name\":\"Prek\u0117s nuo slydimo\",\"item\":\"https:\\\/\\\/www.gripfactoryantislip.com\\\/lt\\\/prekes-nuo-slydimo\\\/\"},{\"@type\":\"ListItem\",\"position\":3,\"name\":\"GRIPskys\u010diai\"}]},{\"@type\":\"WebSite\",\"@id\":\"https:\\\/\\\/www.gripfactoryantislip.com\\\/lt\\\/#website\",\"url\":\"https:\\\/\\\/www.gripfactoryantislip.com\\\/lt\\\/\",\"name\":\"GripFactory\",\"description\":\"Inovatyv\u016bs neslystantys sprendimai kiekvienam pavir\u0161iui\",\"publisher\":{\"@id\":\"https:\\\/\\\/www.gripfactoryantislip.com\\\/lt\\\/#organization\"},\"alternateName\":\"Floor Safety Solutions at GripFactory Anti-Slip\",\"potentialAction\":[{\"@type\":\"SearchAction\",\"target\":{\"@type\":\"EntryPoint\",\"urlTemplate\":\"https:\\\/\\\/www.gripfactoryantislip.com\\\/lt\\\/?s={search_term_string}\"},\"query-input\":{\"@type\":\"PropertyValueSpecification\",\"valueRequired\":true,\"valueName\":\"search_term_string\"}}],\"inLanguage\":\"lt-LT\"},{\"@type\":\"Organization\",\"@id\":\"https:\\\/\\\/www.gripfactoryantislip.com\\\/lt\\\/#organization\",\"name\":\"GripFactory B.V.\",\"url\":\"https:\\\/\\\/www.gripfactoryantislip.com\\\/lt\\\/\",\"logo\":{\"@type\":\"ImageObject\",\"inLanguage\":\"lt-LT\",\"@id\":\"https:\\\/\\\/www.gripfactoryantislip.com\\\/lt\\\/#\\\/schema\\\/logo\\\/image\\\/\",\"url\":\"https:\\\/\\\/www.gripfactoryantislip.com\\\/wp-content\\\/uploads\\\/logo_gripfactory.jpg\",\"contentUrl\":\"https:\\\/\\\/www.gripfactoryantislip.com\\\/wp-content\\\/uploads\\\/logo_gripfactory.jpg\",\"width\":269,\"height\":60,\"caption\":\"GripFactory B.V.\"},\"image\":{\"@id\":\"https:\\\/\\\/www.gripfactoryantislip.com\\\/lt\\\/#\\\/schema\\\/logo\\\/image\\\/\"},\"sameAs\":[\"https:\\\/\\\/www.facebook.com\\\/GripFactoryAntislip\",\"https:\\\/\\\/www.instagram.com\\\/gripfactoryantislip\\\/\",\"https:\\\/\\\/www.linkedin.com\\\/company\\\/gripfactoryantislip\\\/about\\\/\"],\"email\":\"info@gripfactory.nl\",\"telephone\":\"+31348203000\",\"legalName\":\"GripFactor B.V.\",\"foundingDate\":\"2018-11-01\",\"vatID\":\"NL859320856B01\",\"taxID\":\"NL859320856B01\",\"numberOfEmployees\":{\"@type\":\"QuantitativeValue\",\"minValue\":\"1\",\"maxValue\":\"10\"}}]}<\/script>\n<!-- \/ Yoast SEO Premium plugin. -->","yoast_head_json":{"title":"GRIPskys\u010diai &#060; GripFactory","robots":{"index":"index","follow":"follow","max-snippet":"max-snippet:-1","max-image-preview":"max-image-preview:large","max-video-preview":"max-video-preview:-1"},"canonical":"https:\/\/www.gripfactoryantislip.com\/lt\/prekes-nuo-slydimo\/gripskysciai\/","og_locale":"lt_LT","og_type":"article","og_title":"GRIPskys\u010diai","og_url":"https:\/\/www.gripfactoryantislip.com\/lt\/prekes-nuo-slydimo\/gripskysciai\/","og_site_name":"GripFactory","article_publisher":"https:\/\/www.facebook.com\/GripFactoryAntislip","article_modified_time":"2024-03-13T11:59:27+00:00","twitter_misc":{"Est. reading time":"23 minut\u0117s"},"schema":{"@context":"https:\/\/schema.org","@graph":[{"@type":"WebPage","@id":"https:\/\/www.gripfactoryantislip.com\/lt\/prekes-nuo-slydimo\/gripskysciai\/","url":"https:\/\/www.gripfactoryantislip.com\/lt\/prekes-nuo-slydimo\/gripskysciai\/","name":"GRIPskys\u010diai &#060; GripFactory","isPartOf":{"@id":"https:\/\/www.gripfactoryantislip.com\/lt\/#website"},"datePublished":"2021-12-29T13:19:48+00:00","dateModified":"2024-03-13T11:59:27+00:00","breadcrumb":{"@id":"https:\/\/www.gripfactoryantislip.com\/lt\/prekes-nuo-slydimo\/gripskysciai\/#breadcrumb"},"inLanguage":"lt-LT","potentialAction":[{"@type":"ReadAction","target":["https:\/\/www.gripfactoryantislip.com\/lt\/prekes-nuo-slydimo\/gripskysciai\/"]}]},{"@type":"BreadcrumbList","@id":"https:\/\/www.gripfactoryantislip.com\/lt\/prekes-nuo-slydimo\/gripskysciai\/#breadcrumb","itemListElement":[{"@type":"ListItem","position":1,"name":"Home","item":"https:\/\/www.gripfactoryantislip.com\/lt\/"},{"@type":"ListItem","position":2,"name":"Prek\u0117s nuo slydimo","item":"https:\/\/www.gripfactoryantislip.com\/lt\/prekes-nuo-slydimo\/"},{"@type":"ListItem","position":3,"name":"GRIPskys\u010diai"}]},{"@type":"WebSite","@id":"https:\/\/www.gripfactoryantislip.com\/lt\/#website","url":"https:\/\/www.gripfactoryantislip.com\/lt\/","name":"GripFactory","description":"Inovatyv\u016bs neslystantys sprendimai kiekvienam pavir\u0161iui","publisher":{"@id":"https:\/\/www.gripfactoryantislip.com\/lt\/#organization"},"alternateName":"Floor Safety Solutions at GripFactory Anti-Slip","potentialAction":[{"@type":"SearchAction","target":{"@type":"EntryPoint","urlTemplate":"https:\/\/www.gripfactoryantislip.com\/lt\/?s={search_term_string}"},"query-input":{"@type":"PropertyValueSpecification","valueRequired":true,"valueName":"search_term_string"}}],"inLanguage":"lt-LT"},{"@type":"Organization","@id":"https:\/\/www.gripfactoryantislip.com\/lt\/#organization","name":"GripFactory B.V.","url":"https:\/\/www.gripfactoryantislip.com\/lt\/","logo":{"@type":"ImageObject","inLanguage":"lt-LT","@id":"https:\/\/www.gripfactoryantislip.com\/lt\/#\/schema\/logo\/image\/","url":"https:\/\/www.gripfactoryantislip.com\/wp-content\/uploads\/logo_gripfactory.jpg","contentUrl":"https:\/\/www.gripfactoryantislip.com\/wp-content\/uploads\/logo_gripfactory.jpg","width":269,"height":60,"caption":"GripFactory B.V."},"image":{"@id":"https:\/\/www.gripfactoryantislip.com\/lt\/#\/schema\/logo\/image\/"},"sameAs":["https:\/\/www.facebook.com\/GripFactoryAntislip","https:\/\/www.instagram.com\/gripfactoryantislip\/","https:\/\/www.linkedin.com\/company\/gripfactoryantislip\/about\/"],"email":"info@gripfactory.nl","telephone":"+31348203000","legalName":"GripFactor B.V.","foundingDate":"2018-11-01","vatID":"NL859320856B01","taxID":"NL859320856B01","numberOfEmployees":{"@type":"QuantitativeValue","minValue":"1","maxValue":"10"}}]}},"_links":{"self":[{"href":"https:\/\/www.gripfactoryantislip.com\/lt\/wp-json\/wp\/v2\/pages\/22236","targetHints":{"allow":["GET"]}}],"collection":[{"href":"https:\/\/www.gripfactoryantislip.com\/lt\/wp-json\/wp\/v2\/pages"}],"about":[{"href":"https:\/\/www.gripfactoryantislip.com\/lt\/wp-json\/wp\/v2\/types\/page"}],"author":[{"embeddable":true,"href":"https:\/\/www.gripfactoryantislip.com\/lt\/wp-json\/wp\/v2\/users\/2"}],"replies":[{"embeddable":true,"href":"https:\/\/www.gripfactoryantislip.com\/lt\/wp-json\/wp\/v2\/comments?post=22236"}],"version-history":[{"count":0,"href":"https:\/\/www.gripfactoryantislip.com\/lt\/wp-json\/wp\/v2\/pages\/22236\/revisions"}],"up":[{"embeddable":true,"href":"https:\/\/www.gripfactoryantislip.com\/lt\/wp-json\/wp\/v2\/pages\/22072"}],"wp:attachment":[{"href":"https:\/\/www.gripfactoryantislip.com\/lt\/wp-json\/wp\/v2\/media?parent=22236"}],"curies":[{"name":"wp","href":"https:\/\/api.w.org\/{rel}","templated":true}]}}