{"id":24544,"date":"2022-01-09T13:01:46","date_gmt":"2022-01-09T12:01:46","guid":{"rendered":"https:\/\/www.gripfactoryantislip.com\/?post_type=product&#038;p=24544"},"modified":"2024-05-11T00:48:33","modified_gmt":"2024-05-10T22:48:33","slug":"gripfactory-antislip-tape-trapleuning-zwart-50-mm-rol","status":"publish","type":"product","link":"https:\/\/www.gripfactoryantislip.com\/nl\/product\/gripfactory-antislip-tape-trapleuning-zwart-50-mm-rol\/","title":{"rendered":"GripFactory Antislip Tape Trapleuning Zwart 50 mm (rol)"},"content":{"rendered":"<p><div class=\"fusion-fullwidth fullwidth-box fusion-builder-row-1 nonhundred-percent-fullwidth non-hundred-percent-height-scrolling\" style=\"--awb-border-radius-top-left:0px;--awb-border-radius-top-right:0px;--awb-border-radius-bottom-right:0px;--awb-border-radius-bottom-left:0px;--awb-flex-wrap:wrap;\" ><div class=\"fusion-builder-row fusion-row\"><div class=\"fusion-layout-column fusion_builder_column fusion-builder-column-0 fusion_builder_column_1_1 1_1 fusion-one-full fusion-column-first fusion-column-last\" style=\"--awb-bg-size:cover;--awb-margin-bottom:0px;\"><div class=\"fusion-column-wrapper fusion-column-has-shadow fusion-flex-column-wrapper-legacy\"><div class=\"fusion-text fusion-text-1\" style=\"--awb-text-transform:none;\"><p>GripFactory Antislip Trapleuning Tape (50 mm x 18,3 m) is een ideale oplossing om trapleuningen en balustrades te voorzien van een antislipoplossing.<\/p>\n<\/div><div class=\"fusion-clearfix\"><\/div><\/div><\/div><\/div><\/div><div class=\"fusion-fullwidth fullwidth-box fusion-builder-row-2 nonhundred-percent-fullwidth non-hundred-percent-height-scrolling\" style=\"--awb-border-radius-top-left:0px;--awb-border-radius-top-right:0px;--awb-border-radius-bottom-right:0px;--awb-border-radius-bottom-left:0px;--awb-flex-wrap:wrap;\" ><div class=\"fusion-builder-row fusion-row\"><div class=\"fusion-layout-column fusion_builder_column fusion-builder-column-1 fusion_builder_column_1_1 1_1 fusion-one-full fusion-column-first fusion-column-last\" style=\"--awb-bg-size:cover;--awb-margin-bottom:0px;\"><div class=\"fusion-column-wrapper fusion-column-has-shadow fusion-flex-column-wrapper-legacy\"><div class=\"fusion-sep-clear\"><\/div><div class=\"fusion-separator fusion-full-width-sep\" style=\"margin-left: auto;margin-right: auto;margin-top:20px;margin-bottom:20px;width:100%;\"><\/div><div class=\"fusion-sep-clear\"><\/div><div class=\"fusion-title title fusion-title-1 fusion-sep-none fusion-title-text fusion-title-size-two\" style=\"--awb-margin-top-small:0px;--awb-margin-right-small:0px;--awb-margin-bottom-small:20px;--awb-margin-left-small:0px;\"><h2 class=\"fusion-title-heading title-heading-left fusion-responsive-typography-calculated\" style=\"margin:0;--fontSize:30;--minFontSize:30;line-height:1.5;\">Hoe werkt het?<\/h2><\/div><div class=\"fusion-text fusion-text-2\" style=\"--awb-text-transform:none;\"><p>GripFactory Antislip Trapleuning Tape is zeer eenvoudig zelf aan te brengen. Door de speciale oppervlaktestructuur heeft deze antisliptape een extreem hoge antislipwaarde maar is toch heel goed schoon te houden.<\/p>\n<\/div><div class=\"fusion-sep-clear\"><\/div><div class=\"fusion-separator fusion-full-width-sep\" style=\"margin-left: auto;margin-right: auto;margin-top:20px;margin-bottom:20px;width:100%;\"><\/div><div class=\"fusion-sep-clear\"><\/div><div class=\"fusion-title title fusion-title-2 fusion-sep-none fusion-title-text fusion-title-size-two\" style=\"--awb-margin-top-small:0px;--awb-margin-right-small:0px;--awb-margin-bottom-small:20px;--awb-margin-left-small:0px;\"><h2 class=\"fusion-title-heading title-heading-left fusion-responsive-typography-calculated\" style=\"margin:0;--fontSize:30;--minFontSize:30;line-height:1.5;\">Optimale wrijvingsco\u00ebffici\u00ebnt<\/h2><\/div><div class=\"fusion-text fusion-text-3\" style=\"--awb-text-transform:none;\"><p>GripFactory Antislip Trapleuning Tape heeft een symmetrisch patroon omdat dit enerzijds esthetisch aantrekkelijk is en anderzijds een hoog niveau van wrijvingsco\u00ebffici\u00ebnt bezit. Hierdoor is onze Antislip Trapleuning Tape niet alleen geschikt voor een industri\u00eble toepassing waar het zekerheid biedt dat aan alle veiligheidseisen wordt voldaan, maar ook in openbare gebouwen doet de Antislip Trapleuning Tape geen afbreuk aan de omgeving.<\/p>\n<\/div><div class=\"fusion-sep-clear\"><\/div><div class=\"fusion-separator fusion-full-width-sep\" style=\"margin-left: auto;margin-right: auto;margin-top:20px;margin-bottom:20px;width:100%;\"><\/div><div class=\"fusion-sep-clear\"><\/div><div class=\"fusion-title title fusion-title-3 fusion-sep-none fusion-title-text fusion-title-size-two\" style=\"--awb-margin-top-small:0px;--awb-margin-right-small:0px;--awb-margin-bottom-small:20px;--awb-margin-left-small:0px;\"><h2 class=\"fusion-title-heading title-heading-left fusion-responsive-typography-calculated\" style=\"margin:0;--fontSize:30;--minFontSize:30;line-height:1.5;\">Eenvoudig te reinigen<\/h2><\/div><div class=\"fusion-text fusion-text-4\" style=\"--awb-text-transform:none;\"><p>Voor een optimaal isolerend effect en om te voorkomen dat de Antislip Trapleuning Tape \u2018koud\u2019 aanvoelt, is deze voorzien van een bovenlaag van kunststoffolie. De plastic film werkt als een fantastische isolator die voorkomt dat koude binnendringt in de hand van de gebruiker. Bijkomend voordeel is dat de Antislip Trapleuning Tape niet-schurend is en deze gemakkelijk kan worden gereinigd met behulp van alle beschikbare reinigingsmethoden. GripFactory Antislip Trapleuning Tape voelt aan als een rubberproduct, maar heeft de superieure vormvastheid van plastic.<\/p>\n<\/div><div class=\"fusion-sep-clear\"><\/div><div class=\"fusion-separator fusion-full-width-sep\" style=\"margin-left: auto;margin-right: auto;margin-top:20px;margin-bottom:20px;width:100%;\"><\/div><div class=\"fusion-sep-clear\"><\/div><div class=\"fusion-title title fusion-title-4 fusion-sep-none fusion-title-text fusion-title-size-two\" style=\"--awb-margin-top-small:0px;--awb-margin-right-small:0px;--awb-margin-bottom-small:20px;--awb-margin-left-small:0px;\"><h2 class=\"fusion-title-heading title-heading-left fusion-responsive-typography-calculated\" style=\"margin:0;--fontSize:30;--minFontSize:30;line-height:1.5;\">Voordelen<\/h2><\/div><div class=\"fusion-text fusion-text-5\" style=\"--awb-text-transform:none;\"><p>Met GripFactory Antislip Trapleuning Tape bent u verzekerd van een langdurige oplossing tegen glijpartijen.<\/p>\n<ul>\n<li>Hygi\u00ebnisch<\/li>\n<li>Eenvoudig aan te brengen<\/li>\n<li>Verwijderbaar<\/li>\n<li>Duurzaam<\/li>\n<li>Zelf op maat te knippen<\/li>\n<\/ul>\n<\/div><div class=\"fusion-sep-clear\"><\/div><div class=\"fusion-separator fusion-full-width-sep\" style=\"margin-left: auto;margin-right: auto;margin-top:20px;margin-bottom:20px;width:100%;\"><\/div><div class=\"fusion-sep-clear\"><\/div><div class=\"fusion-title title fusion-title-5 fusion-sep-none fusion-title-text fusion-title-size-two\" style=\"--awb-margin-top-small:0px;--awb-margin-right-small:0px;--awb-margin-bottom-small:20px;--awb-margin-left-small:0px;\"><h2 class=\"fusion-title-heading title-heading-left fusion-responsive-typography-calculated\" style=\"margin:0;--fontSize:30;--minFontSize:30;line-height:1.5;\">Geschikt voor<\/h2><\/div><div class=\"fusion-text fusion-text-6\" style=\"--awb-text-transform:none;\"><ul>\n<li>Trappen<\/li>\n<li>Tussenbordessen<\/li>\n<\/ul>\n<\/div><div class=\"fusion-sep-clear\"><\/div><div class=\"fusion-separator fusion-full-width-sep\" style=\"margin-left: auto;margin-right: auto;margin-top:20px;margin-bottom:20px;width:100%;\"><\/div><div class=\"fusion-sep-clear\"><\/div><div class=\"fusion-title title fusion-title-6 fusion-sep-none fusion-title-text fusion-title-size-two\" style=\"--awb-margin-top-small:0px;--awb-margin-right-small:0px;--awb-margin-bottom-small:20px;--awb-margin-left-small:0px;\"><h2 class=\"fusion-title-heading title-heading-left fusion-responsive-typography-calculated\" style=\"margin:0;--fontSize:30;--minFontSize:30;line-height:1.5;\">Technische gegevens<\/h2><\/div>\n<table border=\"1\" width=\"100%\">\n<thead>\n<tr>\n<th align=\"left\"><strong>Onderwerp<\/strong><\/th>\n<th align=\"left\"><strong>Resultaat<\/strong><\/th>\n<\/tr>\n<\/thead>\n<tbody>\n<tr>\n<td align=\"left\">Samenstelling<\/td>\n<td align=\"left\">PVC en PET<\/td>\n<\/tr>\n<tr>\n<td align=\"left\">Totale aangebrachte dikte<\/td>\n<td align=\"left\">1,11 mm<\/td>\n<\/tr>\n<tr>\n<td align=\"left\">Lijmdikte<\/td>\n<td align=\"left\">0,1 mm<\/td>\n<\/tr>\n<tr>\n<td align=\"left\">Dikte van het materiaal<\/td>\n<td align=\"left\">0,8 mm<\/td>\n<\/tr>\n<tr>\n<td align=\"left\">Totale dikte<\/td>\n<td align=\"left\">0,9 mm<\/td>\n<\/tr>\n<tr>\n<td align=\"left\">Lijmsoort<\/td>\n<td align=\"left\">Oplosmiddel acryl<\/td>\n<\/tr>\n<tr>\n<td align=\"left\">Kleefkracht (kg \/ 25,4 mm)<\/td>\n<td align=\"left\">6,25<\/td>\n<\/tr>\n<tr>\n<td align=\"left\">Cohesie (minuten \/ 25 graden C)<\/td>\n<td align=\"left\">2812<\/td>\n<\/tr>\n<tr>\n<td align=\"left\">Hechting op staal (kg \/ 25,4 mm)<\/td>\n<td align=\"left\">5,716<\/td>\n<\/tr>\n<tr>\n<td align=\"left\">Maximale grootte van productierol<\/td>\n<td align=\"left\">1370 mm x 100 m<\/td>\n<\/tr>\n<tr>\n<td align=\"left\">Levensduur (maanden)<\/td>\n<td align=\"left\">24<\/td>\n<\/tr>\n<\/tbody>\n<\/table>\n<div class=\"fusion-sep-clear\"><\/div><div class=\"fusion-separator fusion-full-width-sep\" style=\"margin-left: auto;margin-right: auto;margin-top:20px;margin-bottom:20px;width:100%;\"><\/div><div class=\"fusion-sep-clear\"><\/div><div class=\"fusion-title title fusion-title-7 fusion-sep-none fusion-title-text fusion-title-size-two\" style=\"--awb-margin-top-small:0px;--awb-margin-right-small:0px;--awb-margin-bottom-small:20px;--awb-margin-left-small:0px;\"><h2 class=\"fusion-title-heading title-heading-left fusion-responsive-typography-calculated\" style=\"margin:0;--fontSize:30;--minFontSize:30;line-height:1.5;\">Kleuren en lichtreflectiewaarden (LRW)<\/h2><\/div>\n<table border=\"1\" width=\"100%\">\n<thead>\n<tr>\n<th align=\"left\">Kleur<\/th>\n<th align=\"left\">PMS \/ RAL<\/th>\n<th align=\"left\">LRW (gemid.)<\/th>\n<th align=\"left\">LRW (bereik)<\/th>\n<\/tr>\n<\/thead>\n<tbody>\n<tr>\n<td>Zwart<\/td>\n<td>\u2013<\/td>\n<td>20,25<\/td>\n<td>2<\/td>\n<\/tr>\n<\/tbody>\n<\/table>\n<div class=\"fusion-sep-clear\"><\/div><div class=\"fusion-separator fusion-full-width-sep\" style=\"margin-left: auto;margin-right: auto;margin-top:20px;margin-bottom:20px;width:100%;\"><\/div><div class=\"fusion-sep-clear\"><\/div><div class=\"fusion-title title fusion-title-8 fusion-sep-none fusion-title-text fusion-title-size-two\" style=\"--awb-margin-top-small:0px;--awb-margin-right-small:0px;--awb-margin-bottom-small:20px;--awb-margin-left-small:0px;\"><h2 class=\"fusion-title-heading title-heading-left fusion-responsive-typography-calculated\" style=\"margin:0;--fontSize:30;--minFontSize:30;line-height:1.5;\">Wrijvingsco\u00ebffici\u00ebnt<\/h2><\/div>\n<table border=\"1\" width=\"100%\">\n<thead>\n<tr>\n<th align=\"left\">Testnorm<\/th>\n<th align=\"left\">Droog<\/th>\n<th align=\"left\">Nat<\/th>\n<\/tr>\n<\/thead>\n<tbody>\n<tr>\n<td>Pendulum<\/td>\n<td>92<\/td>\n<td>25<\/td>\n<\/tr>\n<tr>\n<td>Rz<\/td>\n<td colspan=\"2\">59,3<\/td>\n<\/tr>\n<\/tbody>\n<\/table>\n<div class=\"fusion-sep-clear\"><\/div><div class=\"fusion-separator fusion-full-width-sep\" style=\"margin-left: auto;margin-right: auto;margin-top:20px;margin-bottom:20px;width:100%;\"><\/div><div class=\"fusion-sep-clear\"><\/div><div class=\"fusion-title title fusion-title-9 fusion-sep-none fusion-title-text fusion-title-size-two\" style=\"--awb-margin-top-small:0px;--awb-margin-right-small:0px;--awb-margin-bottom-small:20px;--awb-margin-left-small:0px;\"><h2 class=\"fusion-title-heading title-heading-left fusion-responsive-typography-calculated\" style=\"margin:0;--fontSize:30;--minFontSize:30;line-height:1.5;\">Belangrijke documenten<\/h2><\/div><div class=\"fusion-text fusion-text-7\" style=\"--awb-text-transform:none;\"><p>Datasheet GripFactory Antislip Aqua Tape (<a href=\"https:\/\/www.gripfactoryantislip.com\/wp-content\/uploads\/gripfactory_datasheet_antislip-trapleuning-tape_NL.pdf\" target=\"_blank\" rel=\"noopener noreferrer\">NL<\/a> | <a href=\"https:\/\/www.gripfactoryantislip.com\/wp-content\/uploads\/gripfactory_datasheet_antislip-trapleuning-tape_EN.pdf\" target=\"_blank\" rel=\"noopener noreferrer\">EN<\/a>)<br \/>\nVeiligheidsinformatieblad GripFactory Antislip Aqua Tape (<a href=\"https:\/\/www.gripfactoryantislip.com\/wp-content\/uploads\/gripfactory_veiligheidsinformatieblad_antislip-tape-trapleuning_NL.pdf\" target=\"_blank\" rel=\"noopener noreferrer\">NL<\/a> | <a href=\"https:\/\/www.gripfactoryantislip.com\/wp-content\/uploads\/gripfactory_veiligheidsinformatieblad_antislip-tape-trapleuning_EN.pdf\" target=\"_blank\" rel=\"noopener noreferrer\">EN<\/a>)<\/p>\n<\/div><div class=\"fusion-clearfix\"><\/div><\/div><\/div><\/div><\/div>\n<\/p>\n","protected":false},"excerpt":{"rendered":"","protected":false},"featured_media":15702,"comment_status":"open","ping_status":"closed","template":"","meta":[],"product_brand":[],"product_cat":[58,3282],"product_tag":[],"class_list":{"0":"post-24544","1":"product","2":"type-product","3":"status-publish","4":"has-post-thumbnail","6":"product_cat-griptapes-nl","7":"product_cat-trapleuning-tape","8":"product_shipping_class-pakket","10":"first","11":"instock","12":"taxable","13":"shipping-taxable","14":"purchasable","15":"product-type-simple"},"yoast_head":"<!-- This site is optimized with the Yoast SEO Premium plugin v27.3 (Yoast SEO v27.3) - https:\/\/yoast.com\/product\/yoast-seo-premium-wordpress\/ -->\n<title>GripFactory Antislip Tape Trapleuning Zwart 50 mm (rol) &#060; GripFactory<\/title>\n<meta name=\"robots\" content=\"index, follow, max-snippet:-1, max-image-preview:large, max-video-preview:-1\" \/>\n<link rel=\"canonical\" href=\"https:\/\/www.gripfactoryantislip.com\/nl\/product\/gripfactory-antislip-tape-trapleuning-zwart-50-mm-rol\/\" \/>\n<meta property=\"og:locale\" content=\"nl_NL\" \/>\n<meta property=\"og:type\" content=\"article\" \/>\n<meta property=\"og:title\" content=\"GripFactory Antislip Tape Trapleuning Zwart 50 mm (rol)\" \/>\n<meta property=\"og:url\" content=\"https:\/\/www.gripfactoryantislip.com\/nl\/product\/gripfactory-antislip-tape-trapleuning-zwart-50-mm-rol\/\" \/>\n<meta property=\"og:site_name\" content=\"GripFactory\" \/>\n<meta property=\"article:publisher\" content=\"https:\/\/www.facebook.com\/GripFactoryAntislip\" \/>\n<meta property=\"article:modified_time\" content=\"2024-05-10T22:48:33+00:00\" \/>\n<meta property=\"og:image\" content=\"https:\/\/www.gripfactoryantislip.com\/wp-content\/uploads\/GripFactory_Antislip-Trapleuning-Tape_zwart_productfoto-rol-50mm_01.jpg\" \/>\n\t<meta property=\"og:image:width\" content=\"1024\" \/>\n\t<meta property=\"og:image:height\" content=\"1024\" \/>\n\t<meta property=\"og:image:type\" content=\"image\/jpeg\" \/>\n<meta name=\"twitter:label1\" content=\"Geschatte leestijd\" \/>\n\t<meta name=\"twitter:data1\" content=\"2 minuten\" \/>\n<script type=\"application\/ld+json\" class=\"yoast-schema-graph\">{\"@context\":\"https:\\\/\\\/schema.org\",\"@graph\":[{\"@type\":\"WebPage\",\"@id\":\"https:\\\/\\\/www.gripfactoryantislip.com\\\/nl\\\/product\\\/gripfactory-antislip-tape-trapleuning-zwart-50-mm-rol\\\/\",\"url\":\"https:\\\/\\\/www.gripfactoryantislip.com\\\/nl\\\/product\\\/gripfactory-antislip-tape-trapleuning-zwart-50-mm-rol\\\/\",\"name\":\"GripFactory Antislip Tape Trapleuning Zwart 50 mm (rol) &#060; GripFactory\",\"isPartOf\":{\"@id\":\"https:\\\/\\\/www.gripfactoryantislip.com\\\/nl\\\/#website\"},\"primaryImageOfPage\":{\"@id\":\"https:\\\/\\\/www.gripfactoryantislip.com\\\/nl\\\/product\\\/gripfactory-antislip-tape-trapleuning-zwart-50-mm-rol\\\/#primaryimage\"},\"image\":{\"@id\":\"https:\\\/\\\/www.gripfactoryantislip.com\\\/nl\\\/product\\\/gripfactory-antislip-tape-trapleuning-zwart-50-mm-rol\\\/#primaryimage\"},\"thumbnailUrl\":\"https:\\\/\\\/www.gripfactoryantislip.com\\\/wp-content\\\/uploads\\\/GripFactory_Antislip-Trapleuning-Tape_zwart_productfoto-rol-50mm_01.jpg\",\"datePublished\":\"2022-01-09T12:01:46+00:00\",\"dateModified\":\"2024-05-10T22:48:33+00:00\",\"breadcrumb\":{\"@id\":\"https:\\\/\\\/www.gripfactoryantislip.com\\\/nl\\\/product\\\/gripfactory-antislip-tape-trapleuning-zwart-50-mm-rol\\\/#breadcrumb\"},\"inLanguage\":\"nl-NL\",\"potentialAction\":[{\"@type\":\"ReadAction\",\"target\":[\"https:\\\/\\\/www.gripfactoryantislip.com\\\/nl\\\/product\\\/gripfactory-antislip-tape-trapleuning-zwart-50-mm-rol\\\/\"]}]},{\"@type\":\"ImageObject\",\"inLanguage\":\"nl-NL\",\"@id\":\"https:\\\/\\\/www.gripfactoryantislip.com\\\/nl\\\/product\\\/gripfactory-antislip-tape-trapleuning-zwart-50-mm-rol\\\/#primaryimage\",\"url\":\"https:\\\/\\\/www.gripfactoryantislip.com\\\/wp-content\\\/uploads\\\/GripFactory_Antislip-Trapleuning-Tape_zwart_productfoto-rol-50mm_01.jpg\",\"contentUrl\":\"https:\\\/\\\/www.gripfactoryantislip.com\\\/wp-content\\\/uploads\\\/GripFactory_Antislip-Trapleuning-Tape_zwart_productfoto-rol-50mm_01.jpg\",\"width\":1024,\"height\":1024,\"caption\":\"GripFactory Antislip Tape Trapleuning - rol zwart 50 mm\"},{\"@type\":\"BreadcrumbList\",\"@id\":\"https:\\\/\\\/www.gripfactoryantislip.com\\\/nl\\\/product\\\/gripfactory-antislip-tape-trapleuning-zwart-50-mm-rol\\\/#breadcrumb\",\"itemListElement\":[{\"@type\":\"ListItem\",\"position\":1,\"name\":\"Home\",\"item\":\"https:\\\/\\\/www.gripfactoryantislip.com\\\/nl\\\/\"},{\"@type\":\"ListItem\",\"position\":2,\"name\":\"Webshop\",\"item\":\"https:\\\/\\\/www.gripfactoryantislip.com\\\/nl\\\/shop\\\/\"},{\"@type\":\"ListItem\",\"position\":3,\"name\":\"GripFactory Antislip Tape Trapleuning Zwart 50 mm (rol)\"}]},{\"@type\":\"WebSite\",\"@id\":\"https:\\\/\\\/www.gripfactoryantislip.com\\\/nl\\\/#website\",\"url\":\"https:\\\/\\\/www.gripfactoryantislip.com\\\/nl\\\/\",\"name\":\"GripFactory\",\"description\":\"Innovative Antislip Products For Every Surface\",\"publisher\":{\"@id\":\"https:\\\/\\\/www.gripfactoryantislip.com\\\/nl\\\/#organization\"},\"alternateName\":\"Floor Safety Solutions at GripFactory Anti-Slip\",\"potentialAction\":[{\"@type\":\"SearchAction\",\"target\":{\"@type\":\"EntryPoint\",\"urlTemplate\":\"https:\\\/\\\/www.gripfactoryantislip.com\\\/nl\\\/?s={search_term_string}\"},\"query-input\":{\"@type\":\"PropertyValueSpecification\",\"valueRequired\":true,\"valueName\":\"search_term_string\"}}],\"inLanguage\":\"nl-NL\"},{\"@type\":\"Organization\",\"@id\":\"https:\\\/\\\/www.gripfactoryantislip.com\\\/nl\\\/#organization\",\"name\":\"GripFactory B.V.\",\"url\":\"https:\\\/\\\/www.gripfactoryantislip.com\\\/nl\\\/\",\"logo\":{\"@type\":\"ImageObject\",\"inLanguage\":\"nl-NL\",\"@id\":\"https:\\\/\\\/www.gripfactoryantislip.com\\\/nl\\\/#\\\/schema\\\/logo\\\/image\\\/\",\"url\":\"https:\\\/\\\/www.gripfactoryantislip.com\\\/wp-content\\\/uploads\\\/logo_gripfactory.jpg\",\"contentUrl\":\"https:\\\/\\\/www.gripfactoryantislip.com\\\/wp-content\\\/uploads\\\/logo_gripfactory.jpg\",\"width\":269,\"height\":60,\"caption\":\"GripFactory B.V.\"},\"image\":{\"@id\":\"https:\\\/\\\/www.gripfactoryantislip.com\\\/nl\\\/#\\\/schema\\\/logo\\\/image\\\/\"},\"sameAs\":[\"https:\\\/\\\/www.facebook.com\\\/GripFactoryAntislip\",\"https:\\\/\\\/www.instagram.com\\\/gripfactoryantislip\\\/\",\"https:\\\/\\\/www.linkedin.com\\\/company\\\/gripfactoryantislip\\\/about\\\/\"],\"email\":\"info@gripfactory.nl\",\"telephone\":\"+31348203000\",\"legalName\":\"GripFactor B.V.\",\"foundingDate\":\"2018-11-01\",\"vatID\":\"NL859320856B01\",\"taxID\":\"NL859320856B01\",\"numberOfEmployees\":{\"@type\":\"QuantitativeValue\",\"minValue\":\"1\",\"maxValue\":\"10\"}}]}<\/script>\n<!-- \/ Yoast SEO Premium plugin. -->","yoast_head_json":{"title":"GripFactory Antislip Tape Trapleuning Zwart 50 mm (rol) &#060; GripFactory","robots":{"index":"index","follow":"follow","max-snippet":"max-snippet:-1","max-image-preview":"max-image-preview:large","max-video-preview":"max-video-preview:-1"},"canonical":"https:\/\/www.gripfactoryantislip.com\/nl\/product\/gripfactory-antislip-tape-trapleuning-zwart-50-mm-rol\/","og_locale":"nl_NL","og_type":"article","og_title":"GripFactory Antislip Tape Trapleuning Zwart 50 mm (rol)","og_url":"https:\/\/www.gripfactoryantislip.com\/nl\/product\/gripfactory-antislip-tape-trapleuning-zwart-50-mm-rol\/","og_site_name":"GripFactory","article_publisher":"https:\/\/www.facebook.com\/GripFactoryAntislip","article_modified_time":"2024-05-10T22:48:33+00:00","og_image":[{"width":1024,"height":1024,"url":"https:\/\/www.gripfactoryantislip.com\/wp-content\/uploads\/GripFactory_Antislip-Trapleuning-Tape_zwart_productfoto-rol-50mm_01.jpg","type":"image\/jpeg"}],"twitter_misc":{"Geschatte leestijd":"2 minuten"},"schema":{"@context":"https:\/\/schema.org","@graph":[{"@type":"WebPage","@id":"https:\/\/www.gripfactoryantislip.com\/nl\/product\/gripfactory-antislip-tape-trapleuning-zwart-50-mm-rol\/","url":"https:\/\/www.gripfactoryantislip.com\/nl\/product\/gripfactory-antislip-tape-trapleuning-zwart-50-mm-rol\/","name":"GripFactory Antislip Tape Trapleuning Zwart 50 mm (rol) &#060; GripFactory","isPartOf":{"@id":"https:\/\/www.gripfactoryantislip.com\/nl\/#website"},"primaryImageOfPage":{"@id":"https:\/\/www.gripfactoryantislip.com\/nl\/product\/gripfactory-antislip-tape-trapleuning-zwart-50-mm-rol\/#primaryimage"},"image":{"@id":"https:\/\/www.gripfactoryantislip.com\/nl\/product\/gripfactory-antislip-tape-trapleuning-zwart-50-mm-rol\/#primaryimage"},"thumbnailUrl":"https:\/\/www.gripfactoryantislip.com\/wp-content\/uploads\/GripFactory_Antislip-Trapleuning-Tape_zwart_productfoto-rol-50mm_01.jpg","datePublished":"2022-01-09T12:01:46+00:00","dateModified":"2024-05-10T22:48:33+00:00","breadcrumb":{"@id":"https:\/\/www.gripfactoryantislip.com\/nl\/product\/gripfactory-antislip-tape-trapleuning-zwart-50-mm-rol\/#breadcrumb"},"inLanguage":"nl-NL","potentialAction":[{"@type":"ReadAction","target":["https:\/\/www.gripfactoryantislip.com\/nl\/product\/gripfactory-antislip-tape-trapleuning-zwart-50-mm-rol\/"]}]},{"@type":"ImageObject","inLanguage":"nl-NL","@id":"https:\/\/www.gripfactoryantislip.com\/nl\/product\/gripfactory-antislip-tape-trapleuning-zwart-50-mm-rol\/#primaryimage","url":"https:\/\/www.gripfactoryantislip.com\/wp-content\/uploads\/GripFactory_Antislip-Trapleuning-Tape_zwart_productfoto-rol-50mm_01.jpg","contentUrl":"https:\/\/www.gripfactoryantislip.com\/wp-content\/uploads\/GripFactory_Antislip-Trapleuning-Tape_zwart_productfoto-rol-50mm_01.jpg","width":1024,"height":1024,"caption":"GripFactory Antislip Tape Trapleuning - rol zwart 50 mm"},{"@type":"BreadcrumbList","@id":"https:\/\/www.gripfactoryantislip.com\/nl\/product\/gripfactory-antislip-tape-trapleuning-zwart-50-mm-rol\/#breadcrumb","itemListElement":[{"@type":"ListItem","position":1,"name":"Home","item":"https:\/\/www.gripfactoryantislip.com\/nl\/"},{"@type":"ListItem","position":2,"name":"Webshop","item":"https:\/\/www.gripfactoryantislip.com\/nl\/shop\/"},{"@type":"ListItem","position":3,"name":"GripFactory Antislip Tape Trapleuning Zwart 50 mm (rol)"}]},{"@type":"WebSite","@id":"https:\/\/www.gripfactoryantislip.com\/nl\/#website","url":"https:\/\/www.gripfactoryantislip.com\/nl\/","name":"GripFactory","description":"Innovative Antislip Products For Every Surface","publisher":{"@id":"https:\/\/www.gripfactoryantislip.com\/nl\/#organization"},"alternateName":"Floor Safety Solutions at GripFactory Anti-Slip","potentialAction":[{"@type":"SearchAction","target":{"@type":"EntryPoint","urlTemplate":"https:\/\/www.gripfactoryantislip.com\/nl\/?s={search_term_string}"},"query-input":{"@type":"PropertyValueSpecification","valueRequired":true,"valueName":"search_term_string"}}],"inLanguage":"nl-NL"},{"@type":"Organization","@id":"https:\/\/www.gripfactoryantislip.com\/nl\/#organization","name":"GripFactory B.V.","url":"https:\/\/www.gripfactoryantislip.com\/nl\/","logo":{"@type":"ImageObject","inLanguage":"nl-NL","@id":"https:\/\/www.gripfactoryantislip.com\/nl\/#\/schema\/logo\/image\/","url":"https:\/\/www.gripfactoryantislip.com\/wp-content\/uploads\/logo_gripfactory.jpg","contentUrl":"https:\/\/www.gripfactoryantislip.com\/wp-content\/uploads\/logo_gripfactory.jpg","width":269,"height":60,"caption":"GripFactory B.V."},"image":{"@id":"https:\/\/www.gripfactoryantislip.com\/nl\/#\/schema\/logo\/image\/"},"sameAs":["https:\/\/www.facebook.com\/GripFactoryAntislip","https:\/\/www.instagram.com\/gripfactoryantislip\/","https:\/\/www.linkedin.com\/company\/gripfactoryantislip\/about\/"],"email":"info@gripfactory.nl","telephone":"+31348203000","legalName":"GripFactor B.V.","foundingDate":"2018-11-01","vatID":"NL859320856B01","taxID":"NL859320856B01","numberOfEmployees":{"@type":"QuantitativeValue","minValue":"1","maxValue":"10"}}]}},"_links":{"self":[{"href":"https:\/\/www.gripfactoryantislip.com\/nl\/wp-json\/wp\/v2\/product\/24544","targetHints":{"allow":["GET"]}}],"collection":[{"href":"https:\/\/www.gripfactoryantislip.com\/nl\/wp-json\/wp\/v2\/product"}],"about":[{"href":"https:\/\/www.gripfactoryantislip.com\/nl\/wp-json\/wp\/v2\/types\/product"}],"replies":[{"embeddable":true,"href":"https:\/\/www.gripfactoryantislip.com\/nl\/wp-json\/wp\/v2\/comments?post=24544"}],"wp:featuredmedia":[{"embeddable":true,"href":"https:\/\/www.gripfactoryantislip.com\/nl\/wp-json\/wp\/v2\/media\/15702"}],"wp:attachment":[{"href":"https:\/\/www.gripfactoryantislip.com\/nl\/wp-json\/wp\/v2\/media?parent=24544"}],"wp:term":[{"taxonomy":"product_brand","embeddable":true,"href":"https:\/\/www.gripfactoryantislip.com\/nl\/wp-json\/wp\/v2\/product_brand?post=24544"},{"taxonomy":"product_cat","embeddable":true,"href":"https:\/\/www.gripfactoryantislip.com\/nl\/wp-json\/wp\/v2\/product_cat?post=24544"},{"taxonomy":"product_tag","embeddable":true,"href":"https:\/\/www.gripfactoryantislip.com\/nl\/wp-json\/wp\/v2\/product_tag?post=24544"}],"curies":[{"name":"wp","href":"https:\/\/api.w.org\/{rel}","templated":true}]}}