{"id":28794,"date":"2022-06-18T11:43:51","date_gmt":"2022-06-18T09:43:51","guid":{"rendered":"https:\/\/www.gripfactoryantislip.com\/kaymaz-urunler\/kavrama-aksesuarlari\/"},"modified":"2024-03-13T09:19:20","modified_gmt":"2024-03-13T08:19:20","slug":"kavrama-aksesuarlari","status":"publish","type":"page","link":"https:\/\/www.gripfactoryantislip.com\/tr\/kaymaz-urunler\/kavrama-aksesuarlari\/","title":{"rendered":"Kavrama aksesuarlar\u0131"},"content":{"rendered":"<p><div class=\"fusion-fullwidth fullwidth-box fusion-builder-row-1 has-pattern-background has-mask-background nonhundred-percent-fullwidth non-hundred-percent-height-scrolling\" style=\"--awb-border-radius-top-left:0px;--awb-border-radius-top-right:0px;--awb-border-radius-bottom-right:0px;--awb-border-radius-bottom-left:0px;--awb-margin-top:50px;--awb-margin-bottom:50px;--awb-flex-wrap:wrap;\" ><div class=\"fusion-builder-row fusion-row\"><div class=\"fusion-layout-column fusion_builder_column fusion-builder-column-0 fusion_builder_column_1_1 1_1 fusion-one-full fusion-column-first fusion-column-last\" style=\"--awb-bg-size:cover;\"><div class=\"fusion-column-wrapper fusion-flex-column-wrapper-legacy\"><div class=\"fusion-title title fusion-title-1 fusion-sep-none fusion-title-text fusion-title-size-one\" style=\"--awb-margin-top-small:0px;--awb-margin-right-small:0px;--awb-margin-bottom-small:20px;--awb-margin-left-small:0px;\"><h1 class=\"fusion-title-heading title-heading-left fusion-responsive-typography-calculated\" style=\"margin:0;--fontSize:36;line-height:1.4;\">Kavrama aksesuarlar\u0131<\/h1><\/div><div class=\"fusion-text fusion-text-1 gripfactory-responsive-text\"><p style=\"color: #ffffff;\">Kaymay\u0131 \u00f6nleyici \u00e7\u00f6z\u00fcmlerimizi uygulamak, temizlemek veya g\u00fcncellemek i\u00e7in farkl\u0131 malzemeler gereklidir. Bunlar\u0131 aksesuarlarla birlikte bulacaks\u0131n\u0131z. Bir CTP merdiven basama\u011f\u0131n\u0131 sabitlemek i\u00e7in bir \u0131zgara kelep\u00e7esinden TitaniumGrip uygulamas\u0131 i\u00e7in bir bas\u0131n\u00e7l\u0131 p\u00fcsk\u00fcrt\u00fcc\u00fcye. Ah\u015fap y\u00fczeylerde kavrama \u015feritleri i\u00e7in s\u0131zd\u0131rmazl\u0131k maddemiz, y\u0131llarca s\u00fcren yo\u011fun ara\u015ft\u0131rmalardan sonra en iyisi olarak test edilmi\u015ftir. \u0130\u015flenmi\u015f zeminlerin bak\u0131m\u0131 i\u00e7in sabunsuz temizleyici TitaniumGrip Temizleyiciyi \u00f6neriyoruz. \u00dcr\u00fcnler, hangi uygulama i\u00e7in neyin gerekli oldu\u011funu belirten kullan\u0131m k\u0131lavuzlar\u0131 i\u00e7erir.<\/p>\n<\/div><div class=\"fusion-clearfix\"><\/div><\/div><\/div><\/div><\/div><div class=\"fusion-fullwidth fullwidth-box fusion-builder-row-2 hundred-percent-fullwidth non-hundred-percent-height-scrolling fusion-equal-height-columns\" style=\"--awb-border-radius-top-left:0px;--awb-border-radius-top-right:0px;--awb-border-radius-bottom-right:0px;--awb-border-radius-bottom-left:0px;--awb-padding-top:0px;--awb-padding-right:0px;--awb-padding-bottom:0px;--awb-padding-left:0px;--awb-margin-top:0px;--awb-margin-bottom:0px;--awb-background-color:#828282;--awb-flex-wrap:wrap;\" ><div class=\"fusion-builder-row fusion-row\"><div class=\"fusion-layout-column fusion_builder_column fusion-builder-column-1 fusion_builder_column_1_3 1_3 fusion-one-third fusion-column-first fusion-column-inner-bg-wrapper\" style=\"--awb-inner-bg-image:url(&#039;https:\/\/www.gripfactoryantislip.com\/wp-content\/uploads\/gripfactory_product_titaniumgrip-cleaner_01.jpg&#039;);--awb-inner-bg-position:center center;--awb-inner-bg-size:cover;--awb-margin-bottom:0px;width:33.333333333333%;width:calc(33.333333333333% - ( ( 0px ) * 0.33333333333333 ) );margin-right: 0px;\"><span class=\"fusion-column-inner-bg hover-type-zoomin\"><span class=\"fusion-column-anchor\"><span class=\"fusion-column-inner-bg-image\"><\/span><\/span><\/span><div class=\"fusion-column-wrapper fusion-column-has-shadow fusion-flex-column-wrapper-legacy fusion-column-has-bg-image\" data-bg-url=\"https:\/\/www.gripfactoryantislip.com\/wp-content\/uploads\/gripfactory_product_titaniumgrip-cleaner_01.jpg\"><div class=\"fusion-column-content-centered\"><div class=\"fusion-column-content\"><div class=\"fusion-sep-clear\"><\/div><div class=\"fusion-separator fusion-full-width-sep\" style=\"margin-left: auto;margin-right: auto;margin-top:30%;margin-bottom:30%;width:100%;\"><\/div><div class=\"fusion-sep-clear\"><\/div><\/div><\/div><div class=\"fusion-clearfix\"><\/div><\/div><\/div><div class=\"fusion-layout-column fusion_builder_column fusion-builder-column-2 fusion_builder_column_2_3 2_3 fusion-two-third fusion-column-last\" style=\"--awb-padding-top:50px;--awb-padding-right:50px;--awb-padding-left:50px;--awb-bg-size:cover;--awb-margin-bottom:0px;width:66.666666666667%;width:calc(66.666666666667% - ( ( 0px ) * 0.66666666666667 ) );\"><div class=\"fusion-column-wrapper fusion-flex-column-wrapper-legacy\"><div class=\"fusion-title title fusion-title-2 fusion-sep-none fusion-title-text fusion-title-size-two\" style=\"--awb-margin-top-small:0px;--awb-margin-right-small:0px;--awb-margin-bottom-small:20px;--awb-margin-left-small:0px;\"><h2 class=\"fusion-title-heading title-heading-left fusion-responsive-typography-calculated\" style=\"margin:0;--fontSize:30;--minFontSize:30;line-height:1.5;\">GripFactory TitaniumGrip Temizleyici<\/h2><\/div><div class=\"fusion-text fusion-text-2 gripfactory-responsive-text\"><p>GripFactory TitaniumGrip Temizleyici, GripFactory TitaniumGrip ile i\u015flenmi\u015f zeminlerin temizli\u011fi ve bak\u0131m\u0131 i\u00e7in \u00f6zel olarak geli\u015ftirilmi\u015ftir. G\u00fc\u00e7l\u00fc etkisi sayesinde GripFactory TitaniumGrip Cleaner, her t\u00fcrl\u00fc karo ve beton y\u00fczeyini ya\u011fdan ar\u0131nd\u0131r\u0131p iyice temizleyebilir. Temizlenecek y\u00fczeylerin orijinal y\u00f6n\u00fcn\u00fc etkilemez. GripFactory TitaniumGrip Temizleyici bir sabun \u00fcr\u00fcn\u00fc de\u011fildir ve \u00e7izgiler olmadan kurur.<\/p>\n<\/div><div class=\"fusion-text fusion-text-3 gripfactory-responsive-text\"><p><span style=\"font-size: 120%;\"><i class=\"fb-icon-element-1 fb-icon-element fontawesome-icon fa-angle-double-right fas circle-yes fusion-text-flow\" style=\"--awb-iconcolor:#faf600;--awb-iconcolor-hover:#faf600;--awb-circlecolor:rgba(51,51,51,0);--awb-circlecolor-hover:rgba(51,51,51,0);--awb-circlebordercolor:rgba(51,51,51,0);--awb-circlebordercolor-hover:rgba(51,51,51,0);--awb-circlebordersize:1px;--awb-font-size:28.16px;--awb-width:56.32px;--awb-height:56.32px;--awb-line-height:54.32px;--awb-margin-right:16px;\"><\/i><a href=\"https:\/\/www.gripfactoryantislip.com\/tr\/kaymaz-urunler\/kavrama-aksesuarlari\/gripfactory-titaniumgrip-temizleyici\/\">GRIPFACTORY TITANYUM KAVRAMA TEMIZLEYICI<\/a><\/span><\/p>\n<\/div><div class=\"fusion-clearfix\"><\/div><\/div><\/div><\/div><\/div><div class=\"fusion-fullwidth fullwidth-box fusion-builder-row-3 hundred-percent-fullwidth non-hundred-percent-height-scrolling fusion-equal-height-columns\" style=\"--awb-border-radius-top-left:0px;--awb-border-radius-top-right:0px;--awb-border-radius-bottom-right:0px;--awb-border-radius-bottom-left:0px;--awb-padding-top:0px;--awb-padding-right:0px;--awb-padding-bottom:0px;--awb-padding-left:0px;--awb-margin-top:0px;--awb-margin-bottom:0px;--awb-background-color:#000000;--awb-flex-wrap:wrap;\" ><div class=\"fusion-builder-row fusion-row\"><div class=\"fusion-layout-column fusion_builder_column fusion-builder-column-3 fusion_builder_column_1_3 1_3 fusion-one-third fusion-column-first fusion-column-inner-bg-wrapper\" style=\"--awb-inner-bg-image:url(&#039;https:\/\/www.gripfactoryantislip.com\/wp-content\/uploads\/placeholder_red.jpg&#039;);--awb-inner-bg-position:center center;--awb-inner-bg-size:cover;--awb-margin-bottom:0px;width:33.333333333333%;width:calc(33.333333333333% - ( ( 0px ) * 0.33333333333333 ) );margin-right: 0px;\"><span class=\"fusion-column-inner-bg hover-type-zoomin\"><span class=\"fusion-column-anchor\"><span class=\"fusion-column-inner-bg-image\"><\/span><\/span><\/span><div class=\"fusion-column-wrapper fusion-column-has-shadow fusion-flex-column-wrapper-legacy fusion-column-has-bg-image\" data-bg-url=\"https:\/\/www.gripfactoryantislip.com\/wp-content\/uploads\/placeholder_red.jpg\"><div class=\"fusion-column-content-centered\"><div class=\"fusion-column-content\"><div class=\"fusion-sep-clear\"><\/div><div class=\"fusion-separator fusion-full-width-sep\" style=\"margin-left: auto;margin-right: auto;margin-top:30%;margin-bottom:30%;width:100%;\"><\/div><div class=\"fusion-sep-clear\"><\/div><\/div><\/div><div class=\"fusion-clearfix\"><\/div><\/div><\/div><div class=\"fusion-layout-column fusion_builder_column fusion-builder-column-4 fusion_builder_column_2_3 2_3 fusion-two-third fusion-column-last\" style=\"--awb-padding-top:50px;--awb-padding-left:50px;--awb-bg-size:cover;--awb-margin-bottom:0px;width:66.666666666667%;width:calc(66.666666666667% - ( ( 0px ) * 0.66666666666667 ) );\"><div class=\"fusion-column-wrapper fusion-flex-column-wrapper-legacy\"><div class=\"fusion-title title fusion-title-3 fusion-sep-none fusion-title-text fusion-title-size-two\" style=\"--awb-margin-top-small:0px;--awb-margin-right-small:0px;--awb-margin-bottom-small:20px;--awb-margin-left-small:0px;\"><h2 class=\"fusion-title-heading title-heading-left fusion-responsive-typography-calculated\" style=\"margin:0;--fontSize:30;--minFontSize:30;line-height:1.5;\">GripFactory SaniGrip S\u00f6k\u00fcc\u00fc<\/h2><\/div><div class=\"fusion-text fusion-text-4 gripfactory-responsive-text\"><p>GripFactory SaniGrip S\u00f6k\u00fcc\u00fc kesinlikle g\u00fcvenli, ince, pH n\u00f6tr ve suda y\u0131kanabilir su bazl\u0131 bir s\u00f6k\u00fcc\u00fcd\u00fcr. <a href=\"https:\/\/www.gripfactoryantislip.com\/tr\/kaymaz-urunler\/gripcoatings\/kavrama-sanigrip\/\">GripFactory Sanigrip&#8217;i<\/a> hemen hemen t\u00fcm y\u00fczeylerden tek ad\u0131mda \u00e7\u0131karmak i\u00e7in uygundur. Asit veya alkali i\u00e7ermez, NMP i\u00e7ermez ve biyosit veya koruyucu i\u00e7ermez.<\/p>\n<\/div><div class=\"fusion-text fusion-text-5 gripfactory-responsive-text\"><p><span style=\"font-size: 120%;\"><i class=\"fb-icon-element-2 fb-icon-element fontawesome-icon fa-angle-double-right fas circle-yes fusion-text-flow\" style=\"--awb-iconcolor:#faf600;--awb-iconcolor-hover:#faf600;--awb-circlecolor:rgba(51,51,51,0);--awb-circlecolor-hover:rgba(51,51,51,0);--awb-circlebordercolor:rgba(51,51,51,0);--awb-circlebordercolor-hover:rgba(51,51,51,0);--awb-circlebordersize:1px;--awb-font-size:28.16px;--awb-width:56.32px;--awb-height:56.32px;--awb-line-height:54.32px;--awb-margin-right:16px;\"><\/i><a href=\"https:\/\/www.gripfactoryantislip.com\/tr\/kaymaz-urunler\/kavrama-aksesuarlari\/gripfactory-sanigrip-sokucu\/\">GRIPFACTORY SANIGRIP S\u00d6K\u00dcC\u00dc<\/a><\/span><\/p>\n<\/div><div class=\"fusion-clearfix\"><\/div><\/div><\/div><\/div><\/div><div class=\"fusion-fullwidth fullwidth-box fusion-builder-row-4 hundred-percent-fullwidth non-hundred-percent-height-scrolling fusion-equal-height-columns\" style=\"--awb-border-radius-top-left:0px;--awb-border-radius-top-right:0px;--awb-border-radius-bottom-right:0px;--awb-border-radius-bottom-left:0px;--awb-padding-top:0px;--awb-padding-right:0px;--awb-padding-bottom:0px;--awb-padding-left:0px;--awb-margin-top:0px;--awb-margin-bottom:0px;--awb-background-color:#828282;--awb-flex-wrap:wrap;\" ><div class=\"fusion-builder-row fusion-row\"><div class=\"fusion-layout-column fusion_builder_column fusion-builder-column-5 fusion_builder_column_1_3 1_3 fusion-one-third fusion-column-first fusion-column-inner-bg-wrapper\" style=\"--awb-inner-bg-image:url(&#039;https:\/\/www.gripfactoryantislip.com\/wp-content\/uploads\/gripfactory_product_markeringstape-premium_01.jpg&#039;);--awb-inner-bg-position:center center;--awb-inner-bg-size:cover;--awb-margin-bottom:0px;width:33.333333333333%;width:calc(33.333333333333% - ( ( 0px ) * 0.33333333333333 ) );margin-right: 0px;\"><span class=\"fusion-column-inner-bg hover-type-zoomin\"><span class=\"fusion-column-anchor\"><span class=\"fusion-column-inner-bg-image\"><\/span><\/span><\/span><div class=\"fusion-column-wrapper fusion-column-has-shadow fusion-flex-column-wrapper-legacy fusion-column-has-bg-image\" data-bg-url=\"https:\/\/www.gripfactoryantislip.com\/wp-content\/uploads\/gripfactory_product_markeringstape-premium_01.jpg\"><div class=\"fusion-column-content-centered\"><div class=\"fusion-column-content\"><div class=\"fusion-sep-clear\"><\/div><div class=\"fusion-separator fusion-full-width-sep\" style=\"margin-left: auto;margin-right: auto;margin-top:30%;margin-bottom:30%;width:100%;\"><\/div><div class=\"fusion-sep-clear\"><\/div><\/div><\/div><div class=\"fusion-clearfix\"><\/div><\/div><\/div><div class=\"fusion-layout-column fusion_builder_column fusion-builder-column-6 fusion_builder_column_2_3 2_3 fusion-two-third fusion-column-last\" style=\"--awb-padding-top:50px;--awb-padding-right:50px;--awb-padding-left:50px;--awb-bg-size:cover;--awb-margin-bottom:0px;width:66.666666666667%;width:calc(66.666666666667% - ( ( 0px ) * 0.66666666666667 ) );\"><div class=\"fusion-column-wrapper fusion-flex-column-wrapper-legacy\"><div class=\"fusion-title title fusion-title-4 fusion-sep-none fusion-title-text fusion-title-size-two\" style=\"--awb-margin-top-small:0px;--awb-margin-right-small:0px;--awb-margin-bottom-small:20px;--awb-margin-left-small:0px;\"><h2 class=\"fusion-title-heading title-heading-left fusion-responsive-typography-calculated\" style=\"margin:0;--fontSize:30;--minFontSize:30;line-height:1.5;\">GripFactory Markalama Band\u0131 Premium<\/h2><\/div><div class=\"fusion-text fusion-text-6 gripfactory-responsive-text\"><p>GripFactory Marking Tape Premium, etkili ve dayan\u0131kl\u0131 bir koridor markalama sistemidir. Re\u00e7ine ve boyaya modern depo hatt\u0131 markalama alternatifi, ileri g\u00f6r\u00fc\u015fl\u00fc \u015firketlerin 5S zemin markalama stat\u00fcs\u00fcne ula\u015fmas\u0131na yard\u0131mc\u0131 oluyor. GripFactory Marking Tape Premium, Sosyal Mesafeleme i\u00e7in de uygundur.<\/p>\n<\/div><div class=\"fusion-text fusion-text-7 gripfactory-responsive-text\"><p><span style=\"font-size: 120%;\"><i class=\"fb-icon-element-3 fb-icon-element fontawesome-icon fa-angle-double-right fas circle-yes fusion-text-flow\" style=\"--awb-iconcolor:#faf600;--awb-iconcolor-hover:#faf600;--awb-circlecolor:rgba(51,51,51,0);--awb-circlecolor-hover:rgba(51,51,51,0);--awb-circlebordercolor:rgba(51,51,51,0);--awb-circlebordercolor-hover:rgba(51,51,51,0);--awb-circlebordersize:1px;--awb-font-size:28.16px;--awb-width:56.32px;--awb-height:56.32px;--awb-line-height:54.32px;--awb-margin-right:16px;\"><\/i><a href=\"https:\/\/www.gripfactoryantislip.com\/tr\/kaymaz-urunler\/kavrama-aksesuarlari\/gripfactory-markalama-bandi-premium\/\">GRIPFACTORY \u0130\u015eARETLEME BANDI PREMIUM<\/a><\/span><\/p>\n<\/div><div class=\"fusion-clearfix\"><\/div><\/div><\/div><\/div><\/div><\/p>\n","protected":false},"excerpt":{"rendered":"","protected":false},"author":2,"featured_media":28756,"parent":28731,"menu_order":0,"comment_status":"closed","ping_status":"closed","template":"100-width.php","meta":{"footnotes":""},"class_list":["post-28794","page","type-page","status-publish","has-post-thumbnail","hentry"],"yoast_head":"<!-- This site is optimized with the Yoast SEO Premium plugin v27.5 (Yoast SEO v27.5) - https:\/\/yoast.com\/product\/yoast-seo-premium-wordpress\/ -->\n<title>Kavrama aksesuarlar\u0131 &#060; GripFactory Anti-Slip<\/title>\n<meta name=\"robots\" content=\"index, follow, max-snippet:-1, max-image-preview:large, max-video-preview:-1\" \/>\n<link rel=\"canonical\" href=\"https:\/\/www.gripfactoryantislip.com\/tr\/kaymaz-urunler\/kavrama-aksesuarlari\/\" \/>\n<meta property=\"og:locale\" content=\"tr_TR\" \/>\n<meta property=\"og:type\" content=\"article\" \/>\n<meta property=\"og:title\" content=\"Kavrama aksesuarlar\u0131\" \/>\n<meta property=\"og:url\" content=\"https:\/\/www.gripfactoryantislip.com\/tr\/kaymaz-urunler\/kavrama-aksesuarlari\/\" \/>\n<meta property=\"og:site_name\" content=\"GripFactory Anti-Slip\" \/>\n<meta property=\"article:publisher\" content=\"https:\/\/www.facebook.com\/GripFactoryAntislip\" \/>\n<meta property=\"article:modified_time\" content=\"2024-03-13T08:19:20+00:00\" \/>\n<meta property=\"og:image\" content=\"https:\/\/www.gripfactoryantislip.com\/wp-content\/uploads\/gripfactory_segment_gripaccessories.jpg\" \/>\n\t<meta property=\"og:image:width\" content=\"1024\" \/>\n\t<meta property=\"og:image:height\" content=\"683\" \/>\n\t<meta property=\"og:image:type\" content=\"image\/jpeg\" \/>\n<meta name=\"twitter:label1\" content=\"Tahmini okuma s\u00fcresi\" \/>\n\t<meta name=\"twitter:data1\" content=\"18 dakika\" \/>\n<script type=\"application\/ld+json\" class=\"yoast-schema-graph\">{\"@context\":\"https:\\\/\\\/schema.org\",\"@graph\":[{\"@type\":\"WebPage\",\"@id\":\"https:\\\/\\\/www.gripfactoryantislip.com\\\/tr\\\/kaymaz-urunler\\\/kavrama-aksesuarlari\\\/\",\"url\":\"https:\\\/\\\/www.gripfactoryantislip.com\\\/tr\\\/kaymaz-urunler\\\/kavrama-aksesuarlari\\\/\",\"name\":\"Kavrama aksesuarlar\u0131 &#060; GripFactory Anti-Slip\",\"isPartOf\":{\"@id\":\"https:\\\/\\\/www.gripfactoryantislip.com\\\/tr\\\/#website\"},\"primaryImageOfPage\":{\"@id\":\"https:\\\/\\\/www.gripfactoryantislip.com\\\/tr\\\/kaymaz-urunler\\\/kavrama-aksesuarlari\\\/#primaryimage\"},\"image\":{\"@id\":\"https:\\\/\\\/www.gripfactoryantislip.com\\\/tr\\\/kaymaz-urunler\\\/kavrama-aksesuarlari\\\/#primaryimage\"},\"thumbnailUrl\":\"https:\\\/\\\/www.gripfactoryantislip.com\\\/wp-content\\\/uploads\\\/gripfactory_segment_gripaccessories.jpg\",\"datePublished\":\"2022-06-18T09:43:51+00:00\",\"dateModified\":\"2024-03-13T08:19:20+00:00\",\"breadcrumb\":{\"@id\":\"https:\\\/\\\/www.gripfactoryantislip.com\\\/tr\\\/kaymaz-urunler\\\/kavrama-aksesuarlari\\\/#breadcrumb\"},\"inLanguage\":\"tr\",\"potentialAction\":[{\"@type\":\"ReadAction\",\"target\":[\"https:\\\/\\\/www.gripfactoryantislip.com\\\/tr\\\/kaymaz-urunler\\\/kavrama-aksesuarlari\\\/\"]}]},{\"@type\":\"ImageObject\",\"inLanguage\":\"tr\",\"@id\":\"https:\\\/\\\/www.gripfactoryantislip.com\\\/tr\\\/kaymaz-urunler\\\/kavrama-aksesuarlari\\\/#primaryimage\",\"url\":\"https:\\\/\\\/www.gripfactoryantislip.com\\\/wp-content\\\/uploads\\\/gripfactory_segment_gripaccessories.jpg\",\"contentUrl\":\"https:\\\/\\\/www.gripfactoryantislip.com\\\/wp-content\\\/uploads\\\/gripfactory_segment_gripaccessories.jpg\",\"width\":1024,\"height\":683,\"caption\":\"GripFactory GRIPaksesuarlar\u0131 \u00fcr\u00fcn grubu\"},{\"@type\":\"BreadcrumbList\",\"@id\":\"https:\\\/\\\/www.gripfactoryantislip.com\\\/tr\\\/kaymaz-urunler\\\/kavrama-aksesuarlari\\\/#breadcrumb\",\"itemListElement\":[{\"@type\":\"ListItem\",\"position\":1,\"name\":\"Home\",\"item\":\"https:\\\/\\\/www.gripfactoryantislip.com\\\/tr\\\/\"},{\"@type\":\"ListItem\",\"position\":2,\"name\":\"Kaymaz \u00fcr\u00fcnler\",\"item\":\"https:\\\/\\\/www.gripfactoryantislip.com\\\/tr\\\/kaymaz-urunler\\\/\"},{\"@type\":\"ListItem\",\"position\":3,\"name\":\"Kavrama aksesuarlar\u0131\"}]},{\"@type\":\"WebSite\",\"@id\":\"https:\\\/\\\/www.gripfactoryantislip.com\\\/tr\\\/#website\",\"url\":\"https:\\\/\\\/www.gripfactoryantislip.com\\\/tr\\\/\",\"name\":\"GripFactory Anti-Slip\",\"description\":\"Innovative Antislip Products For Every Surface\",\"publisher\":{\"@id\":\"https:\\\/\\\/www.gripfactoryantislip.com\\\/tr\\\/#organization\"},\"alternateName\":\"Floor Safety Solutions at GripFactory Anti-Slip\",\"potentialAction\":[{\"@type\":\"SearchAction\",\"target\":{\"@type\":\"EntryPoint\",\"urlTemplate\":\"https:\\\/\\\/www.gripfactoryantislip.com\\\/tr\\\/?s={search_term_string}\"},\"query-input\":{\"@type\":\"PropertyValueSpecification\",\"valueRequired\":true,\"valueName\":\"search_term_string\"}}],\"inLanguage\":\"tr\"},{\"@type\":\"Organization\",\"@id\":\"https:\\\/\\\/www.gripfactoryantislip.com\\\/tr\\\/#organization\",\"name\":\"GripFactory B.V.\",\"url\":\"https:\\\/\\\/www.gripfactoryantislip.com\\\/tr\\\/\",\"logo\":{\"@type\":\"ImageObject\",\"inLanguage\":\"tr\",\"@id\":\"https:\\\/\\\/www.gripfactoryantislip.com\\\/tr\\\/#\\\/schema\\\/logo\\\/image\\\/\",\"url\":\"https:\\\/\\\/www.gripfactoryantislip.com\\\/wp-content\\\/uploads\\\/logo_gripfactory.jpg\",\"contentUrl\":\"https:\\\/\\\/www.gripfactoryantislip.com\\\/wp-content\\\/uploads\\\/logo_gripfactory.jpg\",\"width\":269,\"height\":60,\"caption\":\"GripFactory B.V.\"},\"image\":{\"@id\":\"https:\\\/\\\/www.gripfactoryantislip.com\\\/tr\\\/#\\\/schema\\\/logo\\\/image\\\/\"},\"sameAs\":[\"https:\\\/\\\/www.facebook.com\\\/GripFactoryAntislip\",\"https:\\\/\\\/www.instagram.com\\\/gripfactoryantislip\\\/\",\"https:\\\/\\\/www.linkedin.com\\\/company\\\/gripfactoryantislip\\\/about\\\/\"],\"email\":\"info@gripfactory.nl\",\"telephone\":\"+31348203000\",\"legalName\":\"GripFactor B.V.\",\"foundingDate\":\"2018-11-01\",\"vatID\":\"NL859320856B01\",\"taxID\":\"NL859320856B01\",\"numberOfEmployees\":{\"@type\":\"QuantitativeValue\",\"minValue\":\"1\",\"maxValue\":\"10\"}}]}<\/script>\n<!-- \/ Yoast SEO Premium plugin. -->","yoast_head_json":{"title":"Kavrama aksesuarlar\u0131 &#060; GripFactory Anti-Slip","robots":{"index":"index","follow":"follow","max-snippet":"max-snippet:-1","max-image-preview":"max-image-preview:large","max-video-preview":"max-video-preview:-1"},"canonical":"https:\/\/www.gripfactoryantislip.com\/tr\/kaymaz-urunler\/kavrama-aksesuarlari\/","og_locale":"tr_TR","og_type":"article","og_title":"Kavrama aksesuarlar\u0131","og_url":"https:\/\/www.gripfactoryantislip.com\/tr\/kaymaz-urunler\/kavrama-aksesuarlari\/","og_site_name":"GripFactory Anti-Slip","article_publisher":"https:\/\/www.facebook.com\/GripFactoryAntislip","article_modified_time":"2024-03-13T08:19:20+00:00","og_image":[{"width":1024,"height":683,"url":"https:\/\/www.gripfactoryantislip.com\/wp-content\/uploads\/gripfactory_segment_gripaccessories.jpg","type":"image\/jpeg"}],"twitter_misc":{"Tahmini okuma s\u00fcresi":"18 dakika"},"schema":{"@context":"https:\/\/schema.org","@graph":[{"@type":"WebPage","@id":"https:\/\/www.gripfactoryantislip.com\/tr\/kaymaz-urunler\/kavrama-aksesuarlari\/","url":"https:\/\/www.gripfactoryantislip.com\/tr\/kaymaz-urunler\/kavrama-aksesuarlari\/","name":"Kavrama aksesuarlar\u0131 &#060; GripFactory Anti-Slip","isPartOf":{"@id":"https:\/\/www.gripfactoryantislip.com\/tr\/#website"},"primaryImageOfPage":{"@id":"https:\/\/www.gripfactoryantislip.com\/tr\/kaymaz-urunler\/kavrama-aksesuarlari\/#primaryimage"},"image":{"@id":"https:\/\/www.gripfactoryantislip.com\/tr\/kaymaz-urunler\/kavrama-aksesuarlari\/#primaryimage"},"thumbnailUrl":"https:\/\/www.gripfactoryantislip.com\/wp-content\/uploads\/gripfactory_segment_gripaccessories.jpg","datePublished":"2022-06-18T09:43:51+00:00","dateModified":"2024-03-13T08:19:20+00:00","breadcrumb":{"@id":"https:\/\/www.gripfactoryantislip.com\/tr\/kaymaz-urunler\/kavrama-aksesuarlari\/#breadcrumb"},"inLanguage":"tr","potentialAction":[{"@type":"ReadAction","target":["https:\/\/www.gripfactoryantislip.com\/tr\/kaymaz-urunler\/kavrama-aksesuarlari\/"]}]},{"@type":"ImageObject","inLanguage":"tr","@id":"https:\/\/www.gripfactoryantislip.com\/tr\/kaymaz-urunler\/kavrama-aksesuarlari\/#primaryimage","url":"https:\/\/www.gripfactoryantislip.com\/wp-content\/uploads\/gripfactory_segment_gripaccessories.jpg","contentUrl":"https:\/\/www.gripfactoryantislip.com\/wp-content\/uploads\/gripfactory_segment_gripaccessories.jpg","width":1024,"height":683,"caption":"GripFactory GRIPaksesuarlar\u0131 \u00fcr\u00fcn grubu"},{"@type":"BreadcrumbList","@id":"https:\/\/www.gripfactoryantislip.com\/tr\/kaymaz-urunler\/kavrama-aksesuarlari\/#breadcrumb","itemListElement":[{"@type":"ListItem","position":1,"name":"Home","item":"https:\/\/www.gripfactoryantislip.com\/tr\/"},{"@type":"ListItem","position":2,"name":"Kaymaz \u00fcr\u00fcnler","item":"https:\/\/www.gripfactoryantislip.com\/tr\/kaymaz-urunler\/"},{"@type":"ListItem","position":3,"name":"Kavrama aksesuarlar\u0131"}]},{"@type":"WebSite","@id":"https:\/\/www.gripfactoryantislip.com\/tr\/#website","url":"https:\/\/www.gripfactoryantislip.com\/tr\/","name":"GripFactory Anti-Slip","description":"Innovative Antislip Products For Every Surface","publisher":{"@id":"https:\/\/www.gripfactoryantislip.com\/tr\/#organization"},"alternateName":"Floor Safety Solutions at GripFactory Anti-Slip","potentialAction":[{"@type":"SearchAction","target":{"@type":"EntryPoint","urlTemplate":"https:\/\/www.gripfactoryantislip.com\/tr\/?s={search_term_string}"},"query-input":{"@type":"PropertyValueSpecification","valueRequired":true,"valueName":"search_term_string"}}],"inLanguage":"tr"},{"@type":"Organization","@id":"https:\/\/www.gripfactoryantislip.com\/tr\/#organization","name":"GripFactory B.V.","url":"https:\/\/www.gripfactoryantislip.com\/tr\/","logo":{"@type":"ImageObject","inLanguage":"tr","@id":"https:\/\/www.gripfactoryantislip.com\/tr\/#\/schema\/logo\/image\/","url":"https:\/\/www.gripfactoryantislip.com\/wp-content\/uploads\/logo_gripfactory.jpg","contentUrl":"https:\/\/www.gripfactoryantislip.com\/wp-content\/uploads\/logo_gripfactory.jpg","width":269,"height":60,"caption":"GripFactory B.V."},"image":{"@id":"https:\/\/www.gripfactoryantislip.com\/tr\/#\/schema\/logo\/image\/"},"sameAs":["https:\/\/www.facebook.com\/GripFactoryAntislip","https:\/\/www.instagram.com\/gripfactoryantislip\/","https:\/\/www.linkedin.com\/company\/gripfactoryantislip\/about\/"],"email":"info@gripfactory.nl","telephone":"+31348203000","legalName":"GripFactor B.V.","foundingDate":"2018-11-01","vatID":"NL859320856B01","taxID":"NL859320856B01","numberOfEmployees":{"@type":"QuantitativeValue","minValue":"1","maxValue":"10"}}]}},"_links":{"self":[{"href":"https:\/\/www.gripfactoryantislip.com\/tr\/wp-json\/wp\/v2\/pages\/28794","targetHints":{"allow":["GET"]}}],"collection":[{"href":"https:\/\/www.gripfactoryantislip.com\/tr\/wp-json\/wp\/v2\/pages"}],"about":[{"href":"https:\/\/www.gripfactoryantislip.com\/tr\/wp-json\/wp\/v2\/types\/page"}],"author":[{"embeddable":true,"href":"https:\/\/www.gripfactoryantislip.com\/tr\/wp-json\/wp\/v2\/users\/2"}],"replies":[{"embeddable":true,"href":"https:\/\/www.gripfactoryantislip.com\/tr\/wp-json\/wp\/v2\/comments?post=28794"}],"version-history":[{"count":0,"href":"https:\/\/www.gripfactoryantislip.com\/tr\/wp-json\/wp\/v2\/pages\/28794\/revisions"}],"up":[{"embeddable":true,"href":"https:\/\/www.gripfactoryantislip.com\/tr\/wp-json\/wp\/v2\/pages\/28731"}],"wp:featuredmedia":[{"embeddable":true,"href":"https:\/\/www.gripfactoryantislip.com\/tr\/wp-json\/wp\/v2\/media\/28756"}],"wp:attachment":[{"href":"https:\/\/www.gripfactoryantislip.com\/tr\/wp-json\/wp\/v2\/media?parent=28794"}],"curies":[{"name":"wp","href":"https:\/\/api.w.org\/{rel}","templated":true}]}}