{"id":30460,"date":"2022-07-20T17:29:45","date_gmt":"2022-07-20T15:29:45","guid":{"rendered":"https:\/\/www.gripfactoryantislip.com\/hizmetler\/"},"modified":"2022-07-20T17:29:46","modified_gmt":"2022-07-20T15:29:46","slug":"hizmetler","status":"publish","type":"page","link":"https:\/\/www.gripfactoryantislip.com\/tr\/hizmetler\/","title":{"rendered":"Hizmetler"},"content":{"rendered":"<p><div class=\"fusion-fullwidth fullwidth-box fusion-builder-row-1 nonhundred-percent-fullwidth non-hundred-percent-height-scrolling\" style=\"--awb-border-radius-top-left:0px;--awb-border-radius-top-right:0px;--awb-border-radius-bottom-right:0px;--awb-border-radius-bottom-left:0px;--awb-padding-top:0px;--awb-padding-right:0px;--awb-padding-bottom:0px;--awb-padding-left:0px;--awb-margin-top:0px;--awb-margin-bottom:0px;--awb-flex-wrap:wrap;\" ><div class=\"fusion-builder-row fusion-row\"><div class=\"fusion-layout-column fusion_builder_column fusion-builder-column-0 fusion_builder_column_1_1 1_1 fusion-one-full fusion-column-first fusion-column-last\" style=\"--awb-bg-size:cover;--awb-margin-bottom:0px;\"><div class=\"fusion-column-wrapper fusion-flex-column-wrapper-legacy\"><div class=\"fusion-title title fusion-title-1 fusion-sep-none fusion-title-text fusion-title-size-one\" style=\"--awb-margin-top-small:0px;--awb-margin-right-small:0px;--awb-margin-bottom-small:20px;--awb-margin-left-small:0px;\"><h1 class=\"fusion-title-heading title-heading-left fusion-responsive-typography-calculated\" style=\"margin:0;--fontSize:36;line-height:1.4;\">Hizmetler<\/h1><\/div><div class=\"fusion-text fusion-text-1\"><p>GripFactory, her y\u00fczey i\u00e7in yenilik\u00e7i kaymaz \u00e7\u00f6z\u00fcmler alan\u0131nda uluslararas\u0131 bir uzmand\u0131r. KAVRAMA \u00e7\u00f6z\u00fcmlerimizi d\u00fcnya \u00e7ap\u0131nda toptan, perakende, end\u00fcstri, tesis y\u00f6neticileri ve son kullan\u0131c\u0131lara sunuyoruz. Ek olarak, kaymay\u0131 \u00f6nleme alan\u0131nda birka\u00e7 anahtar teslim \u00e7\u00f6z\u00fcm sunuyoruz. Sundu\u011fumuz \u00fcr\u00fcnler taraf\u0131m\u0131zdan geli\u015ftirilmekte veya geli\u015ftirilmektedir. Bu nedenle, kayganl\u0131k sorununuz i\u00e7in en iyi \u00e7\u00f6z\u00fcm konusunda size herkesten daha iyi tavsiyelerde bulunabiliriz. Herhangi bir y\u00fczeyde. GripFactory, geni\u015f \u00fcr\u00fcn yelpazemizi bizim i\u00e7in \u00f6zel k\u0131lan \u00e7e\u015fitli \u00fcretim yerleri ile \u00e7al\u0131\u015f\u0131r. Bu, en rekabet\u00e7i fiyatlar\u0131 sunmam\u0131z\u0131 sa\u011flar ve \u00f6zel uygulaman\u0131z i\u00e7in \u00fcr\u00fcne \u00f6zel ayarlamalar da sorun de\u011fildir.<\/p>\n<\/div><div class=\"fusion-clearfix\"><\/div><\/div><\/div><\/div><\/div><div class=\"fusion-fullwidth fullwidth-box fusion-builder-row-2 nonhundred-percent-fullwidth non-hundred-percent-height-scrolling\" style=\"--awb-border-radius-top-left:0px;--awb-border-radius-top-right:0px;--awb-border-radius-bottom-right:0px;--awb-border-radius-bottom-left:0px;--awb-padding-top:0px;--awb-padding-right:0px;--awb-padding-bottom:0px;--awb-padding-left:0px;--awb-margin-top:0px;--awb-margin-bottom:0px;--awb-flex-wrap:wrap;\" ><div class=\"fusion-builder-row fusion-row\"><div class=\"fusion-layout-column fusion_builder_column fusion-builder-column-1 fusion_builder_column_1_1 1_1 fusion-one-full fusion-column-first fusion-column-last\" style=\"--awb-bg-size:cover;--awb-margin-bottom:0px;\"><div class=\"fusion-column-wrapper fusion-flex-column-wrapper-legacy\"><div class=\"fusion-sep-clear\"><\/div><div class=\"fusion-separator fusion-full-width-sep\" style=\"margin-left: auto;margin-right: auto;margin-top:20px;margin-bottom:20px;width:100%;\"><\/div><div class=\"fusion-sep-clear\"><\/div><div class=\"fusion-clearfix\"><\/div><\/div><\/div><\/div><\/div><div class=\"fusion-fullwidth fullwidth-box fusion-builder-row-3 nonhundred-percent-fullwidth non-hundred-percent-height-scrolling\" style=\"--awb-border-radius-top-left:0px;--awb-border-radius-top-right:0px;--awb-border-radius-bottom-right:0px;--awb-border-radius-bottom-left:0px;--awb-padding-top:0px;--awb-padding-right:0px;--awb-padding-bottom:0px;--awb-padding-left:0px;--awb-margin-top:0px;--awb-margin-bottom:0px;--awb-flex-wrap:wrap;\" ><div class=\"fusion-builder-row fusion-row\"><div class=\"fusion-layout-column fusion_builder_column fusion-builder-column-2 fusion_builder_column_1_1 1_1 fusion-one-full fusion-column-first fusion-column-last\" style=\"--awb-bg-size:cover;--awb-margin-bottom:0px;\"><div class=\"fusion-column-wrapper fusion-flex-column-wrapper-legacy\"><div class=\"fusion-title title fusion-title-2 fusion-sep-none fusion-title-text fusion-title-size-two\" style=\"--awb-margin-top-small:0px;--awb-margin-right-small:0px;--awb-margin-bottom-small:20px;--awb-margin-left-small:0px;\"><h2 class=\"fusion-title-heading title-heading-left fusion-responsive-typography-calculated\" style=\"margin:0;--fontSize:30;--minFontSize:30;line-height:1.5;\">GripFactory Hizmetleri<\/h2><\/div><ul style=\"--awb-line-height:37.4px;--awb-icon-width:37.4px;--awb-icon-height:37.4px;--awb-icon-margin:15.4px;--awb-content-margin:52.8px;--awb-circlecolor:#ffeb3b;--awb-circle-yes-font-size:19.36px;\" class=\"fusion-checklist fusion-checklist-1 fusion-checklist-default type-icons\"><li class=\"fusion-li-item\" style=\"\"><span class=\"icon-wrapper circle-yes\"><i class=\"fusion-li-icon fa-thumbs-up fas\" aria-hidden=\"true\"><\/i><\/span><div class=\"fusion-li-item-content\">\n<p><b>Kaymay\u0131 \u00f6nleyici \u00e7\u00f6z\u00fcmlerin geli\u015ftirilmesi:<\/b> GripFactory t\u00fcm olas\u0131 y\u00fczeyler i\u00e7in yenilik\u00e7i kaymay\u0131 \u00f6nleyici \u00e7\u00f6z\u00fcmler geli\u015ftirir. Ayr\u0131ca, geli\u015ftirme departman\u0131m\u0131z mevcut kayma \u00f6nleyici \u00e7\u00f6z\u00fcmlerimizin s\u00fcrekli geli\u015ftirilmesini sa\u011flamaktad\u0131r.<\/p>\n<\/div><\/li><li class=\"fusion-li-item\" style=\"\"><span class=\"icon-wrapper circle-yes\"><i class=\"fusion-li-icon fa-thumbs-up fas\" aria-hidden=\"true\"><\/i><\/span><div class=\"fusion-li-item-content\">\n<p><b>Kaymay\u0131 \u00f6nleyici \u00e7\u00f6z\u00fcmlerin sat\u0131\u015f\u0131:<\/b> GripFactory, toptanc\u0131lara, perakendecilere, tesis y\u00f6neticilerine ve son kullan\u0131c\u0131lara d\u00fcnya \u00e7ap\u0131nda yenilik\u00e7i kaymay\u0131 \u00f6nleyici \u00e7\u00f6z\u00fcmler satmaktad\u0131r.<\/p>\n<\/div><\/li><li class=\"fusion-li-item\" style=\"\"><span class=\"icon-wrapper circle-yes\"><i class=\"fusion-li-icon fa-thumbs-up fas\" aria-hidden=\"true\"><\/i><\/span><div class=\"fusion-li-item-content\"><b>Yerinde zemin \u00f6l\u00e7\u00fcmleri:<\/b> GripFactory, her t\u00fcrl\u00fc y\u00fczeyde kayma direnci \u00f6l\u00e7\u00fcmleri yapmak i\u00e7in sertifikal\u0131 ekipmana sahiptir. Dan\u0131\u015fmanlar\u0131m\u0131z, bulundu\u011funuz yerdeki bir kat \u00f6l\u00e7\u00fcm\u00fcne dayanarak, katlar\u0131n\u0131z\u0131n yasal standartlara uygun olup olmad\u0131\u011f\u0131n\u0131 \u00f6l\u00e7ebilir. Zemininiz bu standartlara uymuyorsa, kayma olas\u0131l\u0131\u011f\u0131n\u0131 \u00f6nemli \u00f6l\u00e7\u00fcde azaltmak i\u00e7in uygun bir teklif alacaks\u0131n\u0131z.<\/div><\/li><li class=\"fusion-li-item\" style=\"\"><span class=\"icon-wrapper circle-yes\"><i class=\"fusion-li-icon fa-thumbs-up fas\" aria-hidden=\"true\"><\/i><\/span><div class=\"fusion-li-item-content\"><b>Kaymay\u0131 \u00f6nleyici \u00e7\u00f6z\u00fcmlerin uygulanmas\u0131:<\/b> GripFactory, m\u00fc\u015fterilerimiz i\u00e7in kaymay\u0131 \u00f6nleyici \u00e7\u00f6z\u00fcmlerimizi global olarak uygulayan sertifikal\u0131 bir aplikat\u00f6r ekibine sahiptir.<\/div><\/li><\/ul><div class=\"fusion-clearfix\"><\/div><\/div><\/div><\/div><\/div><div class=\"fusion-fullwidth fullwidth-box fusion-builder-row-4 nonhundred-percent-fullwidth non-hundred-percent-height-scrolling\" style=\"--awb-border-radius-top-left:0px;--awb-border-radius-top-right:0px;--awb-border-radius-bottom-right:0px;--awb-border-radius-bottom-left:0px;--awb-padding-top:0px;--awb-padding-right:0px;--awb-padding-bottom:0px;--awb-padding-left:0px;--awb-margin-top:0px;--awb-margin-bottom:0px;--awb-flex-wrap:wrap;\" ><div class=\"fusion-builder-row fusion-row\"><div class=\"fusion-layout-column fusion_builder_column fusion-builder-column-3 fusion_builder_column_1_1 1_1 fusion-one-full fusion-column-first fusion-column-last\" style=\"--awb-bg-size:cover;--awb-margin-bottom:0px;\"><div class=\"fusion-column-wrapper fusion-flex-column-wrapper-legacy\"><div class=\"fusion-sep-clear\"><\/div><div class=\"fusion-separator fusion-full-width-sep\" style=\"margin-left: auto;margin-right: auto;margin-top:20px;margin-bottom:20px;width:100%;\"><\/div><div class=\"fusion-sep-clear\"><\/div><div class=\"fusion-clearfix\"><\/div><\/div><\/div><\/div><\/div><\/p>\n","protected":false},"excerpt":{"rendered":"","protected":false},"author":2,"featured_media":0,"parent":0,"menu_order":0,"comment_status":"closed","ping_status":"closed","template":"100-width.php","meta":{"footnotes":""},"class_list":["post-30460","page","type-page","status-publish","hentry"],"yoast_head":"<!-- This site is optimized with the Yoast SEO Premium plugin v27.4 (Yoast SEO v27.4) - https:\/\/yoast.com\/product\/yoast-seo-premium-wordpress\/ -->\n<title>Hizmetler &#060; GripFactory Anti-Slip<\/title>\n<meta name=\"robots\" content=\"index, follow, max-snippet:-1, max-image-preview:large, max-video-preview:-1\" \/>\n<link rel=\"canonical\" href=\"https:\/\/www.gripfactoryantislip.com\/tr\/hizmetler\/\" \/>\n<meta property=\"og:locale\" content=\"tr_TR\" \/>\n<meta property=\"og:type\" content=\"article\" \/>\n<meta property=\"og:title\" content=\"Hizmetler\" \/>\n<meta property=\"og:url\" content=\"https:\/\/www.gripfactoryantislip.com\/tr\/hizmetler\/\" \/>\n<meta property=\"og:site_name\" content=\"GripFactory Anti-Slip\" \/>\n<meta property=\"article:publisher\" content=\"https:\/\/www.facebook.com\/GripFactoryAntislip\" \/>\n<meta property=\"article:modified_time\" content=\"2022-07-20T15:29:46+00:00\" \/>\n<meta name=\"twitter:label1\" content=\"Tahmini okuma s\u00fcresi\" \/>\n\t<meta name=\"twitter:data1\" content=\"7 dakika\" \/>\n<script type=\"application\/ld+json\" class=\"yoast-schema-graph\">{\"@context\":\"https:\\\/\\\/schema.org\",\"@graph\":[{\"@type\":\"WebPage\",\"@id\":\"https:\\\/\\\/www.gripfactoryantislip.com\\\/tr\\\/hizmetler\\\/\",\"url\":\"https:\\\/\\\/www.gripfactoryantislip.com\\\/tr\\\/hizmetler\\\/\",\"name\":\"Hizmetler &#060; GripFactory Anti-Slip\",\"isPartOf\":{\"@id\":\"https:\\\/\\\/www.gripfactoryantislip.com\\\/tr\\\/#website\"},\"datePublished\":\"2022-07-20T15:29:45+00:00\",\"dateModified\":\"2022-07-20T15:29:46+00:00\",\"breadcrumb\":{\"@id\":\"https:\\\/\\\/www.gripfactoryantislip.com\\\/tr\\\/hizmetler\\\/#breadcrumb\"},\"inLanguage\":\"tr\",\"potentialAction\":[{\"@type\":\"ReadAction\",\"target\":[\"https:\\\/\\\/www.gripfactoryantislip.com\\\/tr\\\/hizmetler\\\/\"]}]},{\"@type\":\"BreadcrumbList\",\"@id\":\"https:\\\/\\\/www.gripfactoryantislip.com\\\/tr\\\/hizmetler\\\/#breadcrumb\",\"itemListElement\":[{\"@type\":\"ListItem\",\"position\":1,\"name\":\"Home\",\"item\":\"https:\\\/\\\/www.gripfactoryantislip.com\\\/tr\\\/\"},{\"@type\":\"ListItem\",\"position\":2,\"name\":\"Hizmetler\"}]},{\"@type\":\"WebSite\",\"@id\":\"https:\\\/\\\/www.gripfactoryantislip.com\\\/tr\\\/#website\",\"url\":\"https:\\\/\\\/www.gripfactoryantislip.com\\\/tr\\\/\",\"name\":\"GripFactory Anti-Slip\",\"description\":\"Innovative Antislip Products For Every Surface\",\"publisher\":{\"@id\":\"https:\\\/\\\/www.gripfactoryantislip.com\\\/tr\\\/#organization\"},\"alternateName\":\"Floor Safety Solutions at GripFactory Anti-Slip\",\"potentialAction\":[{\"@type\":\"SearchAction\",\"target\":{\"@type\":\"EntryPoint\",\"urlTemplate\":\"https:\\\/\\\/www.gripfactoryantislip.com\\\/tr\\\/?s={search_term_string}\"},\"query-input\":{\"@type\":\"PropertyValueSpecification\",\"valueRequired\":true,\"valueName\":\"search_term_string\"}}],\"inLanguage\":\"tr\"},{\"@type\":\"Organization\",\"@id\":\"https:\\\/\\\/www.gripfactoryantislip.com\\\/tr\\\/#organization\",\"name\":\"GripFactory B.V.\",\"url\":\"https:\\\/\\\/www.gripfactoryantislip.com\\\/tr\\\/\",\"logo\":{\"@type\":\"ImageObject\",\"inLanguage\":\"tr\",\"@id\":\"https:\\\/\\\/www.gripfactoryantislip.com\\\/tr\\\/#\\\/schema\\\/logo\\\/image\\\/\",\"url\":\"https:\\\/\\\/www.gripfactoryantislip.com\\\/wp-content\\\/uploads\\\/logo_gripfactory.jpg\",\"contentUrl\":\"https:\\\/\\\/www.gripfactoryantislip.com\\\/wp-content\\\/uploads\\\/logo_gripfactory.jpg\",\"width\":269,\"height\":60,\"caption\":\"GripFactory B.V.\"},\"image\":{\"@id\":\"https:\\\/\\\/www.gripfactoryantislip.com\\\/tr\\\/#\\\/schema\\\/logo\\\/image\\\/\"},\"sameAs\":[\"https:\\\/\\\/www.facebook.com\\\/GripFactoryAntislip\",\"https:\\\/\\\/www.instagram.com\\\/gripfactoryantislip\\\/\",\"https:\\\/\\\/www.linkedin.com\\\/company\\\/gripfactoryantislip\\\/about\\\/\"],\"email\":\"info@gripfactory.nl\",\"telephone\":\"+31348203000\",\"legalName\":\"GripFactor B.V.\",\"foundingDate\":\"2018-11-01\",\"vatID\":\"NL859320856B01\",\"taxID\":\"NL859320856B01\",\"numberOfEmployees\":{\"@type\":\"QuantitativeValue\",\"minValue\":\"1\",\"maxValue\":\"10\"}}]}<\/script>\n<!-- \/ Yoast SEO Premium plugin. -->","yoast_head_json":{"title":"Hizmetler &#060; GripFactory Anti-Slip","robots":{"index":"index","follow":"follow","max-snippet":"max-snippet:-1","max-image-preview":"max-image-preview:large","max-video-preview":"max-video-preview:-1"},"canonical":"https:\/\/www.gripfactoryantislip.com\/tr\/hizmetler\/","og_locale":"tr_TR","og_type":"article","og_title":"Hizmetler","og_url":"https:\/\/www.gripfactoryantislip.com\/tr\/hizmetler\/","og_site_name":"GripFactory Anti-Slip","article_publisher":"https:\/\/www.facebook.com\/GripFactoryAntislip","article_modified_time":"2022-07-20T15:29:46+00:00","twitter_misc":{"Tahmini okuma s\u00fcresi":"7 dakika"},"schema":{"@context":"https:\/\/schema.org","@graph":[{"@type":"WebPage","@id":"https:\/\/www.gripfactoryantislip.com\/tr\/hizmetler\/","url":"https:\/\/www.gripfactoryantislip.com\/tr\/hizmetler\/","name":"Hizmetler &#060; GripFactory Anti-Slip","isPartOf":{"@id":"https:\/\/www.gripfactoryantislip.com\/tr\/#website"},"datePublished":"2022-07-20T15:29:45+00:00","dateModified":"2022-07-20T15:29:46+00:00","breadcrumb":{"@id":"https:\/\/www.gripfactoryantislip.com\/tr\/hizmetler\/#breadcrumb"},"inLanguage":"tr","potentialAction":[{"@type":"ReadAction","target":["https:\/\/www.gripfactoryantislip.com\/tr\/hizmetler\/"]}]},{"@type":"BreadcrumbList","@id":"https:\/\/www.gripfactoryantislip.com\/tr\/hizmetler\/#breadcrumb","itemListElement":[{"@type":"ListItem","position":1,"name":"Home","item":"https:\/\/www.gripfactoryantislip.com\/tr\/"},{"@type":"ListItem","position":2,"name":"Hizmetler"}]},{"@type":"WebSite","@id":"https:\/\/www.gripfactoryantislip.com\/tr\/#website","url":"https:\/\/www.gripfactoryantislip.com\/tr\/","name":"GripFactory Anti-Slip","description":"Innovative Antislip Products For Every Surface","publisher":{"@id":"https:\/\/www.gripfactoryantislip.com\/tr\/#organization"},"alternateName":"Floor Safety Solutions at GripFactory Anti-Slip","potentialAction":[{"@type":"SearchAction","target":{"@type":"EntryPoint","urlTemplate":"https:\/\/www.gripfactoryantislip.com\/tr\/?s={search_term_string}"},"query-input":{"@type":"PropertyValueSpecification","valueRequired":true,"valueName":"search_term_string"}}],"inLanguage":"tr"},{"@type":"Organization","@id":"https:\/\/www.gripfactoryantislip.com\/tr\/#organization","name":"GripFactory B.V.","url":"https:\/\/www.gripfactoryantislip.com\/tr\/","logo":{"@type":"ImageObject","inLanguage":"tr","@id":"https:\/\/www.gripfactoryantislip.com\/tr\/#\/schema\/logo\/image\/","url":"https:\/\/www.gripfactoryantislip.com\/wp-content\/uploads\/logo_gripfactory.jpg","contentUrl":"https:\/\/www.gripfactoryantislip.com\/wp-content\/uploads\/logo_gripfactory.jpg","width":269,"height":60,"caption":"GripFactory B.V."},"image":{"@id":"https:\/\/www.gripfactoryantislip.com\/tr\/#\/schema\/logo\/image\/"},"sameAs":["https:\/\/www.facebook.com\/GripFactoryAntislip","https:\/\/www.instagram.com\/gripfactoryantislip\/","https:\/\/www.linkedin.com\/company\/gripfactoryantislip\/about\/"],"email":"info@gripfactory.nl","telephone":"+31348203000","legalName":"GripFactor B.V.","foundingDate":"2018-11-01","vatID":"NL859320856B01","taxID":"NL859320856B01","numberOfEmployees":{"@type":"QuantitativeValue","minValue":"1","maxValue":"10"}}]}},"_links":{"self":[{"href":"https:\/\/www.gripfactoryantislip.com\/tr\/wp-json\/wp\/v2\/pages\/30460","targetHints":{"allow":["GET"]}}],"collection":[{"href":"https:\/\/www.gripfactoryantislip.com\/tr\/wp-json\/wp\/v2\/pages"}],"about":[{"href":"https:\/\/www.gripfactoryantislip.com\/tr\/wp-json\/wp\/v2\/types\/page"}],"author":[{"embeddable":true,"href":"https:\/\/www.gripfactoryantislip.com\/tr\/wp-json\/wp\/v2\/users\/2"}],"replies":[{"embeddable":true,"href":"https:\/\/www.gripfactoryantislip.com\/tr\/wp-json\/wp\/v2\/comments?post=30460"}],"version-history":[{"count":0,"href":"https:\/\/www.gripfactoryantislip.com\/tr\/wp-json\/wp\/v2\/pages\/30460\/revisions"}],"wp:attachment":[{"href":"https:\/\/www.gripfactoryantislip.com\/tr\/wp-json\/wp\/v2\/media?parent=30460"}],"curies":[{"name":"wp","href":"https:\/\/api.w.org\/{rel}","templated":true}]}}