{"id":30581,"date":"2022-07-26T12:49:32","date_gmt":"2022-07-26T10:49:32","guid":{"rendered":"https:\/\/www.gripfactoryantislip.com\/hakkimizda\/"},"modified":"2022-11-17T14:01:47","modified_gmt":"2022-11-17T13:01:47","slug":"hakkimizda","status":"publish","type":"page","link":"https:\/\/www.gripfactoryantislip.com\/tr\/hakkimizda\/","title":{"rendered":"Hakk\u0131m\u0131zda"},"content":{"rendered":"<p><div class=\"fusion-fullwidth fullwidth-box fusion-builder-row-1 has-pattern-background has-mask-background nonhundred-percent-fullwidth non-hundred-percent-height-scrolling\" style=\"--awb-border-radius-top-left:0px;--awb-border-radius-top-right:0px;--awb-border-radius-bottom-right:0px;--awb-border-radius-bottom-left:0px;--awb-padding-top:0px;--awb-padding-bottom:0px;--awb-margin-top:50px;--awb-margin-bottom:50px;--awb-flex-wrap:wrap;\" ><div class=\"fusion-builder-row fusion-row\"><div class=\"fusion-layout-column fusion_builder_column fusion-builder-column-0 fusion_builder_column_1_1 1_1 fusion-one-full fusion-column-first fusion-column-last\" style=\"--awb-bg-size:cover;--awb-margin-bottom:0px;\"><div class=\"fusion-column-wrapper fusion-column-has-shadow fusion-flex-column-wrapper-legacy\"><div class=\"fusion-title title fusion-title-1 fusion-sep-none fusion-title-text fusion-title-size-one\" style=\"--awb-margin-top-small:0px;--awb-margin-right-small:0px;--awb-margin-bottom-small:20px;--awb-margin-left-small:0px;\"><h1 class=\"fusion-title-heading title-heading-left fusion-responsive-typography-calculated\" style=\"margin:0;--fontSize:36;line-height:1.4;\">Hakk\u0131m\u0131zda<\/h1><\/div><div class=\"fusion-text fusion-text-1 gripfactory-responsive-text\"><p>GripFactory, bir dizi \u015firketin birle\u015fmesiyle kuruldu. Her biri kaymay\u0131 \u00f6nleme alan\u0131nda kendi uzmanl\u0131\u011f\u0131na sahiptir. Bu, do\u011frudan fabrikadan her y\u00fczey i\u00e7in kaymaz bir \u00e7\u00f6z\u00fcm sunmam\u0131z\u0131 sa\u011flar. Uzun y\u0131llara dayanan hizmetimizle, kaymaz zemin ve merdivenlerde neyin i\u015fe yaray\u0131p neyin i\u015fe yaramad\u0131\u011f\u0131n\u0131 herkesten daha iyi biliyoruz.<\/p>\n<\/div><div class=\"fusion-text fusion-text-2 gripfactory-responsive-text\"><p>Sundu\u011fumuz kaymaz \u00fcr\u00fcnler taraf\u0131m\u0131zdan geli\u015ftirilmi\u015f veya geli\u015ftirilmi\u015ftir ve hepsi benzersizdir. Bu nedenle, kayganl\u0131k sorununuz i\u00e7in en iyi \u00e7\u00f6z\u00fcm konusunda size herkesten daha iyi tavsiyelerde bulunabiliriz. Herhangi bir y\u00fczeyde. GripFactory, d\u00fcnya \u00e7ap\u0131nda \u00e7e\u015fitli \u00fcretim noktalar\u0131yla \u00e7al\u0131\u015farak, yaln\u0131zca bizim i\u00e7in \u00e7ok \u00e7e\u015fitli kaymaz \u00e7\u00f6z\u00fcmlerimizi \u00fcretmektedir. Bu, en rekabet\u00e7i fiyatlar\u0131 sunmam\u0131z\u0131 sa\u011flar ve \u00f6zel uygulaman\u0131z i\u00e7in \u00fcr\u00fcne \u00f6zel ayarlamalar da sorun de\u011fildir.<\/p>\n<\/div><div class=\"fusion-clearfix\"><\/div><\/div><\/div><\/div><\/div><div class=\"fusion-fullwidth fullwidth-box fusion-builder-row-2 has-pattern-background has-mask-background fusion-parallax-none nonhundred-percent-fullwidth non-hundred-percent-height-scrolling\" style=\"--awb-background-blend-mode:darken;--awb-border-radius-top-left:0px;--awb-border-radius-top-right:0px;--awb-border-radius-bottom-right:0px;--awb-border-radius-bottom-left:0px;--awb-padding-top:0px;--awb-padding-bottom:0px;--awb-margin-top:0px;--awb-margin-bottom:0px;--awb-background-color:rgba(0,0,0,0.5);--awb-background-image:url(&quot;https:\/\/www.gripfactoryantislip.com\/wp-content\/uploads\/gripfactory_zekerheden.jpg&quot;);--awb-background-size:cover;--awb-flex-wrap:wrap;\" ><div class=\"fusion-builder-row fusion-row\"><div class=\"fusion-layout-column fusion_builder_column fusion-builder-column-1 fusion_builder_column_1_1 1_1 fusion-one-full fusion-column-first fusion-column-last\" style=\"--awb-bg-size:cover;--awb-margin-top:50px;--awb-margin-bottom:50px;\"><div class=\"fusion-column-wrapper fusion-column-has-shadow fusion-flex-column-wrapper-legacy\"><div class=\"fusion-title title fusion-title-2 fusion-sep-none fusion-title-text fusion-title-size-two\" style=\"--awb-margin-top-small:0px;--awb-margin-right-small:0px;--awb-margin-bottom-small:20px;--awb-margin-left-small:0px;\"><h2 class=\"fusion-title-heading title-heading-left fusion-responsive-typography-calculated\" style=\"margin:0;--fontSize:30;--minFontSize:30;line-height:1.5;\">Gripfactory&#8217;nin be\u015f kesinli\u011fi<\/h2><\/div><ul style=\"--awb-line-height:37.4px;--awb-icon-width:37.4px;--awb-icon-height:37.4px;--awb-icon-margin:15.4px;--awb-content-margin:52.8px;--awb-circlecolor:#ffeb3b;--awb-circle-yes-font-size:19.36px;\" class=\"fusion-checklist fusion-checklist-1 fusion-checklist-default type-icons\"><li class=\"fusion-li-item\" style=\"\"><span class=\"icon-wrapper circle-yes\"><i class=\"fusion-li-icon fa-thumbs-up fas\" aria-hidden=\"true\"><\/i><\/span><div class=\"fusion-li-item-content\"><span class=\"gripfactory-responsive-text\"><strong>Garanti <\/strong>. Bizimle maksimum garantiye g\u00fcvenebilirsiniz.<\/span><\/div><\/li><li class=\"fusion-li-item\" style=\"\"><span class=\"icon-wrapper circle-yes\"><i class=\"fusion-li-icon fa-thumbs-up fas\" aria-hidden=\"true\"><\/i><\/span><div class=\"fusion-li-item-content\"><span class=\"gripfactory-responsive-text\"><strong>G\u00fcvenlik <\/strong>. Kaymay\u0131 \u00f6nleyici \u00e7\u00f6z\u00fcmlerimiz en kat\u0131 gereklilikleri kar\u015f\u0131lar.<\/span><\/div><\/li><li class=\"fusion-li-item\" style=\"\"><span class=\"icon-wrapper circle-yes\"><i class=\"fusion-li-icon fa-thumbs-up fas\" aria-hidden=\"true\"><\/i><\/span><div class=\"fusion-li-item-content\"><span class=\"gripfactory-responsive-text\"><strong>H\u0131z <\/strong>. Zemininiz veya merdiveniniz, i\u015flemden hemen sonra toz veya g\u00fcr\u00fclt\u00fc olmadan kullan\u0131ma haz\u0131rd\u0131r.<\/span><\/div><\/li><li class=\"fusion-li-item\" style=\"\"><span class=\"icon-wrapper circle-yes\"><i class=\"fusion-li-icon fa-thumbs-up fas\" aria-hidden=\"true\"><\/i><\/span><div class=\"fusion-li-item-content\"><span class=\"gripfactory-responsive-text\"><strong>Kolay korumak i\u00e7in <\/strong>. \u0130\u015flenmi\u015f zeminler ve merdivenler hijyeniktir ve temiz tutulmas\u0131 \u00e7ok kolayd\u0131r.<\/span><\/div><\/li><li class=\"fusion-li-item\" style=\"\"><span class=\"icon-wrapper circle-yes\"><i class=\"fusion-li-icon fa-thumbs-up fas\" aria-hidden=\"true\"><\/i><\/span><div class=\"fusion-li-item-content\"><span class=\"gripfactory-responsive-text\"><strong>Fiyat <\/strong>. Bizimle her zaman en iyi fiyat \/ kalite oran\u0131na g\u00fcvenebilirsiniz.<\/span><\/div><\/li><\/ul><div class=\"fusion-clearfix\"><\/div><\/div><\/div><\/div><\/div><div class=\"fusion-fullwidth fullwidth-box fusion-builder-row-3 has-pattern-background has-mask-background fusion-parallax-none nonhundred-percent-fullwidth non-hundred-percent-height-scrolling\" style=\"--awb-border-radius-top-left:0px;--awb-border-radius-top-right:0px;--awb-border-radius-bottom-right:0px;--awb-border-radius-bottom-left:0px;--awb-padding-top:0px;--awb-padding-bottom:0px;--awb-margin-top:0px;--awb-margin-bottom:0px;--awb-background-image:url(&quot;https:\/\/www.gripfactoryantislip.com\/wp-content\/uploads\/gripfactory_garanties.jpg&quot;);--awb-background-size:cover;--awb-flex-wrap:wrap;\" ><div class=\"fusion-builder-row fusion-row\"><div class=\"fusion-layout-column fusion_builder_column fusion-builder-column-2 fusion_builder_column_1_1 1_1 fusion-one-full fusion-column-first fusion-column-last\" style=\"--awb-bg-size:cover;--awb-margin-top:50px;--awb-margin-bottom:50px;\"><div class=\"fusion-column-wrapper fusion-column-has-shadow fusion-flex-column-wrapper-legacy\"><div class=\"fusion-title title fusion-title-3 fusion-sep-none fusion-title-text fusion-title-size-two\" style=\"--awb-margin-top-small:0px;--awb-margin-right-small:0px;--awb-margin-bottom-small:20px;--awb-margin-left-small:0px;\"><h2 class=\"fusion-title-heading title-heading-left fusion-responsive-typography-calculated\" style=\"margin:0;--fontSize:30;--minFontSize:30;line-height:1.5;\">Gripfactory&#8217;den \u00fc\u00e7 benzersiz garanti<\/h2><\/div><ul style=\"--awb-line-height:37.4px;--awb-icon-width:37.4px;--awb-icon-height:37.4px;--awb-icon-margin:15.4px;--awb-content-margin:52.8px;--awb-circlecolor:#ffeb3b;--awb-circle-yes-font-size:19.36px;\" class=\"fusion-checklist fusion-checklist-2 fusion-checklist-default type-icons\"><li class=\"fusion-li-item\" style=\"\"><span class=\"icon-wrapper circle-yes\"><i class=\"fusion-li-icon fa-thumbs-up fas\" aria-hidden=\"true\"><\/i><\/span><div class=\"fusion-li-item-content\"><span class=\"gripfactory-responsive-text\"><strong>Bilgi Garantisi <\/strong>. GripFactory, \u00fcr\u00fcnleri ve uygulamalar\u0131 hakk\u0131nda derinlemesine bilgi sahibidir. T\u00fcm sekt\u00f6rlerde kat ve merdivenlerin g\u00fcvenli hale getirilmesi ile ilgili ulusal ve uluslararas\u0131 kanun ve y\u00f6netmeliklerin fark\u0131nday\u0131z. Bu, dan\u0131\u015fmanlar\u0131m\u0131z\u0131n size her zaman ideal tavsiyelerde bulunmalar\u0131n\u0131 sa\u011flar. Garantili!<\/span><\/div><\/li><li class=\"fusion-li-item\" style=\"\"><span class=\"icon-wrapper circle-yes\"><i class=\"fusion-li-icon fa-thumbs-up fas\" aria-hidden=\"true\"><\/i><\/span><div class=\"fusion-li-item-content\"><span class=\"gripfactory-responsive-text\"><strong>Garanti se\u00e7imi <\/strong>. Gripfactory&#8217;de \u00e7ok \u00e7e\u015fitli kaymaz \u00e7\u00f6z\u00fcmler aras\u0131ndan se\u00e7im yapabilirsiniz. Bu, her durum ve her y\u00fczey i\u00e7in ideal kaymaz \u00fcr\u00fcn\u00fc sunmam\u0131z\u0131 sa\u011flar. Garantili!<\/span><\/div><\/li><li class=\"fusion-li-item\" style=\"\"><span class=\"icon-wrapper circle-yes\"><i class=\"fusion-li-icon fa-thumbs-up fas\" aria-hidden=\"true\"><\/i><\/span><div class=\"fusion-li-item-content\"><span class=\"gripfactory-responsive-text\"><strong>Kalite G\u00fcvence <\/strong>. GripFactory sadece kaymaz \u00fcr\u00fcnleri y\u00fcksek kalitede tedarik eder. Gece g\u00fcnd\u00fcz kalitemize g\u00fcvenebilmeniz gerekti\u011fine inan\u0131yoruz. Bunu sa\u011flamak i\u00e7in en iyi \u00fcreticiler, y\u00fcksek kaliteli malzemeler ve uzman ve hevesli \u00e7al\u0131\u015fanlarla birlikte \u00e7al\u0131\u015f\u0131yoruz. Bu y\u00fczden y\u0131llarca garanti vermeye cesaret ediyoruz. Garantili!<\/span><\/div><\/li><\/ul><div class=\"fusion-clearfix\"><\/div><\/div><\/div><\/div><\/div><\/p>\n","protected":false},"excerpt":{"rendered":"","protected":false},"author":2,"featured_media":0,"parent":0,"menu_order":0,"comment_status":"closed","ping_status":"closed","template":"100-width.php","meta":{"footnotes":""},"class_list":["post-30581","page","type-page","status-publish","hentry"],"yoast_head":"<!-- This site is optimized with the Yoast SEO Premium plugin v27.5 (Yoast SEO v27.6) - https:\/\/yoast.com\/product\/yoast-seo-premium-wordpress\/ -->\n<title>Hakk\u0131m\u0131zda &#060; GripFactory Anti-Slip<\/title>\n<meta name=\"robots\" content=\"index, follow, max-snippet:-1, max-image-preview:large, max-video-preview:-1\" \/>\n<link rel=\"canonical\" href=\"https:\/\/www.gripfactoryantislip.com\/tr\/hakkimizda\/\" \/>\n<meta property=\"og:locale\" content=\"tr_TR\" \/>\n<meta property=\"og:type\" content=\"article\" \/>\n<meta property=\"og:title\" content=\"Hakk\u0131m\u0131zda\" \/>\n<meta property=\"og:url\" content=\"https:\/\/www.gripfactoryantislip.com\/tr\/hakkimizda\/\" \/>\n<meta property=\"og:site_name\" content=\"GripFactory Anti-Slip\" \/>\n<meta property=\"article:publisher\" content=\"https:\/\/www.facebook.com\/GripFactoryAntislip\" \/>\n<meta property=\"article:modified_time\" content=\"2022-11-17T13:01:47+00:00\" \/>\n<meta name=\"twitter:label1\" content=\"Tahmini okuma s\u00fcresi\" \/>\n\t<meta name=\"twitter:data1\" content=\"16 dakika\" \/>\n<script type=\"application\/ld+json\" class=\"yoast-schema-graph\">{\"@context\":\"https:\\\/\\\/schema.org\",\"@graph\":[{\"@type\":\"WebPage\",\"@id\":\"https:\\\/\\\/www.gripfactoryantislip.com\\\/tr\\\/hakkimizda\\\/\",\"url\":\"https:\\\/\\\/www.gripfactoryantislip.com\\\/tr\\\/hakkimizda\\\/\",\"name\":\"Hakk\u0131m\u0131zda &#060; GripFactory Anti-Slip\",\"isPartOf\":{\"@id\":\"https:\\\/\\\/www.gripfactoryantislip.com\\\/tr\\\/#website\"},\"datePublished\":\"2022-07-26T10:49:32+00:00\",\"dateModified\":\"2022-11-17T13:01:47+00:00\",\"breadcrumb\":{\"@id\":\"https:\\\/\\\/www.gripfactoryantislip.com\\\/tr\\\/hakkimizda\\\/#breadcrumb\"},\"inLanguage\":\"tr\",\"potentialAction\":[{\"@type\":\"ReadAction\",\"target\":[\"https:\\\/\\\/www.gripfactoryantislip.com\\\/tr\\\/hakkimizda\\\/\"]}]},{\"@type\":\"BreadcrumbList\",\"@id\":\"https:\\\/\\\/www.gripfactoryantislip.com\\\/tr\\\/hakkimizda\\\/#breadcrumb\",\"itemListElement\":[{\"@type\":\"ListItem\",\"position\":1,\"name\":\"Home\",\"item\":\"https:\\\/\\\/www.gripfactoryantislip.com\\\/tr\\\/\"},{\"@type\":\"ListItem\",\"position\":2,\"name\":\"Hakk\u0131m\u0131zda\"}]},{\"@type\":\"WebSite\",\"@id\":\"https:\\\/\\\/www.gripfactoryantislip.com\\\/tr\\\/#website\",\"url\":\"https:\\\/\\\/www.gripfactoryantislip.com\\\/tr\\\/\",\"name\":\"GripFactory Anti-Slip\",\"description\":\"Innovative Antislip Products For Every Surface\",\"publisher\":{\"@id\":\"https:\\\/\\\/www.gripfactoryantislip.com\\\/tr\\\/#organization\"},\"alternateName\":\"Floor Safety Solutions at GripFactory Anti-Slip\",\"potentialAction\":[{\"@type\":\"SearchAction\",\"target\":{\"@type\":\"EntryPoint\",\"urlTemplate\":\"https:\\\/\\\/www.gripfactoryantislip.com\\\/tr\\\/?s={search_term_string}\"},\"query-input\":{\"@type\":\"PropertyValueSpecification\",\"valueRequired\":true,\"valueName\":\"search_term_string\"}}],\"inLanguage\":\"tr\"},{\"@type\":\"Organization\",\"@id\":\"https:\\\/\\\/www.gripfactoryantislip.com\\\/tr\\\/#organization\",\"name\":\"GripFactory B.V.\",\"url\":\"https:\\\/\\\/www.gripfactoryantislip.com\\\/tr\\\/\",\"logo\":{\"@type\":\"ImageObject\",\"inLanguage\":\"tr\",\"@id\":\"https:\\\/\\\/www.gripfactoryantislip.com\\\/tr\\\/#\\\/schema\\\/logo\\\/image\\\/\",\"url\":\"https:\\\/\\\/www.gripfactoryantislip.com\\\/wp-content\\\/uploads\\\/logo_gripfactory.jpg\",\"contentUrl\":\"https:\\\/\\\/www.gripfactoryantislip.com\\\/wp-content\\\/uploads\\\/logo_gripfactory.jpg\",\"width\":269,\"height\":60,\"caption\":\"GripFactory B.V.\"},\"image\":{\"@id\":\"https:\\\/\\\/www.gripfactoryantislip.com\\\/tr\\\/#\\\/schema\\\/logo\\\/image\\\/\"},\"sameAs\":[\"https:\\\/\\\/www.facebook.com\\\/GripFactoryAntislip\",\"https:\\\/\\\/www.instagram.com\\\/gripfactoryantislip\\\/\",\"https:\\\/\\\/www.linkedin.com\\\/company\\\/gripfactoryantislip\\\/about\\\/\"],\"email\":\"info@gripfactory.nl\",\"telephone\":\"+31348203000\",\"legalName\":\"GripFactor B.V.\",\"foundingDate\":\"2018-11-01\",\"vatID\":\"NL859320856B01\",\"taxID\":\"NL859320856B01\",\"numberOfEmployees\":{\"@type\":\"QuantitativeValue\",\"minValue\":\"1\",\"maxValue\":\"10\"}}]}<\/script>\n<!-- \/ Yoast SEO Premium plugin. -->","yoast_head_json":{"title":"Hakk\u0131m\u0131zda &#060; GripFactory Anti-Slip","robots":{"index":"index","follow":"follow","max-snippet":"max-snippet:-1","max-image-preview":"max-image-preview:large","max-video-preview":"max-video-preview:-1"},"canonical":"https:\/\/www.gripfactoryantislip.com\/tr\/hakkimizda\/","og_locale":"tr_TR","og_type":"article","og_title":"Hakk\u0131m\u0131zda","og_url":"https:\/\/www.gripfactoryantislip.com\/tr\/hakkimizda\/","og_site_name":"GripFactory Anti-Slip","article_publisher":"https:\/\/www.facebook.com\/GripFactoryAntislip","article_modified_time":"2022-11-17T13:01:47+00:00","twitter_misc":{"Tahmini okuma s\u00fcresi":"16 dakika"},"schema":{"@context":"https:\/\/schema.org","@graph":[{"@type":"WebPage","@id":"https:\/\/www.gripfactoryantislip.com\/tr\/hakkimizda\/","url":"https:\/\/www.gripfactoryantislip.com\/tr\/hakkimizda\/","name":"Hakk\u0131m\u0131zda &#060; GripFactory Anti-Slip","isPartOf":{"@id":"https:\/\/www.gripfactoryantislip.com\/tr\/#website"},"datePublished":"2022-07-26T10:49:32+00:00","dateModified":"2022-11-17T13:01:47+00:00","breadcrumb":{"@id":"https:\/\/www.gripfactoryantislip.com\/tr\/hakkimizda\/#breadcrumb"},"inLanguage":"tr","potentialAction":[{"@type":"ReadAction","target":["https:\/\/www.gripfactoryantislip.com\/tr\/hakkimizda\/"]}]},{"@type":"BreadcrumbList","@id":"https:\/\/www.gripfactoryantislip.com\/tr\/hakkimizda\/#breadcrumb","itemListElement":[{"@type":"ListItem","position":1,"name":"Home","item":"https:\/\/www.gripfactoryantislip.com\/tr\/"},{"@type":"ListItem","position":2,"name":"Hakk\u0131m\u0131zda"}]},{"@type":"WebSite","@id":"https:\/\/www.gripfactoryantislip.com\/tr\/#website","url":"https:\/\/www.gripfactoryantislip.com\/tr\/","name":"GripFactory Anti-Slip","description":"Innovative Antislip Products For Every Surface","publisher":{"@id":"https:\/\/www.gripfactoryantislip.com\/tr\/#organization"},"alternateName":"Floor Safety Solutions at GripFactory Anti-Slip","potentialAction":[{"@type":"SearchAction","target":{"@type":"EntryPoint","urlTemplate":"https:\/\/www.gripfactoryantislip.com\/tr\/?s={search_term_string}"},"query-input":{"@type":"PropertyValueSpecification","valueRequired":true,"valueName":"search_term_string"}}],"inLanguage":"tr"},{"@type":"Organization","@id":"https:\/\/www.gripfactoryantislip.com\/tr\/#organization","name":"GripFactory B.V.","url":"https:\/\/www.gripfactoryantislip.com\/tr\/","logo":{"@type":"ImageObject","inLanguage":"tr","@id":"https:\/\/www.gripfactoryantislip.com\/tr\/#\/schema\/logo\/image\/","url":"https:\/\/www.gripfactoryantislip.com\/wp-content\/uploads\/logo_gripfactory.jpg","contentUrl":"https:\/\/www.gripfactoryantislip.com\/wp-content\/uploads\/logo_gripfactory.jpg","width":269,"height":60,"caption":"GripFactory B.V."},"image":{"@id":"https:\/\/www.gripfactoryantislip.com\/tr\/#\/schema\/logo\/image\/"},"sameAs":["https:\/\/www.facebook.com\/GripFactoryAntislip","https:\/\/www.instagram.com\/gripfactoryantislip\/","https:\/\/www.linkedin.com\/company\/gripfactoryantislip\/about\/"],"email":"info@gripfactory.nl","telephone":"+31348203000","legalName":"GripFactor B.V.","foundingDate":"2018-11-01","vatID":"NL859320856B01","taxID":"NL859320856B01","numberOfEmployees":{"@type":"QuantitativeValue","minValue":"1","maxValue":"10"}}]}},"_links":{"self":[{"href":"https:\/\/www.gripfactoryantislip.com\/tr\/wp-json\/wp\/v2\/pages\/30581","targetHints":{"allow":["GET"]}}],"collection":[{"href":"https:\/\/www.gripfactoryantislip.com\/tr\/wp-json\/wp\/v2\/pages"}],"about":[{"href":"https:\/\/www.gripfactoryantislip.com\/tr\/wp-json\/wp\/v2\/types\/page"}],"author":[{"embeddable":true,"href":"https:\/\/www.gripfactoryantislip.com\/tr\/wp-json\/wp\/v2\/users\/2"}],"replies":[{"embeddable":true,"href":"https:\/\/www.gripfactoryantislip.com\/tr\/wp-json\/wp\/v2\/comments?post=30581"}],"version-history":[{"count":0,"href":"https:\/\/www.gripfactoryantislip.com\/tr\/wp-json\/wp\/v2\/pages\/30581\/revisions"}],"wp:attachment":[{"href":"https:\/\/www.gripfactoryantislip.com\/tr\/wp-json\/wp\/v2\/media?parent=30581"}],"curies":[{"name":"wp","href":"https:\/\/api.w.org\/{rel}","templated":true}]}}